{"id":1073,"date":"2025-06-08T00:06:09","date_gmt":"2025-06-07T22:06:09","guid":{"rendered":"https:\/\/blocs.xarxanet.org\/barraques-subirats\/?page_id=1073"},"modified":"2025-09-25T10:16:00","modified_gmt":"2025-09-25T08:16:00","slug":"b-g44","status":"publish","type":"page","link":"https:\/\/blocs.xarxanet.org\/barraques-subirats\/b-g44\/","title":{"rendered":"B-G44"},"content":{"rendered":"\n<div class=\"wp-block-columns is-layout-flex wp-container-core-columns-is-layout-28f84493 wp-block-columns-is-layout-flex\">\n<div class=\"wp-block-column is-layout-flow wp-block-column-is-layout-flow\">\n<figure style=\"line-height:1\" class=\"wp-block-table\"><table class=\"has-fixed-layout\"><thead><tr><th>G44<\/th><th><\/th><\/tr><\/thead><tbody><tr><td><strong>SECTOR I N\u00ba&nbsp;&nbsp;&nbsp; &nbsp;&nbsp;&nbsp; &nbsp;&nbsp;&nbsp; &nbsp;&nbsp;&nbsp; &nbsp;&nbsp;&nbsp;<\/strong><\/td><td>G 44<\/td><\/tr><tr><td><strong>NOM POPULAR<\/strong><\/td><td><\/td><\/tr><tr><td><strong>LOCALITZACI\u00d3<\/strong><\/td><td>Al sud del torrent de Mas Granada<\/td><\/tr><\/tbody><\/table><\/figure>\n\n\n\n<figure style=\"line-height:1\" class=\"wp-block-table\"><table class=\"has-fixed-layout\"><thead><tr><th>COORDENADES UTM ETRS89 31 T<\/th><th><\/th><\/tr><\/thead><tbody><tr><td><strong>X <\/strong><\/td><td>405111<\/td><\/tr><tr><td><strong>Y<\/strong><\/td><td>4583947<\/td><\/tr><tr><td><strong>COTA<\/strong><\/td><td>454<\/td><\/tr><tr><td><strong>Mapa 1:5.000<\/strong><\/td><td>420-2-5 Puig d&#8217;Agulles<\/td><\/tr><\/tbody><\/table><\/figure>\n\n\n\n<figure style=\"line-height:1\" class=\"wp-block-table\"><table class=\"has-fixed-layout\"><thead><tr><th>EXTERIOR<\/th><th><\/th><\/tr><\/thead><tbody><tr><td><strong>Forma<\/strong><\/td><td>Rodona<\/td><\/tr><tr><td><strong>Mides (Ample\/Fond\u00e0ria)<\/strong><\/td><td>370&#215;360<\/td><\/tr><tr><td><strong>Al\u00e7ada total<\/strong><\/td><td>250<\/td><\/tr><tr><td><strong>Posici\u00f3<\/strong><\/td><td>A\u00efllada<\/td><\/tr><tr><td><strong>Cornisa<\/strong><\/td><td>141<\/td><\/tr><tr><td><strong>Afegits<\/strong><\/td><td><\/td><\/tr><tr><td><strong>Sostre<\/strong><\/td><td>Terra i pedres<\/td><\/tr><\/tbody><\/table><\/figure>\n<\/div>\n\n\n\n<div class=\"wp-block-column is-layout-flow wp-block-column-is-layout-flow\">\n<figure style=\"line-height:1\" class=\"wp-block-table\"><table class=\"has-fixed-layout\"><thead><tr><th>PORTAL<\/th><th><\/th><\/tr><\/thead><tbody><tr><td><strong>Orientaci\u00f3<\/strong><\/td><td>225\u00ba<\/td><\/tr><tr><td><strong>Al\u00e7ada<\/strong><\/td><td>95<\/td><\/tr><tr><td><strong>Ample<\/strong><\/td><td>60<\/td><\/tr><tr><td><strong>Gruix<\/strong><\/td><td>85<\/td><\/tr><\/tbody><\/table><\/figure>\n\n\n\n<figure style=\"line-height:1\" class=\"wp-block-table\"><table class=\"has-fixed-layout\"><thead><tr><th>LLINDA<\/th><th><\/th><\/tr><\/thead><tbody><tr><td><strong>Tipus<\/strong><\/td><td>Simple<\/td><\/tr><tr><td><strong>Mides (Ample\/Al\u00e7ada\/Fond\u00e0ria)<\/strong><\/td><td>95x12x45<\/td><\/tr><\/tbody><\/table><\/figure>\n\n\n\n<figure style=\"line-height:1\" class=\"wp-block-table\"><table class=\"has-fixed-layout\"><thead><tr><th>INTERIOR<\/th><th><\/th><\/tr><\/thead><tbody><tr><td><strong>Mides (Ample\/Fond\u00e0ria)<\/strong><\/td><td>240&#215;235<\/td><\/tr><tr><td><strong>Bloc superior<\/strong><\/td><td>58&#215;50<\/td><\/tr><tr><td><strong>Al\u00e7ada central<\/strong><\/td><td>152<\/td><\/tr><tr><td><strong>Cocons<\/strong><\/td><td>1<\/td><\/tr><tr><td><strong>Forn\u00edcules<\/strong><\/td><td>1<\/td><\/tr><tr><td><strong>Espitlleres<\/strong><\/td><td>1<\/td><\/tr><tr><td><strong>Restes foc<\/strong><\/td><td>Si<\/td><\/tr><tr><td><strong>Contingut<\/strong><\/td><td>Buida<\/td><\/tr><\/tbody><\/table><\/figure>\n<\/div>\n\n\n\n<div class=\"wp-block-column is-layout-flow wp-block-column-is-layout-flow\">\n<figure class=\"wp-block-image aligncenter size-full\"><img fetchpriority=\"high\" decoding=\"async\" width=\"1536\" height=\"1024\" src=\"http:\/\/blocs.xarxanet.org\/barraques-subirats\/files\/2025\/06\/g44-1.jpg\" alt=\"\" class=\"wp-image-945\" srcset=\"https:\/\/blocs.xarxanet.org\/barraques-subirats\/files\/2025\/06\/g44-1.jpg 1536w, https:\/\/blocs.xarxanet.org\/barraques-subirats\/files\/2025\/06\/g44-1-300x200.jpg 300w, https:\/\/blocs.xarxanet.org\/barraques-subirats\/files\/2025\/06\/g44-1-1024x683.jpg 1024w, https:\/\/blocs.xarxanet.org\/barraques-subirats\/files\/2025\/06\/g44-1-768x512.jpg 768w\" sizes=\"(max-width: 1536px) 100vw, 1536px\" \/><figcaption class=\"wp-element-caption\">G44<\/figcaption><\/figure>\n\n\n\n<figure style=\"line-height:1\" class=\"wp-block-table\"><table class=\"has-fixed-layout\"><tbody><tr><td><strong>ESTAT<\/strong><\/td><td>Bo<\/td><\/tr><tr><td><strong>DANYS<\/strong><\/td><td><\/td><\/tr><tr><td><strong>GRAVATS<\/strong><\/td><td><\/td><\/tr><tr><td><strong>OBSERVACIONS<\/strong><\/td><td><\/td><\/tr><tr><td><strong>CODI WIKIPEDRA<\/strong><\/td><td>3543<\/td><\/tr><\/tbody><\/table><\/figure>\n<\/div>\n<\/div>\n","protected":false},"excerpt":{"rendered":"<p>G44 SECTOR I N\u00ba&nbsp;&nbsp;&nbsp; &nbsp;&nbsp;&nbsp; &nbsp;&nbsp;&nbsp; &nbsp;&nbsp;&nbsp; &nbsp;&nbsp;&nbsp; G 44 NOM POPULAR LOCALITZACI\u00d3 Al sud del torrent de Mas Granada COORDENADES UTM ETRS89 31 T X 405111 Y 4583947 COTA 454 Mapa 1:5.000 420-2-5 Puig d&#8217;Agulles EXTERIOR Forma Rodona Mides (Ample\/Fond\u00e0ria) 370&#215;360 Al\u00e7ada total 250 Posici\u00f3 A\u00efllada Cornisa 141 Afegits Sostre Terra i pedres PORTAL [&hellip;]<\/p>\n","protected":false},"author":500,"featured_media":945,"parent":0,"menu_order":0,"comment_status":"closed","ping_status":"closed","template":"wp-custom-template-p-g1-2","meta":{"footnotes":""},"class_list":["post-1073","page","type-page","status-publish","has-post-thumbnail","hentry"],"_links":{"self":[{"href":"https:\/\/blocs.xarxanet.org\/barraques-subirats\/wp-json\/wp\/v2\/pages\/1073","targetHints":{"allow":["GET"]}}],"collection":[{"href":"https:\/\/blocs.xarxanet.org\/barraques-subirats\/wp-json\/wp\/v2\/pages"}],"about":[{"href":"https:\/\/blocs.xarxanet.org\/barraques-subirats\/wp-json\/wp\/v2\/types\/page"}],"author":[{"embeddable":true,"href":"https:\/\/blocs.xarxanet.org\/barraques-subirats\/wp-json\/wp\/v2\/users\/500"}],"replies":[{"embeddable":true,"href":"https:\/\/blocs.xarxanet.org\/barraques-subirats\/wp-json\/wp\/v2\/comments?post=1073"}],"version-history":[{"count":8,"href":"https:\/\/blocs.xarxanet.org\/barraques-subirats\/wp-json\/wp\/v2\/pages\/1073\/revisions"}],"predecessor-version":[{"id":3502,"href":"https:\/\/blocs.xarxanet.org\/barraques-subirats\/wp-json\/wp\/v2\/pages\/1073\/revisions\/3502"}],"wp:featuredmedia":[{"embeddable":true,"href":"https:\/\/blocs.xarxanet.org\/barraques-subirats\/wp-json\/wp\/v2\/media\/945"}],"wp:attachment":[{"href":"https:\/\/blocs.xarxanet.org\/barraques-subirats\/wp-json\/wp\/v2\/media?parent=1073"}],"curies":[{"name":"wp","href":"https:\/\/api.w.org\/{rel}","templated":true}]}}