{"id":1069,"date":"2025-06-08T00:00:39","date_gmt":"2025-06-07T22:00:39","guid":{"rendered":"https:\/\/blocs.xarxanet.org\/barraques-subirats\/?page_id=1069"},"modified":"2025-09-25T10:17:16","modified_gmt":"2025-09-25T08:17:16","slug":"b-g43","status":"publish","type":"page","link":"https:\/\/blocs.xarxanet.org\/barraques-subirats\/b-g43\/","title":{"rendered":"B-G43"},"content":{"rendered":"\n<div class=\"wp-block-columns is-layout-flex wp-container-core-columns-is-layout-28f84493 wp-block-columns-is-layout-flex\">\n<div class=\"wp-block-column is-layout-flow wp-block-column-is-layout-flow\">\n<figure style=\"line-height:1\" class=\"wp-block-table\"><table class=\"has-fixed-layout\"><thead><tr><th>G43<\/th><th><\/th><\/tr><\/thead><tbody><tr><td><strong>SECTOR I N\u00ba&nbsp;&nbsp;&nbsp; &nbsp;&nbsp;&nbsp; &nbsp;&nbsp;&nbsp; &nbsp;&nbsp;&nbsp; &nbsp;&nbsp;&nbsp;<\/strong><\/td><td>G 43<\/td><\/tr><tr><td><strong>NOM POPULAR<\/strong><\/td><td><\/td><\/tr><tr><td><strong>LOCALITZACI\u00d3<\/strong><\/td><td>Vinya del Cabrer, sota una l\u00ednia d&#8217;AT<\/td><\/tr><\/tbody><\/table><\/figure>\n\n\n\n<figure style=\"line-height:1\" class=\"wp-block-table\"><table class=\"has-fixed-layout\"><thead><tr><th>COORDENADES UTM ETRS89 31 T<\/th><th><\/th><\/tr><\/thead><tbody><tr><td><strong>X <\/strong><\/td><td>405155<\/td><\/tr><tr><td><strong>Y<\/strong><\/td><td>4583338<\/td><\/tr><tr><td><strong>COTA<\/strong><\/td><td>511<\/td><\/tr><tr><td><strong>Mapa 1:5.000<\/strong><\/td><td>420-2-5 Puig d&#8217;Agulles<\/td><\/tr><\/tbody><\/table><\/figure>\n\n\n\n<figure style=\"line-height:1\" class=\"wp-block-table\"><table class=\"has-fixed-layout\"><thead><tr><th>EXTERIOR<\/th><th><\/th><\/tr><\/thead><tbody><tr><td><strong>Forma<\/strong><\/td><td>Rodona<\/td><\/tr><tr><td><strong>Mides (Ample\/Fond\u00e0ria)<\/strong><\/td><td>320&#215;310<\/td><\/tr><tr><td><strong>Al\u00e7ada total<\/strong><\/td><td>195<\/td><\/tr><tr><td><strong>Posici\u00f3<\/strong><\/td><td>A\u00efllada<\/td><\/tr><tr><td><strong>Cornisa<\/strong><\/td><td>170<\/td><\/tr><tr><td><strong>Afegits<\/strong><\/td><td><\/td><\/tr><tr><td><strong>Sostre<\/strong><\/td><td>Terra i pedres<\/td><\/tr><\/tbody><\/table><\/figure>\n<\/div>\n\n\n\n<div class=\"wp-block-column is-layout-flow wp-block-column-is-layout-flow\">\n<figure style=\"line-height:1\" class=\"wp-block-table\"><table class=\"has-fixed-layout\"><thead><tr><th>PORTAL<\/th><th><\/th><\/tr><\/thead><tbody><tr><td><strong>Orientaci\u00f3<\/strong><\/td><td>230\u00ba<\/td><\/tr><tr><td><strong>Al\u00e7ada<\/strong><\/td><td>109<\/td><\/tr><tr><td><strong>Ample<\/strong><\/td><td>45<\/td><\/tr><tr><td><strong>Gruix<\/strong><\/td><td>80<\/td><\/tr><\/tbody><\/table><\/figure>\n\n\n\n<figure style=\"line-height:1\" class=\"wp-block-table\"><table class=\"has-fixed-layout\"><thead><tr><th>LLINDA<\/th><th><\/th><\/tr><\/thead><tbody><tr><td><strong>Tipus<\/strong><\/td><td>Doble<\/td><\/tr><tr><td><strong>Mides (Ample\/Al\u00e7ada\/Fond\u00e0ria)<\/strong><\/td><td>Inf 93x11x51 \/ Sup 50&#215;12 a 10 cm<\/td><\/tr><\/tbody><\/table><\/figure>\n\n\n\n<figure style=\"line-height:1\" class=\"wp-block-table\"><table class=\"has-fixed-layout\"><thead><tr><th>INTERIOR<\/th><th><\/th><\/tr><\/thead><tbody><tr><td><strong>Mides (Ample\/Fond\u00e0ria)<\/strong><\/td><td>245&#215;230<\/td><\/tr><tr><td><strong>Bloc superior<\/strong><\/td><td>50&#215;60<\/td><\/tr><tr><td><strong>Al\u00e7ada central<\/strong><\/td><td>195<\/td><\/tr><tr><td><strong>Cocons<\/strong><\/td><td><\/td><\/tr><tr><td><strong>Forn\u00edcules<\/strong><\/td><td>1<\/td><\/tr><tr><td><strong>Espitlleres<\/strong><\/td><td>3<\/td><\/tr><tr><td><strong>Restes foc<\/strong><\/td><td>Si<\/td><\/tr><tr><td><strong>Contingut<\/strong><\/td><td>Buida<\/td><\/tr><\/tbody><\/table><\/figure>\n<\/div>\n\n\n\n<div class=\"wp-block-column is-layout-flow wp-block-column-is-layout-flow\">\n<figure class=\"wp-block-image aligncenter size-full\"><img fetchpriority=\"high\" decoding=\"async\" width=\"1984\" height=\"1332\" src=\"http:\/\/blocs.xarxanet.org\/barraques-subirats\/files\/2025\/06\/g43-1.jpg\" alt=\"\" class=\"wp-image-944\" srcset=\"https:\/\/blocs.xarxanet.org\/barraques-subirats\/files\/2025\/06\/g43-1.jpg 1984w, https:\/\/blocs.xarxanet.org\/barraques-subirats\/files\/2025\/06\/g43-1-300x201.jpg 300w, https:\/\/blocs.xarxanet.org\/barraques-subirats\/files\/2025\/06\/g43-1-1024x687.jpg 1024w, https:\/\/blocs.xarxanet.org\/barraques-subirats\/files\/2025\/06\/g43-1-768x516.jpg 768w, https:\/\/blocs.xarxanet.org\/barraques-subirats\/files\/2025\/06\/g43-1-1536x1031.jpg 1536w\" sizes=\"(max-width: 1984px) 100vw, 1984px\" \/><figcaption class=\"wp-element-caption\">G43<\/figcaption><\/figure>\n\n\n\n<figure style=\"line-height:1\" class=\"wp-block-table\"><table class=\"has-fixed-layout\"><tbody><tr><td><strong>ESTAT<\/strong><\/td><td>Bo<\/td><\/tr><tr><td><strong>DANYS<\/strong><\/td><td><\/td><\/tr><tr><td><strong>GRAVATS<\/strong><\/td><td><\/td><\/tr><tr><td><strong>OBSERVACIONS<\/strong><\/td><td>Al mateix costat oest hi ha la barraca G47<\/td><\/tr><tr><td><strong>CODI WIKIPEDRA<\/strong><\/td><td><\/td><\/tr><\/tbody><\/table><\/figure>\n<\/div>\n<\/div>\n","protected":false},"excerpt":{"rendered":"<p>G43 SECTOR I N\u00ba&nbsp;&nbsp;&nbsp; &nbsp;&nbsp;&nbsp; &nbsp;&nbsp;&nbsp; &nbsp;&nbsp;&nbsp; &nbsp;&nbsp;&nbsp; G 43 NOM POPULAR LOCALITZACI\u00d3 Vinya del Cabrer, sota una l\u00ednia d&#8217;AT COORDENADES UTM ETRS89 31 T X 405155 Y 4583338 COTA 511 Mapa 1:5.000 420-2-5 Puig d&#8217;Agulles EXTERIOR Forma Rodona Mides (Ample\/Fond\u00e0ria) 320&#215;310 Al\u00e7ada total 195 Posici\u00f3 A\u00efllada Cornisa 170 Afegits Sostre Terra i pedres PORTAL [&hellip;]<\/p>\n","protected":false},"author":500,"featured_media":944,"parent":0,"menu_order":0,"comment_status":"closed","ping_status":"closed","template":"wp-custom-template-p-g1-2","meta":{"footnotes":""},"class_list":["post-1069","page","type-page","status-publish","has-post-thumbnail","hentry"],"_links":{"self":[{"href":"https:\/\/blocs.xarxanet.org\/barraques-subirats\/wp-json\/wp\/v2\/pages\/1069","targetHints":{"allow":["GET"]}}],"collection":[{"href":"https:\/\/blocs.xarxanet.org\/barraques-subirats\/wp-json\/wp\/v2\/pages"}],"about":[{"href":"https:\/\/blocs.xarxanet.org\/barraques-subirats\/wp-json\/wp\/v2\/types\/page"}],"author":[{"embeddable":true,"href":"https:\/\/blocs.xarxanet.org\/barraques-subirats\/wp-json\/wp\/v2\/users\/500"}],"replies":[{"embeddable":true,"href":"https:\/\/blocs.xarxanet.org\/barraques-subirats\/wp-json\/wp\/v2\/comments?post=1069"}],"version-history":[{"count":7,"href":"https:\/\/blocs.xarxanet.org\/barraques-subirats\/wp-json\/wp\/v2\/pages\/1069\/revisions"}],"predecessor-version":[{"id":3503,"href":"https:\/\/blocs.xarxanet.org\/barraques-subirats\/wp-json\/wp\/v2\/pages\/1069\/revisions\/3503"}],"wp:featuredmedia":[{"embeddable":true,"href":"https:\/\/blocs.xarxanet.org\/barraques-subirats\/wp-json\/wp\/v2\/media\/944"}],"wp:attachment":[{"href":"https:\/\/blocs.xarxanet.org\/barraques-subirats\/wp-json\/wp\/v2\/media?parent=1069"}],"curies":[{"name":"wp","href":"https:\/\/api.w.org\/{rel}","templated":true}]}}