{"id":1060,"date":"2025-06-07T23:44:29","date_gmt":"2025-06-07T21:44:29","guid":{"rendered":"https:\/\/blocs.xarxanet.org\/barraques-subirats\/?page_id=1060"},"modified":"2025-09-25T10:19:42","modified_gmt":"2025-09-25T08:19:42","slug":"b-g40","status":"publish","type":"page","link":"https:\/\/blocs.xarxanet.org\/barraques-subirats\/b-g40\/","title":{"rendered":"B-G40"},"content":{"rendered":"\n<div class=\"wp-block-columns is-layout-flex wp-container-core-columns-is-layout-28f84493 wp-block-columns-is-layout-flex\">\n<div class=\"wp-block-column is-layout-flow wp-block-column-is-layout-flow\">\n<figure style=\"line-height:1\" class=\"wp-block-table\"><table class=\"has-fixed-layout\"><thead><tr><th>G40<\/th><th><\/th><\/tr><\/thead><tbody><tr><td><strong>SECTOR I N\u00ba&nbsp;&nbsp;&nbsp; &nbsp;&nbsp;&nbsp; &nbsp;&nbsp;&nbsp; &nbsp;&nbsp;&nbsp; &nbsp;&nbsp;&nbsp;<\/strong><\/td><td>G 40<\/td><\/tr><tr><td><strong>NOM POPULAR<\/strong><\/td><td><\/td><\/tr><tr><td><strong>LOCALITZACI\u00d3<\/strong><\/td><td>Al nord del camp de futbol<\/td><\/tr><\/tbody><\/table><\/figure>\n\n\n\n<figure style=\"line-height:1\" class=\"wp-block-table\"><table class=\"has-fixed-layout\"><thead><tr><th>COORDENADES UTM ETRS89 31 T<\/th><th><\/th><\/tr><\/thead><tbody><tr><td><strong>X <\/strong><\/td><td>404593<\/td><\/tr><tr><td><strong>Y<\/strong><\/td><td>4583503<\/td><\/tr><tr><td><strong>COTA<\/strong><\/td><td>431<\/td><\/tr><tr><td><strong>Mapa 1:5.000<\/strong><\/td><td>420-2-5 Puig d&#8217;Agulles<\/td><\/tr><\/tbody><\/table><\/figure>\n\n\n\n<figure style=\"line-height:1\" class=\"wp-block-table\"><table class=\"has-fixed-layout\"><thead><tr><th>EXTERIOR<\/th><th><\/th><\/tr><\/thead><tbody><tr><td><strong>Forma<\/strong><\/td><td>Rodona<\/td><\/tr><tr><td><strong>Mides (Ample\/Fond\u00e0ria)<\/strong><\/td><td>350&#215;310<\/td><\/tr><tr><td><strong>Al\u00e7ada total<\/strong><\/td><td>225<\/td><\/tr><tr><td><strong>Posici\u00f3<\/strong><\/td><td>A\u00efllada<\/td><\/tr><tr><td><strong>Cornisa<\/strong><\/td><td>175<\/td><\/tr><tr><td><strong>Afegits<\/strong><\/td><td>Petit paravent al costat oest<\/td><\/tr><tr><td><strong>Sostre<\/strong><\/td><td>Lliris<\/td><\/tr><\/tbody><\/table><\/figure>\n<\/div>\n\n\n\n<div class=\"wp-block-column is-layout-flow wp-block-column-is-layout-flow\">\n<figure style=\"line-height:1\" class=\"wp-block-table\"><table class=\"has-fixed-layout\"><thead><tr><th>PORTAL<\/th><th><\/th><\/tr><\/thead><tbody><tr><td><strong>Orientaci\u00f3<\/strong><\/td><td>210\u00ba<\/td><\/tr><tr><td><strong>Al\u00e7ada<\/strong><\/td><td>93<\/td><\/tr><tr><td><strong>Ample<\/strong><\/td><td>53<\/td><\/tr><tr><td><strong>Gruix<\/strong><\/td><td>60<\/td><\/tr><\/tbody><\/table><\/figure>\n\n\n\n<figure style=\"line-height:1\" class=\"wp-block-table\"><table class=\"has-fixed-layout\"><thead><tr><th>LLINDA<\/th><th><\/th><\/tr><\/thead><tbody><tr><td><strong>Tipus<\/strong><\/td><td>Simple<\/td><\/tr><tr><td><strong>Mides (Ample\/Al\u00e7ada\/Fond\u00e0ria)<\/strong><\/td><td>52x6x40<\/td><\/tr><\/tbody><\/table><\/figure>\n\n\n\n<figure style=\"line-height:1\" class=\"wp-block-table\"><table class=\"has-fixed-layout\"><thead><tr><th>INTERIOR<\/th><th><\/th><\/tr><\/thead><tbody><tr><td><strong>Mides (Ample\/Fond\u00e0ria)<\/strong><\/td><td>205&#215;210<\/td><\/tr><tr><td><strong>Bloc superior<\/strong><\/td><td>60&#215;60<\/td><\/tr><tr><td><strong>Al\u00e7ada central<\/strong><\/td><td>195<\/td><\/tr><tr><td><strong>Cocons<\/strong><\/td><td>1<\/td><\/tr><tr><td><strong>Forn\u00edcules<\/strong><\/td><td><\/td><\/tr><tr><td><strong>Espitlleres<\/strong><\/td><td><\/td><\/tr><tr><td><strong>Restes foc<\/strong><\/td><td><\/td><\/tr><tr><td><strong>Contingut<\/strong><\/td><td>Buida<\/td><\/tr><\/tbody><\/table><\/figure>\n<\/div>\n\n\n\n<div class=\"wp-block-column is-layout-flow wp-block-column-is-layout-flow\">\n<figure class=\"wp-block-image aligncenter size-full\"><img fetchpriority=\"high\" decoding=\"async\" width=\"1980\" height=\"1292\" src=\"http:\/\/blocs.xarxanet.org\/barraques-subirats\/files\/2025\/06\/g40-1.jpg\" alt=\"\" class=\"wp-image-941\" srcset=\"https:\/\/blocs.xarxanet.org\/barraques-subirats\/files\/2025\/06\/g40-1.jpg 1980w, https:\/\/blocs.xarxanet.org\/barraques-subirats\/files\/2025\/06\/g40-1-300x196.jpg 300w, https:\/\/blocs.xarxanet.org\/barraques-subirats\/files\/2025\/06\/g40-1-1024x668.jpg 1024w, https:\/\/blocs.xarxanet.org\/barraques-subirats\/files\/2025\/06\/g40-1-768x501.jpg 768w, https:\/\/blocs.xarxanet.org\/barraques-subirats\/files\/2025\/06\/g40-1-1536x1002.jpg 1536w\" sizes=\"(max-width: 1980px) 100vw, 1980px\" \/><figcaption class=\"wp-element-caption\">G40<\/figcaption><\/figure>\n\n\n\n<figure style=\"line-height:1\" class=\"wp-block-table\"><table class=\"has-fixed-layout\"><tbody><tr><td><strong>ESTAT<\/strong><\/td><td>Bo<\/td><\/tr><tr><td><strong>DANYS<\/strong><\/td><td><\/td><\/tr><tr><td><strong>GRAVATS<\/strong><\/td><td>1837 interior costat est<\/td><\/tr><tr><td><strong>OBSERVACIONS<\/strong><\/td><td>Restaurada el juliol del 2024 amb els participants del Camp de Treball Internacional de joventut<\/td><\/tr><tr><td><strong>CODI WIKIPEDRA<\/strong><\/td><td>17123<\/td><\/tr><\/tbody><\/table><\/figure>\n<\/div>\n<\/div>\n","protected":false},"excerpt":{"rendered":"<p>G40 SECTOR I N\u00ba&nbsp;&nbsp;&nbsp; &nbsp;&nbsp;&nbsp; &nbsp;&nbsp;&nbsp; &nbsp;&nbsp;&nbsp; &nbsp;&nbsp;&nbsp; G 40 NOM POPULAR LOCALITZACI\u00d3 Al nord del camp de futbol COORDENADES UTM ETRS89 31 T X 404593 Y 4583503 COTA 431 Mapa 1:5.000 420-2-5 Puig d&#8217;Agulles EXTERIOR Forma Rodona Mides (Ample\/Fond\u00e0ria) 350&#215;310 Al\u00e7ada total 225 Posici\u00f3 A\u00efllada Cornisa 175 Afegits Petit paravent al costat oest Sostre [&hellip;]<\/p>\n","protected":false},"author":500,"featured_media":941,"parent":0,"menu_order":0,"comment_status":"closed","ping_status":"closed","template":"wp-custom-template-p-g1-2","meta":{"footnotes":""},"class_list":["post-1060","page","type-page","status-publish","has-post-thumbnail","hentry"],"_links":{"self":[{"href":"https:\/\/blocs.xarxanet.org\/barraques-subirats\/wp-json\/wp\/v2\/pages\/1060","targetHints":{"allow":["GET"]}}],"collection":[{"href":"https:\/\/blocs.xarxanet.org\/barraques-subirats\/wp-json\/wp\/v2\/pages"}],"about":[{"href":"https:\/\/blocs.xarxanet.org\/barraques-subirats\/wp-json\/wp\/v2\/types\/page"}],"author":[{"embeddable":true,"href":"https:\/\/blocs.xarxanet.org\/barraques-subirats\/wp-json\/wp\/v2\/users\/500"}],"replies":[{"embeddable":true,"href":"https:\/\/blocs.xarxanet.org\/barraques-subirats\/wp-json\/wp\/v2\/comments?post=1060"}],"version-history":[{"count":8,"href":"https:\/\/blocs.xarxanet.org\/barraques-subirats\/wp-json\/wp\/v2\/pages\/1060\/revisions"}],"predecessor-version":[{"id":3506,"href":"https:\/\/blocs.xarxanet.org\/barraques-subirats\/wp-json\/wp\/v2\/pages\/1060\/revisions\/3506"}],"wp:featuredmedia":[{"embeddable":true,"href":"https:\/\/blocs.xarxanet.org\/barraques-subirats\/wp-json\/wp\/v2\/media\/941"}],"wp:attachment":[{"href":"https:\/\/blocs.xarxanet.org\/barraques-subirats\/wp-json\/wp\/v2\/media?parent=1060"}],"curies":[{"name":"wp","href":"https:\/\/api.w.org\/{rel}","templated":true}]}}