{"id":1014,"date":"2025-06-07T19:49:57","date_gmt":"2025-06-07T17:49:57","guid":{"rendered":"https:\/\/blocs.xarxanet.org\/barraques-subirats\/?page_id=1014"},"modified":"2025-09-25T10:35:55","modified_gmt":"2025-09-25T08:35:55","slug":"b-g19","status":"publish","type":"page","link":"https:\/\/blocs.xarxanet.org\/barraques-subirats\/b-g19\/","title":{"rendered":"B-G19"},"content":{"rendered":"\n<div class=\"wp-block-columns is-layout-flex wp-container-core-columns-is-layout-28f84493 wp-block-columns-is-layout-flex\">\n<div class=\"wp-block-column is-layout-flow wp-block-column-is-layout-flow\">\n<figure style=\"line-height:1\" class=\"wp-block-table\"><table class=\"has-fixed-layout\"><thead><tr><th>G19<\/th><th><\/th><\/tr><\/thead><tbody><tr><td><strong>SECTOR I N\u00ba&nbsp;&nbsp;&nbsp; &nbsp;&nbsp;&nbsp; &nbsp;&nbsp;&nbsp; &nbsp;&nbsp;&nbsp; &nbsp;&nbsp;&nbsp;<\/strong><\/td><td>G 19<\/td><\/tr><tr><td><strong>NOM POPULAR<\/strong><\/td><td>Barraca de Cal Jaumat\u00f3<\/td><\/tr><tr><td><strong>LOCALITZACI\u00d3<\/strong><\/td><td>Vinyes de Cal Duran<\/td><\/tr><\/tbody><\/table><\/figure>\n\n\n\n<figure style=\"line-height:1\" class=\"wp-block-table\"><table class=\"has-fixed-layout\"><thead><tr><th>COORDENADES UTM ETRS89 31 T<\/th><th><\/th><\/tr><\/thead><tbody><tr><td><strong>X <\/strong><\/td><td>405335<\/td><\/tr><tr><td><strong>Y<\/strong><\/td><td>4584539<\/td><\/tr><tr><td><strong>COTA<\/strong><\/td><td>479<\/td><\/tr><tr><td><strong>Mapa 1:5.000<\/strong><\/td><td>420-2-5 Puig d&#8217;Agulles<\/td><\/tr><\/tbody><\/table><\/figure>\n\n\n\n<figure style=\"line-height:1\" class=\"wp-block-table\"><table class=\"has-fixed-layout\"><thead><tr><th>EXTERIOR<\/th><th><\/th><\/tr><\/thead><tbody><tr><td><strong>Forma<\/strong><\/td><td>Rodona<\/td><\/tr><tr><td><strong>Mides (Ample\/Fond\u00e0ria)<\/strong><\/td><td>340&#215;410<\/td><\/tr><tr><td><strong>Al\u00e7ada total<\/strong><\/td><td>227<\/td><\/tr><tr><td><strong>Posici\u00f3<\/strong><\/td><td>Adossada parcialment a un marge<\/td><\/tr><tr><td><strong>Cornisa<\/strong><\/td><td>197<\/td><\/tr><tr><td><strong>Afegits<\/strong><\/td><td><\/td><\/tr><tr><td><strong>Sostre<\/strong><\/td><td>Pedres<\/td><\/tr><\/tbody><\/table><\/figure>\n<\/div>\n\n\n\n<div class=\"wp-block-column is-layout-flow wp-block-column-is-layout-flow\">\n<figure style=\"line-height:1\" class=\"wp-block-table\"><table class=\"has-fixed-layout\"><thead><tr><th>PORTAL<\/th><th><\/th><\/tr><\/thead><tbody><tr><td><strong>Orientaci\u00f3<\/strong><\/td><td>100\u00ba<\/td><\/tr><tr><td><strong>Al\u00e7ada<\/strong><\/td><td>127<\/td><\/tr><tr><td><strong>Ample<\/strong><\/td><td>55<\/td><\/tr><tr><td><strong>Gruix<\/strong><\/td><td>65<\/td><\/tr><\/tbody><\/table><\/figure>\n\n\n\n<figure style=\"line-height:1\" class=\"wp-block-table\"><table class=\"has-fixed-layout\"><thead><tr><th>LLINDA<\/th><th><\/th><\/tr><\/thead><tbody><tr><td><strong>Tipus<\/strong><\/td><td>Doble<\/td><\/tr><tr><td><strong>Mides (Ample\/Al\u00e7ada\/Fond\u00e0ria)<\/strong><\/td><td>Inf 68x19x35 \/ Sup 38&#215;12 juntes<\/td><\/tr><\/tbody><\/table><\/figure>\n\n\n\n<figure style=\"line-height:1\" class=\"wp-block-table\"><table class=\"has-fixed-layout\"><thead><tr><th>INTERIOR<\/th><th><\/th><\/tr><\/thead><tbody><tr><td><strong>Mides (Ample\/Fond\u00e0ria)<\/strong><\/td><td>215&#215;185<\/td><\/tr><tr><td><strong>Bloc superior<\/strong><\/td><td>40&#215;50<\/td><\/tr><tr><td><strong>Al\u00e7ada central<\/strong><\/td><td>190<\/td><\/tr><tr><td><strong>Cocons<\/strong><\/td><td>1<\/td><\/tr><tr><td><strong>Forn\u00edcules<\/strong><\/td><td>1<\/td><\/tr><tr><td><strong>Espitlleres<\/strong><\/td><td>4<\/td><\/tr><tr><td><strong>Restes foc<\/strong><\/td><td>Si<\/td><\/tr><tr><td><strong>Contingut<\/strong><\/td><td>Buida<\/td><\/tr><\/tbody><\/table><\/figure>\n<\/div>\n\n\n\n<div class=\"wp-block-column is-layout-flow wp-block-column-is-layout-flow\">\n<figure class=\"wp-block-image aligncenter size-full\"><img fetchpriority=\"high\" decoding=\"async\" width=\"1964\" height=\"1308\" src=\"http:\/\/blocs.xarxanet.org\/barraques-subirats\/files\/2025\/06\/g19-1.jpg\" alt=\"\" class=\"wp-image-920\" srcset=\"https:\/\/blocs.xarxanet.org\/barraques-subirats\/files\/2025\/06\/g19-1.jpg 1964w, https:\/\/blocs.xarxanet.org\/barraques-subirats\/files\/2025\/06\/g19-1-300x200.jpg 300w, https:\/\/blocs.xarxanet.org\/barraques-subirats\/files\/2025\/06\/g19-1-1024x682.jpg 1024w, https:\/\/blocs.xarxanet.org\/barraques-subirats\/files\/2025\/06\/g19-1-768x511.jpg 768w, https:\/\/blocs.xarxanet.org\/barraques-subirats\/files\/2025\/06\/g19-1-1536x1023.jpg 1536w\" sizes=\"(max-width: 1964px) 100vw, 1964px\" \/><figcaption class=\"wp-element-caption\">G19<\/figcaption><\/figure>\n\n\n\n<figure style=\"line-height:1\" class=\"wp-block-table\"><table class=\"has-fixed-layout\"><tbody><tr><td><strong>ESTAT<\/strong><\/td><td>Bo<\/td><\/tr><tr><td><strong>DANYS<\/strong><\/td><td>Petit esllavissament nord<\/td><\/tr><tr><td><strong>GRAVATS<\/strong><\/td><td><\/td><\/tr><tr><td><strong>OBSERVACIONS<\/strong><\/td><td><\/td><\/tr><tr><td><strong>CODI WIKIPEDRA<\/strong><\/td><td>3544<\/td><\/tr><\/tbody><\/table><\/figure>\n<\/div>\n<\/div>\n","protected":false},"excerpt":{"rendered":"<p>G19 SECTOR I N\u00ba&nbsp;&nbsp;&nbsp; &nbsp;&nbsp;&nbsp; &nbsp;&nbsp;&nbsp; &nbsp;&nbsp;&nbsp; &nbsp;&nbsp;&nbsp; G 19 NOM POPULAR Barraca de Cal Jaumat\u00f3 LOCALITZACI\u00d3 Vinyes de Cal Duran COORDENADES UTM ETRS89 31 T X 405335 Y 4584539 COTA 479 Mapa 1:5.000 420-2-5 Puig d&#8217;Agulles EXTERIOR Forma Rodona Mides (Ample\/Fond\u00e0ria) 340&#215;410 Al\u00e7ada total 227 Posici\u00f3 Adossada parcialment a un marge Cornisa 197 Afegits [&hellip;]<\/p>\n","protected":false},"author":500,"featured_media":920,"parent":0,"menu_order":0,"comment_status":"closed","ping_status":"closed","template":"wp-custom-template-p-g1-2","meta":{"footnotes":""},"class_list":["post-1014","page","type-page","status-publish","has-post-thumbnail","hentry"],"_links":{"self":[{"href":"https:\/\/blocs.xarxanet.org\/barraques-subirats\/wp-json\/wp\/v2\/pages\/1014","targetHints":{"allow":["GET"]}}],"collection":[{"href":"https:\/\/blocs.xarxanet.org\/barraques-subirats\/wp-json\/wp\/v2\/pages"}],"about":[{"href":"https:\/\/blocs.xarxanet.org\/barraques-subirats\/wp-json\/wp\/v2\/types\/page"}],"author":[{"embeddable":true,"href":"https:\/\/blocs.xarxanet.org\/barraques-subirats\/wp-json\/wp\/v2\/users\/500"}],"replies":[{"embeddable":true,"href":"https:\/\/blocs.xarxanet.org\/barraques-subirats\/wp-json\/wp\/v2\/comments?post=1014"}],"version-history":[{"count":7,"href":"https:\/\/blocs.xarxanet.org\/barraques-subirats\/wp-json\/wp\/v2\/pages\/1014\/revisions"}],"predecessor-version":[{"id":3528,"href":"https:\/\/blocs.xarxanet.org\/barraques-subirats\/wp-json\/wp\/v2\/pages\/1014\/revisions\/3528"}],"wp:featuredmedia":[{"embeddable":true,"href":"https:\/\/blocs.xarxanet.org\/barraques-subirats\/wp-json\/wp\/v2\/media\/920"}],"wp:attachment":[{"href":"https:\/\/blocs.xarxanet.org\/barraques-subirats\/wp-json\/wp\/v2\/media?parent=1014"}],"curies":[{"name":"wp","href":"https:\/\/api.w.org\/{rel}","templated":true}]}}