{"id":786,"date":"2014-05-22T17:56:23","date_gmt":"2014-05-22T15:56:23","guid":{"rendered":"http:\/\/aulaextensiouniversitariaciutatvella.entitatsbcn.net\/?page_id=786"},"modified":"2025-12-05T12:05:28","modified_gmt":"2025-12-05T11:05:28","slug":"visites-culturals","status":"publish","type":"page","link":"https:\/\/blocs.xarxanet.org\/aulaextensiouniversitariaciutatvella\/visites-culturals\/","title":{"rendered":"Visites Culturals"},"content":{"rendered":"<h4>29-01-2024 &#8211; Cine Forum<\/h4>\n<p><a href=\"http:\/\/blocs.xarxanet.org\/aulaextensiouniversitariaciutatvella\/files\/2023\/12\/377_29_01_2024_Cine-Forum.pdf\" target=\"_blank\" rel=\"noopener\">Veure<\/a><\/p>\n<h4>22-09-2021 &#8211; Les Col\u00f2nies T\u00e8xtils<\/h4>\n<p><a href=\"http:\/\/blocs.xarxanet.org\/aulaextensiouniversitariaciutatvella\/files\/2021\/10\/Les-Colonies-Textils_1.pdf\" target=\"_blank\" rel=\"noopener\">Veure<\/a><\/p>\n<h4>09-01-2020 &#8211; Centre Log\u00edstic d&#8217;Amazon<\/h4>\n<p><a href=\"http:\/\/blocs.xarxanet.org\/aulaextensiouniversitariaciutatvella\/files\/2014\/05\/Visita-Centro-Logistico-de-Amazon.pdf\" target=\"_blank\" rel=\"noopener\">Veure<\/a><\/p>\n<h4>18-12-2019 &#8211; F\u00e0brica de Cerveses DAMM<\/h4>\n<p><a href=\"http:\/\/blocs.xarxanet.org\/aulaextensiouniversitariaciutatvella\/files\/2014\/05\/Fabrica-de-Cervezas-Damm.pdf\" target=\"_blank\" rel=\"noopener\">Veure<\/a><\/p>\n<h4>09-12-2019 &#8211; La Casa de la Seda<\/h4>\n<p><a href=\"http:\/\/blocs.xarxanet.org\/aulaextensiouniversitariaciutatvella\/files\/2014\/05\/La-Casa-de-la-Seda.pdf\" target=\"_blank\" rel=\"noopener\">Veure<\/a><\/p>\n<h4>22-11-2019 &#8211; Parlament de Catalunya<\/h4>\n<p><a href=\"http:\/\/blocs.xarxanet.org\/aulaextensiouniversitariaciutatvella\/files\/2014\/05\/Parlament-de-Catalunya_Invitacio.pdf\" target=\"_blank\" rel=\"noopener\">Veure<\/a><\/p>\n<h4>11-11-2019 &#8211; Liceu, Do\u00f1a Francisquita<\/h4>\n<p><a href=\"http:\/\/blocs.xarxanet.org\/aulaextensiouniversitariaciutatvella\/files\/2014\/05\/Liceo-Zarzuela-Do\u00f1a-Fancisquita.pdf\" target=\"_blank\" rel=\"noopener\">Veure<\/a><\/p>\n<h4>14-10-2019 &#8211; Parc de Bombers<\/h4>\n<p><a href=\"http:\/\/blocs.xarxanet.org\/aulaextensiouniversitariaciutatvella\/files\/2014\/05\/Parc-de-Bombers-de-la-Vall-dHebron.pdf\" target=\"_blank\" rel=\"noopener\">Veure<\/a><\/p>\n<h4>23-09-2019 &#8211; Museu Egipci<\/h4>\n<p><a href=\"http:\/\/blocs.xarxanet.org\/aulaextensiouniversitariaciutatvella\/files\/2014\/05\/Museu-Egici-de-Barcelona.pdf\" target=\"_blank\" rel=\"noopener\">Veure<\/a><\/p>\n<h4>21-05-2019 &#8211; Les Col\u00f2nies T\u00e8xtils<\/h4>\n<p><a href=\"http:\/\/blocs.xarxanet.org\/aulaextensiouniversitariaciutatvella\/files\/2014\/05\/Les-Colonies-Textils_1.pdf\" target=\"_blank\" rel=\"noopener\">Veure<\/a><\/p>\n<h4>06-04-2019 &#8211; Liceu, Desperate Lovers. Le Concert d&#8217;Astr\u00e9e<\/h4>\n<p><a href=\"http:\/\/blocs.xarxanet.org\/aulaextensiouniversitariaciutatvella\/files\/2014\/05\/Liceo-Dsperate-Lovers-Le-Concert-dAstr\u00e9e.pdf\" target=\"_blank\" rel=\"noopener\">Veure<\/a><\/p>\n<h4>24-03-2019 &#8211; Liceu, Visita Interiors<\/h4>\n<p><a href=\"http:\/\/blocs.xarxanet.org\/aulaextensiouniversitariaciutatvella\/files\/2014\/05\/Liceu-_Visita-interiores.pdf\" target=\"_blank\" rel=\"noopener\">Veure<\/a><\/p>\n<h4>27-01-2019 &#8211; Palau de la M\u00fasica<\/h4>\n<p><a href=\"http:\/\/blocs.xarxanet.org\/aulaextensiouniversitariaciutatvella\/files\/2014\/05\/Palau-de-la-Musica-Concert.pdf\" target=\"_blank\" rel=\"noopener\">Veure<\/a><\/p>\n<h4>18-12-2018 &#8211; Liceu L&#8217;italiana in Algeri<\/h4>\n<p><a href=\"http:\/\/blocs.xarxanet.org\/aulaextensiouniversitariaciutatvella\/files\/2014\/05\/Liceo-Litaliana-in-Algeri.-Opera-de-Rossini_Aula.pdf\" target=\"_blank\" rel=\"noopener\">Veure<\/a><\/p>\n<h4>12-06-2018 &#8211; La Maternitat d&#8217;Elna<\/h4>\n<p><a href=\"http:\/\/blocs.xarxanet.org\/aulaextensiouniversitariaciutatvella\/files\/2014\/05\/La-Maternitat-dElna-12_6_2018.pdf\" target=\"_blank\" rel=\"noopener\">Veure<\/a><\/p>\n<h4>28-04-2018 &#8211; Liceu Concert Richard Strauss<\/h4>\n<p><a href=\"http:\/\/blocs.xarxanet.org\/aulaextensiouniversitariaciutatvella\/files\/2014\/05\/Liceu-Concert-Richard-Strauss.pdf\" target=\"_blank\" rel=\"noopener\">Veure<\/a><\/p>\n<h4>08-04-2018 &#8211; Palau de la M\u00fasica<\/h4>\n<p><a href=\"http:\/\/blocs.xarxanet.org\/aulaextensiouniversitariaciutatvella\/files\/2014\/05\/Palau-de-la-Musica-8_4_2018.pdf\" target=\"_blank\" rel=\"noopener\">Veure<\/a><\/p>\n<h4>30-12-2017 &#8211; Gran Teatre del Liceu<\/h4>\n<p><a href=\"http:\/\/blocs.xarxanet.org\/aulaextensiouniversitariaciutatvella\/files\/2014\/05\/Conte-de-Nadal-al-Liceu.pdf\" target=\"_blank\" rel=\"noopener\">Veure<\/a><\/p>\n<h4>05-06-2017 &#8211; Bas\u00edlica dels Sants M\u00e0rtirs Just i Pastor<\/h4>\n<p><a href=\"http:\/\/blocs.xarxanet.org\/aulaextensiouniversitariaciutatvella\/files\/2014\/05\/Bas\u00edlica-dels-Sants-Martirs-Just-i-Pastor.pdf\" target=\"_blank\" rel=\"noopener\">Veure<\/a><\/p>\n<h4>25-05-2017 &#8211; Gran Teatre del Liceiu<\/h4>\n<p><a href=\"http:\/\/blocs.xarxanet.org\/aulaextensiouniversitariaciutatvella\/files\/2014\/05\/Gran-Teatre-del-Liceu.pdf\" target=\"_blank\" rel=\"noopener\">Veure<\/a><\/p>\n<h4>19-12-2016 &#8211; Bas\u00edlica de Santa Maria del Pi<\/h4>\n<p><a href=\"http:\/\/blocs.xarxanet.org\/aulaextensiouniversitariaciutatvella\/files\/2014\/05\/Santa-Maria-del-Pi.pdf\" target=\"_blank\" rel=\"noopener\">Veure<\/a><\/p>\n<h4>05-12-2016 &#8211; Bas\u00edlica de Santa Maria del Mar<\/h4>\n<p><a href=\"http:\/\/blocs.xarxanet.org\/aulaextensiouniversitariaciutatvella\/files\/2014\/05\/Santa-Maria-del-Mar.pdf\" target=\"_blank\" rel=\"noopener\">Veure<\/a><\/p>\n<h4>02-11-2016 &#8211; Reial Monestir de Pedralbes<\/h4>\n<p><a href=\"http:\/\/blocs.xarxanet.org\/aulaextensiouniversitariaciutatvella\/files\/2016\/09\/Monastir-de-Pedralbes.pdf\" target=\"_blank\" rel=\"noopener\">Veure<\/a><\/p>\n<h4>06-06-2016 &#8211; El Call de Barcelona<\/h4>\n<p><a href=\"http:\/\/blocs.xarxanet.org\/aulaextensiouniversitariaciutatvella\/files\/2014\/05\/El-Call-de-Barcelona.pdf\" target=\"_blank\" rel=\"noopener\">Veure<\/a><\/p>\n<h4>17-05-2016 &#8211; Museu d&#8217;Hist\u00f2ria de Barcelona<\/h4>\n<p><a href=\"http:\/\/blocs.xarxanet.org\/aulaextensiouniversitariaciutatvella\/files\/2014\/05\/Museu-dHistoria-de-Barcelona.pdf\" target=\"_blank\" rel=\"noopener\">Veure<\/a><\/p>\n<h4>11-04-2016 &#8211; Esglesia de Sant Pere de les Puel\u00b7les<\/h4>\n<p><a href=\"http:\/\/blocs.xarxanet.org\/aulaextensiouniversitariaciutatvella\/files\/2014\/05\/Sant-Pere-de-les-Puel.les_.pdf\" target=\"_blank\" rel=\"noopener\">Veure<\/a><\/p>\n<h4>22-02-2016 &#8211; Reial Acad\u00e8mia de Ci\u00e8ncies i Arts de Barcelona<\/h4>\n<p><a href=\"http:\/\/blocs.xarxanet.org\/aulaextensiouniversitariaciutatvella\/files\/2014\/05\/Reial-Acad\u00e8mia-de-Ci\u00e8ncies-i-Arts-de-Barcelona-.pdf\" target=\"_blank\" rel=\"noopener\">Veure<\/a><\/p>\n<h4>01-02-2016 &#8211; Facultat de Geografia i Hist\u00f3ria de la UB<\/h4>\n<p><a href=\"http:\/\/blocs.xarxanet.org\/aulaextensiouniversitariaciutatvella\/files\/2015\/09\/Facultat-de-Geografia-i-Hist\u00f2ria.pdf\" target=\"_blank\" rel=\"noopener\">Veure<\/a><\/p>\n<h4>15-12-2015 &#8211; Universitat de Barcelona<\/h4>\n<p><a href=\"http:\/\/blocs.xarxanet.org\/aulaextensiouniversitariaciutatvella\/files\/2014\/05\/Universitat-de-Barcelona.pdf\" target=\"_blank\" rel=\"noopener\">Veure<\/a><\/p>\n<h4>09-12-2015 &#8211; Museu Frederic Mar\u00e9s<\/h4>\n<p><a href=\"http:\/\/blocs.xarxanet.org\/aulaextensiouniversitariaciutatvella\/files\/2014\/05\/Museu-Frederic-Mar\u00e9s.pdf\" target=\"_blank\" rel=\"noopener\">Veure<\/a><\/p>\n<h4>05-10-2015 &#8211; Reial Acad\u00e8mia de Medicina de Catalunya<\/h4>\n<p><a href=\"http:\/\/blocs.xarxanet.org\/aulaextensiouniversitariaciutatvella\/files\/2014\/05\/Reial-Acad\u00e8mia-de-Medicina-de-Catalunya-.pdf\" target=\"_blank\" rel=\"noopener\">Veure<\/a><\/p>\n<h4>21-09-2015 &#8211; Hospital de la Santa Creu i Sant Pau<\/h4>\n<p><a href=\"http:\/\/blocs.xarxanet.org\/aulaextensiouniversitariaciutatvella\/files\/2014\/05\/Hospital-dr-la-Santa-Creu-i-Sant-Pau.pdf\" target=\"_blank\" rel=\"noopener\">Veure<\/a><\/p>\n<h4>26-06-2015 &#8211;\u00a0 Casa Llotja de Mar<\/h4>\n<p><a href=\"http:\/\/blocs.xarxanet.org\/aulaextensiouniversitariaciutatvella\/files\/2014\/05\/Casa-Llotja-de-Mar.pdf\" target=\"_blank\" rel=\"noopener\">Veure<\/a><\/p>\n<h4>25-05-2015 &#8211;\u00a0 Palau de la Musica Catalana<\/h4>\n<p><a href=\"http:\/\/blocs.xarxanet.org\/aulaextensiouniversitariaciutatvella\/files\/2014\/05\/Palau-de-la-Musica-Catalana1.pdf\" target=\"_blank\" rel=\"noopener\">Veure<\/a><\/p>\n<h4>13-05-2015 &#8211; Palau de Capitania<\/h4>\n<p><a href=\"http:\/\/blocs.xarxanet.org\/aulaextensiouniversitariaciutatvella\/files\/2015\/04\/Palau-Capitania.pdf\" target=\"_blank\" rel=\"noopener\">Veure<\/a><\/p>\n<h4>23-12-2014 &#8211; Parlament de Catalunya<\/h4>\n<p><a href=\"http:\/\/blocs.xarxanet.org\/aulaextensiouniversitariaciutatvella\/files\/2014\/05\/Parlament-de-Catalunya.pdf\" target=\"_blank\" rel=\"noopener\">Veure<\/a><\/p>\n<h4>16-12-2014 &#8211; Palau G\u00fcell<\/h4>\n<p><a href=\"http:\/\/blocs.xarxanet.org\/aulaextensiouniversitariaciutatvella\/files\/2014\/11\/Visita-Palau-Guell.pdf\" target=\"_blank\" rel=\"noopener\">Veure<\/a><\/p>\n<h4>01-12-2014 &#8211; Reial Acad\u00e8mia Catalana de Belles Arts de Sant Jordi<\/h4>\n<p><a href=\"http:\/\/blocs.xarxanet.org\/aulaextensiouniversitariaciutatvella\/files\/2014\/08\/RACBA-St-Jordi.pdf\" target=\"_blank\" rel=\"noopener\">Veure<\/a><\/p>\n<h4>10-11-2014 &#8211; Monestir de Sant Pau del Camp<\/h4>\n<p><a href=\"http:\/\/blocs.xarxanet.org\/aulaextensiouniversitariaciutatvella\/files\/2014\/11\/Monestir-St-Pau-del-Camp.pdf\" target=\"_blank\" rel=\"noopener\">Veure<\/a><\/p>\n<h4>21-10-2014 &#8211; Drassanes Reials (Museu Mar\u00edtim)<\/h4>\n<p><a href=\"http:\/\/blocs.xarxanet.org\/aulaextensiouniversitariaciutatvella\/files\/2014\/08\/Drassanes-Reials.pdf\" target=\"_blank\" rel=\"noopener\">Veure<\/a><\/p>\n<h4>13-10-2014 &#8211; Institut d&#8217;Estudis Catalans<\/h4>\n<p><a href=\"http:\/\/blocs.xarxanet.org\/aulaextensiouniversitariaciutatvella\/files\/2014\/05\/Institut-dEstudis-Catalans.pdf\" target=\"_blank\" rel=\"noopener\">Veure<\/a><\/p>\n<h4>06-10-2014 &#8211; Hospital de la Santa Cruz (Biblioteca de Catalunya)<\/h4>\n<p><a href=\"http:\/\/blocs.xarxanet.org\/aulaextensiouniversitariaciutatvella\/files\/2014\/08\/Hospital-de-la-Sta-Creu.pdf\" target=\"_blank\" rel=\"noopener\">Veure<\/a><\/p>\n<h4>23-09-2014 &#8211; El Born, Jaciment Hist\u00f2ric<\/h4>\n<p><a href=\"http:\/\/blocs.xarxanet.org\/aulaextensiouniversitariaciutatvella\/files\/2014\/08\/El-Born-Jaciment-Historic.pdf\" target=\"_blank\" rel=\"noopener\">Veure<\/a><\/p>\n<h4>23-05-2014 -Monestir Sant Pau del Camp<\/h4>\n<p><a href=\"http:\/\/blocs.xarxanet.org\/aulaextensiouniversitariaciutatvella\/files\/2014\/05\/Monastir-Sant-Pau-del-Camp.pdf\" target=\"_blank\" rel=\"noopener\">Veure<\/a><\/p>\n","protected":false},"excerpt":{"rendered":"<p>29-01-2024 &#8211; Cine Forum Veure 22-09-2021 &#8211; Les Col\u00f2nies T\u00e8xtils Veure 09-01-2020 &#8211; Centre Log\u00edstic d&#8217;Amazon Veure 18-12-2019 &#8211; F\u00e0brica de Cerveses DAMM Veure 09-12-2019 &#8211; La Casa de la Seda Veure 22-11-2019 &#8211; Parlament de Catalunya Veure 11-11-2019 &#8211; &hellip; <a href=\"https:\/\/blocs.xarxanet.org\/aulaextensiouniversitariaciutatvella\/visites-culturals\/\">Continue reading <span class=\"meta-nav\">&rarr;<\/span><\/a><\/p>\n","protected":false},"author":490,"featured_media":0,"parent":0,"menu_order":0,"comment_status":"closed","ping_status":"closed","template":"onecolumn-page.php","meta":{"footnotes":""},"class_list":["post-786","page","type-page","status-publish","hentry"],"_links":{"self":[{"href":"https:\/\/blocs.xarxanet.org\/aulaextensiouniversitariaciutatvella\/wp-json\/wp\/v2\/pages\/786","targetHints":{"allow":["GET"]}}],"collection":[{"href":"https:\/\/blocs.xarxanet.org\/aulaextensiouniversitariaciutatvella\/wp-json\/wp\/v2\/pages"}],"about":[{"href":"https:\/\/blocs.xarxanet.org\/aulaextensiouniversitariaciutatvella\/wp-json\/wp\/v2\/types\/page"}],"author":[{"embeddable":true,"href":"https:\/\/blocs.xarxanet.org\/aulaextensiouniversitariaciutatvella\/wp-json\/wp\/v2\/users\/490"}],"replies":[{"embeddable":true,"href":"https:\/\/blocs.xarxanet.org\/aulaextensiouniversitariaciutatvella\/wp-json\/wp\/v2\/comments?post=786"}],"version-history":[{"count":6,"href":"https:\/\/blocs.xarxanet.org\/aulaextensiouniversitariaciutatvella\/wp-json\/wp\/v2\/pages\/786\/revisions"}],"predecessor-version":[{"id":4012,"href":"https:\/\/blocs.xarxanet.org\/aulaextensiouniversitariaciutatvella\/wp-json\/wp\/v2\/pages\/786\/revisions\/4012"}],"wp:attachment":[{"href":"https:\/\/blocs.xarxanet.org\/aulaextensiouniversitariaciutatvella\/wp-json\/wp\/v2\/media?parent=786"}],"curies":[{"name":"wp","href":"https:\/\/api.w.org\/{rel}","templated":true}]}}