{"id":3514,"date":"2021-09-28T16:41:46","date_gmt":"2021-09-28T14:41:46","guid":{"rendered":"http:\/\/blocs.xarxanet.org\/aulaextensiouniversitariaciutatvella\/?page_id=3514"},"modified":"2025-12-05T12:05:27","modified_gmt":"2025-12-05T11:05:27","slug":"molt-mes","status":"publish","type":"page","link":"https:\/\/blocs.xarxanet.org\/aulaextensiouniversitariaciutatvella\/molt-mes\/","title":{"rendered":"Molt m\u00e9s"},"content":{"rendered":"<p>Navegui amb el men\u00fa de l&#8217;esquerra per descobrir altres continguts del seu inter\u00e8s.<\/p>\n","protected":false},"excerpt":{"rendered":"<p>Navegui amb el men\u00fa de l&#8217;esquerra per descobrir altres continguts del seu inter\u00e8s.<\/p>\n","protected":false},"author":490,"featured_media":0,"parent":0,"menu_order":0,"comment_status":"closed","ping_status":"closed","template":"","meta":{"footnotes":""},"class_list":["post-3514","page","type-page","status-publish","hentry"],"_links":{"self":[{"href":"https:\/\/blocs.xarxanet.org\/aulaextensiouniversitariaciutatvella\/wp-json\/wp\/v2\/pages\/3514","targetHints":{"allow":["GET"]}}],"collection":[{"href":"https:\/\/blocs.xarxanet.org\/aulaextensiouniversitariaciutatvella\/wp-json\/wp\/v2\/pages"}],"about":[{"href":"https:\/\/blocs.xarxanet.org\/aulaextensiouniversitariaciutatvella\/wp-json\/wp\/v2\/types\/page"}],"author":[{"embeddable":true,"href":"https:\/\/blocs.xarxanet.org\/aulaextensiouniversitariaciutatvella\/wp-json\/wp\/v2\/users\/490"}],"replies":[{"embeddable":true,"href":"https:\/\/blocs.xarxanet.org\/aulaextensiouniversitariaciutatvella\/wp-json\/wp\/v2\/comments?post=3514"}],"version-history":[{"count":6,"href":"https:\/\/blocs.xarxanet.org\/aulaextensiouniversitariaciutatvella\/wp-json\/wp\/v2\/pages\/3514\/revisions"}],"predecessor-version":[{"id":3855,"href":"https:\/\/blocs.xarxanet.org\/aulaextensiouniversitariaciutatvella\/wp-json\/wp\/v2\/pages\/3514\/revisions\/3855"}],"wp:attachment":[{"href":"https:\/\/blocs.xarxanet.org\/aulaextensiouniversitariaciutatvella\/wp-json\/wp\/v2\/media?parent=3514"}],"curies":[{"name":"wp","href":"https:\/\/api.w.org\/{rel}","templated":true}]}}