{"id":217,"date":"2013-06-25T12:27:03","date_gmt":"2013-06-25T10:27:03","guid":{"rendered":"http:\/\/aulaextensiouniversitariaciutatvella.barcelona.ppe.entitats.diba.cat\/politica-de-privacitat\/"},"modified":"2025-12-05T12:05:28","modified_gmt":"2025-12-05T11:05:28","slug":"politica-de-privacitat","status":"publish","type":"page","link":"https:\/\/blocs.xarxanet.org\/aulaextensiouniversitariaciutatvella\/politica-de-privacitat\/","title":{"rendered":"Pol\u00edtica de Privacitat"},"content":{"rendered":"<h2>PROTECCI\u00d3 DE DADES DE CAR\u00c0CTER PERSONAL<\/h2>\n<p><strong>Aula d&#8217;Extensi\u00f3 Universit\u00e0ria Ciutat Vella per a la Gent Gran, li garanteix la confidencialitat de les seves dades personals. Cap de les dades que ens proporcioni ser\u00e0 compartida amb organitzacions o empreses alienes a nosaltres.<\/strong><\/p>\n<p>Aula d&#8217;Extensi\u00f3 Universit\u00e0ria Ciutat Vella per a la Gent Gran, li garanteix que totes les dades personals recollides mitjan\u00e7ant els formularis d&#8217;aquest web i les facilitades a trav\u00e9s de les diferents vies de contacte, seran utilitzades en la forma i amb les limitacions i drets que concedeix la Llei Org\u00e0nica 15\/1999, de 13 de desembre sobre Protecci\u00f3 de Dades de Car\u00e0cter Personal (LOPD).<\/p>\n<p>Quan l&#8217;usuari facilita les dades personals a trav\u00e9s d&#8217;aquest web, autoritza a Aula d&#8217;Extensi\u00f3 Universit\u00e0ria Ciutat Vella per a la Gent Gran, per al seu \u00fas i tractament inform\u00e0tic, amb l&#8217;objectiu de facilitar-li informaci\u00f3 sobre els seus serveis. En qualsevol moment podr\u00e0 exercir els seus drets d&#8217;acc\u00e9s, rectificaci\u00f3, oposici\u00f3 o cancel\u00b7laci\u00f3, dirigint-se a:<\/p>\n<p><a href=\"mailto:aulaexuniversitariaciutatvella@gmail.com\">aulaexuniversitariaciutatvella@gmail.com<\/a><\/p>\n","protected":false},"excerpt":{"rendered":"<p>PROTECCI\u00d3 DE DADES DE CAR\u00c0CTER PERSONAL Aula d&#8217;Extensi\u00f3 Universit\u00e0ria Ciutat Vella per a la Gent Gran, li garanteix la confidencialitat de les seves dades personals. Cap de les dades que ens proporcioni ser\u00e0 compartida amb organitzacions o empreses alienes a &hellip; <a href=\"https:\/\/blocs.xarxanet.org\/aulaextensiouniversitariaciutatvella\/politica-de-privacitat\/\">Continue reading <span class=\"meta-nav\">&rarr;<\/span><\/a><\/p>\n","protected":false},"author":490,"featured_media":0,"parent":0,"menu_order":18,"comment_status":"closed","ping_status":"closed","template":"onecolumn-page.php","meta":{"footnotes":""},"class_list":["post-217","page","type-page","status-publish","hentry"],"_links":{"self":[{"href":"https:\/\/blocs.xarxanet.org\/aulaextensiouniversitariaciutatvella\/wp-json\/wp\/v2\/pages\/217","targetHints":{"allow":["GET"]}}],"collection":[{"href":"https:\/\/blocs.xarxanet.org\/aulaextensiouniversitariaciutatvella\/wp-json\/wp\/v2\/pages"}],"about":[{"href":"https:\/\/blocs.xarxanet.org\/aulaextensiouniversitariaciutatvella\/wp-json\/wp\/v2\/types\/page"}],"author":[{"embeddable":true,"href":"https:\/\/blocs.xarxanet.org\/aulaextensiouniversitariaciutatvella\/wp-json\/wp\/v2\/users\/490"}],"replies":[{"embeddable":true,"href":"https:\/\/blocs.xarxanet.org\/aulaextensiouniversitariaciutatvella\/wp-json\/wp\/v2\/comments?post=217"}],"version-history":[{"count":5,"href":"https:\/\/blocs.xarxanet.org\/aulaextensiouniversitariaciutatvella\/wp-json\/wp\/v2\/pages\/217\/revisions"}],"predecessor-version":[{"id":4448,"href":"https:\/\/blocs.xarxanet.org\/aulaextensiouniversitariaciutatvella\/wp-json\/wp\/v2\/pages\/217\/revisions\/4448"}],"wp:attachment":[{"href":"https:\/\/blocs.xarxanet.org\/aulaextensiouniversitariaciutatvella\/wp-json\/wp\/v2\/media?parent=217"}],"curies":[{"name":"wp","href":"https:\/\/api.w.org\/{rel}","templated":true}]}}