{"id":201,"date":"2013-06-25T12:27:02","date_gmt":"2013-06-25T10:27:02","guid":{"rendered":"http:\/\/aulaextensiouniversitariaciutatvella.barcelona.ppe.entitats.diba.cat\/qui-som\/"},"modified":"2025-12-05T12:05:28","modified_gmt":"2025-12-05T11:05:28","slug":"qui-som","status":"publish","type":"page","link":"https:\/\/blocs.xarxanet.org\/aulaextensiouniversitariaciutatvella\/qui-som\/","title":{"rendered":"L&#8217;Aula"},"content":{"rendered":"<h2>Qu\u00e8 \u00e9s l&#8217;Aula Cultural Ciutat Vella per a la Gent Gran?<\/h2>\n<ul>\n<li>\u00c9s un projecte portat a terme per persones i entitats interessades en aprofundir en temes culturals i en la seva difusi\u00f3.<\/li>\n<li>Aquesta iniciativa compta amb el recolzament econ\u00f2mic i t\u00e8cnic de l&#8217;Ajuntament de Barcelona.<\/li>\n<li>Existeixen Aules a diferents districtes de la ciutat, com per exemple a Horta-Guinard\u00f3.<\/li>\n<li>\u00c9s una entitat sense \u00e0nim de lucre que es constitueix per tal de:\n<ul>\n<li>Difondre la cultura a la gent gran<\/li>\n<li>Cercar la col\u00b7laboraci\u00f3 de catedr\u00e0tics, professors i experts d&#8217;universitats, entitats i equipaments, treballant en xarxar amb el territori<\/li>\n<li>Promoure taules rodones, escola activa, sessions de cinef\u00f2rum, audiovisuals, inform\u00e0tica, etc.<\/li>\n<\/ul>\n<\/li>\n<\/ul>\n<h2>Quin s\u00f3n els seus objectius?<\/h2>\n<ul>\n<li>Motivar a la gent gran per tal que surti de casa amb l&#8217;est\u00edmul de la cultura.<\/li>\n<li>Treballar per l&#8217;intercanvi cultural i intergeneracional.<\/li>\n<li>Fomentar la conviv\u00e8ncia.<\/li>\n<\/ul>\n<h2>On \u00e9s l&#8217;Aula?<\/h2>\n<p>L&#8217;Aula Cultural es troba ubicada al Casal Municipal de Gent Gran Josep Trueta, al <a href=\"https:\/\/goo.gl\/maps\/FiDAMXxpVVzeEHUG6\" target=\"_blank\" rel=\"noopener\">carrer Reina Am\u00e0lia 31, 08001 de Barcelona<\/a>.<\/p>\n<p><img loading=\"lazy\" decoding=\"async\" class=\"wp-image-4027 size-full aligncenter\" src=\"http:\/\/blocs.xarxanet.org\/aulaextensiouniversitariaciutatvella\/files\/2021\/09\/Casal-Josep-Trueta.jpg\" alt=\"\" width=\"800\" height=\"600\" srcset=\"https:\/\/blocs.xarxanet.org\/aulaextensiouniversitariaciutatvella\/files\/2021\/09\/Casal-Josep-Trueta.jpg 800w, https:\/\/blocs.xarxanet.org\/aulaextensiouniversitariaciutatvella\/files\/2021\/09\/Casal-Josep-Trueta-300x225.jpg 300w, https:\/\/blocs.xarxanet.org\/aulaextensiouniversitariaciutatvella\/files\/2021\/09\/Casal-Josep-Trueta-768x576.jpg 768w\" sizes=\"auto, (max-width: 800px) 100vw, 800px\" \/><\/p>\n<blockquote>\n<p style=\"text-align: center\"><strong>Atenci\u00f3 al p\u00fablic a les nostres oficines, tots els dilluns de les 10:30h a les 12:00h.<\/strong><\/p>\n<p style=\"text-align: center\"><strong>Tel\u00e8fon de contacte: <a href=\"tel:+34687416335\">687 416 335<\/a> <\/strong><\/p>\n<\/blockquote>\n<p>Dues persones i voluntaris\/es en col\u00b7laboraci\u00f3 amb els\/les representants t\u00e8cnics dels diferents casals de Ciutat Vella, principalment amb el Casal Municipal de Gent Gran Josep Trueta, organitzen trobades setmanals de forma itinerant als casals i tamb\u00e9 en centres c\u00edvics i entitats que estiguin interessades.<\/p>\n<h2>Organitzaci\u00f3<\/h2>\n<figure id=\"attachment_4685\" aria-labelledby=\"figcaption_attachment_4685\" class=\"wp-caption alignleft\" style=\"width: 260px\"><img loading=\"lazy\" decoding=\"async\" class=\"wp-image-4685 size-full\" src=\"http:\/\/blocs.xarxanet.org\/aulaextensiouniversitariaciutatvella\/files\/2022\/11\/Angel.jpg\" alt=\"\" width=\"250\" height=\"250\" srcset=\"https:\/\/blocs.xarxanet.org\/aulaextensiouniversitariaciutatvella\/files\/2022\/11\/Angel.jpg 250w, https:\/\/blocs.xarxanet.org\/aulaextensiouniversitariaciutatvella\/files\/2022\/11\/Angel-150x150.jpg 150w\" sizes=\"auto, (max-width: 250px) 100vw, 250px\" \/><figcaption id=\"figcaption_attachment_4685\" class=\"wp-caption-text\">Angel Rodriguez M\u00e9ndez President<\/figcaption><\/figure>\n<figure id=\"attachment_4689\" aria-labelledby=\"figcaption_attachment_4689\" class=\"wp-caption alignleft\" style=\"width: 260px\"><img loading=\"lazy\" decoding=\"async\" class=\"wp-image-4689 size-full\" src=\"http:\/\/blocs.xarxanet.org\/aulaextensiouniversitariaciutatvella\/files\/2022\/11\/Nuria.jpg\" alt=\"\" width=\"250\" height=\"250\" srcset=\"https:\/\/blocs.xarxanet.org\/aulaextensiouniversitariaciutatvella\/files\/2022\/11\/Nuria.jpg 250w, https:\/\/blocs.xarxanet.org\/aulaextensiouniversitariaciutatvella\/files\/2022\/11\/Nuria-150x150.jpg 150w\" sizes=\"auto, (max-width: 250px) 100vw, 250px\" \/><figcaption id=\"figcaption_attachment_4689\" class=\"wp-caption-text\">N\u00faria Caball\u00e9 Pasqual Secret\u00e0ria<\/figcaption><\/figure>\n<hr \/>\n<figure id=\"attachment_4686\" aria-labelledby=\"figcaption_attachment_4686\" class=\"wp-caption alignleft\" style=\"width: 260px\"><img loading=\"lazy\" decoding=\"async\" class=\"wp-image-4686 size-full\" src=\"http:\/\/blocs.xarxanet.org\/aulaextensiouniversitariaciutatvella\/files\/2022\/11\/Anna.jpg\" alt=\"\" width=\"250\" height=\"250\" srcset=\"https:\/\/blocs.xarxanet.org\/aulaextensiouniversitariaciutatvella\/files\/2022\/11\/Anna.jpg 250w, https:\/\/blocs.xarxanet.org\/aulaextensiouniversitariaciutatvella\/files\/2022\/11\/Anna-150x150.jpg 150w\" sizes=\"auto, (max-width: 250px) 100vw, 250px\" \/><figcaption id=\"figcaption_attachment_4686\" class=\"wp-caption-text\">Anna Maria Tom\u00e9 Recasens Tresorera<\/figcaption><\/figure>\n<figure id=\"attachment_4687\" aria-labelledby=\"figcaption_attachment_4687\" class=\"wp-caption alignleft\" style=\"width: 260px\"><img loading=\"lazy\" decoding=\"async\" class=\"wp-image-4687 size-full\" src=\"http:\/\/blocs.xarxanet.org\/aulaextensiouniversitariaciutatvella\/files\/2022\/11\/Carmen.jpg\" alt=\"\" width=\"250\" height=\"250\" srcset=\"https:\/\/blocs.xarxanet.org\/aulaextensiouniversitariaciutatvella\/files\/2022\/11\/Carmen.jpg 250w, https:\/\/blocs.xarxanet.org\/aulaextensiouniversitariaciutatvella\/files\/2022\/11\/Carmen-150x150.jpg 150w\" sizes=\"auto, (max-width: 250px) 100vw, 250px\" \/><figcaption id=\"figcaption_attachment_4687\" class=\"wp-caption-text\">Carmen Torres Anduig <\/br>Vocal de Relacions amb els Socis<\/figcaption><\/figure>\n<p>&nbsp;<\/p>\n<hr \/>\n<h2>C\u00e0rrecs Honoraris<\/h2>\n<figure id=\"attachment_4688\" aria-labelledby=\"figcaption_attachment_4688\" class=\"wp-caption alignleft\" style=\"width: 260px\"><img loading=\"lazy\" decoding=\"async\" class=\"wp-image-4688 size-full\" src=\"http:\/\/blocs.xarxanet.org\/aulaextensiouniversitariaciutatvella\/files\/2022\/11\/Humberto.jpg\" alt=\"\" width=\"250\" height=\"250\" srcset=\"https:\/\/blocs.xarxanet.org\/aulaextensiouniversitariaciutatvella\/files\/2022\/11\/Humberto.jpg 250w, https:\/\/blocs.xarxanet.org\/aulaextensiouniversitariaciutatvella\/files\/2022\/11\/Humberto-150x150.jpg 150w\" sizes=\"auto, (max-width: 250px) 100vw, 250px\" \/><figcaption id=\"figcaption_attachment_4688\" class=\"wp-caption-text\">Humberto Calvo Pardina President Honorari<\/figcaption><\/figure>\n<p>&nbsp;<\/p>\n","protected":false},"excerpt":{"rendered":"<p>Qu\u00e8 \u00e9s l&#8217;Aula Cultural Ciutat Vella per a la Gent Gran? \u00c9s un projecte portat a terme per persones i entitats interessades en aprofundir en temes culturals i en la seva difusi\u00f3. Aquesta iniciativa compta amb el recolzament econ\u00f2mic i &hellip; <a href=\"https:\/\/blocs.xarxanet.org\/aulaextensiouniversitariaciutatvella\/qui-som\/\">Continue reading <span class=\"meta-nav\">&rarr;<\/span><\/a><\/p>\n","protected":false},"author":490,"featured_media":0,"parent":0,"menu_order":5,"comment_status":"closed","ping_status":"closed","template":"onecolumn-page.php","meta":{"footnotes":""},"class_list":["post-201","page","type-page","status-publish","hentry"],"_links":{"self":[{"href":"https:\/\/blocs.xarxanet.org\/aulaextensiouniversitariaciutatvella\/wp-json\/wp\/v2\/pages\/201","targetHints":{"allow":["GET"]}}],"collection":[{"href":"https:\/\/blocs.xarxanet.org\/aulaextensiouniversitariaciutatvella\/wp-json\/wp\/v2\/pages"}],"about":[{"href":"https:\/\/blocs.xarxanet.org\/aulaextensiouniversitariaciutatvella\/wp-json\/wp\/v2\/types\/page"}],"author":[{"embeddable":true,"href":"https:\/\/blocs.xarxanet.org\/aulaextensiouniversitariaciutatvella\/wp-json\/wp\/v2\/users\/490"}],"replies":[{"embeddable":true,"href":"https:\/\/blocs.xarxanet.org\/aulaextensiouniversitariaciutatvella\/wp-json\/wp\/v2\/comments?post=201"}],"version-history":[{"count":40,"href":"https:\/\/blocs.xarxanet.org\/aulaextensiouniversitariaciutatvella\/wp-json\/wp\/v2\/pages\/201\/revisions"}],"predecessor-version":[{"id":3197,"href":"https:\/\/blocs.xarxanet.org\/aulaextensiouniversitariaciutatvella\/wp-json\/wp\/v2\/pages\/201\/revisions\/3197"}],"wp:attachment":[{"href":"https:\/\/blocs.xarxanet.org\/aulaextensiouniversitariaciutatvella\/wp-json\/wp\/v2\/media?parent=201"}],"curies":[{"name":"wp","href":"https:\/\/api.w.org\/{rel}","templated":true}]}}