{"id":1645,"date":"2016-12-08T19:26:27","date_gmt":"2016-12-08T18:26:27","guid":{"rendered":"http:\/\/aulaextensiouniversitariaciutatvella.entitatsbcn.net\/?page_id=1645"},"modified":"2025-12-05T12:05:27","modified_gmt":"2025-12-05T11:05:27","slug":"nunez-galvan-sra-laura","status":"publish","type":"page","link":"https:\/\/blocs.xarxanet.org\/aulaextensiouniversitariaciutatvella\/nunez-galvan-sra-laura\/","title":{"rendered":"N\u00fa\u00f1ez Galv\u00e1n, Sra. Laura"},"content":{"rendered":"<p><a href=\"http:\/\/blocs.xarxanet.org\/aulaextensiouniversitariaciutatvella\/files\/2016\/12\/168-13_03_2017_Sra.-Laura-N\u00fa\u00f1ez.pdf\" target=\"_blank\" rel=\"noopener\">Confer\u00e8ncia del 13\/03\/2017<\/a><\/p>\n","protected":false},"excerpt":{"rendered":"<p>Confer\u00e8ncia del 13\/03\/2017<\/p>\n","protected":false},"author":490,"featured_media":0,"parent":0,"menu_order":0,"comment_status":"closed","ping_status":"closed","template":"onecolumn-page.php","meta":{"footnotes":""},"class_list":["post-1645","page","type-page","status-publish","hentry"],"_links":{"self":[{"href":"https:\/\/blocs.xarxanet.org\/aulaextensiouniversitariaciutatvella\/wp-json\/wp\/v2\/pages\/1645","targetHints":{"allow":["GET"]}}],"collection":[{"href":"https:\/\/blocs.xarxanet.org\/aulaextensiouniversitariaciutatvella\/wp-json\/wp\/v2\/pages"}],"about":[{"href":"https:\/\/blocs.xarxanet.org\/aulaextensiouniversitariaciutatvella\/wp-json\/wp\/v2\/types\/page"}],"author":[{"embeddable":true,"href":"https:\/\/blocs.xarxanet.org\/aulaextensiouniversitariaciutatvella\/wp-json\/wp\/v2\/users\/490"}],"replies":[{"embeddable":true,"href":"https:\/\/blocs.xarxanet.org\/aulaextensiouniversitariaciutatvella\/wp-json\/wp\/v2\/comments?post=1645"}],"version-history":[{"count":2,"href":"https:\/\/blocs.xarxanet.org\/aulaextensiouniversitariaciutatvella\/wp-json\/wp\/v2\/pages\/1645\/revisions"}],"predecessor-version":[{"id":3908,"href":"https:\/\/blocs.xarxanet.org\/aulaextensiouniversitariaciutatvella\/wp-json\/wp\/v2\/pages\/1645\/revisions\/3908"}],"wp:attachment":[{"href":"https:\/\/blocs.xarxanet.org\/aulaextensiouniversitariaciutatvella\/wp-json\/wp\/v2\/media?parent=1645"}],"curies":[{"name":"wp","href":"https:\/\/api.w.org\/{rel}","templated":true}]}}