{"id":214,"date":"2013-06-25T12:26:46","date_gmt":"2013-06-25T11:26:46","guid":{"rendered":"http:\/\/associaciociberdona.barcelona.ppe.entitats.diba.cat\/fotos\/"},"modified":"2026-02-22T20:47:52","modified_gmt":"2026-02-22T19:47:52","slug":"fotos","status":"publish","type":"page","link":"https:\/\/blocs.xarxanet.org\/associaciociberdona\/fotos\/","title":{"rendered":"Galeria fotogr\u00e0fica"},"content":{"rendered":"<h3>Activitats recents<\/h3>\n<h3 class=\"entry-title\">Tots els esdeveniments<\/h3>\n<p>En aquest document trobareu tots els enlla\u00e7os per veure les fotografies realitzades en les diferents sortides, tant les visites guiades per Barcelona, com les referents als museus. Tamb\u00e9 un recull de les excursions i les activitats que s&#8217;han realitzat al Casal.<\/p>\n<p><img loading=\"lazy\" decoding=\"async\" class=\"alignleft wp-image-1468\" src=\"http:\/\/blocs.xarxanet.org\/associaciociberdona\/files\/2020\/12\/Camara-fotos-300x298.jpg\" alt=\"\" width=\"179\" height=\"178\" srcset=\"https:\/\/blocs.xarxanet.org\/associaciociberdona\/files\/2020\/12\/Camara-fotos-300x298.jpg 300w, https:\/\/blocs.xarxanet.org\/associaciociberdona\/files\/2020\/12\/Camara-fotos-150x150.jpg 150w, https:\/\/blocs.xarxanet.org\/associaciociberdona\/files\/2020\/12\/Camara-fotos.jpg 400w\" sizes=\"auto, (max-width: 179px) 100vw, 179px\" \/><\/p>\n<p>Les que siguin del vostre inter\u00e8s, les podeu guardar clicant sobre la foto al bot\u00f3 dret del ratol\u00ed, i agafar l\u2019opci\u00f3 de\u00a0\u00a0<em><strong>\u201cGuardar imagen como\u2026\u201d<\/strong><\/em><\/p>\n<div class=\"diba-attachment\">\u00a0 \u00a0 \u00a0 \u00a0 \u00a0 \u00a0 \u00a0 \u00a0 \u00a0 \u00a0 \u00a0 \u00a0 \u00a0 \u00a0 <a href=\"http:\/\/blocs.xarxanet.org\/associaciociberdona\/files\/2026\/02\/PicasaWeb-2026-02-21.pdf\" target=\"_blank\" rel=\"noopener\">Albums fotogr\u00e0fics<\/a><\/div>\n<div><\/div>\n<div><\/div>\n","protected":false},"excerpt":{"rendered":"<p>Activitats recents Tots els esdeveniments En aquest document trobareu tots els enlla\u00e7os per veure les fotografies realitzades en les diferents sortides, tant les visites guiades per Barcelona, com les referents als museus. Tamb\u00e9 un recull de les excursions i les &hellip; <a href=\"https:\/\/blocs.xarxanet.org\/associaciociberdona\/fotos\/\">Continue reading <span class=\"meta-nav\">&rarr;<\/span><\/a><\/p>\n","protected":false},"author":476,"featured_media":0,"parent":0,"menu_order":100,"comment_status":"closed","ping_status":"closed","template":"","meta":{"footnotes":""},"class_list":["post-214","page","type-page","status-publish","hentry"],"_links":{"self":[{"href":"https:\/\/blocs.xarxanet.org\/associaciociberdona\/wp-json\/wp\/v2\/pages\/214","targetHints":{"allow":["GET"]}}],"collection":[{"href":"https:\/\/blocs.xarxanet.org\/associaciociberdona\/wp-json\/wp\/v2\/pages"}],"about":[{"href":"https:\/\/blocs.xarxanet.org\/associaciociberdona\/wp-json\/wp\/v2\/types\/page"}],"author":[{"embeddable":true,"href":"https:\/\/blocs.xarxanet.org\/associaciociberdona\/wp-json\/wp\/v2\/users\/476"}],"replies":[{"embeddable":true,"href":"https:\/\/blocs.xarxanet.org\/associaciociberdona\/wp-json\/wp\/v2\/comments?post=214"}],"version-history":[{"count":91,"href":"https:\/\/blocs.xarxanet.org\/associaciociberdona\/wp-json\/wp\/v2\/pages\/214\/revisions"}],"predecessor-version":[{"id":3157,"href":"https:\/\/blocs.xarxanet.org\/associaciociberdona\/wp-json\/wp\/v2\/pages\/214\/revisions\/3157"}],"wp:attachment":[{"href":"https:\/\/blocs.xarxanet.org\/associaciociberdona\/wp-json\/wp\/v2\/media?parent=214"}],"curies":[{"name":"wp","href":"https:\/\/api.w.org\/{rel}","templated":true}]}}