{"id":204,"date":"2013-06-25T12:26:46","date_gmt":"2013-06-25T11:26:46","guid":{"rendered":"http:\/\/associaciociberdona.barcelona.ppe.entitats.diba.cat\/activitats\/excursions\/"},"modified":"2026-04-03T15:44:01","modified_gmt":"2026-04-03T14:44:01","slug":"excursions","status":"publish","type":"page","link":"https:\/\/blocs.xarxanet.org\/associaciociberdona\/excursions\/","title":{"rendered":"Activitats"},"content":{"rendered":"<div class=\"noticia-text\"><\/div>\n<div>___________________________________________________________________<\/div>\n<h2><strong style=\"color: #000000\">M\u00fasica i informaci\u00f3<\/strong><\/h2>\n<div class=\"noticia-text\">\n<p><span style=\"color: #000000\"><img loading=\"lazy\" decoding=\"async\" class=\"alignleft\" src=\"http:\/\/blocs.xarxanet.org\/associaciociberdona\/files\/2024\/12\/Globus-terraqui.jpg\" width=\"108\" height=\"100\" \/>M\u00fasica i noticies de la teva emissora preferida des de qualsevol lloc. A t\u00edtol d&#8217;informaci\u00f3&#8230;<\/span><\/p>\n<p style=\"padding-left: 40px\"><span style=\"color: #000000\">Radio Barcelona:<\/span>\u00a0 <a href=\"https:\/\/radio.garden\/listen\/radio-barcelona-ser\/ckvPdQKI\" target=\"_blank\" rel=\"noopener\">Radio Barcelona<\/a><\/p>\n<p style=\"padding-left: 40px\"><span style=\"color: #000000\">Catalunya R\u00e0dio:<\/span>\u00a0 <a href=\"https:\/\/radio.garden\/listen\/catalunya-radio\/YJEqvEek\" target=\"_blank\" rel=\"noopener\">Catalunya Radio<\/a><\/p>\n<p><strong>____________________________________________________<\/strong><\/p>\n<h2><span style=\"color: #000000\"><strong><img loading=\"lazy\" decoding=\"async\" class=\"alignleft wp-image-2947\" src=\"http:\/\/blocs.xarxanet.org\/associaciociberdona\/files\/2024\/12\/Art-publici-300x202.jpg\" alt=\"\" width=\"224\" height=\"151\" srcset=\"https:\/\/blocs.xarxanet.org\/associaciociberdona\/files\/2024\/12\/Art-publici-300x202.jpg 300w, https:\/\/blocs.xarxanet.org\/associaciociberdona\/files\/2024\/12\/Art-publici.jpg 422w\" sizes=\"auto, (max-width: 224px) 100vw, 224px\" \/>Art P\u00fablic &#8211; Barcelona<\/strong><\/span><\/h2>\n<p><span style=\"color: #000000\">En aquest enlla\u00e7 trobareu gaireb\u00e9 tots els elements p\u00fablics que l&#8217;Ajuntament te catalogats, plaques commemoratives, escultures, etc., amb dades i comentaris dels diferents cronistes de la ciutat.<\/span><\/p>\n<p style=\"padding-left: 40px\"><span style=\"color: #000000\">Enlla\u00e7:<\/span> <a href=\"https:\/\/w10.bcn.cat\/APPS\/gmocataleg_monum\/CambiaIdiomaAc.do?idioma=ca&amp;pagina=welcomeHtml\" target=\"_blank\" rel=\"noopener\">Web Art P\u00fablic<\/a><\/p>\n<p><strong>_________________________________________________________________________<\/strong><\/p>\n<h2><img loading=\"lazy\" decoding=\"async\" class=\"alignleft\" src=\"http:\/\/blocs.xarxanet.org\/associaciociberdona\/files\/2025\/02\/Espai-Texas.jpeg\" width=\"220\" height=\"145\" \/>Espai Texas<\/h2>\n<p>Codi bonificaci\u00f3: <span style=\"color: #ff0000\"><strong>CIBERDONA25<\/strong><\/span><\/p>\n<p>Web:\u00a0 <strong><a href=\"https:\/\/espaitexas.cat\/\" target=\"_blank\" rel=\"noopener\">https:\/\/espaitexas.cat\/<\/a><\/strong><\/p>\n<p>Operativa per aplicar descompte:\u00a0 http: \u00a0<a href=\"http:\/\/blocs.xarxanet.org\/associaciociberdona\/files\/2025\/02\/Codi-Promocional.pdf\" target=\"_blank\" rel=\"noopener\"><strong>Codi-Promocional.pdf <\/strong><\/a><\/p>\n<p><strong>________________________________________________________________________<\/strong><\/p>\n<h2><span style=\"color: #000000\"><strong>Sortides recents<\/strong><\/span><\/h2>\n<p><span style=\"color: #000000\">Les fotografies de les sortides anteriors les podreu trobar clicant a l&#8217;enlla\u00e7 de l&#8217;arxiu que apareix a la<\/span> <span style=\"color: #ff0000\"><strong>GALERIA FOTOGR\u00c0FICA<\/strong><\/span><\/p>\n<\/div>\n<p>____________________________________________________________________________________________________________________________________________________________________<\/p>\n<h2><span style=\"color: #ff0000\"><strong><img loading=\"lazy\" decoding=\"async\" class=\"alignleft\" src=\"http:\/\/blocs.xarxanet.org\/associaciociberdona\/files\/2026\/03\/Matisse.jpg\" width=\"126\" height=\"169\" \/>Visita guiada: Chez Matisse<\/strong><\/span><\/h2>\n<h3><span style=\"color: #000000\"><strong>Dimecrtes, 15 abril 2026, a les 17.00 h<\/strong><\/span><\/h3>\n<p><span style=\"color: #000000\"><strong>Preu: 7,00 \u20ac\u00a0 &#8211;\u00a0 S\u00f2cies Ciberdona: 4,00 \u20ac<\/strong><\/span><\/p>\n<p style=\"text-align: left\"><span style=\"color: #000000\">Full informatiu:\u00a0\u00a0<a href=\"http:\/\/blocs.xarxanet.org\/associaciociberdona\/files\/2026\/03\/01-20260415-A5-Matisse.pdf\" target=\"_blank\" rel=\"noopener\">Chez Matisse<\/a><\/span><\/p>\n<p>________________________________________________________________________________________________________________________________________________________________________<\/p>\n<h2><span style=\"color: #ff0000\"><strong><img loading=\"lazy\" decoding=\"async\" class=\"alignleft\" src=\"http:\/\/blocs.xarxanet.org\/associaciociberdona\/files\/2026\/03\/Sant-Jordi.jpg\" width=\"242\" height=\"161\" \/>Activitat: Diada Sant Jordi<\/strong><\/span><\/h2>\n<h3><span style=\"color: #000000\"><strong>Dijous, 23 abril 2026,<br \/>\n<\/strong><\/span><span style=\"color: #000000\"><strong>de 10 a 12.45h pel mat\u00ed i de 16 a 19h per la tarda<br \/>\n<\/strong><\/span><span style=\"color: #000000\"><strong>Obsequi d&#8217;un llibre\u00a0<\/strong><\/span><\/h3>\n<p style=\"text-align: left\"><span style=\"color: #000000\">Full informatiu:\u00a0\u00a0<a href=\"http:\/\/blocs.xarxanet.org\/associaciociberdona\/files\/2026\/03\/03-20260423-A5-Diada-de-Sant-Jordi.pdf\" target=\"_blank\" rel=\"noopener\">Diada Sant Jordi<\/a><\/span><\/p>\n<p>________________________________________________________________________________________________________________________________________________________________________<\/p>\n<h2><span style=\"color: #ff0000\"><strong><img loading=\"lazy\" decoding=\"async\" class=\"alignleft\" src=\"http:\/\/blocs.xarxanet.org\/associaciociberdona\/files\/2026\/03\/Montfalco.jpg\" width=\"259\" height=\"146\" \/>Excursi\u00f3: Montfalc\u00f3 murallat<\/strong><\/span><\/h2>\n<h3><span style=\"color: #000000\"><strong>Dissabte, 18 abril 2026, a les\u00a0 8.00 h<\/strong><\/span><\/h3>\n<p><span style=\"color: #000000\"><strong>Preu: 73,00 \u20ac\u00a0 &#8211;\u00a0 S\u00f2cies Ciberdona: 68,00 \u20ac<\/strong><\/span><\/p>\n<p style=\"text-align: left\"><span style=\"color: #000000\">Full informatiu:\u00a0\u00a0<a href=\"http:\/\/blocs.xarxanet.org\/associaciociberdona\/files\/2026\/03\/02-20260418-A5-Montfalco-murallat.pdf\" target=\"_blank\" rel=\"noopener\">Montfalc\u00f3 murallat<\/a><\/span><\/p>\n<p>________________________________________________________________________________________________________________________________________________________________________<\/p>\n<h2><span style=\"color: #ff0000\"><strong><img loading=\"lazy\" decoding=\"async\" class=\"alignleft\" src=\"http:\/\/blocs.xarxanet.org\/associaciociberdona\/files\/2026\/03\/Via-Laietana-2.jpg\" width=\"290\" height=\"163\" \/>Visita guiada: Via Laietana-2<\/strong><\/span><\/h2>\n<h3><span style=\"color: #000000\"><strong>Dimecres, 6 maig 2026, a les 10.00 h<\/strong><\/span><\/h3>\n<p><span style=\"color: #000000\"><strong>Preu: 15,00 \u20ac\u00a0 &#8211;\u00a0 S\u00f2cies Ciberdona: 12,00 \u20ac<\/strong><\/span><\/p>\n<p style=\"text-align: left\"><span style=\"color: #000000\">Full informatiu:\u00a0\u00a0<a href=\"http:\/\/blocs.xarxanet.org\/associaciociberdona\/files\/2026\/03\/04-20260506-A5-Via-Laietana-2.pdf\" target=\"_blank\" rel=\"noopener\">Via Laietana-2<\/a><\/span><\/p>\n<p>________________________________________________________________________________________________________________________________________________________________________<\/p>\n<h2><span style=\"color: #ff0000\"><strong><img loading=\"lazy\" decoding=\"async\" class=\"alignleft\" src=\"http:\/\/blocs.xarxanet.org\/associaciociberdona\/files\/2026\/03\/Casa-Rocamora.jpg\" width=\"252\" height=\"168\" \/>Visita guiada: Fundaci\u00f3 Rocamora<\/strong><\/span><\/h2>\n<h3><span style=\"color: #000000\"><strong>Dimecres, 13 maig 2026, a les 11.00 h<\/strong><\/span><\/h3>\n<p><span style=\"color: #000000\"><strong>Preu: 16,00 \u20ac\u00a0 &#8211;\u00a0 S\u00f2cies Ciberdona: 13,00 \u20ac<\/strong><\/span><\/p>\n<p style=\"text-align: left\"><span style=\"color: #000000\">Full informatiu:\u00a0\u00a0<a href=\"http:\/\/blocs.xarxanet.org\/associaciociberdona\/files\/2026\/03\/06-20260513-A5-Casa-Rocamora.pdf\" target=\"_blank\" rel=\"noopener\">Fundaci\u00f3 Rocamora<\/a><\/span><\/p>\n<p>________________________________________________________________________________________________________________________________________________________________________<\/p>\n<h2><span style=\"color: #ff0000\"><strong><img loading=\"lazy\" decoding=\"async\" class=\"alignleft\" src=\"http:\/\/blocs.xarxanet.org\/associaciociberdona\/files\/2026\/03\/St.Marti-Empuries.jpg\" width=\"254\" height=\"167\" \/>Excursi\u00f3: Sardinada<\/strong><\/span><\/h2>\n<h3><span style=\"color: #000000\"><strong>Dissabte, 16 maig 2026, a les 7.30 h<\/strong><\/span><\/h3>\n<p><span style=\"color: #000000\"><strong>Preu: 67,00 \u20ac\u00a0 &#8211;\u00a0 S\u00f2cies Ciberdona: 62,00 \u20ac<\/strong><\/span><\/p>\n<p style=\"text-align: left\"><span style=\"color: #000000\">Full informatiu:\u00a0 <a href=\"http:\/\/blocs.xarxanet.org\/associaciociberdona\/files\/2026\/03\/07-20260516-A5-Sardinada.pdf\" target=\"_blank\" rel=\"noopener\">Sardinada<\/a><\/span><\/p>\n<p>________________________________________________________________________________________________________________________________________________________________________<\/p>\n<h2><span style=\"color: #ff0000\"><strong><img loading=\"lazy\" decoding=\"async\" class=\"alignleft\" src=\"http:\/\/blocs.xarxanet.org\/associaciociberdona\/files\/2022\/03\/Diada-del-soci.jpg\" width=\"226\" height=\"172\" \/>Diada del soci<\/strong><\/span><\/h2>\n<h3><span style=\"color: #000000\"><strong>Dissabte, 6 juny 2026, a les 14.00 h<\/strong><\/span><\/h3>\n<p><span style=\"color: #000000\"><strong>Preu: 15,00 \u20ac\u00a0 &#8211;\u00a0 S\u00f2cies Ciberdona: Gratu\u00eft<\/strong><\/span><\/p>\n<p style=\"text-align: left\"><span style=\"color: #000000\">Full informatiu:\u00a0\u00a0<a href=\"http:\/\/blocs.xarxanet.org\/associaciociberdona\/files\/2026\/03\/09-20260606-A5-Diada-del-Soci.pdf\" target=\"_blank\" rel=\"noopener\">Diada soci<\/a><\/span><\/p>\n<p>________________________________________________________________________________________________________________________________________________________________________<\/p>\n<h2><span style=\"color: #ff0000\"><strong><img decoding=\"async\" class=\"alignleft\" src=\"http:\/\/blocs.xarxanet.org\/associaciociberdona\/files\/2026\/03\/BCN-fosca.jpg\" \/>Visita guiada: La Barcelona fosca<\/strong><\/span><\/h2>\n<h3><span style=\"color: #000000\"><strong>Dijous, 18 juny 2026, a les 10.30 h<\/strong><\/span><\/h3>\n<p><span style=\"color: #000000\"><strong>Preu: 15,00 \u20ac\u00a0 &#8211;\u00a0 S\u00f2cies Ciberdona: 12,00 \u20ac<\/strong><\/span><\/p>\n<p style=\"text-align: left\"><span style=\"color: #000000\">Full informatiu:\u00a0\u00a0<a href=\"http:\/\/blocs.xarxanet.org\/associaciociberdona\/files\/2026\/03\/11-20260618-A5-BCN-fosca.pdf\" target=\"_blank\" rel=\"noopener\">La BCN fosca<\/a><\/span><\/p>\n<p>________________________________________________________________________________________________________________________________________________________________________<\/p>\n<h2><span style=\"color: #ff0000\"><strong><img loading=\"lazy\" decoding=\"async\" class=\"alignleft\" src=\"http:\/\/blocs.xarxanet.org\/associaciociberdona\/files\/2026\/03\/Sant-Miquel-del-Fai-1.jpg\" width=\"219\" height=\"164\" \/>Excursi\u00f3: Sant Miquel del Fai<\/strong><\/span><\/h2>\n<h3><span style=\"color: #000000\"><strong>Dissabte, 20 juny 2026, a les 8.30 h<\/strong><\/span><\/h3>\n<p><span style=\"color: #000000\"><strong>Preu: 60,00 \u20ac\u00a0 &#8211;\u00a0 S\u00f2cies Ciberdona: 55,00 \u20ac<\/strong><\/span><\/p>\n<p style=\"text-align: left\"><span style=\"color: #000000\">Full informatiu:\u00a0\u00a0<a href=\"http:\/\/blocs.xarxanet.org\/associaciociberdona\/files\/2026\/03\/11-20260620-A5-Sant-Miquel-del-Fai.pdf\" target=\"_blank\" rel=\"noopener\">Sant Miquel del Fai<\/a><\/span><\/p>\n<p>________________________________________________________________________________________________________________________________________________________________________<\/p>\n<h2><span style=\"color: #ff0000\"><strong><img loading=\"lazy\" decoding=\"async\" class=\"alignleft\" src=\"http:\/\/blocs.xarxanet.org\/associaciociberdona\/files\/2026\/03\/Pl.Catalunya.jpg\" width=\"224\" height=\"162\" \/>Visita guiada: Pl. Catalunya<\/strong><\/span><\/h2>\n<h3><span style=\"color: #000000\"><strong>Dijous, 25 juny 2026, a les 10.30 h<\/strong><\/span><\/h3>\n<p><span style=\"color: #000000\"><strong>Preu: 14,00 \u20ac\u00a0 &#8211;\u00a0 S\u00f2cies Ciberdona: 11,00 \u20ac<\/strong><\/span><\/p>\n<p style=\"text-align: left\"><span style=\"color: #000000\">Full informatiu:\u00a0\u00a0<a href=\"http:\/\/blocs.xarxanet.org\/associaciociberdona\/files\/2026\/03\/12-20260625-A5-Pl.Catalunya.pdf\" target=\"_blank\" rel=\"noopener\">Pl.Catalunya<\/a><\/span><\/p>\n<p>________________________________________________________________________________________________________________________________________________________________________<\/p>\n<p>&nbsp;<\/p>\n","protected":false},"excerpt":{"rendered":"<p>___________________________________________________________________ M\u00fasica i informaci\u00f3 M\u00fasica i noticies de la teva emissora preferida des de qualsevol lloc. A t\u00edtol d&#8217;informaci\u00f3&#8230; Radio Barcelona:\u00a0 Radio Barcelona Catalunya R\u00e0dio:\u00a0 Catalunya Radio ____________________________________________________ Art P\u00fablic &#8211; Barcelona En aquest enlla\u00e7 trobareu gaireb\u00e9 tots els elements &hellip; <a href=\"https:\/\/blocs.xarxanet.org\/associaciociberdona\/excursions\/\">Continue reading <span class=\"meta-nav\">&rarr;<\/span><\/a><\/p>\n","protected":false},"author":476,"featured_media":1019,"parent":0,"menu_order":7,"comment_status":"closed","ping_status":"closed","template":"full-width-page.php","meta":{"footnotes":""},"class_list":["post-204","page","type-page","status-publish","has-post-thumbnail","hentry"],"_links":{"self":[{"href":"https:\/\/blocs.xarxanet.org\/associaciociberdona\/wp-json\/wp\/v2\/pages\/204","targetHints":{"allow":["GET"]}}],"collection":[{"href":"https:\/\/blocs.xarxanet.org\/associaciociberdona\/wp-json\/wp\/v2\/pages"}],"about":[{"href":"https:\/\/blocs.xarxanet.org\/associaciociberdona\/wp-json\/wp\/v2\/types\/page"}],"author":[{"embeddable":true,"href":"https:\/\/blocs.xarxanet.org\/associaciociberdona\/wp-json\/wp\/v2\/users\/476"}],"replies":[{"embeddable":true,"href":"https:\/\/blocs.xarxanet.org\/associaciociberdona\/wp-json\/wp\/v2\/comments?post=204"}],"version-history":[{"count":615,"href":"https:\/\/blocs.xarxanet.org\/associaciociberdona\/wp-json\/wp\/v2\/pages\/204\/revisions"}],"predecessor-version":[{"id":3220,"href":"https:\/\/blocs.xarxanet.org\/associaciociberdona\/wp-json\/wp\/v2\/pages\/204\/revisions\/3220"}],"wp:featuredmedia":[{"embeddable":true,"href":"https:\/\/blocs.xarxanet.org\/associaciociberdona\/wp-json\/"}],"wp:attachment":[{"href":"https:\/\/blocs.xarxanet.org\/associaciociberdona\/wp-json\/wp\/v2\/media?parent=204"}],"curies":[{"name":"wp","href":"https:\/\/api.w.org\/{rel}","templated":true}]}}