{"id":2,"date":"2020-11-17T18:25:27","date_gmt":"2020-11-17T16:25:27","guid":{"rendered":"http:\/\/blocs.xarxanet.org\/associaciociberdona\/?page_id=2"},"modified":"2026-04-03T15:58:51","modified_gmt":"2026-04-03T14:58:51","slug":"pagina-exemple","status":"publish","type":"page","link":"https:\/\/blocs.xarxanet.org\/associaciociberdona\/pagina-exemple\/","title":{"rendered":"Qui som"},"content":{"rendered":"<header class=\"entry-header\">\n<p class=\"tax-title\" style=\"text-align: justify\"><span style=\"text-align: justify;font-size: 16px\">L\u2019Associaci\u00f3 de dones Ciberdona es va crear l\u2019any 2002 per promoure la participaci\u00f3 de les dones en la seva vessant social. Entre els seus objectius prioritaris estan:<br \/>\n<\/span><span style=\"text-align: justify\">Promoure la igualtat d\u2019oportunitats entre homes i dones en totes les seves vessants, centrant-se sobre tot en la promoci\u00f3 de les noves tecnologies, facilitant la informaci\u00f3 de la dona i dels seus drets, per tal que la seva circulaci\u00f3 a la societat actual esdevingui en igualtat de condicions amb els homes.<br \/>\n<\/span><span style=\"text-align: justify\">Aquests objectius pensem que es poden dur a terme facilitant la informaci\u00f3 entre les associacions de dones, dotant-les de les eines inform\u00e0tiques i formatives que calguin i realitzant un acompanyament en el seu aprenentatge i realitzant activitats d\u2019informaci\u00f3 i visibilitzaci\u00f3 de les dones. Per aix\u00f3 i des dels seus inicis ha realitzat activitats de formaci\u00f3 per a la poblaci\u00f3 en general. Al comen\u00e7ament amb volunt\u00e0ries. Abans de la c reaci\u00f3 de la Gestora amb l\u2019ajut de les Administracions P\u00fabliques, (El Departament de Universitats i Recerca de la Generalitat de Catalunya i del Districte de Gr\u00e0cia).<br \/>\n<\/span>Portem, aix\u00ed mateix, juntament amb les altres dues entitats, i coordinats pel Districte de Gr\u00e0cia la gesti\u00f3 del Casal de Barri Cardener, on es desenvolupen totes les nostres activitats dissenyades i obertes al p\u00fablic en general.<br \/>\nPensem que un m\u00f3n millor tamb\u00e9 \u00e9s responsabilitat de tots i totes. Vine a posar el teu granet oferint-te de volunt\u00e0ria i entre totes farem una muntanya.<\/p>\n<h5 class=\"entry-title\">La Junta Directiva de Ciberdona des de 2024<\/h5>\n<p class=\"entry-title\" style=\"padding-left: 30px\">Presidenta: <span style=\"color: #ff6600\"><strong>Eva Inglada<\/strong><\/span><br \/>\nSecret\u00e0ria:\u00a0<strong><span style=\"color: #ff6600\">Ana Robles<\/span><\/strong><br \/>\nTresoreria:\u00a0<span style=\"color: #ff6600\"><strong>Juan Corral<\/strong><\/span><\/p>\n<p class=\"entry-title\" style=\"padding-left: 70px\"><strong>Vocalies:<\/strong><br \/>\nMontse Marco<br \/>\nAngel Mart\u00edn<br \/>\nMaite Aguilar<br \/>\nTeresa Rosich<\/p>\n<\/header>\n<p class=\"entry-title\"><strong>Estatuts<\/strong><br \/>\n<a href=\"http:\/\/blocs.xarxanet.org\/associaciociberdona\/files\/2023\/01\/Estatuts-2022-signats.pdf\" target=\"_blank\" rel=\"noopener\">Estatuts Ciberdona 2022<\/a><\/p>\n<p>&nbsp;<\/p>\n","protected":false},"excerpt":{"rendered":"<p>L\u2019Associaci\u00f3 de dones Ciberdona es va crear l\u2019any 2002 per promoure la participaci\u00f3 de les dones en la seva vessant social. Entre els seus objectius prioritaris estan: Promoure la igualtat d\u2019oportunitats entre homes i dones en totes les seves vessants, &hellip; <a href=\"https:\/\/blocs.xarxanet.org\/associaciociberdona\/pagina-exemple\/\">Continue reading <span class=\"meta-nav\">&rarr;<\/span><\/a><\/p>\n","protected":false},"author":476,"featured_media":0,"parent":0,"menu_order":2,"comment_status":"closed","ping_status":"open","template":"full-width-page.php","meta":{"footnotes":""},"class_list":["post-2","page","type-page","status-publish","hentry"],"_links":{"self":[{"href":"https:\/\/blocs.xarxanet.org\/associaciociberdona\/wp-json\/wp\/v2\/pages\/2","targetHints":{"allow":["GET"]}}],"collection":[{"href":"https:\/\/blocs.xarxanet.org\/associaciociberdona\/wp-json\/wp\/v2\/pages"}],"about":[{"href":"https:\/\/blocs.xarxanet.org\/associaciociberdona\/wp-json\/wp\/v2\/types\/page"}],"author":[{"embeddable":true,"href":"https:\/\/blocs.xarxanet.org\/associaciociberdona\/wp-json\/wp\/v2\/users\/476"}],"replies":[{"embeddable":true,"href":"https:\/\/blocs.xarxanet.org\/associaciociberdona\/wp-json\/wp\/v2\/comments?post=2"}],"version-history":[{"count":24,"href":"https:\/\/blocs.xarxanet.org\/associaciociberdona\/wp-json\/wp\/v2\/pages\/2\/revisions"}],"predecessor-version":[{"id":3222,"href":"https:\/\/blocs.xarxanet.org\/associaciociberdona\/wp-json\/wp\/v2\/pages\/2\/revisions\/3222"}],"wp:attachment":[{"href":"https:\/\/blocs.xarxanet.org\/associaciociberdona\/wp-json\/wp\/v2\/media?parent=2"}],"curies":[{"name":"wp","href":"https:\/\/api.w.org\/{rel}","templated":true}]}}