{"id":190,"date":"2020-12-20T12:26:45","date_gmt":"2020-12-20T11:26:45","guid":{"rendered":"http:\/\/associaciociberdona.barcelona.ppe.entitats.diba.cat\/qui-som\/associacio-ciberdona\/"},"modified":"2023-11-27T10:54:13","modified_gmt":"2023-11-27T09:54:13","slug":"associacio-ciberdona","status":"publish","type":"page","link":"https:\/\/blocs.xarxanet.org\/associaciociberdona\/","title":{"rendered":"Darreres noticies"},"content":{"rendered":"<p>____________________________________________________________________________________________________________<\/p>\n<p>El pagament de les Excursions\u00a0 i les Sortides Culturals podran realitzar-se qualsevol dels dies que us indiquem, ja sigui em met\u00e0l\u00b7lic o amb la targeta de cr\u00e8dit\/d\u00e8bit.<\/p>\n<p><span style=\"color: #ff0000\"><img loading=\"lazy\" decoding=\"async\" class=\"alignleft size-full wp-image-1443\" src=\"http:\/\/blocs.xarxanet.org\/associaciociberdona\/files\/2020\/12\/Logo-Ciberdona-01-ullslema-170x107.png\" alt=\"\" width=\"170\" height=\"107\" \/>Horari de despatx de la nostra entitat:<\/span><\/p>\n<p><strong style=\"color: #ff0000\">tardes, de 17 a 19.45 h., de dilluns a dijous.<\/strong><\/p>\n<p><span style=\"color: #ff0000\"><strong>Tel\u00e8fon 93.210.08.03\u00a0 \u00a0&#8211;\u00a0 \u00a093.213.14.51<\/strong><\/span><\/p>\n<p><span style=\"color: #000000\"><br \/>\nEls procediments per fer els pagaments de forma no presencial, que tamb\u00e9 tenim habilitats s\u00f3n els indicats a continuaci\u00f3. Cal que els seguiu segons el tipus d&#8217;operativa que utilitzeu:<\/span><\/p>\n<p>Transfer\u00e8ncies:\u00a0 \u00a0<a href=\"http:\/\/blocs.xarxanet.org\/associaciociberdona\/files\/2022\/06\/Document-transfer\u00e8ncies.pdf\" target=\"_blank\" rel=\"noopener\">Document-transfer\u00e8ncies.pdf<\/a><\/p>\n<p>Bizum:\u00a0 \u00a0 \u00a0 \u00a0 \u00a0 \u00a0 \u00a0 \u00a0 \u00a0<a href=\"http:\/\/blocs.xarxanet.org\/associaciociberdona\/files\/2023\/01\/Pagament-amb-BIZUM.pdf\" target=\"_blank\" rel=\"noopener\">Pagament amb Bizum<\/a><\/p>\n<p>_____________________________________________________________________________________<\/p>\n<p>&nbsp;<\/p>\n","protected":false},"excerpt":{"rendered":"<p>____________________________________________________________________________________________________________ El pagament de les Excursions\u00a0 i les Sortides Culturals podran realitzar-se qualsevol dels dies que us indiquem, ja sigui em met\u00e0l\u00b7lic o amb la targeta de cr\u00e8dit\/d\u00e8bit. Horari de despatx de la nostra entitat: tardes, de 17 a 19.45 &hellip; <a href=\"https:\/\/blocs.xarxanet.org\/associaciociberdona\/\">Continue reading <span class=\"meta-nav\">&rarr;<\/span><\/a><\/p>\n","protected":false},"author":476,"featured_media":1443,"parent":0,"menu_order":5,"comment_status":"closed","ping_status":"closed","template":"","meta":{"footnotes":""},"class_list":["post-190","page","type-page","status-publish","has-post-thumbnail","hentry"],"_links":{"self":[{"href":"https:\/\/blocs.xarxanet.org\/associaciociberdona\/wp-json\/wp\/v2\/pages\/190","targetHints":{"allow":["GET"]}}],"collection":[{"href":"https:\/\/blocs.xarxanet.org\/associaciociberdona\/wp-json\/wp\/v2\/pages"}],"about":[{"href":"https:\/\/blocs.xarxanet.org\/associaciociberdona\/wp-json\/wp\/v2\/types\/page"}],"author":[{"embeddable":true,"href":"https:\/\/blocs.xarxanet.org\/associaciociberdona\/wp-json\/wp\/v2\/users\/476"}],"replies":[{"embeddable":true,"href":"https:\/\/blocs.xarxanet.org\/associaciociberdona\/wp-json\/wp\/v2\/comments?post=190"}],"version-history":[{"count":54,"href":"https:\/\/blocs.xarxanet.org\/associaciociberdona\/wp-json\/wp\/v2\/pages\/190\/revisions"}],"predecessor-version":[{"id":2689,"href":"https:\/\/blocs.xarxanet.org\/associaciociberdona\/wp-json\/wp\/v2\/pages\/190\/revisions\/2689"}],"wp:featuredmedia":[{"embeddable":true,"href":"https:\/\/blocs.xarxanet.org\/associaciociberdona\/wp-json\/wp\/v2\/media\/1443"}],"wp:attachment":[{"href":"https:\/\/blocs.xarxanet.org\/associaciociberdona\/wp-json\/wp\/v2\/media?parent=190"}],"curies":[{"name":"wp","href":"https:\/\/api.w.org\/{rel}","templated":true}]}}