{"id":5665,"date":"2018-03-22T22:46:42","date_gmt":"2018-03-22T21:46:42","guid":{"rendered":"http:\/\/www.afibrocat.com\/?page_id=5060\/"},"modified":"2018-03-22T22:46:42","modified_gmt":"2018-03-22T21:46:42","slug":"benvinguda","status":"publish","type":"page","link":"https:\/\/blocs.xarxanet.org\/afibrocat\/benvinguda\/","title":{"rendered":"BENVINGUDA"},"content":{"rendered":"<p>Som una petita associaci\u00f3 ubicada al barri d\u2019Horta de Barcelona. Una cosa que cal tenir molt present \u00e9s que aquesta entitat la porta una junta en la qual totes estem malaltes. L\u2019any 2004, un grup de dones del barri, va decidir muntar aquesta associaci\u00f3. Els hem de donar les gr\u00e0cies, perqu\u00e8 sense elles, avui no seriem aqu\u00ed. Els comen\u00e7aments van ser molt dif\u00edcils, no dispos\u00e0vem de cap infraestructura, no ten\u00edem local. Nom\u00e9s dispos\u00e0vem dels diners dels rebuts de les s\u00f2cies, i les ganes de fer alguna cosa per millorar la nostra qualitat de vida.<\/p>\n<p>L\u2019any 2009, va entrar la junta actual i fent un esfor\u00e7 molt gran, varem agafar un local de lloguer que va passar a ser el nostre centre neur\u00e0lgic . Hem fet un cam\u00ed d\u2019esfor\u00e7 constant, per\u00f2 amb moltes ganes de resoldre tots els obstacles que anaven sorgint. Hem comprovat moltes vegades que la primera ocasi\u00f3 que alg\u00fa s\u2019apropa a nosaltres, el cansament extrem, la desesperan\u00e7a i la impot\u00e8ncia es reflexen a la seva cara i en la forma de parlar. Despr\u00e9s de l\u2019entrevista i d\u2019una primera ter\u00e0pia, la persona sembla que ha rebut un aire nou d\u2019esperan\u00e7a i comprensi\u00f3. S\u2019obre una porta a la seva vida. ACOLLIR I COMPARTIR. Aquest \u00e9s el nostre lema. Ens agrada que la persona se senti escoltada i acollida. Fem juntes un cam\u00ed de superaci\u00f3, de canvi i creixement personal, d\u2019acceptaci\u00f3 de les limitacions i buscar noves sortides a les necessitats que tenim. Associar-se allunya la soledat i aix\u00f2 ho hem comprovat amb les nostres s\u00f2cies. El nostre ventall de ter\u00e0pies \u00e9s el puntal de l\u2019associaci\u00f3. Requereix una gran organitzaci\u00f3 i buscar cada curs quines s\u00f3n les ter\u00e0pies que ens poden anar millor. Buscar col\u00b7laboradors, terapeutes i voluntaris que ens puguin ajudar. L\u2019associaci\u00f3 creu molt en l\u2019entorn familiar i fem tot el possible per anar-lo integrant a tot el que nosaltres anem fent. Ja portem temps que anem veient com marits i fills s\u2019apropen i volen ajudar quan fem algun tipus d\u2019activitat o b\u00e9 quan fem trobades per compartir estones de lleure . Ter\u00e0pies que fem: el ball (moure el cos), el chikung (regula el sistema nervi\u00f3s), reiki (restabliment de les energies), psic\u00f2legs (ajudar-nos a cr\u00e9ixer i a acceptar), taller de manualitats (creaci\u00f3 i merchandasing de l\u2019associaci\u00f3). Parades: per poder oferir tot el que creem i al mateix temps informar de qui som i qu\u00e8 fem.<\/p>\n","protected":false},"excerpt":{"rendered":"<p>Som una petita associaci\u00f3 ubicada al barri d\u2019Horta de Barcelona. Una cosa que cal tenir molt present \u00e9s que aquesta entitat la porta una junta en la qual totes estem malaltes. L\u2019any 2004, un grup de dones del barri, va decidir muntar aquesta associaci\u00f3. Els hem de donar les gr\u00e0cies, perqu\u00e8 sense elles, avui no &hellip; <\/p>\n<p class=\"link-more\"><a href=\"https:\/\/blocs.xarxanet.org\/afibrocat\/benvinguda\/\" class=\"more-link\">Continua llegint <span class=\"screen-reader-text\">\u00abBENVINGUDA\u00bb<\/span><\/a><\/p>\n","protected":false},"author":479,"featured_media":0,"parent":0,"menu_order":0,"comment_status":"closed","ping_status":"closed","template":"","meta":{"footnotes":""},"class_list":["post-5665","page","type-page","status-publish","hentry"],"_links":{"self":[{"href":"https:\/\/blocs.xarxanet.org\/afibrocat\/wp-json\/wp\/v2\/pages\/5665","targetHints":{"allow":["GET"]}}],"collection":[{"href":"https:\/\/blocs.xarxanet.org\/afibrocat\/wp-json\/wp\/v2\/pages"}],"about":[{"href":"https:\/\/blocs.xarxanet.org\/afibrocat\/wp-json\/wp\/v2\/types\/page"}],"author":[{"embeddable":true,"href":"https:\/\/blocs.xarxanet.org\/afibrocat\/wp-json\/wp\/v2\/users\/479"}],"replies":[{"embeddable":true,"href":"https:\/\/blocs.xarxanet.org\/afibrocat\/wp-json\/wp\/v2\/comments?post=5665"}],"version-history":[{"count":0,"href":"https:\/\/blocs.xarxanet.org\/afibrocat\/wp-json\/wp\/v2\/pages\/5665\/revisions"}],"wp:attachment":[{"href":"https:\/\/blocs.xarxanet.org\/afibrocat\/wp-json\/wp\/v2\/media?parent=5665"}],"curies":[{"name":"wp","href":"https:\/\/api.w.org\/{rel}","templated":true}]}}