{"id":5536,"date":"2020-05-16T18:07:56","date_gmt":"2020-05-16T16:07:56","guid":{"rendered":"http:\/\/www.afibrocat.com\/?page_id=5536"},"modified":"2020-05-16T18:07:56","modified_gmt":"2020-05-16T16:07:56","slug":"politica-de-privacitat-2","status":"publish","type":"page","link":"https:\/\/blocs.xarxanet.org\/afibrocat\/politica-de-privacitat-2\/","title":{"rendered":"POL\u00cdTICA DE PRIVACITAT"},"content":{"rendered":"<h3>Protecci\u00f3 de dades de car\u00e0cter personal segons el\u00a0RGPD<\/h3>\n<h3>Associaci\u00f3\u00a0AFIBROCAT\u00a0Associaci\u00f3\u00a0D&#8217;ajuda\u00a0Per\u00a0La\u00a0Fibromi\u00e0lgia\u00a0De Catalunya 2004, en aplicaci\u00f3 de la normativa vigent en mat\u00e8ria de protecci\u00f3 de dades de car\u00e0cter personal, informa que les dades personals que es recullen a trav\u00e9s dels formularis del Lloc web: http:\/\/www.afibrocat.com, s&#8217;inclouen en els fitxers automatitzats espec\u00edfics d&#8217;usuaris dels serveis de\u00a0Associaci\u00f3\u00a0AFIBROCAT\u00a0Associaci\u00f3\u00a0D&#8217;ajuda\u00a0Per\u00a0La\u00a0Fibromi\u00e0lgia\u00a0De Catalunya 2004<\/p>\n<p>La recollida i tractament automatitzat de les dades de car\u00e0cter personal t\u00e9 com a finalitat el manteniment de la relaci\u00f3 comercial i l&#8217;acompliment de tasques d&#8217;informaci\u00f3, formaci\u00f3, assessorament i altres activitats pr\u00f2pies de\u00a0Associaci\u00f3\u00a0AFIBROCAT\u00a0Associaci\u00f3\u00a0D&#8217;ajuda\u00a0Per\u00a0La\u00a0Fibromi\u00e0lgia\u00a0De Catalunya 2004<\/p>\n<p>Aquestes dades \u00fanicament seran cedits a aquelles entitats que siguin necess\u00e0ries amb l&#8217;\u00fanic objectiu de donar compliment a la finalitat anteriorment exposada.<\/p>\n<p>Associaci\u00f3\u00a0AFIBROCAT\u00a0Associaci\u00f3\u00a0D&#8217;ajuda\u00a0Per\u00a0La\u00a0Fibromi\u00e0lgia\u00a0De Catalunya 2004 adopta les mesures necess\u00e0ries per a garantir la seguretat, integritat i confidencialitat de les dades conforme al que es disposa en el Reglament (UE) 2016\/679 del Parlament Europeu i del Consell, de 27 d&#8217;abril de 2016, relatiu a la protecci\u00f3 de les persones f\u00edsiques pel que fa al tractament de dades personals i a la lliure circulaci\u00f3 d&#8217;aquests, i derogant l&#8217;antiga\u00a0LOPD, la nova Llei org\u00e0nica 3\/2018, de 5 desembre, de Protecci\u00f3 de Dades i Garantia dels Drets Digitals (LOPDGDD).<\/p>\n<p>L&#8217;usuari podr\u00e0 en qualsevol moment exercitar els drets d&#8217;acc\u00e9s, oposici\u00f3, rectificaci\u00f3, cancel\u00b7laci\u00f3, limitaci\u00f3 i portabilitat reconeguts en el citat Reglament (UE). L&#8217;exercici d&#8217;aquests drets pot realitzar-lo el propi usuari a trav\u00e9s d&#8217;email a: afibrocat@hotmail.com o en l&#8217;adre\u00e7a:\u00a0Carrer\u00a0de Tossa.13, Local 2, C.P. 08032 &#8211; Barcelona (Barcelona).<\/p>\n<p>L&#8217;usuari manifesta que totes les dades facilitades per ell s\u00f3n certs i correctes, i es compromet a mantenir-los actualitzats, comunicant els canvis a\u00a0Associaci\u00f3\u00a0AFIBROCAT\u00a0Associaci\u00f3\u00a0D&#8217;ajuda\u00a0Per\u00a0La\u00a0Fibromi\u00e0lgia\u00a0De Catalunya 2004<\/p>\n<p>Finalitat del tractament de les dades personals:<br \/>\nAmb quina finalitat tractarem les teves dades personals?<\/p>\n<p>En\u00a0Associaci\u00f3\u00a0AFIBROCAT\u00a0Associaci\u00f3\u00a0D&#8217;ajuda\u00a0Per\u00a0La\u00a0Fibromi\u00e0lgia\u00a0De Catalunya 2004, tractarem les teves dades personals recaptades a trav\u00e9s del Lloc web: http:\/\/www.afibrocat.com, amb les seg\u00fcents finalitats:<\/p>\n<p>Enviament d&#8217;informaci\u00f3 comercial i butlletins sobre nous serveis oferts en la web i del sector.<br \/>\nEl proc\u00e9s d&#8217;arxiu, d&#8217;actualitzaci\u00f3 dels sistemes, de protecci\u00f3 i cust\u00f2dia d&#8217;informaci\u00f3 i bases de dades de l&#8217;empresa.<br \/>\nEnviar informaci\u00f3 promocional via electr\u00f2nica.<br \/>\nFacilitar la informaci\u00f3 sol\u00b7licitada per l&#8217;usuari a trav\u00e9s del formulari de contacte.<br \/>\nEt recordem que pots oposar-te a l&#8217;enviament de comunicacions comercials per qualsevol via i en qualsevol moment, remetent un correu electr\u00f2nic a l&#8217;adre\u00e7a anteriorment indicada.<\/p>\n<p>Els camps d&#8217;aquests registres s\u00f3n d&#8217;emplenament obligatori, sent impossible realitzar les finalitats expressades si no s&#8217;aporten aquestes dades.<\/p>\n<p>Per quant temps es conserven les dades personals recaptades?<\/p>\n<p>Les dades personals proporcionades es conservaran mentre es mantingui la relaci\u00f3 comercial o no sol\u00b7licitis la seva supressi\u00f3 i durant el termini pel qual poguessin derivar-se responsabilitats legals pels serveis prestats.<\/p>\n<p>Legitimaci\u00f3:<br \/>\nEl tractament de les teves dades es realitza amb les seg\u00fcents bases jur\u00eddiques que legitimen el mateix:<\/p>\n<p>La sol\u00b7licitud d&#8217;informaci\u00f3 i\/o la contractaci\u00f3 dels serveis de\u00a0Associaci\u00f3\u00a0AFIBROCAT\u00a0Associaci\u00f3\u00a0D&#8217;ajuda\u00a0Per\u00a0La\u00a0Fibromi\u00e0lgia\u00a0De Catalunya 2004, els termes i les condicions de la qual es posaran a la teva disposici\u00f3 en tot cas, de manera pr\u00e8via a una eventual contractaci\u00f3.<br \/>\nEl consentiment lliure, espec\u00edfic, informat i inequ\u00edvoc, en tant que t&#8217;informem posant a la teva disposici\u00f3 la present pol\u00edtica de privacitat, que despr\u00e9s de la lectura d&#8217;aquesta, en cas d&#8217;estar conforme, pots acceptar mitjan\u00e7ant una declaraci\u00f3 o una clara acci\u00f3 afirmativa, com el marcat d&#8217;una casella disposada a aquest efecte.<br \/>\nEn cas que no ens facilitis les teves dades o ho facis de manera err\u00f2nia o incompleta, no podrem atendre la teva sol\u00b7licitud, resultant del tot impossible proporcionar-te la informaci\u00f3 sol\u00b7licitada o dur a terme la contractaci\u00f3 dels serveis.<\/p>\n<p>Destinataris:<br \/>\nLes dades no es comunicaran a cap tercer ali\u00e8 a\u00a0Associaci\u00f3\u00a0AFIBROCAT\u00a0Associaci\u00f3\u00a0D&#8217;ajuda\u00a0Per\u00a0La\u00a0Fibromi\u00e0lgia\u00a0De Catalunya 2004, excepte obligaci\u00f3 legal.<\/p>\n<p>Dades recopilades per usuaris dels serveis<br \/>\nEn els casos en qu\u00e8 l&#8217;usuari inclogui fitxers amb dades de car\u00e0cter personal en els servidors d&#8217;allotjament compartit,\u00a0Associaci\u00f3\u00a0AFIBROCAT\u00a0Associaci\u00f3\u00a0D&#8217;ajuda\u00a0Per\u00a0La\u00a0Fibromi\u00e0lgia\u00a0De Catalunya 2004 no es fa responsable de l&#8217;incompliment per part de l&#8217;usuari del\u00a0RGPD.<\/p>\n<p>Retenci\u00f3 de dades en conformitat a la\u00a0LSSI<br \/>\nAssociaci\u00f3\u00a0AFIBROCAT\u00a0Associaci\u00f3\u00a0D&#8217;ajuda\u00a0Per\u00a0La\u00a0Fibromi\u00e0lgia\u00a0De Catalunya 2004 informa que, com a prestador de servei d&#8217;allotjament de dades i en virtut del que s&#8217;estableix en la Llei 34\/2002 d&#8217;11 de juliol de Serveis de la Societat de la Informaci\u00f3 i de Comer\u00e7 Electr\u00f2nic (LSSI), ret\u00e9 per un per\u00edode m\u00e0xim de 12 mesos la informaci\u00f3 imprescindible per a identificar l&#8217;origen de les dades allotjades i el moment en qu\u00e8 es va iniciar la prestaci\u00f3 del servei. La retenci\u00f3 d&#8217;aquestes dades no afecta al secret de les comunicacions i nom\u00e9s podran ser utilitzats en el marc d&#8217;una recerca criminal o per a la salvaguarda de la seguretat p\u00fablica, posant-se a la disposici\u00f3 dels jutges i\/o tribunals o del Ministeri que aix\u00ed els requereixi. La comunicaci\u00f3 de dades a les Forces i Cossos de l&#8217;Estat es far\u00e0 en virtut al que es disposa en la normativa sobre protecci\u00f3 de dades personals.<\/p>\n<p>Drets propietat intel\u00b7lectual http:\/\/www.afibrocat.com<br \/>\nAssociaci\u00f3\u00a0AFIBROCAT\u00a0Associaci\u00f3\u00a0D&#8217;ajuda\u00a0Per\u00a0La\u00a0Fibromi\u00e0lgia\u00a0De Catalunya 2004 \u00e9s titular de tots els drets d&#8217;autor, propietat intel\u00b7lectual, industrial, &#8220;know-how&#8221; i quants altres drets guarden relaci\u00f3 amb els continguts del lloc web http:\/\/www.afibrocat.com i els serveis oferts en aquest, aix\u00ed com dels programes necessaris per a la seva implementaci\u00f3 i la informaci\u00f3 relacionada.<\/p>\n<p>No es permet la reproducci\u00f3, publicaci\u00f3 i\/o \u00fas no estrictament privat dels continguts, totals o parcials, del lloc web http:\/\/www.afibrocat.com sense el consentiment previ i per escrit.<\/p>\n<p>Propietat intel\u00b7lectual del programari<br \/>\nL&#8217;usuari ha de respectar els programes de tercers llocs a la seva disposici\u00f3 per\u00a0Associaci\u00f3\u00a0AFIBROCAT\u00a0Associaci\u00f3\u00a0D&#8217;ajuda\u00a0Per\u00a0La\u00a0Fibromi\u00e0lgia\u00a0De Catalunya 2004, encara sent gratu\u00efts i\/o de disposici\u00f3 p\u00fablica.<\/p>\n<p>Associaci\u00f3\u00a0AFIBROCAT\u00a0Associaci\u00f3\u00a0D&#8217;ajuda\u00a0Per\u00a0La\u00a0Fibromi\u00e0lgia\u00a0De Catalunya 2004 disposa dels drets d&#8217;explotaci\u00f3 i propietat intel\u00b7lectual necessaris del programari.<\/p>\n<p>L&#8217;usuari no adquireix cap dret o llic\u00e8ncia pel servei contractat, sobre el programari necessari per a la prestaci\u00f3 del servei, ni tampoc sobre la informaci\u00f3 t\u00e8cnica de seguiment del servei, excepci\u00f3 feta dels drets i llic\u00e8ncies necessaris per al compliment dels serveis contractats i \u00fanicament durant la durada d&#8217;aquests.<\/p>\n<p>Per a tota actuaci\u00f3 que excedeixi del compliment del contracte, l&#8217;usuari necessitar\u00e0 autoritzaci\u00f3 per escrit per part de\u00a0Associaci\u00f3\u00a0AFIBROCAT\u00a0Associaci\u00f3\u00a0D&#8217;ajuda\u00a0Per\u00a0La\u00a0Fibromi\u00e0lgia\u00a0De Catalunya 2004, quedant prohibit a l&#8217;usuari accedir, modificar, visualitzar la configuraci\u00f3, estructura i fitxers dels servidors propietat de\u00a0Associaci\u00f3\u00a0AFIBROCAT\u00a0Associaci\u00f3\u00a0D&#8217;ajuda\u00a0Per\u00a0La\u00a0Fibromi\u00e0lgia\u00a0De Catalunya 2004, assumint la responsabilitat civil i penal derivada de qualsevol incid\u00e8ncia que es pogu\u00e9s produir en els servidors i sistemes de seguretat com a conseq\u00fc\u00e8ncia directa d&#8217;una actuaci\u00f3 negligent o maliciosa per part seva.<\/p>\n<p>Propietat intel\u00b7lectual dels continguts allotjats<br \/>\nEs prohibeix l&#8217;\u00fas contrari a la legislaci\u00f3 sobre propietat intel\u00b7lectual dels serveis prestats per\u00a0Associaci\u00f3\u00a0AFIBROCAT\u00a0Associaci\u00f3\u00a0D&#8217;ajuda\u00a0Per\u00a0La\u00a0Fibromi\u00e0lgia\u00a0De Catalunya 2004 i, en particular de:<\/p>\n<p>La utilitzaci\u00f3 que resulti contr\u00e0ria a les lleis espanyoles o que infringeixi els drets de tercers.<br \/>\nLa publicaci\u00f3 o la transmissi\u00f3 de qualsevol contingut que, segons el parer de\u00a0Associaci\u00f3\u00a0AFIBROCAT\u00a0Associaci\u00f3\u00a0D&#8217;ajuda\u00a0Per\u00a0La\u00a0Fibromi\u00e0lgia\u00a0De Catalunya 2004, resulti violent, obsc\u00e8, abusiu, il\u00b7legal, racial, xen\u00f2fob o difamatori.<br \/>\nEls cracks, n\u00fameros de s\u00e8rie de programes o qualsevol altre contingut que vulneri drets de la propietat intel\u00b7lectual de tercers.<br \/>\nLa recollida i\/o utilitzaci\u00f3 de dades personals d&#8217;altres usuaris sense el seu consentiment expr\u00e9s o contravenint el que es disposa en el Reglament (UE) 2016\/679 del Parlament Europeu i del Consell, de 27 d&#8217;abril de 2016, relatiu a la protecci\u00f3 de les persones f\u00edsiques pel que fa al tractament de dades personals i a la lliure circulaci\u00f3 d&#8217;aquests.<br \/>\nLa utilitzaci\u00f3 del servidor de correu del domini i de les adreces de correu electr\u00f2nic per a l&#8217;enviament de correu massiu no desitjat.<br \/>\nL&#8217;usuari t\u00e9 tota la responsabilitat sobre el contingut del seu web, la informaci\u00f3 transmesa i emmagatzemada, els enlla\u00e7os d&#8217;hipertext, les reivindicacions de tercers i les accions legals en refer\u00e8ncia a propietat intel\u00b7lectual, drets de tercers i protecci\u00f3 de menors.<\/p>\n<p>L&#8217;usuari \u00e9s responsable respecte a les lleis i reglaments en vigor i les regles que tenen a veure amb el funcionament del servei online, comer\u00e7 electr\u00f2nic, drets d&#8217;autor, manteniment de l&#8217;ordre p\u00fablic, aix\u00ed com principis universals d&#8217;\u00fas d&#8217;Internet.<\/p>\n<p>L&#8217;usuari indemnitzar\u00e0 a\u00a0Associaci\u00f3\u00a0AFIBROCAT\u00a0Associaci\u00f3\u00a0D&#8217;ajuda\u00a0Per\u00a0La\u00a0Fibromi\u00e0lgia\u00a0De Catalunya 2004 per les despeses que gener\u00e9s la imputaci\u00f3 de\u00a0Associaci\u00f3\u00a0AFIBROCAT\u00a0Associaci\u00f3\u00a0D&#8217;ajuda\u00a0Per\u00a0La\u00a0Fibromi\u00e0lgia\u00a0De Catalunya 2004 en alguna causa la responsabilitat de la qual fos atribu\u00efble a l&#8217;usuari, inclosos honoraris i despeses de defensa jur\u00eddica, fins i tot en el cas d&#8217;una decisi\u00f3 judicial no definitiva.<\/p>\n<p>Protecci\u00f3 de la informaci\u00f3 allotjada<br \/>\nAssociaci\u00f3\u00a0AFIBROCAT\u00a0Associaci\u00f3\u00a0D&#8217;ajuda\u00a0Per\u00a0La\u00a0Fibromi\u00e0lgia\u00a0De Catalunya 2004 realitza c\u00f2pies de seguretat dels continguts allotjats en els seus servidors, no obstant aix\u00f2 no es responsabilitza de la p\u00e8rdua o l&#8217;esborrat accidental de les dades per part dels usuaris. D&#8217;igual manera, no garanteix la reposici\u00f3 total de les dades esborrades pels usuaris, ja que les citades dades podrien haver estat suprimits i\/o modificats durant el per\u00edode del temps transcorregut des de l&#8217;\u00faltima c\u00f2pia de seguretat.<\/p>\n<p>Els serveis oferts, excepte els serveis espec\u00edfics de c\u00f2pia de seguretat, no inclouen la reposici\u00f3 dels continguts conservats en les c\u00f2pies de seguretat realitzades per\u00a0Associaci\u00f3\u00a0AFIBROCAT\u00a0Associaci\u00f3\u00a0D&#8217;ajuda\u00a0Per\u00a0La\u00a0Fibromi\u00e0lgia\u00a0De Catalunya 2004, quan aquesta p\u00e8rdua sigui imputable a l&#8217;usuari; en aquest cas, es determinar\u00e0 una tarifa concorde a la complexitat i volum de la recuperaci\u00f3, sempre pr\u00e8via acceptaci\u00f3 de l&#8217;usuari.<\/p>\n<p>La reposici\u00f3 de dades esborrades nom\u00e9s est\u00e0 inclosa en el preu del servei quan la p\u00e8rdua del contingut sigui deguda a causes atribu\u00efbles a\u00a0Associaci\u00f3\u00a0AFIBROCAT\u00a0Associaci\u00f3\u00a0D&#8217;ajuda\u00a0Per\u00a0La\u00a0Fibromi\u00e0lgia\u00a0De Catalunya 2004.<\/p>\n<p>Comunicacions comercials<br \/>\nEn aplicaci\u00f3 de la\u00a0LSSI.\u00a0Associaci\u00f3\u00a0AFIBROCAT\u00a0Associaci\u00f3\u00a0D&#8217;ajuda\u00a0Per\u00a0La\u00a0Fibromi\u00e0lgia\u00a0De Catalunya 2004 no enviar\u00e0 comunicacions publicit\u00e0ries o promocionals per correu electr\u00f2nic o un altre mitj\u00e0 de comunicaci\u00f3 electr\u00f2nica equivalent que pr\u00e8viament no haguessin estat sol\u00b7licitades o expressament autoritzades pels destinataris d&#8217;aquestes.<\/p>\n<p>En el cas d&#8217;usuaris amb els quals existeixi una relaci\u00f3 contractual pr\u00e8via,\u00a0Associaci\u00f3\u00a0AFIBROCAT\u00a0Associaci\u00f3\u00a0D&#8217;ajuda\u00a0Per\u00a0La\u00a0Fibromi\u00e0lgia\u00a0De Catalunya 2004 s\u00ed que est\u00e0 autoritzat a l&#8217;enviament de comunicacions comercials referents a productes o serveis de\u00a0Associaci\u00f3\u00a0AFIBROCAT\u00a0Associaci\u00f3\u00a0D&#8217;ajuda\u00a0Per\u00a0La\u00a0Fibromi\u00e0lgia\u00a0De Catalunya 2004 que siguin similars als que inicialment van ser objecte de contractaci\u00f3 amb el client.<\/p>\n<p>En tot cas, l&#8217;usuari, despr\u00e9s d&#8217;acreditar la seva identitat, podr\u00e0 sol\u00b7licitar que no se li faci arribar m\u00e9s informaci\u00f3 comercial a trav\u00e9s dels canals d&#8217;Atenci\u00f3 al Client.<\/h3>\n","protected":false},"excerpt":{"rendered":"<p>Protecci\u00f3 de dades de car\u00e0cter personal segons el\u00a0RGPD Associaci\u00f3\u00a0AFIBROCAT\u00a0Associaci\u00f3\u00a0D&#8217;ajuda\u00a0Per\u00a0La\u00a0Fibromi\u00e0lgia\u00a0De Catalunya 2004, en aplicaci\u00f3 de la normativa vigent en mat\u00e8ria de protecci\u00f3 de dades de car\u00e0cter personal, informa que les dades personals que es recullen a trav\u00e9s dels formularis del Lloc web: http:\/\/www.afibrocat.com, s&#8217;inclouen en els fitxers automatitzats espec\u00edfics d&#8217;usuaris dels serveis de\u00a0Associaci\u00f3\u00a0AFIBROCAT\u00a0Associaci\u00f3\u00a0D&#8217;ajuda\u00a0Per\u00a0La\u00a0Fibromi\u00e0lgia\u00a0De Catalunya 2004 La &hellip; <\/p>\n<p class=\"link-more\"><a href=\"https:\/\/blocs.xarxanet.org\/afibrocat\/politica-de-privacitat-2\/\" class=\"more-link\">Continua llegint <span class=\"screen-reader-text\">\u00abPOL\u00cdTICA DE PRIVACITAT\u00bb<\/span><\/a><\/p>\n","protected":false},"author":479,"featured_media":0,"parent":0,"menu_order":0,"comment_status":"closed","ping_status":"closed","template":"","meta":{"footnotes":""},"class_list":["post-5536","page","type-page","status-publish","hentry"],"_links":{"self":[{"href":"https:\/\/blocs.xarxanet.org\/afibrocat\/wp-json\/wp\/v2\/pages\/5536","targetHints":{"allow":["GET"]}}],"collection":[{"href":"https:\/\/blocs.xarxanet.org\/afibrocat\/wp-json\/wp\/v2\/pages"}],"about":[{"href":"https:\/\/blocs.xarxanet.org\/afibrocat\/wp-json\/wp\/v2\/types\/page"}],"author":[{"embeddable":true,"href":"https:\/\/blocs.xarxanet.org\/afibrocat\/wp-json\/wp\/v2\/users\/479"}],"replies":[{"embeddable":true,"href":"https:\/\/blocs.xarxanet.org\/afibrocat\/wp-json\/wp\/v2\/comments?post=5536"}],"version-history":[{"count":0,"href":"https:\/\/blocs.xarxanet.org\/afibrocat\/wp-json\/wp\/v2\/pages\/5536\/revisions"}],"wp:attachment":[{"href":"https:\/\/blocs.xarxanet.org\/afibrocat\/wp-json\/wp\/v2\/media?parent=5536"}],"curies":[{"name":"wp","href":"https:\/\/api.w.org\/{rel}","templated":true}]}}