{"id":5452,"date":"2019-11-02T00:41:05","date_gmt":"2019-11-01T23:41:05","guid":{"rendered":"http:\/\/www.afibrocat.com\/?page_id=5452"},"modified":"2019-11-02T00:41:05","modified_gmt":"2019-11-01T23:41:05","slug":"politica-privacidad-redes-sociales","status":"publish","type":"page","link":"https:\/\/blocs.xarxanet.org\/afibrocat\/politica-privacidad-redes-sociales\/","title":{"rendered":"POL\u00cdTICA DE PRIVACITAT XARXES SOCIALS"},"content":{"rendered":"<p><strong>POL\u00cdTICA DE PRIVACITAT XARXES SOCIALS<\/strong><\/p>\n<p>De conformitat amb el que estableix la normativa vigent en Protecci\u00f3 de Dades de Car\u00e0cter Personal (RGPD) i la Llei 34\/2002, de 11 de juliol, de Serveis de la Societat de la Informaci\u00f3 i de Comer\u00e7 Electr\u00f2nic (LSSI-CE), ASSOCIACI\u00d3 AFIBROCAT (ASSOCIACI\u00d3 D&#8217;AJUDA PER lA FIBROMI\u00c0LGIA DE CATALUNYA 2004) informa els usuaris, que ha procedit a crear un perfil a la\/les\u00a0 Xarxa\/es Social\/s Facebook, Twitter, Instagram, Flickr, Pinterest, Linkedin, amb la finalitat principal de publicitar els seus productes i serveis.<br \/>\nDades de ASSOCIACI\u00d3 AFIBROCAT (ASSOCIACI\u00d3 D&#8217;AJUDA PER LA FIBROMI\u00c0LGIA DE CATALUNYA 2004):\u00a0\u00a0CIF: G63366983,\u00a0\u00a0DIRECCI\u00d3: CARRER TOSSA, 13, LOCAL 2 08032, BARCELONA,\u00a0\u00a0CORREU ELECTR\u00d2NIC: afibrocat@hotmail.com,\u00a0\u00a0DOMINI WEB: www.afibrocat.com<br \/>\nL&#8217;usuari disposa d&#8217;un perfil a la mateixa Xarxa Social i ha decidit unir-se a la p\u00e0gina creada per ASSOCIACI\u00d3 AFIBROCAT (ASSOCIACI\u00d3 D&#8217;AJUDA PER LA FIBROMI\u00c0LGIA DE CATALUNYA 2004), mostrant aix\u00ed inter\u00e8s en la informaci\u00f3 que es publiciti a la Xarxa. En unir-se a la nostra p\u00e0gina, ens facilita el seu consentiment per al tractament d&#8217;aquelles dades personals publicades en el seu perfil.<br \/>\nL&#8217;usuari pot accedir en tot moment a les pol\u00edtiques de privacitat de la pr\u00f2pia Xarxa Social, aix\u00ed com configurar el seu perfil per garantir la seva privacitat.<\/p>\n<p>ASSOCIACI\u00d3 AFIBROCAT (ASSOCIACI\u00d3 D&#8217;AJUDA PER LA FIBROMI\u00c0LGIA DE CATALUNYA 2004) t\u00e9 acc\u00e9s i tracta la informaci\u00f3 p\u00fablica de l&#8217;usuari, especialment, el seu nom de contacte. Aquestes dades, nom\u00e9s s\u00f3n utilitzats dins de la pr\u00f2pia Xarxa Social. No s\u00f3n incorporades a cap fitxer.<br \/>\nEn relaci\u00f3 als drets d&#8217;acc\u00e9s, rectificaci\u00f3, cancel\u00b7laci\u00f3 i oposici\u00f3, dels quals vost\u00e8 disposa i que poden ser exercits davant ASSOCIACI\u00d3 AFIBROCAT (ASSOCIACI\u00d3 D&#8217;AJUDA PER LA FIBROMI\u00c0LGIA DE CATALUNYA 2004), d&#8217;acord amb la RGPD, ha de tenir en compte els seg\u00fcents matisos:<\/p>\n<p><strong>acc\u00e9s:<\/strong> Vindr\u00e0 definit per la funcionalitat de la Xarxa Social i la capacitat d&#8217;acc\u00e9s a la informaci\u00f3 dels perfils dels usuaris.<\/p>\n<p><strong>Rectificaci\u00f3<\/strong>: nom\u00e9s es satisfer-se en relaci\u00f3 a la informaci\u00f3 que es trobi sota el control de ASSOCIACI\u00d3 AFIBROCAT (ASSOCIACI\u00d3 D&#8217;AJUDA PER LA FIBROMI\u00c0LGIA DE CATALUNYA 2004), per exemple, eliminar comentaris publicats a la pr\u00f2pia p\u00e0gina. Normalment, aquest dret ha de exercir-lo davant la Xarxa Social.<\/p>\n<p><strong>Cancel\u00b7laci\u00f3 i \/ o oposici\u00f3:<\/strong> Com en el cas anterior, nom\u00e9s podr\u00e0 satisfer-se en relaci\u00f3 a la informaci\u00f3 que es trobi sota el control de ASSOCIACI\u00d3 AFIBROCAT (ASSOCIACI\u00d3 D&#8217;AJUDA PER LA FIBROMI\u00c0LGIA DE CATALUNYA 2004), per exemple, deixar d&#8217;estar unit al perfil.<\/p>\n<p>ASSOCIACI\u00d3 AFIBROCAT (ASSOCIACI\u00d3 D&#8217;AJUDA PER LA FIBROMI\u00c0LGIA DE CATALUNYA 2004) realitzar\u00e0 les seg\u00fcents actuacions:<\/p>\n<p>Acc\u00e9s a la informaci\u00f3 p\u00fablica del perfil.<\/p>\n<p>Publicaci\u00f3 en el perfil de l&#8217;usuari de tota aquella informaci\u00f3 ja publicada a la p\u00e0gina de ASSOCIACI\u00d3 AFIBROCAT (ASSOCIACI\u00d3 D&#8217;AJUDA PER LA FIBROMI\u00c0LGIA DE CATALUNYA 2004).<\/p>\n<p>Enviar missatges personals i individuals a trav\u00e9s dels canals de la Xarxa Social. Actualitzacions de l&#8217;estat de la p\u00e0gina que es publicaran en el perfil de l&#8217;usuari.<\/p>\n<p>L&#8217;usuari sempre pot controlar les seves connexions, eliminar els continguts que deixin d&#8217;interessar i restringir amb qui comparteix les seves connexions, per a aix\u00f2 haur\u00e0 d&#8217;accedir a la seva configuraci\u00f3 de privacitat.<\/p>\n<p><strong>Publicacions<\/strong><br \/>\nL&#8217;usuari, un cop unit a la p\u00e0gina de ASSOCIACI\u00d3 AFIBROCAT (ASSOCIACI\u00d3 D&#8217;AJUDA PER LA FIBROMI\u00c0LGIA DE CATALUNYA 2004), podr\u00e0 publicar en aquesta \u00faltima comentaris, enlla\u00e7os, imatges o fotografies o qualsevol altre tipus de contingut multim\u00e8dia suportat per la Xarxa Social. L&#8217;usuari, en tots els casos, ha de ser el titular dels mateixos, gaudir dels drets d&#8217;autor i de propietat intel\u00b7lectual o comptar amb el consentiment dels tercers afectats. Es prohibeix expressament qualsevol publicaci\u00f3 en la p\u00e0gina, ja siguin textos, gr\u00e0fics, fotografies, v\u00eddeos, etc. que atemptin o siguin susceptibles d&#8217;atemptar contra la moral, l&#8217;\u00e8tica, el bon gust\u00a0 i \/ o que infringeixin, violin o infringeixin els drets de propietat intel\u00b7lectual o industrial, el dret a la imatge o la Llei. En aquests casos , ASSOCIACI\u00d3 AFIBROCAT (ASSOCIACI\u00d3 d&#8217;AJUDA PER lA FIBROMI\u00c0LGIA dE CATALUNYA 2004) es reserva el dret a retirar immediatament el contingut, podent sol\u00b7licitar el bloqueig permanent de l&#8217;usuari.<br \/>\nASSOCIACI\u00d3 AFIBROCAT (ASSOCIACI\u00d3 D&#8217;AJUDA PER LA FIBROMI\u00c0LGIA DE CATALUNYA 2004) no es far\u00e0 responsable dels continguts que lliurement ha publicat un usuari.<br \/>\nL&#8217;usuari ha de tenir present que les seves publicacions seran conegudes pels altres usuaris, de manera que ell mateix \u00e9s el principal responsable de la seva privacitat.<br \/>\nLes imatges es puguin publicar en la p\u00e0gina no seran emmagatzemades a cap fitxer per part de ASSOCIACI\u00d3 AFIBROCAT (ASSOCIACI\u00d3 D&#8217;AJUDA PER LA FIBROMI\u00c0LGIA DE CATALUNYA 2004), per\u00f2 s\u00ed que romandran a la Xarxa Social.<\/p>\n<p><strong>Concursos i promocions<\/strong><br \/>\nASSOCIACI\u00d3 AFIBROCAT (ASSOCIACI\u00d3 D&#8217;AJUDA PER LA FIBROMI\u00c0LGIA DE CATALUNYA 2004) es reserva el dret a realitzar concursos i promocions, en els quals podr\u00e0 participar l&#8217;usuari unit a la seva p\u00e0gina. Les bases de cada un d&#8217;ells, quan s&#8217;utilitzi per a aix\u00f2 la plataforma de la Xarxa Social, seran publicades a la mateixa. Complint sempre amb la LSSI-CE i amb qualsevol altra norma que li sigui d&#8217;aplicaci\u00f3.<br \/>\nLa Xarxa Social no patrocina, avala ni administra, de cap manera, cap de les nostres promocions, ni est\u00e0 associada a cap d&#8217;elles.<\/p>\n<p><strong>Publicitat<\/strong><br \/>\nASSOCIACI\u00d3 AFIBROCAT (ASSOCIACI\u00d3 D&#8217;AJUDA PER LA FIBROMI\u00c0LGIA DE CATALUNYA 2004) utilitzar\u00e0 la Xarxa Social per publicitar els seus productes i serveis, en tot cas, si decideix tractar les seves dades de contacte per a realitzar accions directes de prospecci\u00f3 comercial, ser\u00e0 sempre, complint amb les exig\u00e8ncies legals de la LOPD i de la LSSI-CE.<br \/>\nNo es considera publicitat el fet de recomanar a altres usuaris la p\u00e0gina de ASSOCIACI\u00d3 AFIBROCAT (ASSOCIACI\u00d3 D&#8217;AJUDA PER LA FIBROMI\u00c0LGIA DE CATALUNYA 2004) perqu\u00e8 tamb\u00e9 ells puguin gaudir de les promocions o estar informats de la seva activitat.<br \/>\nA continuaci\u00f3 detallem l&#8217;enlla\u00e7 a la pol\u00edtica de privacitat de la Xarxa Social:<br \/>\n\u2022 Facebook: <a href=\"https:\/\/www.facebook.com\/help\/323540651073243\/\">https:\/\/www.facebook.com\/help\/323540651073243\/<\/a><br \/>\n\u2022 Twitter: <a href=\"https:\/\/twitter.com\/privacy\">https:\/\/twitter.com\/privacy<\/a><br \/>\n\u2022 Instagram: <a href=\"http:\/\/instagram.com\/about\/legal\/privacy\/\">http:\/\/instagram.com\/about\/legal\/privacy\/<\/a><br \/>\n\u2022 Flickr: <a href=\"http:\/\/info.yahoo.com\/privacy\/es\/yahoo\/flickr\/\">http:\/\/info.yahoo.com\/privacy\/es\/yahoo\/flickr\/<\/a><br \/>\n\u2022 Pinterest: <a href=\"https:\/\/policy.pinterest.com\/es\/privacy-policy\">http:\/\/es.about.pinterest.com\/terms\/<\/a><br \/>\n\u2022 Linkedin: <a href=\"http:\/\/www.linkedin.com\/legal\/privacy-policy?trk=hb_ft_priv\">http:\/\/www.linkedin.com\/legal\/privacy-policy?trk=hb_ft_priv<\/a><\/p>\n<p>&nbsp;<\/p>\n","protected":false},"excerpt":{"rendered":"<p>POL\u00cdTICA DE PRIVACITAT XARXES SOCIALS De conformitat amb el que estableix la normativa vigent en Protecci\u00f3 de Dades de Car\u00e0cter Personal (RGPD) i la Llei 34\/2002, de 11 de juliol, de Serveis de la Societat de la Informaci\u00f3 i de Comer\u00e7 Electr\u00f2nic (LSSI-CE), ASSOCIACI\u00d3 AFIBROCAT (ASSOCIACI\u00d3 D&#8217;AJUDA PER lA FIBROMI\u00c0LGIA DE CATALUNYA 2004) informa els &hellip; <\/p>\n<p class=\"link-more\"><a href=\"https:\/\/blocs.xarxanet.org\/afibrocat\/politica-privacidad-redes-sociales\/\" class=\"more-link\">Continua llegint <span class=\"screen-reader-text\">\u00abPOL\u00cdTICA DE PRIVACITAT XARXES SOCIALS\u00bb<\/span><\/a><\/p>\n","protected":false},"author":479,"featured_media":0,"parent":0,"menu_order":0,"comment_status":"closed","ping_status":"closed","template":"","meta":{"footnotes":""},"class_list":["post-5452","page","type-page","status-publish","hentry"],"_links":{"self":[{"href":"https:\/\/blocs.xarxanet.org\/afibrocat\/wp-json\/wp\/v2\/pages\/5452","targetHints":{"allow":["GET"]}}],"collection":[{"href":"https:\/\/blocs.xarxanet.org\/afibrocat\/wp-json\/wp\/v2\/pages"}],"about":[{"href":"https:\/\/blocs.xarxanet.org\/afibrocat\/wp-json\/wp\/v2\/types\/page"}],"author":[{"embeddable":true,"href":"https:\/\/blocs.xarxanet.org\/afibrocat\/wp-json\/wp\/v2\/users\/479"}],"replies":[{"embeddable":true,"href":"https:\/\/blocs.xarxanet.org\/afibrocat\/wp-json\/wp\/v2\/comments?post=5452"}],"version-history":[{"count":0,"href":"https:\/\/blocs.xarxanet.org\/afibrocat\/wp-json\/wp\/v2\/pages\/5452\/revisions"}],"wp:attachment":[{"href":"https:\/\/blocs.xarxanet.org\/afibrocat\/wp-json\/wp\/v2\/media?parent=5452"}],"curies":[{"name":"wp","href":"https:\/\/api.w.org\/{rel}","templated":true}]}}