{"id":335,"date":"2013-06-25T12:16:23","date_gmt":"2013-06-25T12:16:23","guid":{"rendered":"http:\/\/afibrocat.barcelona.ppe.entitats.diba.cat\/enlaces\/"},"modified":"2021-01-16T17:27:36","modified_gmt":"2021-01-16T15:27:36","slug":"enlaces","status":"publish","type":"page","link":"https:\/\/blocs.xarxanet.org\/afibrocat\/enlaces\/","title":{"rendered":"ENLLA\u00c7OS"},"content":{"rendered":"<h4 style=\"text-align: center\"><a href=\"https:\/\/canalsalut.gencat.cat\/ca\/inici\" target=\"_blank\" rel=\"noopener\">Canal Salut de la Generalitat de Catalunya<\/a><\/h4>\n<h4 style=\"text-align: center\"><a href=\"https:\/\/salutweb.gencat.cat\/ca\/inici\/\" target=\"_blank\" rel=\"noopener\">Departament de Salut de la Generalitat<\/a><\/h4>\n<h4 style=\"text-align: center\"><a href=\"https:\/\/treballiaferssocials.gencat.cat\/ca\/\" target=\"_blank\" rel=\"noopener\">Departament de Benestar i Familia de la Generalitat de Catalunya<\/a><\/h4>\n<h4 style=\"text-align: center\"><a href=\"https:\/\/laff.es\/\" target=\"_blank\" rel=\"noopener\">Fundaci\u00f3n de Afectados de Fibromialgia y S\u00edndrome de fatiga cr\u00f3nica<\/a><\/h4>\n<h4 style=\"text-align: center\"><a href=\"https:\/\/www.sefifac.es\/old\/\" target=\"_blank\" rel=\"noopener\">SOCIEDAD ESPA\u00d1OLA DE FIBROMIALGIA Y S\u00cdNDROME FATIGA CR\u00d3NICA<\/a><\/h4>\n<h4 style=\"text-align: center\"><a href=\"https:\/\/voluntaris.cat\/\" target=\"_blank\" rel=\"noopener\">Federaci\u00f3 Catalana de Voluntariat Social<\/a><\/h4>\n<h4 style=\"text-align: center\"><a href=\"https:\/\/ajuntament.barcelona.cat\/horta-guinardo\/ca\" target=\"_blank\" rel=\"noopener\">Ajuntament de Barcelona Districte d&#8217;Horta-Guinard\u00f3<\/a><\/h4>\n<p>&nbsp;<\/p>\n","protected":false},"excerpt":{"rendered":"<p>Canal Salut de la Generalitat de Catalunya Departament de Salut de la Generalitat Departament de Benestar i Familia de la Generalitat de Catalunya Fundaci\u00f3n de Afectados de Fibromialgia y S\u00edndrome de fatiga cr\u00f3nica SOCIEDAD ESPA\u00d1OLA DE FIBROMIALGIA Y S\u00cdNDROME FATIGA CR\u00d3NICA Federaci\u00f3 Catalana de Voluntariat Social Ajuntament de Barcelona Districte d&#8217;Horta-Guinard\u00f3 &nbsp;<\/p>\n","protected":false},"author":479,"featured_media":0,"parent":0,"menu_order":38,"comment_status":"open","ping_status":"open","template":"","meta":{"footnotes":""},"class_list":["post-335","page","type-page","status-publish","hentry"],"_links":{"self":[{"href":"https:\/\/blocs.xarxanet.org\/afibrocat\/wp-json\/wp\/v2\/pages\/335","targetHints":{"allow":["GET"]}}],"collection":[{"href":"https:\/\/blocs.xarxanet.org\/afibrocat\/wp-json\/wp\/v2\/pages"}],"about":[{"href":"https:\/\/blocs.xarxanet.org\/afibrocat\/wp-json\/wp\/v2\/types\/page"}],"author":[{"embeddable":true,"href":"https:\/\/blocs.xarxanet.org\/afibrocat\/wp-json\/wp\/v2\/users\/479"}],"replies":[{"embeddable":true,"href":"https:\/\/blocs.xarxanet.org\/afibrocat\/wp-json\/wp\/v2\/comments?post=335"}],"version-history":[{"count":3,"href":"https:\/\/blocs.xarxanet.org\/afibrocat\/wp-json\/wp\/v2\/pages\/335\/revisions"}],"predecessor-version":[{"id":5802,"href":"https:\/\/blocs.xarxanet.org\/afibrocat\/wp-json\/wp\/v2\/pages\/335\/revisions\/5802"}],"wp:attachment":[{"href":"https:\/\/blocs.xarxanet.org\/afibrocat\/wp-json\/wp\/v2\/media?parent=335"}],"curies":[{"name":"wp","href":"https:\/\/api.w.org\/{rel}","templated":true}]}}