{"id":226,"date":"2013-06-25T12:16:19","date_gmt":"2013-06-25T10:16:19","guid":{"rendered":"http:\/\/afibrocat.barcelona.ppe.entitats.diba.cat\/activitats-que-fem\/activitats\/"},"modified":"2021-01-16T18:58:56","modified_gmt":"2021-01-16T16:58:56","slug":"activitats","status":"publish","type":"page","link":"https:\/\/blocs.xarxanet.org\/afibrocat\/activitats-que-fem\/activitats\/","title":{"rendered":"ACTIVITATS"},"content":{"rendered":"<h4><\/h4>\n<h4><span style=\"color: #ff00ff\">TALLER DE MINDFULNESS (actualment online)<\/span><\/h4>\n<p><img loading=\"lazy\" decoding=\"async\" class=\"size-medium wp-image-4996 alignleft\" src=\"http:\/\/blocs.xarxanet.org\/afibrocat\/files\/2018\/01\/IMG_1385-300x225.jpg\" alt=\"\" width=\"300\" height=\"225\" srcset=\"https:\/\/blocs.xarxanet.org\/afibrocat\/files\/2018\/01\/IMG_1385-300x225.jpg 300w, https:\/\/blocs.xarxanet.org\/afibrocat\/files\/2018\/01\/IMG_1385-768x576.jpg 768w, https:\/\/blocs.xarxanet.org\/afibrocat\/files\/2018\/01\/IMG_1385-1024x768.jpg 1024w\" sizes=\"auto, (max-width: 300px) 100vw, 300px\" \/><\/p>\n<p>Ter\u00e0pia de Compassi\u00f3 Basada en els Estils d&#8217;Afecci\u00f3. Segons la conclusi\u00f3 de la nostra terapeuta Al\u00edcia Santos, s&#8217;ha demostrat que els participants a l&#8217;taller, han experimentat una disminuci\u00f3 dels nivells d&#8217;ansietat i depressi\u00f3 que es mantenien a l&#8217;almenys durant quatre mesos posteriors a taller. Tamb\u00e9 van millorar els nivells de autoamabilidad, mindfulness i humanitat comuna.<\/p>\n<p>Els dimecres tarda.<\/p>\n<h4><span style=\"color: #ff00ff\">TALLER DE MEM\u00d2RIA\u00a0<\/span><span style=\"color: #ff00ff\">(actualment online)<\/span><\/h4>\n<p><img loading=\"lazy\" decoding=\"async\" class=\"size-medium wp-image-4995 alignright\" src=\"http:\/\/blocs.xarxanet.org\/afibrocat\/files\/2018\/01\/IMG-20160525-WA0027-1-300x225.jpg\" alt=\"\" width=\"300\" height=\"225\" srcset=\"https:\/\/blocs.xarxanet.org\/afibrocat\/files\/2018\/01\/IMG-20160525-WA0027-1-300x225.jpg 300w, https:\/\/blocs.xarxanet.org\/afibrocat\/files\/2018\/01\/IMG-20160525-WA0027-1-768x576.jpg 768w, https:\/\/blocs.xarxanet.org\/afibrocat\/files\/2018\/01\/IMG-20160525-WA0027-1-1024x768.jpg 1024w, https:\/\/blocs.xarxanet.org\/afibrocat\/files\/2018\/01\/IMG-20160525-WA0027-1.jpg 1600w\" sizes=\"auto, (max-width: 300px) 100vw, 300px\" \/><\/p>\n<p>Taller de mem\u00f2ria els dimecres tarda, impartit per Alicia Santos.<\/p>\n<p>Amb exercicis i jocs molt l\u00fadics i divertits.<\/p>\n<h4><span style=\"color: #ff00ff\">GIMN\u00c0STICA PER FIBROMI\u00c0LGIA<\/span><\/h4>\n<p><img loading=\"lazy\" decoding=\"async\" class=\"size-medium wp-image-5416 alignright\" src=\"http:\/\/blocs.xarxanet.org\/afibrocat\/files\/2019\/10\/72167258_832582030496808_418563878363-1-300x300.jpg\" alt=\"\" width=\"300\" height=\"300\" srcset=\"https:\/\/blocs.xarxanet.org\/afibrocat\/files\/2019\/10\/72167258_832582030496808_418563878363-1-300x300.jpg 300w, https:\/\/blocs.xarxanet.org\/afibrocat\/files\/2019\/10\/72167258_832582030496808_418563878363-1-150x150.jpg 150w, https:\/\/blocs.xarxanet.org\/afibrocat\/files\/2019\/10\/72167258_832582030496808_418563878363-1-768x768.jpg 768w, https:\/\/blocs.xarxanet.org\/afibrocat\/files\/2019\/10\/72167258_832582030496808_418563878363-1-1024x1024.jpg 1024w, https:\/\/blocs.xarxanet.org\/afibrocat\/files\/2019\/10\/72167258_832582030496808_418563878363-1-100x100.jpg 100w, https:\/\/blocs.xarxanet.org\/afibrocat\/files\/2019\/10\/72167258_832582030496808_418563878363-1.jpg 1080w\" sizes=\"auto, (max-width: 300px) 100vw, 300px\" \/><\/p>\n<p>Els dimecres al mat\u00ed, la terapeuta Gloria Pe\u00f1alver ens dirigeix una activitat que consisteix en diferents t\u00e8cniques de gimn\u00e0stica com ioga suau, respiraci\u00f3 conscient, meditaci\u00f3 guiada, musicoterapia, taitxi, txi kung, pilates, etc\u2026 amb la finalitat de rebaixar el dolor i treballar les articulacions, aix\u00ed com la gesti\u00f3 emocional.<\/p>\n<h4><span style=\"color: #ff00ff\">TALLER DE DEFENSA PERSONAL<\/span><\/h4>\n<p><img loading=\"lazy\" decoding=\"async\" class=\"size-medium wp-image-5420 alignleft\" src=\"http:\/\/blocs.xarxanet.org\/afibrocat\/files\/2019\/10\/71874816_2498812823487703_1361213781941682176_n-1-300x300.jpg\" alt=\"\" width=\"300\" height=\"300\" srcset=\"https:\/\/blocs.xarxanet.org\/afibrocat\/files\/2019\/10\/71874816_2498812823487703_1361213781941682176_n-1-300x300.jpg 300w, https:\/\/blocs.xarxanet.org\/afibrocat\/files\/2019\/10\/71874816_2498812823487703_1361213781941682176_n-1-150x150.jpg 150w, https:\/\/blocs.xarxanet.org\/afibrocat\/files\/2019\/10\/71874816_2498812823487703_1361213781941682176_n-1-768x768.jpg 768w, https:\/\/blocs.xarxanet.org\/afibrocat\/files\/2019\/10\/71874816_2498812823487703_1361213781941682176_n-1-100x100.jpg 100w, https:\/\/blocs.xarxanet.org\/afibrocat\/files\/2019\/10\/71874816_2498812823487703_1361213781941682176_n-1.jpg 960w\" sizes=\"auto, (max-width: 300px) 100vw, 300px\" \/><\/p>\n<p>Taller d\u2019autodefensa personal dirigit pel nostre voluntari Albert Jimenez, on passem\u00a0 estones on riem\u00a0 i ens ajuda a refor\u00e7ar el nostre empoderament i ens ensenya que a pesar de les nostres limitacions, tenim recursos molt potents.<\/p>\n<p>Els divendres per la tarda.<\/p>\n<h4><span style=\"color: #ff00ff\">TALLER DE REIKI (actualment a dist\u00e0ncia)<\/span><\/h4>\n<p><img loading=\"lazy\" decoding=\"async\" class=\"size-medium wp-image-5816 alignright\" src=\"http:\/\/blocs.xarxanet.org\/afibrocat\/files\/2021\/01\/IMG-20201006-WA0005-225x300.jpg\" alt=\"\" width=\"225\" height=\"300\" srcset=\"https:\/\/blocs.xarxanet.org\/afibrocat\/files\/2021\/01\/IMG-20201006-WA0005-225x300.jpg 225w, https:\/\/blocs.xarxanet.org\/afibrocat\/files\/2021\/01\/IMG-20201006-WA0005-768x1024.jpg 768w, https:\/\/blocs.xarxanet.org\/afibrocat\/files\/2021\/01\/IMG-20201006-WA0005.jpg 1535w\" sizes=\"auto, (max-width: 225px) 100vw, 225px\" \/><\/p>\n<p style=\"text-align: left\">Ter\u00e0pia natural basada en canalitzar l&#8217;energia a trav\u00e9s de les mans.<br \/>\nServeix per aconseguir un equilibri mental, emocional i f\u00edsic.<br \/>\nT\u00e9 un efecte immediat ja que proporciona calma i tranquil\u00b7litat.<\/p>\n<p style=\"text-align: left\">Alleuja el dolor.<br \/>\nAlleuja tensions f\u00edsiques i mentals, &#8220;estr\u00e8s&#8221; per acumulaci\u00f3 o post traum\u00e0tic<br \/>\nActiva el sistema immunol\u00f2gic<br \/>\nEquilibra i incrementa el benestar<br \/>\nModifica patrons de conducta<br \/>\n\u00c9s una ter\u00e0pia complement\u00e0ria i de suport als tractaments m\u00e8dics ja que ajuda a la cicatritzaci\u00f3 i energitza tot l&#8217;organisme.<br \/>\nAjuda a superar els efectes secundaris de la medicaci\u00f3, aix\u00ed com els efectes de tractaments amb quimioter\u00e0pia i anest\u00e8sia.<br \/>\nRedueix el proc\u00e9s de recuperaci\u00f3<br \/>\nAfavoreix la creativitat i l&#8217;alegria de viure<\/p>\n<p style=\"text-align: left\">Tots els dimarts al mati.<\/p>\n<h4><span style=\"color: #ff00ff\">XI QUNG TERAP\u00c8UTIC<\/span><\/h4>\n<p><img loading=\"lazy\" decoding=\"async\" class=\"alignleft wp-image-4873\" src=\"http:\/\/blocs.xarxanet.org\/afibrocat\/files\/2011\/02\/20170328_105936-300x225.jpg\" alt=\"\" width=\"340\" height=\"255\" srcset=\"https:\/\/blocs.xarxanet.org\/afibrocat\/files\/2011\/02\/20170328_105936-300x225.jpg 300w, https:\/\/blocs.xarxanet.org\/afibrocat\/files\/2011\/02\/20170328_105936-768x576.jpg 768w, https:\/\/blocs.xarxanet.org\/afibrocat\/files\/2011\/02\/20170328_105936-1024x768.jpg 1024w\" sizes=\"auto, (max-width: 340px) 100vw, 340px\" \/><\/p>\n<p style=\"text-align: left\"><span lang=\"CA\">El Chi Kung\u00a0 es una disciplina mil\u00b7len\u00e0ria i una eina de la Me<\/span><span style=\"font-size: 1rem\">dicina\u00a0\u00a0<\/span><span lang=\"CA\">Tradicional Xinesa\u00a0que ens pot\u00a0ajudar a l\u2019adaptaci\u00f3\u00a0del nostre cos i de la\u00a0<\/span><span lang=\"CA\">m<\/span><span style=\"font-size: 1rem\">ent.\u00a0<\/span><\/p>\n<p><span lang=\"CA\" style=\"font-size: 1rem\">Consisteix en una c<\/span><span style=\"font-size: 1rem\">ombinaci\u00f3 de moviments compassats amb la respiraci\u00f3 conscient i\u00a0<\/span>portats des de la nostra atenci\u00f3 i intenci\u00f3 que ens poden ajudar a millorar.<\/p>\n<p>&nbsp;<\/p>\n<p>Mar L\u00f3pez<br \/>\nEls dimarts mati de 10\u201930 a 11\u201930h i\u00a0dimecres tarda de 6,\u201930 a 7,30h.<\/p>\n<h4><span style=\"color: #ff00ff\">REFLEXOLOGIA PODAL <\/span><\/h4>\n<p><img loading=\"lazy\" decoding=\"async\" class=\"size-medium wp-image-5821 alignright\" src=\"http:\/\/blocs.xarxanet.org\/afibrocat\/files\/2021\/01\/IMG_20201002_162353-300x169.jpg\" alt=\"\" width=\"300\" height=\"169\" srcset=\"https:\/\/blocs.xarxanet.org\/afibrocat\/files\/2021\/01\/IMG_20201002_162353-300x169.jpg 300w, https:\/\/blocs.xarxanet.org\/afibrocat\/files\/2021\/01\/IMG_20201002_162353-768x432.jpg 768w, https:\/\/blocs.xarxanet.org\/afibrocat\/files\/2021\/01\/IMG_20201002_162353-1024x576.jpg 1024w\" sizes=\"auto, (max-width: 300px) 100vw, 300px\" \/><\/p>\n<p>El nostre voluntari Albert Jimenez, ens ofereix sessions de relexologia podal. Molt relaxant.<\/p>\n","protected":false},"excerpt":{"rendered":"<p>TALLER DE MINDFULNESS (actualment online) Ter\u00e0pia de Compassi\u00f3 Basada en els Estils d&#8217;Afecci\u00f3. Segons la conclusi\u00f3 de la nostra terapeuta Al\u00edcia Santos, s&#8217;ha demostrat que els participants a l&#8217;taller, han experimentat una disminuci\u00f3 dels nivells d&#8217;ansietat i depressi\u00f3 que es mantenien a l&#8217;almenys durant quatre mesos posteriors a taller. Tamb\u00e9 van millorar els nivells de &hellip; <\/p>\n<p class=\"link-more\"><a href=\"https:\/\/blocs.xarxanet.org\/afibrocat\/activitats-que-fem\/activitats\/\" class=\"more-link\">Continua llegint <span class=\"screen-reader-text\">\u00abACTIVITATS\u00bb<\/span><\/a><\/p>\n","protected":false},"author":479,"featured_media":0,"parent":224,"menu_order":17,"comment_status":"closed","ping_status":"closed","template":"","meta":{"footnotes":""},"class_list":["post-226","page","type-page","status-publish","hentry"],"_links":{"self":[{"href":"https:\/\/blocs.xarxanet.org\/afibrocat\/wp-json\/wp\/v2\/pages\/226","targetHints":{"allow":["GET"]}}],"collection":[{"href":"https:\/\/blocs.xarxanet.org\/afibrocat\/wp-json\/wp\/v2\/pages"}],"about":[{"href":"https:\/\/blocs.xarxanet.org\/afibrocat\/wp-json\/wp\/v2\/types\/page"}],"author":[{"embeddable":true,"href":"https:\/\/blocs.xarxanet.org\/afibrocat\/wp-json\/wp\/v2\/users\/479"}],"replies":[{"embeddable":true,"href":"https:\/\/blocs.xarxanet.org\/afibrocat\/wp-json\/wp\/v2\/comments?post=226"}],"version-history":[{"count":14,"href":"https:\/\/blocs.xarxanet.org\/afibrocat\/wp-json\/wp\/v2\/pages\/226\/revisions"}],"predecessor-version":[{"id":5822,"href":"https:\/\/blocs.xarxanet.org\/afibrocat\/wp-json\/wp\/v2\/pages\/226\/revisions\/5822"}],"up":[{"embeddable":true,"href":"https:\/\/blocs.xarxanet.org\/afibrocat\/wp-json\/wp\/v2\/pages\/224"}],"wp:attachment":[{"href":"https:\/\/blocs.xarxanet.org\/afibrocat\/wp-json\/wp\/v2\/media?parent=226"}],"curies":[{"name":"wp","href":"https:\/\/api.w.org\/{rel}","templated":true}]}}