{"id":204,"date":"2013-06-25T12:16:18","date_gmt":"2013-06-25T10:16:18","guid":{"rendered":"http:\/\/afibrocat.barcelona.ppe.entitats.diba.cat\/qui-som\/sobre-la-fibromialgia\/"},"modified":"2013-06-25T12:16:18","modified_gmt":"2013-06-25T10:16:18","slug":"sobre-la-fibromialgia","status":"publish","type":"page","link":"https:\/\/blocs.xarxanet.org\/afibrocat\/qui-som\/sobre-la-fibromialgia\/","title":{"rendered":"SOBRE LA FIBROMI\u00c0LGIA"},"content":{"rendered":"<p><strong><\/strong>La Fibromi\u00e0lgia \u00e9s una alteraci\u00f3 que es produeix en el nostre sistema sensorial, i que provoca dolor presistent en diferents \u00e0rees del nostre cos, com a la zona cervical, esquena, zona lumbar, malucs, articulacions i altres zones de les extremitats o del cap. Sovint ve acompanyat de fatiga o cansament sense haver realitzat cap esfor\u00e7 f\u00edsic. Tamb\u00e9 produeix alteracions en el son.<\/p>\n<p>La Fibromi\u00e0lgia, malaltia reconeguda per l&#8217;Organitzaci\u00f3 Mundial de la Salut el 1992 (ICD-10: codi M79.0) i classificada per l&#8217;Associaci\u00f3 Internacional per a l&#8217;Estudi del Dolor (I.A.S.P.) el 1994 amb el codi X33.X8a , constitueix una de les situacions m\u00e9s representatives de dolor cr\u00f2nic en la poblaci\u00f3 i un dels problemes sanitaris m\u00e9s actuals als pa\u00efsos en desenvolupament.<\/p>\n<p>Aix\u00f2 es deu a que es tracta d&#8217;un proc\u00e9s cr\u00f2nic amb una elevada prevalen\u00e7a, estimada en la poblaci\u00f3 general espanyola en un 2.4%, (4,3% en dones i 0,8% en barons) una qualitat de vida \u00e0mpliament afectada especialment en les \u00e0rees de funci\u00f3 f\u00edsica, activitat intel\u00b7lectual, estat emocional i qualitat del son, la qual cosa influeix de forma determinant sobre la capacitat per al treball, rol familiar i social.<\/p>\n<p>Aix\u00ed, un nombre significatiu de persones amb Fibromi\u00e0lgia que consulten, presenta una s\u00edndrome de dolor cr\u00f2nic incapacitant amb intensa afectaci\u00f3 de la qualitat de vida, que porta a la p\u00e8rdua parcial o completa de l&#8217;activitat laboral en un percentatge aproximat entre el 25% i 50% dels pacients, segons diversos estudis realitzada en diversos pa\u00efsos del nostre entorn.<\/p>\n","protected":false},"excerpt":{"rendered":"<p>La Fibromi\u00e0lgia \u00e9s una alteraci\u00f3 que es produeix en el nostre sistema sensorial, i que provoca dolor presistent en diferents \u00e0rees del nostre cos, com a la zona cervical, esquena, zona lumbar, malucs, articulacions i altres zones de les extremitats o del cap. Sovint ve acompanyat de fatiga o cansament sense haver realitzat cap esfor\u00e7 &hellip; <\/p>\n<p class=\"link-more\"><a href=\"https:\/\/blocs.xarxanet.org\/afibrocat\/qui-som\/sobre-la-fibromialgia\/\" class=\"more-link\">Continua llegint <span class=\"screen-reader-text\">\u00abSOBRE LA FIBROMI\u00c0LGIA\u00bb<\/span><\/a><\/p>\n","protected":false},"author":479,"featured_media":0,"parent":200,"menu_order":6,"comment_status":"closed","ping_status":"closed","template":"","meta":{"footnotes":""},"class_list":["post-204","page","type-page","status-publish","hentry"],"_links":{"self":[{"href":"https:\/\/blocs.xarxanet.org\/afibrocat\/wp-json\/wp\/v2\/pages\/204","targetHints":{"allow":["GET"]}}],"collection":[{"href":"https:\/\/blocs.xarxanet.org\/afibrocat\/wp-json\/wp\/v2\/pages"}],"about":[{"href":"https:\/\/blocs.xarxanet.org\/afibrocat\/wp-json\/wp\/v2\/types\/page"}],"author":[{"embeddable":true,"href":"https:\/\/blocs.xarxanet.org\/afibrocat\/wp-json\/wp\/v2\/users\/479"}],"replies":[{"embeddable":true,"href":"https:\/\/blocs.xarxanet.org\/afibrocat\/wp-json\/wp\/v2\/comments?post=204"}],"version-history":[{"count":0,"href":"https:\/\/blocs.xarxanet.org\/afibrocat\/wp-json\/wp\/v2\/pages\/204\/revisions"}],"up":[{"embeddable":true,"href":"https:\/\/blocs.xarxanet.org\/afibrocat\/wp-json\/wp\/v2\/pages\/200"}],"wp:attachment":[{"href":"https:\/\/blocs.xarxanet.org\/afibrocat\/wp-json\/wp\/v2\/media?parent=204"}],"curies":[{"name":"wp","href":"https:\/\/api.w.org\/{rel}","templated":true}]}}