{"id":906,"date":"2017-04-24T13:49:50","date_gmt":"2017-04-24T12:49:50","guid":{"rendered":"http:\/\/blocs.xarxanet.org\/afaebmlafarinera\/?page_id=906"},"modified":"2017-04-24T22:21:25","modified_gmt":"2017-04-24T21:21:25","slug":"documentacio-curs-primers-auxilis-infantils","status":"publish","type":"page","link":"https:\/\/blocs.xarxanet.org\/afaebmlafarinera\/documentacio-curs-primers-auxilis-infantils\/","title":{"rendered":"Documentaci\u00f3 curs primers auxilis infantils"},"content":{"rendered":"<h6><a href=\"http:\/\/blocs.xarxanet.org\/afaebmlafarinera\/files\/2017\/02\/ennuegament.pdf\" target=\"_blank\">M\u00f2dul 1: Ennuegaments<\/a><\/h6>\n<blockquote class=\"embedly-card\" data-card-controls=\"0\" data-card-align=\"left\" data-card-chrome=\"0\" data-card-theme=\"light\" data-card-key=\"c9e9bb2460d545fda0456171c0fdf7e4\">\n<h4><a href=\"http:\/\/blocs.xarxanet.org\/afaebmlafarinera\/files\/2017\/02\/ennuegament.pdf\">No Title<\/a><\/h4>\n<p>No Description<\/p>\n<\/blockquote>\n<p><script async src=\"\/\/cdn.embedly.com\/widgets\/platform.js\" charset=\"UTF-8\"><\/script><\/p>\n<h6><a href=\"http:\/\/blocs.xarxanet.org\/afaebmlafarinera\/files\/2017\/02\/PEDIATRIA-2012.pdf\" target=\"_blank\">M\u00f2dul 2: Lesions, contusiones i ferides<\/a><\/h6>\n<blockquote class=\"embedly-card\" data-card-controls=\"0\" data-card-align=\"left\" data-card-chrome=\"0\" data-card-theme=\"light\" data-card-key=\"c9e9bb2460d545fda0456171c0fdf7e4\">\n<h4><a href=\"http:\/\/blocs.xarxanet.org\/afaebmlafarinera\/files\/2017\/02\/PEDIATRIA-2012.pdf\">No Title<\/a><\/h4>\n<p>No Description<\/p>\n<\/blockquote>\n<p><script async src=\"\/\/cdn.embedly.com\/widgets\/platform.js\" charset=\"UTF-8\"><\/script><\/p>\n<h6><a href=\"http:\/\/blocs.xarxanet.org\/afaebmlafarinera\/files\/2017\/02\/ppRCPediatrica.pdf\" target=\"_blank\">M\u00f2dul 3: Aturades cardio-respirat\u00f2ries<\/a><\/h6>\n<blockquote class=\"embedly-card\" data-card-controls=\"0\" data-card-align=\"left\" data-card-chrome=\"0\" data-card-theme=\"light\" data-card-key=\"c9e9bb2460d545fda0456171c0fdf7e4\">\n<h4><a href=\"http:\/\/blocs.xarxanet.org\/afaebmlafarinera\/files\/2017\/02\/ppRCPediatrica.pdf\">No Title<\/a><\/h4>\n<p>No Description<\/p>\n<\/blockquote>\n<p><script async src=\"\/\/cdn.embedly.com\/widgets\/platform.js\" charset=\"UTF-8\"><\/script><\/p>\n","protected":false},"excerpt":{"rendered":"<p>M\u00f2dul 1: Ennuegaments No Title No Description M\u00f2dul 2: Lesions, contusiones i ferides No Title No Description M\u00f2dul 3: Aturades cardio-respirat\u00f2ries No Title No Description<\/p>\n","protected":false},"author":434,"featured_media":0,"parent":0,"menu_order":0,"comment_status":"closed","ping_status":"closed","template":"","meta":{"footnotes":""},"class_list":["post-906","page","type-page","status-publish","hentry"],"_links":{"self":[{"href":"https:\/\/blocs.xarxanet.org\/afaebmlafarinera\/wp-json\/wp\/v2\/pages\/906","targetHints":{"allow":["GET"]}}],"collection":[{"href":"https:\/\/blocs.xarxanet.org\/afaebmlafarinera\/wp-json\/wp\/v2\/pages"}],"about":[{"href":"https:\/\/blocs.xarxanet.org\/afaebmlafarinera\/wp-json\/wp\/v2\/types\/page"}],"author":[{"embeddable":true,"href":"https:\/\/blocs.xarxanet.org\/afaebmlafarinera\/wp-json\/wp\/v2\/users\/434"}],"replies":[{"embeddable":true,"href":"https:\/\/blocs.xarxanet.org\/afaebmlafarinera\/wp-json\/wp\/v2\/comments?post=906"}],"version-history":[{"count":8,"href":"https:\/\/blocs.xarxanet.org\/afaebmlafarinera\/wp-json\/wp\/v2\/pages\/906\/revisions"}],"predecessor-version":[{"id":918,"href":"https:\/\/blocs.xarxanet.org\/afaebmlafarinera\/wp-json\/wp\/v2\/pages\/906\/revisions\/918"}],"wp:attachment":[{"href":"https:\/\/blocs.xarxanet.org\/afaebmlafarinera\/wp-json\/wp\/v2\/media?parent=906"}],"curies":[{"name":"wp","href":"https:\/\/api.w.org\/{rel}","templated":true}]}}