{"id":25,"date":"2016-02-26T22:31:19","date_gmt":"2016-02-26T21:31:19","guid":{"rendered":"http:\/\/blocs.xarxanet.org\/afaebmlafarinera\/?page_id=25"},"modified":"2018-11-07T12:14:25","modified_gmt":"2018-11-07T11:14:25","slug":"col%c2%b7labora","status":"publish","type":"page","link":"https:\/\/blocs.xarxanet.org\/afaebmlafarinera\/col%c2%b7labora\/","title":{"rendered":"Col\u00b7labora \/ Contacta&#8217;ns"},"content":{"rendered":"<p><em><span style=\"font-size: 24px;text-decoration: underline\"><strong>Contacta amb l&#8217;AFA<\/strong><\/span><\/em><\/p>\n<p>Ens reunim una vegada al mes a les 15.30 h a la sala de mestres del centre. Si no podeu venir a les reunions, ens podeu fer arribar les vostres propostes i inquietuds a l\u2019adre\u00e7a de correu electr\u00f2nic <a href=\"mailto:afaebmlafarinera@gmail.com\"><strong>afaebmlafarinera@gmail.com<\/strong><\/a>. Tamb\u00e9 rebreu les actes i tota la informaci\u00f3 de l\u2019AFA per aquest mitj\u00e0.<\/p>\n<p><span style=\"font-size: 24px;text-decoration: underline\"><em><strong>Com em puc fer de l\u2019AFA?<\/strong><\/em><\/span><\/p>\n<ol>\n<li>Feu un ingr\u00e9s per l\u2019import de la <strong>quota anual (12 euros)<\/strong> al compte de l\u2019AFA EBM La Farinera:<\/li>\n<\/ol>\n<p><strong>ES15 2100 0805 8702 0093 7563 <\/strong><\/p>\n<ol start=\"2\">\n<li>Emplenar la <strong>butlleta d\u2019inscripci\u00f3<\/strong> (que trobareu al dors), i el document annex de protecci\u00f3 de dades. Podeu escanejar els documents i enviar-los a <strong>afaebmlafarinera@gmail.com<\/strong>, o b\u00e9 deixar-los a la b\u00fastia de l\u2019AFA (situada a la sala de cotxets).<\/li>\n<\/ol>\n<ol start=\"3\">\n<li>En el termini d\u2019un o dos dies us donarem d\u2019alta al grup de whatsapp de l\u2019AFA i a la llista de contactes email.<\/li>\n<\/ol>\n<p>&nbsp;<\/p>\n<p><em><a href=\"http:\/\/blocs.xarxanet.org\/afaebmlafarinera\/files\/2018\/11\/Triptic_1819.pdf\" target=\"_blank\">Tr\u00edptic AFA 2018-2019<\/a><\/em><\/p>\n<p><em><a href=\"http:\/\/blocs.xarxanet.org\/afaebmlafarinera\/files\/2018\/11\/document-drets-imatge.pdf\" target=\"_blank\">Document de protecci\u00f3 de dades i drets d&#8217;imatge<\/a><\/em><\/p>\n<blockquote class=\"embedly-card\" data-card-controls=\"0\" data-card-align=\"left\" data-card-theme=\"light\" data-card-key=\"c9e9bb2460d545fda0456171c0fdf7e4\">\n<h4><a href=\"http:\/\/blocs.xarxanet.org\/afaebmlafarinera\/files\/2018\/11\/Triptic_1819.pdf\">No Title<\/a><\/h4>\n<p>No Description<\/p>\n<\/blockquote>\n<p><script async src=\"\/\/cdn.embedly.com\/widgets\/platform.js\" charset=\"UTF-8\"><\/script><\/p>\n<blockquote class=\"embedly-card\" data-card-controls=\"0\" data-card-align=\"left\" data-card-theme=\"light\" data-card-key=\"c9e9bb2460d545fda0456171c0fdf7e4\">\n<h4><a href=\"http:\/\/blocs.xarxanet.org\/afaebmlafarinera\/files\/2018\/11\/document-drets-imatge.pdf\">No Title<\/a><\/h4>\n<p>No Description<\/p>\n<\/blockquote>\n<p><script async src=\"\/\/cdn.embedly.com\/widgets\/platform.js\" charset=\"UTF-8\"><\/script><\/p>\n","protected":false},"excerpt":{"rendered":"<p>Contacta amb l&#8217;AFA Ens reunim una vegada al mes a les 15.30 h a la sala de mestres del centre. Si no podeu venir a les reunions, ens podeu fer arribar les vostres propostes i inquietuds a l\u2019adre\u00e7a de correu electr\u00f2nic afaebmlafarinera@gmail.com. Tamb\u00e9 rebreu les actes i tota la informaci\u00f3 de l\u2019AFA per aquest mitj\u00e0. &hellip; <a href=\"https:\/\/blocs.xarxanet.org\/afaebmlafarinera\/col%c2%b7labora\/\" class=\"more-link\">Continua llegint <span class=\"screen-reader-text\">\u00abCol\u00b7labora \/ Contacta&#8217;ns\u00bb<\/span><\/a><\/p>\n","protected":false},"author":432,"featured_media":0,"parent":0,"menu_order":0,"comment_status":"closed","ping_status":"closed","template":"","meta":{"footnotes":""},"class_list":["post-25","page","type-page","status-publish","hentry"],"_links":{"self":[{"href":"https:\/\/blocs.xarxanet.org\/afaebmlafarinera\/wp-json\/wp\/v2\/pages\/25","targetHints":{"allow":["GET"]}}],"collection":[{"href":"https:\/\/blocs.xarxanet.org\/afaebmlafarinera\/wp-json\/wp\/v2\/pages"}],"about":[{"href":"https:\/\/blocs.xarxanet.org\/afaebmlafarinera\/wp-json\/wp\/v2\/types\/page"}],"author":[{"embeddable":true,"href":"https:\/\/blocs.xarxanet.org\/afaebmlafarinera\/wp-json\/wp\/v2\/users\/432"}],"replies":[{"embeddable":true,"href":"https:\/\/blocs.xarxanet.org\/afaebmlafarinera\/wp-json\/wp\/v2\/comments?post=25"}],"version-history":[{"count":18,"href":"https:\/\/blocs.xarxanet.org\/afaebmlafarinera\/wp-json\/wp\/v2\/pages\/25\/revisions"}],"predecessor-version":[{"id":1277,"href":"https:\/\/blocs.xarxanet.org\/afaebmlafarinera\/wp-json\/wp\/v2\/pages\/25\/revisions\/1277"}],"wp:attachment":[{"href":"https:\/\/blocs.xarxanet.org\/afaebmlafarinera\/wp-json\/wp\/v2\/media?parent=25"}],"curies":[{"name":"wp","href":"https:\/\/api.w.org\/{rel}","templated":true}]}}