{"id":21,"date":"2016-02-26T22:32:05","date_gmt":"2016-02-26T21:32:05","guid":{"rendered":"http:\/\/blocs.xarxanet.org\/afaebmlafarinera\/?page_id=21"},"modified":"2016-12-15T23:23:43","modified_gmt":"2016-12-15T22:23:43","slug":"extraescolars","status":"publish","type":"page","link":"https:\/\/blocs.xarxanet.org\/afaebmlafarinera\/extraescolars\/","title":{"rendered":"Extraescolars"},"content":{"rendered":"<h3><u>Tauler d&#8217;anuncis d&#8217;activitats extraescolars<\/u><\/h3>\n<p><em>Informaci\u00f3 actualitzada a 15 de desembre de 2016.<\/em><br \/>\nM\u00e9s informaci\u00f3: <a href=\"mailto:afaebmlafarinera@gmail.com\" target=\"_blank\">afaebmlafarinera@gmail.com<\/a><\/p>\n<hr \/>\n<h2>ANGL\u00c8S<\/h2>\n<h3>Informaci\u00f3 curs 2016-2017<\/h3>\n<p><b>Informaci\u00f3 general<\/b><br \/>\nMares, pares o cuidadors, acompanyeu els vostres nens en els seus<br \/>\nprimers passets en l&#8217;angl\u00e8s, participant conjuntament en aquest<br \/>\nprograma din\u00e0mic i juganer. Cada sessi\u00f3 tracta un tema espec\u00edfic:<br \/>\ninclou m\u00fasica i instruments, explorarem el m\u00f3n natural, animals, les<br \/>\nformes, etc., convidant els alumnes a investigar la llengua anglesa<br \/>\nd&#8217;una manera natural. Activitats diverses, com m\u00fasica, moviment,<br \/>\nnarraci\u00f3 d&#8217;hist\u00f2ries, can\u00e7ons de bressol i art donen els petits<br \/>\noportunitat d\u2019explorar l\u2019angl\u00e8s, a m\u00e9s a m\u00e9s diferents materials,<br \/>\nt\u00e8xtils, sons, actitivitats de psicomotricitat i moviment, etc. Mou-te,<br \/>\ninvolucra&#8217;t i gaudeix d&#8217;aquesta estona tots plegats! Aquest curs \u00e9s<br \/>\nobert tant a nadius de parla anglesa com a no nadius.<\/p>\n<p><em><strong>Hora:<\/strong> 17:15<\/em><br \/>\n<em><strong> Dia:<\/strong> per concretar<\/em><br \/>\n<em><strong> Grup m\u00ednim:<\/strong> 5 fam\u00edlies<\/em><br \/>\n<em><strong> Mensualitat:<\/strong> 30\u20ac<\/em><\/p>\n<p><a href=\"http:\/\/blocs.xarxanet.org\/afaebmlafarinera\/files\/2016\/02\/JITTERBUGS_EMB_La-Farinera.pdf\">M\u00e9s informaci\u00f3<\/a><\/p>\n<p>Si esteu interessats en l&#8217;activitat, envieu un correu electr\u00f2nic a <a href=\"mailto:afaebmlafarinera@gmail.com\">afaebmlafarinera@gmail.com<\/a> amb l&#8217;assumpte &#8220;Angl\u00e8s&#8221;.<\/p>\n<p><img loading=\"lazy\" decoding=\"async\" class=\"wp-image-203 alignleft\" src=\"http:\/\/blocs.xarxanet.org\/afaebmlafarinera\/files\/2016\/02\/IMG-20160405-WA0003-300x169.jpg\" alt=\"IMG-20160405-WA0003\" width=\"243\" height=\"137\" srcset=\"https:\/\/blocs.xarxanet.org\/afaebmlafarinera\/files\/2016\/02\/IMG-20160405-WA0003-300x169.jpg 300w, https:\/\/blocs.xarxanet.org\/afaebmlafarinera\/files\/2016\/02\/IMG-20160405-WA0003-768x432.jpg 768w, https:\/\/blocs.xarxanet.org\/afaebmlafarinera\/files\/2016\/02\/IMG-20160405-WA0003-1024x576.jpg 1024w, https:\/\/blocs.xarxanet.org\/afaebmlafarinera\/files\/2016\/02\/IMG-20160405-WA0003-1200x675.jpg 1200w, https:\/\/blocs.xarxanet.org\/afaebmlafarinera\/files\/2016\/02\/IMG-20160405-WA0003.jpg 1600w\" sizes=\"auto, (max-width: 243px) 85vw, 243px\" \/> <img loading=\"lazy\" decoding=\"async\" class=\"wp-image-205 alignleft\" src=\"http:\/\/blocs.xarxanet.org\/afaebmlafarinera\/files\/2016\/02\/IMG-20160405-WA0005-300x169.jpg\" alt=\"IMG-20160405-WA0005\" width=\"170\" height=\"96\" srcset=\"https:\/\/blocs.xarxanet.org\/afaebmlafarinera\/files\/2016\/02\/IMG-20160405-WA0005-300x169.jpg 300w, https:\/\/blocs.xarxanet.org\/afaebmlafarinera\/files\/2016\/02\/IMG-20160405-WA0005-768x432.jpg 768w, https:\/\/blocs.xarxanet.org\/afaebmlafarinera\/files\/2016\/02\/IMG-20160405-WA0005-1024x576.jpg 1024w, https:\/\/blocs.xarxanet.org\/afaebmlafarinera\/files\/2016\/02\/IMG-20160405-WA0005-1200x675.jpg 1200w, https:\/\/blocs.xarxanet.org\/afaebmlafarinera\/files\/2016\/02\/IMG-20160405-WA0005.jpg 1600w\" sizes=\"auto, (max-width: 170px) 85vw, 170px\" \/><img loading=\"lazy\" decoding=\"async\" class=\"wp-image-204 alignnone\" src=\"http:\/\/blocs.xarxanet.org\/afaebmlafarinera\/files\/2016\/02\/IMG-20160405-WA0004-169x300.jpg\" alt=\"IMG-20160405-WA0004\" width=\"117\" height=\"208\" srcset=\"https:\/\/blocs.xarxanet.org\/afaebmlafarinera\/files\/2016\/02\/IMG-20160405-WA0004-169x300.jpg 169w, https:\/\/blocs.xarxanet.org\/afaebmlafarinera\/files\/2016\/02\/IMG-20160405-WA0004-768x1365.jpg 768w, https:\/\/blocs.xarxanet.org\/afaebmlafarinera\/files\/2016\/02\/IMG-20160405-WA0004-576x1024.jpg 576w, https:\/\/blocs.xarxanet.org\/afaebmlafarinera\/files\/2016\/02\/IMG-20160405-WA0004.jpg 900w\" sizes=\"auto, (max-width: 117px) 85vw, 117px\" \/><img loading=\"lazy\" decoding=\"async\" class=\"wp-image-208 alignright\" src=\"http:\/\/blocs.xarxanet.org\/afaebmlafarinera\/files\/2016\/02\/IMG-20160426-WA0009-225x300.jpg\" alt=\"IMG-20160426-WA0009\" width=\"136\" height=\"182\" srcset=\"https:\/\/blocs.xarxanet.org\/afaebmlafarinera\/files\/2016\/02\/IMG-20160426-WA0009-225x300.jpg 225w, https:\/\/blocs.xarxanet.org\/afaebmlafarinera\/files\/2016\/02\/IMG-20160426-WA0009-768x1024.jpg 768w, https:\/\/blocs.xarxanet.org\/afaebmlafarinera\/files\/2016\/02\/IMG-20160426-WA0009.jpg 1200w\" sizes=\"auto, (max-width: 136px) 85vw, 136px\" \/><img loading=\"lazy\" decoding=\"async\" class=\"wp-image-207 alignleft\" src=\"http:\/\/blocs.xarxanet.org\/afaebmlafarinera\/files\/2016\/02\/IMG-20160426-WA0008-300x225.jpg\" alt=\"IMG-20160426-WA0008\" width=\"235\" height=\"176\" srcset=\"https:\/\/blocs.xarxanet.org\/afaebmlafarinera\/files\/2016\/02\/IMG-20160426-WA0008-300x225.jpg 300w, https:\/\/blocs.xarxanet.org\/afaebmlafarinera\/files\/2016\/02\/IMG-20160426-WA0008-768x576.jpg 768w, https:\/\/blocs.xarxanet.org\/afaebmlafarinera\/files\/2016\/02\/IMG-20160426-WA0008-1024x768.jpg 1024w, https:\/\/blocs.xarxanet.org\/afaebmlafarinera\/files\/2016\/02\/IMG-20160426-WA0008-1200x900.jpg 1200w, https:\/\/blocs.xarxanet.org\/afaebmlafarinera\/files\/2016\/02\/IMG-20160426-WA0008.jpg 1600w\" sizes=\"auto, (max-width: 235px) 85vw, 235px\" \/><\/p>\n<p>&nbsp;<\/p>\n<p>&nbsp;<\/p>\n<p>&nbsp;<\/p>\n<p>&nbsp;<\/p>\n<hr \/>\n<h2><span style=\"color: #0000ff\"><strong>PISCINA<\/strong><\/span><\/h2>\n<p>El proper mes d\u2019octubre comen\u00e7a l\u2019activitat extraescolar de piscina.<\/p>\n<p>L\u2019activitat tindr\u00e0 lloc a l\u2019Esportiu Vintr\u00f3 (c. Consell de Cent, 623-627).<\/p>\n<p>La primera sessi\u00f3 \u00e9s <strong>divendres 7 d\u2019octubre de 2016<\/strong> (<strong>17 h a 17.30 h)<\/strong>.<\/p>\n<ul style=\"text-indent: 20px\">\n<li><strong>L\u2019infant ha d\u2019entrar a la piscina acompanyat d\u2019una persona adulta.<\/strong><\/li>\n<li>Cal ser soci de l\u2019AFA per participar en l\u2019activitat.<\/li>\n<li><strong>Nom\u00e9s hi ha disponibles 8 places<\/strong> (si el nombre d\u2019inscrits \u00e9s superior \u00e9s realitzar\u00e0 un sorteig).<\/li>\n<li><strong>La data l\u00edmit per inscriure\u2019s \u00e9s el <u>23 de setembre de 2016<\/u><\/strong>.<\/li>\n<li>L\u2019activitat est\u00e0 dirigida a infants nascuts els anys 2014 i 2015.<\/li>\n<li>El preu dels curs \u00e9s de 45\u20ac per trimestre, que caldr\u00e0 pagar al compte de l\u2019AFA un cop confirmada la vostra pla\u00e7a i abans de l\u2019inici del curs (Banc Sabadell ES30 0081 0326 8400 0125 8032). Envieu el comprovant per email <a>(afaebmlafarinera@gmail.com)<\/a><\/li>\n<\/ul>\n<p><img loading=\"lazy\" decoding=\"async\" class=\"alignleft wp-image-197 \" src=\"http:\/\/blocs.xarxanet.org\/afaebmlafarinera\/files\/2016\/02\/IMG-20151218-WA0037-150x150.jpg\" alt=\"extraescolar piscina\" width=\"162\" height=\"162\" \/><br \/>\n<img loading=\"lazy\" decoding=\"async\" class=\" wp-image-199 alignleft\" src=\"http:\/\/blocs.xarxanet.org\/afaebmlafarinera\/files\/2016\/02\/IMG-20151218-WA0055-300x225.jpg\" alt=\"IMG-20151218-WA0055\" width=\"154\" height=\"115\" srcset=\"https:\/\/blocs.xarxanet.org\/afaebmlafarinera\/files\/2016\/02\/IMG-20151218-WA0055-300x225.jpg 300w, https:\/\/blocs.xarxanet.org\/afaebmlafarinera\/files\/2016\/02\/IMG-20151218-WA0055-768x576.jpg 768w, https:\/\/blocs.xarxanet.org\/afaebmlafarinera\/files\/2016\/02\/IMG-20151218-WA0055-1024x768.jpg 1024w, https:\/\/blocs.xarxanet.org\/afaebmlafarinera\/files\/2016\/02\/IMG-20151218-WA0055-1200x900.jpg 1200w, https:\/\/blocs.xarxanet.org\/afaebmlafarinera\/files\/2016\/02\/IMG-20151218-WA0055.jpg 1600w\" sizes=\"auto, (max-width: 154px) 85vw, 154px\" \/><img loading=\"lazy\" decoding=\"async\" class=\"wp-image-198 \" src=\"http:\/\/blocs.xarxanet.org\/afaebmlafarinera\/files\/2016\/02\/IMG-20151218-WA0050-150x150.jpg\" alt=\"extraescolar piscina2\" width=\"159\" height=\"159\" \/><img loading=\"lazy\" decoding=\"async\" class=\"wp-image-195 alignright\" src=\"http:\/\/blocs.xarxanet.org\/afaebmlafarinera\/files\/2016\/02\/IMG-20151218-WA0031-150x150.jpg\" alt=\"extraescolar piscina3\" width=\"176\" height=\"176\" \/><img loading=\"lazy\" decoding=\"async\" class=\"wp-image-201 alignleft\" src=\"http:\/\/blocs.xarxanet.org\/afaebmlafarinera\/files\/2016\/02\/IMG-20151218-WA0070-300x225.jpg\" alt=\"IMG-20151218-WA0070\" width=\"150\" height=\"112\" srcset=\"https:\/\/blocs.xarxanet.org\/afaebmlafarinera\/files\/2016\/02\/IMG-20151218-WA0070-300x225.jpg 300w, https:\/\/blocs.xarxanet.org\/afaebmlafarinera\/files\/2016\/02\/IMG-20151218-WA0070-768x576.jpg 768w, https:\/\/blocs.xarxanet.org\/afaebmlafarinera\/files\/2016\/02\/IMG-20151218-WA0070-1024x768.jpg 1024w, https:\/\/blocs.xarxanet.org\/afaebmlafarinera\/files\/2016\/02\/IMG-20151218-WA0070-1200x900.jpg 1200w, https:\/\/blocs.xarxanet.org\/afaebmlafarinera\/files\/2016\/02\/IMG-20151218-WA0070.jpg 1600w\" sizes=\"auto, (max-width: 150px) 85vw, 150px\" \/><\/p>\n<p>&nbsp;<\/p>\n<p>&nbsp;<\/p>\n<p>&nbsp;<\/p>\n<h2><\/h2>\n<hr \/>\n<p>&nbsp;<\/p>\n<p>&nbsp;<\/p>\n","protected":false},"excerpt":{"rendered":"<p>Tauler d&#8217;anuncis d&#8217;activitats extraescolars Informaci\u00f3 actualitzada a 15 de desembre de 2016. M\u00e9s informaci\u00f3: afaebmlafarinera@gmail.com ANGL\u00c8S Informaci\u00f3 curs 2016-2017 Informaci\u00f3 general Mares, pares o cuidadors, acompanyeu els vostres nens en els seus primers passets en l&#8217;angl\u00e8s, participant conjuntament en aquest programa din\u00e0mic i juganer. Cada sessi\u00f3 tracta un tema espec\u00edfic: inclou m\u00fasica i instruments, explorarem &hellip; <a href=\"https:\/\/blocs.xarxanet.org\/afaebmlafarinera\/extraescolars\/\" class=\"more-link\">Continua llegint <span class=\"screen-reader-text\">\u00abExtraescolars\u00bb<\/span><\/a><\/p>\n","protected":false},"author":432,"featured_media":0,"parent":0,"menu_order":0,"comment_status":"closed","ping_status":"closed","template":"","meta":{"footnotes":""},"class_list":["post-21","page","type-page","status-publish","hentry"],"_links":{"self":[{"href":"https:\/\/blocs.xarxanet.org\/afaebmlafarinera\/wp-json\/wp\/v2\/pages\/21","targetHints":{"allow":["GET"]}}],"collection":[{"href":"https:\/\/blocs.xarxanet.org\/afaebmlafarinera\/wp-json\/wp\/v2\/pages"}],"about":[{"href":"https:\/\/blocs.xarxanet.org\/afaebmlafarinera\/wp-json\/wp\/v2\/types\/page"}],"author":[{"embeddable":true,"href":"https:\/\/blocs.xarxanet.org\/afaebmlafarinera\/wp-json\/wp\/v2\/users\/432"}],"replies":[{"embeddable":true,"href":"https:\/\/blocs.xarxanet.org\/afaebmlafarinera\/wp-json\/wp\/v2\/comments?post=21"}],"version-history":[{"count":46,"href":"https:\/\/blocs.xarxanet.org\/afaebmlafarinera\/wp-json\/wp\/v2\/pages\/21\/revisions"}],"predecessor-version":[{"id":420,"href":"https:\/\/blocs.xarxanet.org\/afaebmlafarinera\/wp-json\/wp\/v2\/pages\/21\/revisions\/420"}],"wp:attachment":[{"href":"https:\/\/blocs.xarxanet.org\/afaebmlafarinera\/wp-json\/wp\/v2\/media?parent=21"}],"curies":[{"name":"wp","href":"https:\/\/api.w.org\/{rel}","templated":true}]}}