{"id":18,"date":"2016-02-26T22:32:45","date_gmt":"2016-02-26T21:32:45","guid":{"rendered":"http:\/\/blocs.xarxanet.org\/afaebmlafarinera\/?page_id=18"},"modified":"2023-09-20T21:51:38","modified_gmt":"2023-09-20T20:51:38","slug":"menjador","status":"publish","type":"page","link":"https:\/\/blocs.xarxanet.org\/afaebmlafarinera\/informacio-util\/menjador\/","title":{"rendered":"Menjador"},"content":{"rendered":"<p>A continuaci\u00f3 trobareu exemples dels men\u00fas dels infants i el llistat de productes ecol\u00f2gics.<\/p>\n<h5><a href=\"http:\/\/blocs.xarxanet.org\/afaebmlafarinera\/files\/2019\/09\/menu-lactants-2019-20-EBM-LA-FARINERA.jpg\" target=\"_blank\" rel=\"noopener\">Men\u00fa Lactants i Caminants<\/a><\/h5>\n<p><img loading=\"lazy\" decoding=\"async\" class=\"alignleft wp-image-1409 size-large\" src=\"http:\/\/blocs.xarxanet.org\/afaebmlafarinera\/files\/2019\/09\/menu-lactants-2019-20-EBM-LA-FARINERA-1024x724.jpg\" alt=\"\" width=\"840\" height=\"594\" srcset=\"https:\/\/blocs.xarxanet.org\/afaebmlafarinera\/files\/2019\/09\/menu-lactants-2019-20-EBM-LA-FARINERA-1024x724.jpg 1024w, https:\/\/blocs.xarxanet.org\/afaebmlafarinera\/files\/2019\/09\/menu-lactants-2019-20-EBM-LA-FARINERA-300x212.jpg 300w, https:\/\/blocs.xarxanet.org\/afaebmlafarinera\/files\/2019\/09\/menu-lactants-2019-20-EBM-LA-FARINERA-768x543.jpg 768w, https:\/\/blocs.xarxanet.org\/afaebmlafarinera\/files\/2019\/09\/menu-lactants-2019-20-EBM-LA-FARINERA.jpg 1169w\" sizes=\"auto, (max-width: 709px) 85vw, (max-width: 909px) 67vw, (max-width: 1362px) 62vw, 840px\" \/><\/p>\n<h5><a href=\"http:\/\/blocs.xarxanet.org\/afaebmlafarinera\/files\/2019\/09\/menu-1-any-2019-20-EBM-LA-FARINERA.jpg\" target=\"_blank\" rel=\"noopener\">Men\u00fa de 1 a 2 anys<\/a><\/h5>\n<p><img loading=\"lazy\" decoding=\"async\" class=\"size-large wp-image-1407 alignleft\" src=\"http:\/\/blocs.xarxanet.org\/afaebmlafarinera\/files\/2019\/09\/menu-1-any-2019-20-EBM-LA-FARINERA-1024x724.jpg\" alt=\"\" width=\"840\" height=\"594\" srcset=\"https:\/\/blocs.xarxanet.org\/afaebmlafarinera\/files\/2019\/09\/menu-1-any-2019-20-EBM-LA-FARINERA-1024x724.jpg 1024w, https:\/\/blocs.xarxanet.org\/afaebmlafarinera\/files\/2019\/09\/menu-1-any-2019-20-EBM-LA-FARINERA-300x212.jpg 300w, https:\/\/blocs.xarxanet.org\/afaebmlafarinera\/files\/2019\/09\/menu-1-any-2019-20-EBM-LA-FARINERA-768x543.jpg 768w, https:\/\/blocs.xarxanet.org\/afaebmlafarinera\/files\/2019\/09\/menu-1-any-2019-20-EBM-LA-FARINERA.jpg 1169w\" sizes=\"auto, (max-width: 709px) 85vw, (max-width: 909px) 67vw, (max-width: 1362px) 62vw, 840px\" \/><\/p>\n<h5><a href=\"http:\/\/blocs.xarxanet.org\/afaebmlafarinera\/files\/2019\/09\/menu-2-anys-2019-20-EBM-LA-FARINERA.jpg\" target=\"_blank\" rel=\"noopener\">Men\u00fa de 2 a 3 anys:<\/a><\/h5>\n<p><img loading=\"lazy\" decoding=\"async\" class=\"size-large wp-image-1408 alignleft\" src=\"http:\/\/blocs.xarxanet.org\/afaebmlafarinera\/files\/2019\/09\/menu-2-anys-2019-20-EBM-LA-FARINERA-1024x724.jpg\" alt=\"\" width=\"840\" height=\"594\" srcset=\"https:\/\/blocs.xarxanet.org\/afaebmlafarinera\/files\/2019\/09\/menu-2-anys-2019-20-EBM-LA-FARINERA-1024x724.jpg 1024w, https:\/\/blocs.xarxanet.org\/afaebmlafarinera\/files\/2019\/09\/menu-2-anys-2019-20-EBM-LA-FARINERA-300x212.jpg 300w, https:\/\/blocs.xarxanet.org\/afaebmlafarinera\/files\/2019\/09\/menu-2-anys-2019-20-EBM-LA-FARINERA-768x543.jpg 768w, https:\/\/blocs.xarxanet.org\/afaebmlafarinera\/files\/2019\/09\/menu-2-anys-2019-20-EBM-LA-FARINERA.jpg 1169w\" sizes=\"auto, (max-width: 709px) 85vw, (max-width: 909px) 67vw, (max-width: 1362px) 62vw, 840px\" \/><\/p>\n<h5><a href=\"http:\/\/blocs.xarxanet.org\/afaebmlafarinera\/files\/2016\/02\/PRODUCTES-ECOLOGICS-2016-17-1.pdf\" target=\"_blank\" rel=\"noopener\">Llistat productes ecol\u00f2gics 2016-2017<\/a><\/h5>\n<p>&nbsp;<\/p>\n","protected":false},"excerpt":{"rendered":"<p>A continuaci\u00f3 trobareu exemples dels men\u00fas dels infants i el llistat de productes ecol\u00f2gics. Men\u00fa Lactants i Caminants Men\u00fa de 1 a 2 anys Men\u00fa de 2 a 3 anys: Llistat productes ecol\u00f2gics 2016-2017 &nbsp;<\/p>\n","protected":false},"author":432,"featured_media":0,"parent":14,"menu_order":0,"comment_status":"closed","ping_status":"closed","template":"","meta":{"footnotes":""},"class_list":["post-18","page","type-page","status-publish","hentry"],"_links":{"self":[{"href":"https:\/\/blocs.xarxanet.org\/afaebmlafarinera\/wp-json\/wp\/v2\/pages\/18","targetHints":{"allow":["GET"]}}],"collection":[{"href":"https:\/\/blocs.xarxanet.org\/afaebmlafarinera\/wp-json\/wp\/v2\/pages"}],"about":[{"href":"https:\/\/blocs.xarxanet.org\/afaebmlafarinera\/wp-json\/wp\/v2\/types\/page"}],"author":[{"embeddable":true,"href":"https:\/\/blocs.xarxanet.org\/afaebmlafarinera\/wp-json\/wp\/v2\/users\/432"}],"replies":[{"embeddable":true,"href":"https:\/\/blocs.xarxanet.org\/afaebmlafarinera\/wp-json\/wp\/v2\/comments?post=18"}],"version-history":[{"count":15,"href":"https:\/\/blocs.xarxanet.org\/afaebmlafarinera\/wp-json\/wp\/v2\/pages\/18\/revisions"}],"predecessor-version":[{"id":1420,"href":"https:\/\/blocs.xarxanet.org\/afaebmlafarinera\/wp-json\/wp\/v2\/pages\/18\/revisions\/1420"}],"up":[{"embeddable":true,"href":"https:\/\/blocs.xarxanet.org\/afaebmlafarinera\/wp-json\/wp\/v2\/pages\/14"}],"wp:attachment":[{"href":"https:\/\/blocs.xarxanet.org\/afaebmlafarinera\/wp-json\/wp\/v2\/media?parent=18"}],"curies":[{"name":"wp","href":"https:\/\/api.w.org\/{rel}","templated":true}]}}