{"id":12,"date":"2016-02-26T22:20:41","date_gmt":"2016-02-26T21:20:41","guid":{"rendered":"http:\/\/blocs.xarxanet.org\/afaebmlafarinera\/?page_id=12"},"modified":"2018-11-05T16:32:18","modified_gmt":"2018-11-05T15:32:18","slug":"qui-som","status":"publish","type":"page","link":"https:\/\/blocs.xarxanet.org\/afaebmlafarinera\/qui-som\/","title":{"rendered":"Qui som i qu\u00e8 fem"},"content":{"rendered":"<p>L\u2019AFA \u00e9s una associaci\u00f3 formada per les fam\u00edlies d\u2019alumnes de l\u2019escola que volen <strong>col\u00b7laborar i participar de manera m\u00e9s activa<\/strong> en les activitats del centre.<\/p>\n<p>Volem <strong>promoure les relaciones entre les fam\u00edlies<\/strong> i fomentar activitats tot col\u00b7laborant amb el centre.<\/p>\n<p>Som un <strong>associaci\u00f3 oberta a totes les fam\u00edlies<\/strong> i a les seves propostes.<\/p>\n<p>Ens reunim una vegada al mes a les 15.30 h a la sala de mestres del centre.<\/p>\n<p>Si no podeu venir a les reunions, ens podeu fer arribar les vostres propostes i inquietuds a l\u2019adre\u00e7a de correu electr\u00f2nic <strong>afaebmlafarinera@gmail<\/strong>. Tamb\u00e9 rebreu les actes i tota la informaci\u00f3 de l\u2019AFA per aquest mitj\u00e0.<\/p>\n<p><a href=\"http:\/\/blocs.xarxanet.org\/afaebmlafarinera\/files\/2018\/11\/Triptic_1819.pdf\" target=\"_blank\" rel=\"noopener\">Tr\u00edptic informatiu AFA<\/a><\/p>\n<hr \/>\n<p><span style=\"font-size: large\"><b>Qu\u00e8 fa l\u2019AFA?<\/b><\/span><\/p>\n<p lang=\"ca-ES\" align=\"JUSTIFY\">\u2014<span style=\"font-size: medium\">Organitza <b>activitats extraescolars<\/b> adre\u00e7ades als infants i les seves fam\u00edlies:<\/span><\/p>\n<pre><b>    Nataci\u00f3:<\/b> grup redu\u00eft especial per a alumnes de l\u2019escola, dimecres o divendres a la tarda, al Centre Esportiu Municipal Vintr\u00f3 (C. Consell de Cent, 623).<\/pre>\n<pre><strong>    Angl\u00e8s:<\/strong> iniciaci\u00f3 a la llengua anglesa a trav\u00e9s de la m\u00fasica, el joc i el moviment. Es fa un dia a la setmana, a la mateixa escola, de 17 a 18 h.<\/pre>\n<pre><strong>    M\u00fasica:<\/strong> estimulaci\u00f3 musical. Es fa un dia a la setmana, a la mateixa escola, de 17 a 18h.<\/pre>\n<p class=\"western\" lang=\"ca-ES\" align=\"JUSTIFY\">\u2014<span style=\"font-size: medium\">Organitza <b>cursos i xerrades<\/b> adre\u00e7ades a pares i mares:<\/span><\/p>\n<p lang=\"ca-ES\" align=\"JUSTIFY\">\u2014<span style=\"font-size: medium\">Organitza els <b>serveis complementaris del juliol<\/b>:<\/span><\/p>\n<pre><b>    Ampliaci\u00f3 d\u2019horari:<\/b> allargament de l\u2019horari escolar amb activitats complement\u00e0ries de 15 a 17 h de l\u20191 al 15 de juliol.<\/pre>\n<pre><b>    Bressol d\u2019estiu:<\/b> allargament del per\u00edode escolar amb activitats complement\u00e0ries de 8 a 17 h del 16 al 31 de juliol.<\/pre>\n<p>\u2014<span style=\"font-size: medium\">Participa en les <b>festes del centre<\/b>:<\/span> Santa Cec\u00edlia (patrona de la m\u00fasica), Nadal, Sant Jordi, final de curs&#8230; (al <a href=\"http:\/\/blocs.xarxanet.org\/afaebmlafarinera\/informacio-util\/calendari-escolar\/\">Calendari Escolar<\/a> podeu trobar els dies de les festes)<\/p>\n<p>\u2014Col\u00b7labora en la millora de les instal\u00b7lacions de l\u2019escola: <strong>el curs 2015-2016, infants i fam\u00edlies v\u00e0rem pintar el mur del pati. <\/strong><\/p>\n<p class=\"western\" lang=\"ca-ES\" align=\"JUSTIFY\">\u2014<span style=\"font-size: medium\"><b>Defensa l\u2019ensenyament p\u00fablic<\/b> i lluita contra les retallades.<\/span><\/p>\n<p>\u2014<strong>Participaci\u00f3 activa<\/strong> a l\u2019Escola i el seu entorn: Consell Escolar, millores als men\u00fas, nou sistema de tarifaci\u00f3, demanar millores al Ajuntament als parcs del barri i els cam\u00eds escolars,&#8230;<\/p>\n<p class=\"western\" lang=\"ca-ES\" align=\"JUSTIFY\"><span style=\"font-size: medium\">&#8230; i qualsevol altra activitat que les fam\u00edlies associades proposin i vulguin tirar endavant.<\/span><\/p>\n<table width=\"321\" cellspacing=\"0\" cellpadding=\"7\">\n<colgroup>\n<col width=\"305\" \/> <\/colgroup>\n<tbody>\n<tr>\n<td valign=\"TOP\" width=\"305\">\n<p class=\"western\" lang=\"ca-ES\" align=\"CENTER\"><span style=\"font-size: medium\"><b>Important: per a totes les activitats proposades cal un nombre m\u00ednim de participants.<\/b><\/span><\/p>\n<\/td>\n<\/tr>\n<\/tbody>\n<\/table>\n<p>&nbsp;<\/p>\n","protected":false},"excerpt":{"rendered":"<p>L\u2019AFA \u00e9s una associaci\u00f3 formada per les fam\u00edlies d\u2019alumnes de l\u2019escola que volen col\u00b7laborar i participar de manera m\u00e9s activa en les activitats del centre. Volem promoure les relaciones entre les fam\u00edlies i fomentar activitats tot col\u00b7laborant amb el centre. Som un associaci\u00f3 oberta a totes les fam\u00edlies i a les seves propostes. Ens reunim &hellip; <a href=\"https:\/\/blocs.xarxanet.org\/afaebmlafarinera\/qui-som\/\" class=\"more-link\">Continua llegint <span class=\"screen-reader-text\">\u00abQui som i qu\u00e8 fem\u00bb<\/span><\/a><\/p>\n","protected":false},"author":432,"featured_media":0,"parent":0,"menu_order":0,"comment_status":"closed","ping_status":"closed","template":"","meta":{"footnotes":""},"class_list":["post-12","page","type-page","status-publish","hentry"],"_links":{"self":[{"href":"https:\/\/blocs.xarxanet.org\/afaebmlafarinera\/wp-json\/wp\/v2\/pages\/12","targetHints":{"allow":["GET"]}}],"collection":[{"href":"https:\/\/blocs.xarxanet.org\/afaebmlafarinera\/wp-json\/wp\/v2\/pages"}],"about":[{"href":"https:\/\/blocs.xarxanet.org\/afaebmlafarinera\/wp-json\/wp\/v2\/types\/page"}],"author":[{"embeddable":true,"href":"https:\/\/blocs.xarxanet.org\/afaebmlafarinera\/wp-json\/wp\/v2\/users\/432"}],"replies":[{"embeddable":true,"href":"https:\/\/blocs.xarxanet.org\/afaebmlafarinera\/wp-json\/wp\/v2\/comments?post=12"}],"version-history":[{"count":27,"href":"https:\/\/blocs.xarxanet.org\/afaebmlafarinera\/wp-json\/wp\/v2\/pages\/12\/revisions"}],"predecessor-version":[{"id":1273,"href":"https:\/\/blocs.xarxanet.org\/afaebmlafarinera\/wp-json\/wp\/v2\/pages\/12\/revisions\/1273"}],"wp:attachment":[{"href":"https:\/\/blocs.xarxanet.org\/afaebmlafarinera\/wp-json\/wp\/v2\/media?parent=12"}],"curies":[{"name":"wp","href":"https:\/\/api.w.org\/{rel}","templated":true}]}}