{"id":1016,"date":"2017-09-13T22:38:29","date_gmt":"2017-09-13T21:38:29","guid":{"rendered":"http:\/\/blocs.xarxanet.org\/afaebmlafarinera\/?page_id=1016"},"modified":"2023-09-20T21:50:16","modified_gmt":"2023-09-20T20:50:16","slug":"extrascolars-2017-2018","status":"publish","type":"page","link":"https:\/\/blocs.xarxanet.org\/afaebmlafarinera\/extrascolars-2017-2018\/","title":{"rendered":"Extraescolars"},"content":{"rendered":"<h3><u>Tauler d&#8217;anuncis d&#8217;activitats extraescolars<\/u><\/h3>\n<p><em>Informaci\u00f3 actualitzada a 27 d&#8217;octubre de 2017.<\/em><br \/>\nM\u00e9s informaci\u00f3: <a href=\"mailto:afaebmlafarinera@gmail.com\" target=\"_blank\" rel=\"noopener\">afaebmlafarinera@gmail.com<\/a><\/p>\n<h3>PISCINA<\/h3>\n<p>El proper mes d\u2019octubre comen\u00e7a l\u2019activitat extraescolar de piscina.<br \/>\nL\u2019activitat tindr\u00e0 lloc a l\u2019Esportiu Vintr\u00f3 (c. Consell de Cent, 623-627).<br \/>\nDos grups: <strong>divendres de 17:00 a 17:30 <\/strong>(confirmat)<strong> i dimecres de 16:00 a 16:30 <\/strong>(cal un m\u00ednim de 8 participants per aquest segon grup)<br \/>\nComen\u00e7ament: primera setmana d&#8217;octubre (4\/oct i 6\/oct)<\/p>\n<ul style=\"text-indent: 20px\">\n<li><strong>L\u2019infant ha d\u2019entrar a la piscina acompanyat d\u2019una persona adulta.<\/strong><\/li>\n<li>Cal ser soci de l\u2019AFA per participar en l\u2019activitat.<\/li>\n<li><strong>Nom\u00e9s hi ha disponibles 8 places per grup<\/strong> (si el nombre d\u2019inscrits \u00e9s superior \u00e9s realitzar\u00e0 un sorteig).<\/li>\n<li>L\u2019activitat est\u00e0 dirigida a infants nascuts els anys 2015 i 2016.<\/li>\n<li>El preu dels curs \u00e9s de 45\u20ac per trimestre, que caldr\u00e0 pagar al compte de l\u2019AFA un cop confirmada la vostra pla\u00e7a i abans de l\u2019inici del curs (Banc Sabadell ES30 0081 0326 8400 0125 8032). Envieu el comprovant per email <a>(afaebmlafarinera@gmail.com)<\/a><\/li>\n<\/ul>\n<p><img loading=\"lazy\" decoding=\"async\" class=\"alignleft wp-image-197 \" src=\"http:\/\/blocs.xarxanet.org\/afaebmlafarinera\/files\/2016\/02\/IMG-20151218-WA0037-150x150.jpg\" alt=\"extraescolar piscina\" width=\"162\" height=\"162\" \/><br \/>\n<img loading=\"lazy\" decoding=\"async\" class=\" wp-image-199 alignleft\" src=\"http:\/\/blocs.xarxanet.org\/afaebmlafarinera\/files\/2016\/02\/IMG-20151218-WA0055-300x225.jpg\" alt=\"IMG-20151218-WA0055\" width=\"154\" height=\"115\" srcset=\"https:\/\/blocs.xarxanet.org\/afaebmlafarinera\/files\/2016\/02\/IMG-20151218-WA0055-300x225.jpg 300w, https:\/\/blocs.xarxanet.org\/afaebmlafarinera\/files\/2016\/02\/IMG-20151218-WA0055-768x576.jpg 768w, https:\/\/blocs.xarxanet.org\/afaebmlafarinera\/files\/2016\/02\/IMG-20151218-WA0055-1024x768.jpg 1024w, https:\/\/blocs.xarxanet.org\/afaebmlafarinera\/files\/2016\/02\/IMG-20151218-WA0055-1200x900.jpg 1200w, https:\/\/blocs.xarxanet.org\/afaebmlafarinera\/files\/2016\/02\/IMG-20151218-WA0055.jpg 1600w\" sizes=\"auto, (max-width: 154px) 85vw, 154px\" \/><img loading=\"lazy\" decoding=\"async\" class=\"wp-image-198 \" src=\"http:\/\/blocs.xarxanet.org\/afaebmlafarinera\/files\/2016\/02\/IMG-20151218-WA0050-150x150.jpg\" alt=\"extraescolar piscina2\" width=\"159\" height=\"159\" \/><img loading=\"lazy\" decoding=\"async\" class=\"wp-image-195 alignright\" src=\"http:\/\/blocs.xarxanet.org\/afaebmlafarinera\/files\/2016\/02\/IMG-20151218-WA0031-150x150.jpg\" alt=\"extraescolar piscina3\" width=\"176\" height=\"176\" \/><img loading=\"lazy\" decoding=\"async\" class=\"wp-image-201 alignleft\" src=\"http:\/\/blocs.xarxanet.org\/afaebmlafarinera\/files\/2016\/02\/IMG-20151218-WA0070-300x225.jpg\" alt=\"IMG-20151218-WA0070\" width=\"150\" height=\"112\" srcset=\"https:\/\/blocs.xarxanet.org\/afaebmlafarinera\/files\/2016\/02\/IMG-20151218-WA0070-300x225.jpg 300w, https:\/\/blocs.xarxanet.org\/afaebmlafarinera\/files\/2016\/02\/IMG-20151218-WA0070-768x576.jpg 768w, https:\/\/blocs.xarxanet.org\/afaebmlafarinera\/files\/2016\/02\/IMG-20151218-WA0070-1024x768.jpg 1024w, https:\/\/blocs.xarxanet.org\/afaebmlafarinera\/files\/2016\/02\/IMG-20151218-WA0070-1200x900.jpg 1200w, https:\/\/blocs.xarxanet.org\/afaebmlafarinera\/files\/2016\/02\/IMG-20151218-WA0070.jpg 1600w\" sizes=\"auto, (max-width: 150px) 85vw, 150px\" \/><\/p>\n<h3>ANGL\u00c8S<\/h3>\n<p>Buenos d\u00edas! El AFA organiza este a\u00f1o Ingl\u00e9s como actividad de extraescolar.<br \/>\nHorario:<\/p>\n<p>&#8211; <strong>Martes de 17.00 a 18.00<\/strong> el grupo de <strong>2015<\/strong>\u00a0con la presencia obligatoria de un padre\/madre por ni\u00f1o.<\/p>\n<p>Cuota: <strong>95 \u20ac el trimestre.<\/strong><br \/>\nActualmente tenemos un grupo del a\u00f1o 2015 con 5 familias. De 2016 tenemos 2 familias interesadas, si se apuntaran 3 m\u00e1s podemos crear otro grupo. Si est\u00e1is interesados enviadnos un correo electr\u00f3nico\u00a0 a\u00a0<a href=\"mailto:afaebmlafarinera@gmail.com\">afaebmlafarinera@gmail.com<\/a><\/p>\n<p><img loading=\"lazy\" decoding=\"async\" class=\"wp-image-203 alignleft\" src=\"http:\/\/blocs.xarxanet.org\/afaebmlafarinera\/files\/2016\/02\/IMG-20160405-WA0003-300x169.jpg\" alt=\"IMG-20160405-WA0003\" width=\"243\" height=\"137\" srcset=\"https:\/\/blocs.xarxanet.org\/afaebmlafarinera\/files\/2016\/02\/IMG-20160405-WA0003-300x169.jpg 300w, https:\/\/blocs.xarxanet.org\/afaebmlafarinera\/files\/2016\/02\/IMG-20160405-WA0003-768x432.jpg 768w, https:\/\/blocs.xarxanet.org\/afaebmlafarinera\/files\/2016\/02\/IMG-20160405-WA0003-1024x576.jpg 1024w, https:\/\/blocs.xarxanet.org\/afaebmlafarinera\/files\/2016\/02\/IMG-20160405-WA0003-1200x675.jpg 1200w, https:\/\/blocs.xarxanet.org\/afaebmlafarinera\/files\/2016\/02\/IMG-20160405-WA0003.jpg 1600w\" sizes=\"auto, (max-width: 243px) 85vw, 243px\" \/> <img loading=\"lazy\" decoding=\"async\" class=\"wp-image-205 alignleft\" src=\"http:\/\/blocs.xarxanet.org\/afaebmlafarinera\/files\/2016\/02\/IMG-20160405-WA0005-300x169.jpg\" alt=\"IMG-20160405-WA0005\" width=\"170\" height=\"96\" srcset=\"https:\/\/blocs.xarxanet.org\/afaebmlafarinera\/files\/2016\/02\/IMG-20160405-WA0005-300x169.jpg 300w, https:\/\/blocs.xarxanet.org\/afaebmlafarinera\/files\/2016\/02\/IMG-20160405-WA0005-768x432.jpg 768w, https:\/\/blocs.xarxanet.org\/afaebmlafarinera\/files\/2016\/02\/IMG-20160405-WA0005-1024x576.jpg 1024w, https:\/\/blocs.xarxanet.org\/afaebmlafarinera\/files\/2016\/02\/IMG-20160405-WA0005-1200x675.jpg 1200w, https:\/\/blocs.xarxanet.org\/afaebmlafarinera\/files\/2016\/02\/IMG-20160405-WA0005.jpg 1600w\" sizes=\"auto, (max-width: 170px) 85vw, 170px\" \/><img loading=\"lazy\" decoding=\"async\" class=\"wp-image-204 alignnone\" src=\"http:\/\/blocs.xarxanet.org\/afaebmlafarinera\/files\/2016\/02\/IMG-20160405-WA0004-169x300.jpg\" alt=\"IMG-20160405-WA0004\" width=\"117\" height=\"208\" srcset=\"https:\/\/blocs.xarxanet.org\/afaebmlafarinera\/files\/2016\/02\/IMG-20160405-WA0004-169x300.jpg 169w, https:\/\/blocs.xarxanet.org\/afaebmlafarinera\/files\/2016\/02\/IMG-20160405-WA0004-768x1365.jpg 768w, https:\/\/blocs.xarxanet.org\/afaebmlafarinera\/files\/2016\/02\/IMG-20160405-WA0004-576x1024.jpg 576w, https:\/\/blocs.xarxanet.org\/afaebmlafarinera\/files\/2016\/02\/IMG-20160405-WA0004.jpg 900w\" sizes=\"auto, (max-width: 117px) 85vw, 117px\" \/><img loading=\"lazy\" decoding=\"async\" class=\"wp-image-208 alignright\" src=\"http:\/\/blocs.xarxanet.org\/afaebmlafarinera\/files\/2016\/02\/IMG-20160426-WA0009-225x300.jpg\" alt=\"IMG-20160426-WA0009\" width=\"136\" height=\"182\" srcset=\"https:\/\/blocs.xarxanet.org\/afaebmlafarinera\/files\/2016\/02\/IMG-20160426-WA0009-225x300.jpg 225w, https:\/\/blocs.xarxanet.org\/afaebmlafarinera\/files\/2016\/02\/IMG-20160426-WA0009-768x1024.jpg 768w, https:\/\/blocs.xarxanet.org\/afaebmlafarinera\/files\/2016\/02\/IMG-20160426-WA0009.jpg 1200w\" sizes=\"auto, (max-width: 136px) 85vw, 136px\" \/><img loading=\"lazy\" decoding=\"async\" class=\"wp-image-207 alignleft\" src=\"http:\/\/blocs.xarxanet.org\/afaebmlafarinera\/files\/2016\/02\/IMG-20160426-WA0008-300x225.jpg\" alt=\"IMG-20160426-WA0008\" width=\"235\" height=\"176\" srcset=\"https:\/\/blocs.xarxanet.org\/afaebmlafarinera\/files\/2016\/02\/IMG-20160426-WA0008-300x225.jpg 300w, https:\/\/blocs.xarxanet.org\/afaebmlafarinera\/files\/2016\/02\/IMG-20160426-WA0008-768x576.jpg 768w, https:\/\/blocs.xarxanet.org\/afaebmlafarinera\/files\/2016\/02\/IMG-20160426-WA0008-1024x768.jpg 1024w, https:\/\/blocs.xarxanet.org\/afaebmlafarinera\/files\/2016\/02\/IMG-20160426-WA0008-1200x900.jpg 1200w, https:\/\/blocs.xarxanet.org\/afaebmlafarinera\/files\/2016\/02\/IMG-20160426-WA0008.jpg 1600w\" sizes=\"auto, (max-width: 235px) 85vw, 235px\" \/><\/p>\n<h3>M\u00daSICA<\/h3>\n<p>Lunes de 17.15 a 18.00 en la SUM de la escuela.<\/p>\n<p>Precio: <strong>27<\/strong> euros al mes (m\u00e1s 12 euros de matricula si todav\u00eda no sois socios del AFA) La actividad se realiza con la asistencia de un padre por cada ni\u00f1@.<\/p>\n<p>Es un grupo conjunto de los a\u00f1os <strong>2015 y 2016<\/strong>. Ahora mismo est\u00e1 completo, hay dos familias que se han quedado fuera y se estudiar\u00e1 si hay m\u00e1s interesados la posibilidad de crear otro grupo, aunque actualmente la Escola de M\u00fasica no tiene personal disponible.<\/p>\n<p><strong>Comienzo:<\/strong> 23 de octubre<\/p>\n<p><a href=\"http:\/\/blocs.xarxanet.org\/afaebmlafarinera\/files\/2017\/09\/info-musica-virginia-blanch.pdf\">Informaci\u00f3n de la Escola de M\u00fasica<\/a><\/p>\n<blockquote class=\"embedly-card\" data-card-controls=\"0\" data-card-align=\"left\" data-card-theme=\"light\" data-card-key=\"c9e9bb2460d545fda0456171c0fdf7e4\">\n<h4><a href=\"http:\/\/blocs.xarxanet.org\/afaebmlafarinera\/files\/2017\/09\/info-musica-virginia-blanch.pdf\">No Title<\/a><\/h4>\n<p>No Description<\/p>\n<\/blockquote>\n<p><script async src=\"\/\/cdn.embedly.com\/widgets\/platform.js\" charset=\"UTF-8\"><\/script><\/p>\n","protected":false},"excerpt":{"rendered":"<p>Tauler d&#8217;anuncis d&#8217;activitats extraescolars Informaci\u00f3 actualitzada a 27 d&#8217;octubre de 2017. M\u00e9s informaci\u00f3: afaebmlafarinera@gmail.com PISCINA El proper mes d\u2019octubre comen\u00e7a l\u2019activitat extraescolar de piscina. L\u2019activitat tindr\u00e0 lloc a l\u2019Esportiu Vintr\u00f3 (c. Consell de Cent, 623-627). Dos grups: divendres de 17:00 a 17:30 (confirmat) i dimecres de 16:00 a 16:30 (cal un m\u00ednim de 8 participants &hellip; <a href=\"https:\/\/blocs.xarxanet.org\/afaebmlafarinera\/extrascolars-2017-2018\/\" class=\"more-link\">Continua llegint <span class=\"screen-reader-text\">\u00abExtraescolars\u00bb<\/span><\/a><\/p>\n","protected":false},"author":434,"featured_media":0,"parent":0,"menu_order":0,"comment_status":"closed","ping_status":"closed","template":"","meta":{"footnotes":""},"class_list":["post-1016","page","type-page","status-publish","hentry"],"_links":{"self":[{"href":"https:\/\/blocs.xarxanet.org\/afaebmlafarinera\/wp-json\/wp\/v2\/pages\/1016","targetHints":{"allow":["GET"]}}],"collection":[{"href":"https:\/\/blocs.xarxanet.org\/afaebmlafarinera\/wp-json\/wp\/v2\/pages"}],"about":[{"href":"https:\/\/blocs.xarxanet.org\/afaebmlafarinera\/wp-json\/wp\/v2\/types\/page"}],"author":[{"embeddable":true,"href":"https:\/\/blocs.xarxanet.org\/afaebmlafarinera\/wp-json\/wp\/v2\/users\/434"}],"replies":[{"embeddable":true,"href":"https:\/\/blocs.xarxanet.org\/afaebmlafarinera\/wp-json\/wp\/v2\/comments?post=1016"}],"version-history":[{"count":12,"href":"https:\/\/blocs.xarxanet.org\/afaebmlafarinera\/wp-json\/wp\/v2\/pages\/1016\/revisions"}],"predecessor-version":[{"id":1419,"href":"https:\/\/blocs.xarxanet.org\/afaebmlafarinera\/wp-json\/wp\/v2\/pages\/1016\/revisions\/1419"}],"wp:attachment":[{"href":"https:\/\/blocs.xarxanet.org\/afaebmlafarinera\/wp-json\/wp\/v2\/media?parent=1016"}],"curies":[{"name":"wp","href":"https:\/\/api.w.org\/{rel}","templated":true}]}}