{"id":83,"date":"2011-05-23T14:38:09","date_gmt":"2011-05-23T13:38:09","guid":{"rendered":"http:\/\/blocs.xarxanet.org\/afabss\/?page_id=83"},"modified":"2025-12-04T21:13:28","modified_gmt":"2025-12-04T21:13:28","slug":"com-col-laborar-amb-nosaltres","status":"publish","type":"page","link":"https:\/\/blocs.xarxanet.org\/afabss\/com-col-laborar-amb-nosaltres\/","title":{"rendered":"Col\u00b7labora"},"content":{"rendered":"<h1 style=\"text-align: justify\"><strong><span style=\"color: #000000\">Associant-vos\u00a0<\/span><\/strong><\/h1>\n<p data-start=\"116\" data-end=\"356\">Podeu formar part de la nostra entitat com a soci o s\u00f2cia mitjan\u00e7ant una quota anual de <strong data-start=\"204\" data-end=\"212\">68 \u20ac<\/strong>.<br data-start=\"213\" data-end=\"216\" \/>Per fer-ho, nom\u00e9s cal descarregar i omplir el formulari d\u2019alta, signar-lo i enviar-lo al nostre correu de contacte: <strong data-start=\"332\" data-end=\"353\"><a class=\"decorated-link cursor-pointer\" rel=\"noopener\" data-start=\"334\" data-end=\"351\">afabss2@gmail.com<\/a><\/strong><\/p>\n<p data-start=\"358\" data-end=\"477\">Un cop rebuda la documentaci\u00f3, el nostre equip es posar\u00e0 en contacte amb vosaltres per formalitzar el proc\u00e9s d\u2019adhesi\u00f3.<\/p>\n<p data-start=\"479\" data-end=\"529\"><em data-start=\"479\" data-end=\"529\">Formulari de soci\/s\u00f2cia disponible: <\/em><a href=\"http:\/\/blocs.xarxanet.org\/afabss\/files\/2019\/05\/full-soci.pdf\">full soci<\/a><\/p>\n<hr \/>\n<h1 style=\"text-align: justify\"><strong><span style=\"color: #000000\">Fent-vos volunt\u00e0ris<\/span><\/strong><\/h1>\n<p data-start=\"563\" data-end=\"843\">Us convidem a incorporar-vos al nostre equip de voluntariat, col\u00b7laborant segons la vostra disponibilitat\u2014aproximadament <strong data-start=\"684\" data-end=\"705\">2 hores setmanals<\/strong>.<br data-start=\"706\" data-end=\"709\" \/>Si hi esteu interessats, podeu enviar-nos les vostres dades personals i horaris disponibles a la nostra adre\u00e7a de correu electr\u00f2nic.<\/p>\n<p data-start=\"845\" data-end=\"983\">El voluntariat \u00e9s una pe\u00e7a clau per al bon funcionament dels nostres serveis i per al suport directe a les persones i fam\u00edlies que atenem.<\/p>\n<hr \/>\n<h1 style=\"text-align: justify\"><strong><span style=\"color: #000000\">Oferint\u00a0un donatiu a l&#8217;entitat\u00a0<\/span><\/strong><\/h1>\n<p data-start=\"1161\" data-end=\"1312\">La vostra aportaci\u00f3 contribueix directament al desenvolupament de serveis, tallers i programes de suport per a persones afectades i les seves fam\u00edlies.<\/p>\n<p data-start=\"1161\" data-end=\"1312\">Podeu col\u00b7laborar amb la nostra entitat mitjan\u00e7ant un donatiu al seg\u00fcent n\u00famero de compte:<\/p>\n<p><span style=\"font-weight: normal\"><strong>ES06 2100 0005 9002 0127 0227<\/strong><br \/>\n<\/span><span style=\"font-weight: normal\">Si desitges el certificat\u00a0corresponent cal fer constar el nom i el <\/span>DNI al concepte.<\/p>\n<p style=\"text-align: justify\">\n<div class=\"wpcf7 no-js\" id=\"wpcf7-f547-o1\" lang=\"\" dir=\"ltr\" data-wpcf7-id=\"547\">\n<div class=\"screen-reader-response\"><p role=\"status\" aria-live=\"polite\" aria-atomic=\"true\"><\/p> <ul><\/ul><\/div>\n<form action=\"\/afabss\/wp-json\/wp\/v2\/pages\/83#wpcf7-f547-o1\" method=\"post\" class=\"wpcf7-form init\" aria-label=\"Formulari de contacte\" novalidate=\"novalidate\" data-status=\"init\">\n<fieldset class=\"hidden-fields-container\"><input type=\"hidden\" name=\"_wpcf7\" value=\"547\" \/><input type=\"hidden\" name=\"_wpcf7_version\" value=\"6.1.5\" \/><input type=\"hidden\" name=\"_wpcf7_locale\" value=\"\" \/><input type=\"hidden\" name=\"_wpcf7_unit_tag\" value=\"wpcf7-f547-o1\" \/><input type=\"hidden\" name=\"_wpcf7_container_post\" value=\"0\" \/><input type=\"hidden\" name=\"_wpcf7_posted_data_hash\" value=\"\" \/>\n<\/fieldset>\n<p>El vostre nom (obligatori)\n<\/p>\n<p><span class=\"wpcf7-form-control-wrap\" data-name=\"your-name\"><input size=\"40\" maxlength=\"400\" class=\"wpcf7-form-control wpcf7-text wpcf7-validates-as-required\" aria-required=\"true\" aria-invalid=\"false\" value=\"\" type=\"text\" name=\"your-name\" \/><\/span>\n<\/p>\n<p>El vostre email (obligatori)\n<\/p>\n<p><span class=\"wpcf7-form-control-wrap\" data-name=\"your-email\"><input size=\"40\" maxlength=\"400\" class=\"wpcf7-form-control wpcf7-email wpcf7-validates-as-required wpcf7-text wpcf7-validates-as-email\" aria-required=\"true\" aria-invalid=\"false\" value=\"\" type=\"email\" name=\"your-email\" \/><\/span>\n<\/p>\n<p>Assumpte\n<\/p>\n<p><span class=\"wpcf7-form-control-wrap\" data-name=\"your-subject\"><input size=\"40\" maxlength=\"400\" class=\"wpcf7-form-control wpcf7-text\" aria-invalid=\"false\" value=\"\" type=\"text\" name=\"your-subject\" \/><\/span>\n<\/p>\n<p>Escriu els caracters que veus en la imatge\n<\/p>\n<p><input type=\"hidden\" name=\"_wpcf7_captcha_challenge_captcha-517\" value=\"2366709666\" \/><img loading=\"lazy\" decoding=\"async\" class=\"wpcf7-form-control wpcf7-captchac wpcf7-captcha-captcha-517\" width=\"84\" height=\"28\" alt=\"captcha\" src=\"https:\/\/blocs.xarxanet.org\/afabss\/files\/wpcf7_captcha\/2366709666.png\" \/>\n<\/p>\n<p><span class=\"wpcf7-form-control-wrap\" data-name=\"captcha-517\"><input size=\"40\" class=\"wpcf7-form-control wpcf7-captchar\" autocomplete=\"off\" aria-invalid=\"false\" value=\"\" type=\"text\" name=\"captcha-517\" \/><\/span>\n<\/p>\n<p>El vostre missatge\n<\/p>\n<p><span class=\"wpcf7-form-control-wrap\" data-name=\"your-message\"><textarea cols=\"40\" rows=\"10\" maxlength=\"2000\" class=\"wpcf7-form-control wpcf7-textarea\" aria-invalid=\"false\" name=\"your-message\"><\/textarea><\/span>\n<\/p>\n<p><input class=\"wpcf7-form-control wpcf7-submit has-spinner\" type=\"submit\" value=\"Enviar\" \/>\n<\/p><div class=\"wpcf7-response-output\" aria-hidden=\"true\"><\/div>\n<\/form>\n<\/div>\n<\/p>\n","protected":false},"excerpt":{"rendered":"<p>Associant-vos\u00a0 Podeu formar part de la nostra entitat com a soci o s\u00f2cia mitjan\u00e7ant una quota anual de 68 \u20ac.Per fer-ho, nom\u00e9s cal descarregar i omplir el formulari d\u2019alta, signar-lo i enviar-lo al nostre correu de contacte: afabss2@gmail.com Un cop rebuda la documentaci\u00f3, el nostre equip es posar\u00e0 en contacte amb vosaltres per formalitzar el [&hellip;]<\/p>\n","protected":false},"author":160,"featured_media":0,"parent":0,"menu_order":3,"comment_status":"closed","ping_status":"closed","template":"","meta":{"footnotes":""},"class_list":["post-83","page","type-page","status-publish","hentry"],"_links":{"self":[{"href":"https:\/\/blocs.xarxanet.org\/afabss\/wp-json\/wp\/v2\/pages\/83","targetHints":{"allow":["GET"]}}],"collection":[{"href":"https:\/\/blocs.xarxanet.org\/afabss\/wp-json\/wp\/v2\/pages"}],"about":[{"href":"https:\/\/blocs.xarxanet.org\/afabss\/wp-json\/wp\/v2\/types\/page"}],"author":[{"embeddable":true,"href":"https:\/\/blocs.xarxanet.org\/afabss\/wp-json\/wp\/v2\/users\/160"}],"replies":[{"embeddable":true,"href":"https:\/\/blocs.xarxanet.org\/afabss\/wp-json\/wp\/v2\/comments?post=83"}],"version-history":[{"count":80,"href":"https:\/\/blocs.xarxanet.org\/afabss\/wp-json\/wp\/v2\/pages\/83\/revisions"}],"predecessor-version":[{"id":954,"href":"https:\/\/blocs.xarxanet.org\/afabss\/wp-json\/wp\/v2\/pages\/83\/revisions\/954"}],"wp:attachment":[{"href":"https:\/\/blocs.xarxanet.org\/afabss\/wp-json\/wp\/v2\/media?parent=83"}],"curies":[{"name":"wp","href":"https:\/\/api.w.org\/{rel}","templated":true}]}}