{"id":961,"date":"2014-01-27T21:27:55","date_gmt":"2014-01-27T20:27:55","guid":{"rendered":"http:\/\/blocs.xarxanet.org\/aealtipla\/?page_id=961"},"modified":"2021-03-09T17:58:57","modified_gmt":"2021-03-09T16:58:57","slug":"3-ruines-de-can-ribes-i-del-casino-de-la-rabassada","status":"publish","type":"page","link":"https:\/\/blocs.xarxanet.org\/aealtipla\/excursions\/2014-3\/3-ruines-de-can-ribes-i-del-casino-de-la-rabassada\/","title":{"rendered":"3 Ru\u00efnes de Can Ribes i del Casino de la Rabassada"},"content":{"rendered":"<p align=\"center\"><b><i><span style=\"color: #000000\">Sortida tranquil\u00b7la<\/span><\/i><\/b><\/p>\n<p align=\"center\"><span style=\"color: #000000\"><span style=\"color: #000000\"><a href=\"http:\/\/blocs.xarxanet.org\/aealtipla\/files\/2014\/01\/historia1.jpg\"><img loading=\"lazy\" decoding=\"async\" class=\"aligncenter size-large wp-image-1069\" alt=\"historia1\" src=\"http:\/\/blocs.xarxanet.org\/aealtipla\/files\/2014\/01\/historia1-1024x768.jpg\" width=\"495\" height=\"371\" srcset=\"https:\/\/blocs.xarxanet.org\/aealtipla\/files\/2014\/01\/historia1-1024x768.jpg 1024w, https:\/\/blocs.xarxanet.org\/aealtipla\/files\/2014\/01\/historia1-300x225.jpg 300w\" sizes=\"auto, (max-width: 495px) 85vw, 495px\" \/><\/a><\/span><strong><\/strong><\/span><\/p>\n<p align=\"center\"><span style=\"color: #000000\"><strong>Imatge cortesia de fotosdebarcelona.com<\/strong><\/span><\/p>\n<p align=\"center\"><span style=\"color: #000000\"><strong>Dimecres 19 de febrer de 2014<\/strong><\/span><\/p>\n<p><span style=\"color: #000000\"><span style=\"font-size: medium\"><b>Descripci\u00f3<\/b>: Fa uns 100 anys, la fam\u00edlia Ribes va comen\u00e7ar a aixecar un edifici, enmig de Collserola, amb vistes al Vall\u00e8s, <a href=\"http:\/\/blocs.xarxanet.org\/aealtipla\/files\/2014\/01\/DSCN1438.jpg\"><img loading=\"lazy\" decoding=\"async\" class=\"alignleft size-thumbnail wp-image-1068\" alt=\"DSCN1438\" src=\"http:\/\/blocs.xarxanet.org\/aealtipla\/files\/2014\/01\/DSCN1438-150x150.jpg\" width=\"150\" height=\"150\" \/><\/a>Montserrat, Obac i Montseny, entre d&#8217;altres. Algunes versions diuen que estava destinat a la seva filla, altres que havia de ser un hotel. El projecte, fos el que fos, va quedar inacabat. <span style=\"font-family: Arial\">\u00a0<\/span>A les ru\u00efnes s\u2019hi accedeix pel viaducte de Can Ribes, o de la Rabassada, que va ser constru\u00eft entre 1908 i 1909. <a href=\"http:\/\/blocs.xarxanet.org\/aealtipla\/files\/2014\/01\/DSCN1447.jpg\"><img loading=\"lazy\" decoding=\"async\" class=\"alignright size-thumbnail wp-image-1070\" alt=\"DSCN1447\" src=\"http:\/\/blocs.xarxanet.org\/aealtipla\/files\/2014\/01\/DSCN1447-150x150.jpg\" width=\"150\" height=\"150\" \/><\/a>Travessa el fondal que hi ha en la cap\u00e7alera del torrent de la Rabassada. T\u00e9 una llargada de 85 metres , una amplada de 5\u20197 metres, una al\u00e7ada m\u00e0xima de 19 metres i 16 ulls. Es pot passar per sobre o per sota, observant les est\u00e0ncies constru\u00efdes entre els arcs.<\/span><\/span><\/p>\n<p><span style=\"color: #000000;font-size: medium\">El Gran Casino de la Rabassada, inaugurat el 1899 fou un gran i lux\u00f3s complex d\u2019oci, comparable als millors centres tur\u00edstics de la seva \u00e8poca arreu del m\u00f3n, del qual avui nom\u00e9s en queden restes engolides per la vegetaci\u00f3.<a href=\"http:\/\/blocs.xarxanet.org\/aealtipla\/files\/2014\/01\/DSCN1526.jpg\"><img loading=\"lazy\" decoding=\"async\" class=\"size-thumbnail wp-image-1077 alignright\" alt=\"DSCN1526\" src=\"http:\/\/blocs.xarxanet.org\/aealtipla\/files\/2014\/01\/DSCN1526-150x150.jpg\" width=\"150\" height=\"150\" \/><\/a><a href=\"http:\/\/blocs.xarxanet.org\/aealtipla\/files\/2014\/01\/DSCN1500.jpg\"><img loading=\"lazy\" decoding=\"async\" class=\"size-thumbnail wp-image-1076 alignleft\" alt=\"DSCN1500\" src=\"http:\/\/blocs.xarxanet.org\/aealtipla\/files\/2014\/01\/DSCN1500-150x150.jpg\" width=\"150\" height=\"150\" \/><\/a><a href=\"http:\/\/blocs.xarxanet.org\/aealtipla\/files\/2014\/01\/DSCN1482.jpg\"><img loading=\"lazy\" decoding=\"async\" class=\"aligncenter size-thumbnail wp-image-1074\" alt=\"DSCN1482\" src=\"http:\/\/blocs.xarxanet.org\/aealtipla\/files\/2014\/01\/DSCN1482-150x150.jpg\" width=\"150\" height=\"150\" \/><\/a><a href=\"http:\/\/blocs.xarxanet.org\/aealtipla\/files\/2014\/01\/DSCN1495.jpg\"><img loading=\"lazy\" decoding=\"async\" class=\"size-thumbnail wp-image-1073 alignleft\" alt=\"DSCN1495\" src=\"http:\/\/blocs.xarxanet.org\/aealtipla\/files\/2014\/01\/DSCN1495-150x150.jpg\" width=\"150\" height=\"150\" \/><\/a><\/span><\/p>\n<p><span style=\"color: #000000;font-size: medium\"> <a href=\"http:\/\/blocs.xarxanet.org\/aealtipla\/files\/2014\/01\/DSCN1479.jpg\"><img loading=\"lazy\" decoding=\"async\" class=\"size-thumbnail wp-image-1072 alignright\" alt=\"DSCN1479\" src=\"http:\/\/blocs.xarxanet.org\/aealtipla\/files\/2014\/01\/DSCN1479-150x150.jpg\" width=\"150\" height=\"150\" \/><\/a><a href=\"http:\/\/blocs.xarxanet.org\/aealtipla\/files\/2014\/01\/DSCN1477.jpg\"><img loading=\"lazy\" decoding=\"async\" class=\"size-thumbnail wp-image-1071 aligncenter\" alt=\"DSCN1477\" src=\"http:\/\/blocs.xarxanet.org\/aealtipla\/files\/2014\/01\/DSCN1477-150x150.jpg\" width=\"150\" height=\"150\" \/><\/a>Trobareu m\u00e9s informaci\u00f3 <a href=\"http:\/\/www.altipla.caminar.info\/documents%20associaci%F3\/CasinoRabassada.pdf\" target=\"_blank\">aqu\u00ed<\/a><\/span><\/p>\n<p><span style=\"color: #000000;font-size: medium\">Cortesia de fotosdebarcelona.com.<\/span><\/p>\n<p><span style=\"color: #000000;font-size: medium\">La font d\u2019en Ribas \u00e9s d\u2019estil modernista de car\u00e0cter monumental. <a href=\"http:\/\/blocs.xarxanet.org\/aealtipla\/files\/2014\/01\/RSCN1453.jpg\"><img loading=\"lazy\" decoding=\"async\" class=\"size-thumbnail wp-image-1079 alignright\" alt=\"RSCN1453\" src=\"http:\/\/blocs.xarxanet.org\/aealtipla\/files\/2014\/01\/RSCN1453-150x150.jpg\" width=\"150\" height=\"150\" \/><\/a><a href=\"http:\/\/blocs.xarxanet.org\/aealtipla\/files\/2014\/01\/DSCN1451.jpg\"><img loading=\"lazy\" decoding=\"async\" class=\"size-thumbnail wp-image-1078 alignleft\" alt=\"DSCN1451\" src=\"http:\/\/blocs.xarxanet.org\/aealtipla\/files\/2014\/01\/DSCN1451-150x150.jpg\" width=\"150\" height=\"150\" \/><\/a>Acabada amb mosaic de cer\u00e0mica en diferents colors. Paret frontal, d\u2019uns quatre metres d\u2019al\u00e7ada amb el nom i la data de construcci\u00f3 (1909), de la que parteixen dos llargs bancs (un per costat). Sembla formava part dels jardins de l\u2019edifici inacabat. En el sup\u00f2sit de que havia de ser un hotel, aquests jardins haurien format un mateix conjunt amb els del Hotel-Restaurant-Casino de la Rabassada, dels que era part la molt propera Font de la Rabassada.<\/span><\/p>\n<p><strong>COL\u00b7LABORA<\/strong><\/p>\n<p><img loading=\"lazy\" decoding=\"async\" class=\"aligncenter size-full wp-image-1747\" alt=\"DB Persones color horitzontal 201\" src=\"http:\/\/blocs.xarxanet.org\/aealtipla\/files\/2014\/02\/DB-Persones-color-horitzontal-201-e1401817052686.jpg\" width=\"315\" height=\"52\" \/><span style=\"font-size: medium\"><span style=\"color: #000000\">\u00a0<\/span><\/span><\/p>\n","protected":false},"excerpt":{"rendered":"<p>Sortida tranquil\u00b7la Imatge cortesia de fotosdebarcelona.com Dimecres 19 de febrer de 2014 Descripci\u00f3: Fa uns 100 anys, la fam\u00edlia Ribes va comen\u00e7ar a aixecar un edifici, enmig de Collserola, amb vistes al Vall\u00e8s, Montserrat, Obac i Montseny, entre d&#8217;altres. Algunes versions diuen que estava destinat a la seva filla, altres que havia de ser un &hellip; <a href=\"https:\/\/blocs.xarxanet.org\/aealtipla\/excursions\/2014-3\/3-ruines-de-can-ribes-i-del-casino-de-la-rabassada\/\" class=\"more-link\">Continua llegint <span class=\"screen-reader-text\">\u00ab3 Ru\u00efnes de Can Ribes i del Casino de la Rabassada\u00bb<\/span><\/a><\/p>\n","protected":false},"author":129,"featured_media":0,"parent":3805,"menu_order":3,"comment_status":"open","ping_status":"closed","template":"","meta":{"_s2mail":"yes","footnotes":""},"class_list":["post-961","page","type-page","status-publish","hentry"],"_links":{"self":[{"href":"https:\/\/blocs.xarxanet.org\/aealtipla\/wp-json\/wp\/v2\/pages\/961","targetHints":{"allow":["GET"]}}],"collection":[{"href":"https:\/\/blocs.xarxanet.org\/aealtipla\/wp-json\/wp\/v2\/pages"}],"about":[{"href":"https:\/\/blocs.xarxanet.org\/aealtipla\/wp-json\/wp\/v2\/types\/page"}],"author":[{"embeddable":true,"href":"https:\/\/blocs.xarxanet.org\/aealtipla\/wp-json\/wp\/v2\/users\/129"}],"replies":[{"embeddable":true,"href":"https:\/\/blocs.xarxanet.org\/aealtipla\/wp-json\/wp\/v2\/comments?post=961"}],"version-history":[{"count":7,"href":"https:\/\/blocs.xarxanet.org\/aealtipla\/wp-json\/wp\/v2\/pages\/961\/revisions"}],"predecessor-version":[{"id":1752,"href":"https:\/\/blocs.xarxanet.org\/aealtipla\/wp-json\/wp\/v2\/pages\/961\/revisions\/1752"}],"up":[{"embeddable":true,"href":"https:\/\/blocs.xarxanet.org\/aealtipla\/wp-json\/wp\/v2\/pages\/3805"}],"wp:attachment":[{"href":"https:\/\/blocs.xarxanet.org\/aealtipla\/wp-json\/wp\/v2\/media?parent=961"}],"curies":[{"name":"wp","href":"https:\/\/api.w.org\/{rel}","templated":true}]}}