{"id":946,"date":"2014-01-23T16:39:28","date_gmt":"2014-01-23T15:39:28","guid":{"rendered":"http:\/\/blocs.xarxanet.org\/aealtipla\/?page_id=946"},"modified":"2021-03-09T18:07:29","modified_gmt":"2021-03-09T17:07:29","slug":"7-les-castellasses-del-dalmau-i-can-torres","status":"publish","type":"page","link":"https:\/\/blocs.xarxanet.org\/aealtipla\/excursions\/2014-3\/7-les-castellasses-del-dalmau-i-can-torres\/","title":{"rendered":"Les Castellasses del Dalmau i Can Torres"},"content":{"rendered":"<p><i><span style=\"color: #000000\">PARC NATURAL DE SANT LLOREN\u00c7 DEL MUNT <\/span><\/i><\/p>\n<p><span style=\"color: #000000\"><em>Matinal de muntanya<\/em><a href=\"http:\/\/blocs.xarxanet.org\/aealtipla\/files\/2014\/01\/castellassa.jpg\"><img loading=\"lazy\" decoding=\"async\" class=\"size-medium wp-image-949 aligncenter\" src=\"http:\/\/blocs.xarxanet.org\/aealtipla\/files\/2014\/01\/castellassa-300x198.jpg\" alt=\"castellassa\" width=\"300\" height=\"198\" srcset=\"https:\/\/blocs.xarxanet.org\/aealtipla\/files\/2014\/01\/castellassa-300x198.jpg 300w, https:\/\/blocs.xarxanet.org\/aealtipla\/files\/2014\/01\/castellassa.jpg 907w\" sizes=\"auto, (max-width: 300px) 85vw, 300px\" \/><\/a><\/span><\/p>\n<p><strong>Dia:<\/strong> Diumenge 2 de febrer de 2014. <b><span style=\"font-family: Arial;font-size: medium\">Lloc de trobada<\/span><\/b>: Cal Quit\u00e8ria (correus). <b><span style=\"font-family: Arial;font-size: medium\">Hora<\/span><\/b>: 8 del mat\u00ed, amb vehicles propis.<\/p>\n<p><span style=\"font-family: Calibri\"><strong>Dades<\/strong>: 14,5 km, temps real 4h15&#8242;, desnivell positiu 577 m, mitja real 3,5 km\/h.<\/span><\/p>\n<p><span style=\"font-family: Calibri\">\u00a0<\/span><span style=\"font-family: Calibri\">Cel clar, poca gent (6) i fred (+3\u00ba C a Sant Cugat) en una ruta agra\u00efda i molt interessant (esglaonada i amb bucles), per la vessant m\u00e9s abrupta de Sant Lloren\u00e7 de Munt, la oriental. Vent fred de nord a les zones d&#8217;orientaci\u00f3 est m\u00e9s elevades, la Castellassa del Dalmau i Coll Llarg.<\/span><\/p>\n<p><span style=\"font-family: Calibri\"><a href=\"http:\/\/blocs.xarxanet.org\/aealtipla\/files\/2014\/01\/pinass-dalmau.jpg\"><img loading=\"lazy\" decoding=\"async\" class=\"size-thumbnail wp-image-1018 alignright\" src=\"http:\/\/blocs.xarxanet.org\/aealtipla\/files\/2014\/01\/pinass-dalmau-150x150.jpg\" alt=\"pinass dalmau\" width=\"150\" height=\"150\" \/><\/a>Trajecte per corriols, algun d&#8217;ells estassat i pres\u00e8ncia d&#8217;espectaculars arbo\u00e7os arborescents i pinasses monumentals (pinassa del Palleret)!\u00a0<\/span><\/p>\n<p><span style=\"font-family: Calibri\"><span style=\"font-family: Calibri\"><a href=\"http:\/\/blocs.xarxanet.org\/aealtipla\/files\/2014\/01\/sortida-del-Coll-Castellassa-Dalmau-2.jpg\"><img loading=\"lazy\" decoding=\"async\" class=\"size-thumbnail wp-image-1022 alignleft\" src=\"http:\/\/blocs.xarxanet.org\/aealtipla\/files\/2014\/01\/sortida-del-Coll-Castellassa-Dalmau-2-150x150.jpg\" alt=\"sortida del Coll Castellassa Dalmau 2\" width=\"150\" height=\"150\" \/><\/a><\/span>\u00a0<\/span><span style=\"font-family: Calibri\">Des de l&#8217;aparcament de la carretera a Sant Lloren\u00e7 Savall, sota la Mare de D\u00e9u de les Arenes, hem ascendit al primer esgla\u00f3 de Sant Lloren\u00e7, fins la Castellassa del Dalmau.<\/span><\/p>\n<p><span style=\"font-family: Calibri\">Hem\u00a0 agafat el cam\u00ed dels Meringes, que no hem pogut acabar per motius de seguretat (un pas de roca mullada i sense preses). <span style=\"font-family: Calibri\"><a href=\"http:\/\/blocs.xarxanet.org\/aealtipla\/files\/2014\/01\/DSCI0888.jpg\"><img loading=\"lazy\" decoding=\"async\" class=\"alignright size-medium wp-image-1040\" src=\"http:\/\/blocs.xarxanet.org\/aealtipla\/files\/2014\/01\/DSCI0888-225x300.jpg\" alt=\"DSCI0888\" width=\"225\" height=\"300\" srcset=\"https:\/\/blocs.xarxanet.org\/aealtipla\/files\/2014\/01\/DSCI0888-225x300.jpg 225w, https:\/\/blocs.xarxanet.org\/aealtipla\/files\/2014\/01\/DSCI0888-768x1024.jpg 768w\" sizes=\"auto, (max-width: 225px) 85vw, 225px\" \/><\/a><\/span><\/span><\/p>\n<p><span style=\"font-family: Calibri\">Hem reculat per pujar el seg\u00fcent esgla\u00f3, fins el cam\u00ed de la <span style=\"font-family: Calibri\"><span style=\"font-family: Calibri\"><a href=\"http:\/\/blocs.xarxanet.org\/aealtipla\/files\/2014\/01\/bolet.jpg\"><img loading=\"lazy\" decoding=\"async\" class=\"size-thumbnail wp-image-1019 alignleft\" src=\"http:\/\/blocs.xarxanet.org\/aealtipla\/files\/2014\/01\/bolet-150x150.jpg\" alt=\"bolet\" width=\"150\" height=\"150\" \/><\/a><\/span><\/span>Senyora, que hem seguit i que arriba per dalt, a la Castellassa. <\/span><\/p>\n<p><span style=\"font-family: Calibri\">Per no baixar per la Canal Gentil, hem fet un bucle fins baixar al Coll del Mal Pas i el Mal Pas<span style=\"font-family: Calibri\"><img loading=\"lazy\" decoding=\"async\" class=\"aligncenter size-full wp-image-1020\" src=\"http:\/\/blocs.xarxanet.org\/aealtipla\/files\/2014\/01\/mal-pas-Can-Torres.jpg\" alt=\"mal pas Can Torres\" width=\"261\" height=\"195\" \/><\/span><\/span><\/p>\n<p><span style=\"font-family: Calibri\"> i assolir a nivell, la Castellassa de Can Torres (829 m).<\/span><\/p>\n<p><span style=\"font-family: Calibri\">\u00a0<span style=\"font-family: Calibri\"><span style=\"font-family: Calibri\"><a href=\"http:\/\/blocs.xarxanet.org\/aealtipla\/files\/2014\/01\/Grup-Castellassa.jpg\"><img loading=\"lazy\" decoding=\"async\" class=\"aligncenter size-full wp-image-1023\" src=\"http:\/\/blocs.xarxanet.org\/aealtipla\/files\/2014\/01\/Grup-Castellassa.jpg\" alt=\"Grup Castellassa\" width=\"306\" height=\"195\" srcset=\"https:\/\/blocs.xarxanet.org\/aealtipla\/files\/2014\/01\/Grup-Castellassa.jpg 306w, https:\/\/blocs.xarxanet.org\/aealtipla\/files\/2014\/01\/Grup-Castellassa-300x191.jpg 300w\" sizes=\"auto, (max-width: 306px) 85vw, 306px\" \/><\/a><\/span><\/span>Descens al Sot de Matalonga i tornada per la seva riera.<\/span><\/p>\n<p><span style=\"font-family: Calibri\">Vistes espl\u00e8ndides dels Pirineus, Matagalls i Montseny nevats, Montnegre, Tibidabo i la mar.<\/span><\/p>\n<p><span style=\"font-family: Calibri\"><a href=\"http:\/\/blocs.xarxanet.org\/aealtipla\/files\/2014\/01\/IMG_8000.jpg\"><img loading=\"lazy\" decoding=\"async\" class=\"size-large wp-image-1041 aligncenter\" src=\"http:\/\/blocs.xarxanet.org\/aealtipla\/files\/2014\/01\/IMG_8000-1024x538.jpg\" alt=\"IMG_8000\" width=\"495\" height=\"260\" srcset=\"https:\/\/blocs.xarxanet.org\/aealtipla\/files\/2014\/01\/IMG_8000-1024x538.jpg 1024w, https:\/\/blocs.xarxanet.org\/aealtipla\/files\/2014\/01\/IMG_8000-300x157.jpg 300w, https:\/\/blocs.xarxanet.org\/aealtipla\/files\/2014\/01\/IMG_8000.jpg 1542w\" sizes=\"auto, (max-width: 495px) 85vw, 495px\" \/><\/a><a href=\"http:\/\/blocs.xarxanet.org\/aealtipla\/files\/2014\/01\/IMG_7985.jpg\"><img loading=\"lazy\" decoding=\"async\" class=\"size-large wp-image-1042 aligncenter\" src=\"http:\/\/blocs.xarxanet.org\/aealtipla\/files\/2014\/01\/IMG_7985-1024x616.jpg\" alt=\"IMG_7985\" width=\"495\" height=\"297\" srcset=\"https:\/\/blocs.xarxanet.org\/aealtipla\/files\/2014\/01\/IMG_7985-1024x616.jpg 1024w, https:\/\/blocs.xarxanet.org\/aealtipla\/files\/2014\/01\/IMG_7985-300x180.jpg 300w, https:\/\/blocs.xarxanet.org\/aealtipla\/files\/2014\/01\/IMG_7985.jpg 1346w\" sizes=\"auto, (max-width: 495px) 85vw, 495px\" \/><\/a>El m\u00e9s semblant a la selva verge tropical ha de ser la laurisilva de Can\u00e0ries i algunes de les obagues que hem travessat en rutes, com avui, a Sant Lloren\u00e7 o a Montserrat.<\/span><\/p>\n<p><span style=\"font-family: Calibri\">\u00a0<a href=\"http:\/\/blocs.xarxanet.org\/aealtipla\/files\/2014\/01\/cam\u00ed-Maringes.jpg\"><br \/>\n<\/a><span style=\"font-family: Calibri\"><img loading=\"lazy\" decoding=\"async\" class=\"aligncenter size-full wp-image-1021\" src=\"http:\/\/blocs.xarxanet.org\/aealtipla\/files\/2014\/01\/cam\u00ed-Maringes.jpg\" alt=\"cam\u00ed Maringes\" width=\"240\" height=\"180\" \/><\/span><\/span><\/p>\n<p><a href=\"http:\/\/blocs.xarxanet.org\/aealtipla\/files\/2014\/01\/cam\u00ed-Maringes.jpg\">\u00a0<\/a><\/p>\n<p>Text Xavier F\u00e0gragas Fotografies de Javier Arrondo i Xavier F\u00e0bregas<a href=\"http:\/\/blocs.xarxanet.org\/aealtipla\/files\/2014\/01\/sortida-del-Coll-Castellassa-Dalmau-2.jpg\"><br \/>\n<\/a><\/p>\n<p><a href=\"http:\/\/blocs.xarxanet.org\/aealtipla\/files\/2014\/01\/bolet.jpg\"><br \/>\n<\/a><\/p>\n<p>Trobareu\u00a0altres fotografies de la sortida al seg\u00fcent enlla\u00e7 a\u00a0l&#8217;\u00e0lbum del Javier<\/p>\n<p><span style=\"color: #000000\"><a href=\"https:\/\/picasaweb.google.com\/116349727563418496473\/SantLlorencILObac\">https:\/\/picasaweb.google.com\/116349727563418496473\/SantLlorencILObac<\/a> <\/span><\/p>\n<p><span style=\"color: #000000\"> <b><span style=\"font-family: Arial;font-size: medium\">Descripci\u00f3<\/span><\/b>: Una mica d&#8217;aventura per la zona m\u00e9s abrupta de Sant Lloren\u00e7. Ens traslladarem al Km. 13,100 de la carretera de Sabadell a St. Lloren\u00e7 Savall, un cop passat Castellar del Vall\u00e8s. Pujarem a la base de la Castellassa del Dalmau, <span style=\"color: #000000\"><a href=\"http:\/\/blocs.xarxanet.org\/aealtipla\/files\/2014\/01\/CASTELLASSA-DEL-DALMAU1.jpg\"><img loading=\"lazy\" decoding=\"async\" class=\"size-thumbnail wp-image-947 alignright\" src=\"http:\/\/blocs.xarxanet.org\/aealtipla\/files\/2014\/01\/CASTELLASSA-DEL-DALMAU1-150x150.jpg\" alt=\"CASTELLASSA DEL DALMAU1\" width=\"150\" height=\"150\" \/><\/a><\/span>que flanquejarem per arribar al seu Coll. La pujada al cim ser\u00e0 opcional. Trobarem al cam\u00ed dels Maringes que seguirem en direcci\u00f3 Sud, passant per l&#8217;Esllavissada, la Cova Roja (opcional) i el Bolet (curiosa roca), per arribar a la Castellassa de Can Torres (espectacular monolit). Tornarem pel Sot de Matalonga, fins als cotxes. <b><span style=\"font-family: Arial;font-size: medium\">Durada<\/span><\/b>: 4 a 5 hores. <b><span style=\"font-family: Arial;font-size: medium\">Dificultat<\/span><\/b>: Mitjana amb terreny molt irregular. <\/span><\/p>\n<p><b><span style=\"color: #000000\">Desnivell<\/span><\/b><span style=\"color: #000000\">: 500 m de pujada acumulats. <b><span style=\"font-family: Arial;font-size: medium\">Equip<\/span><\/b>: Hivern segons meteorologia, cal\u00e7at adherent, aigua i esmorzar. <\/span> <span style=\"color: #000000\"><b>Cost<\/b>: 2 \u20ac socis i 3 \u20ac no socis. Despeses de despla\u00e7ament compartides. <\/span><\/p>\n<p><span style=\"color: #000000\">Es obligat\u00f2ria l&#8217;asseguran\u00e7a d&#8217;accidents (La de la FEEC en curs o b\u00e9 la temporal). Qui no la tingui, cal comunicar pr\u00e8viament nom, dos cognoms i NIF.<\/span><\/p>\n<p><span style=\"color: #000000\"><b>NOTA:<\/b> Cal inscripci\u00f3 pr\u00e8via:<\/span><\/p>\n<p>Fins<span style=\"color: #000000;font-family: Arial;font-size: medium\">\u00a0 <\/span>dijous 13 de febrer<span style=\"color: #000000;font-family: Arial;font-size: medium\">\u00a0\u00a0 <\/span>al tel 659345972 o per correu electr\u00f2nic a <a href=\"mailto:altipla.sortides@caminar.info\"><span style=\"color: #0000ff\">altipla.sortides@caminar.info<\/span><\/a><\/p>\n<p><span style=\"color: #000000\">Presencialment a la Casa de Cultura, despatx 3, els dimecres<span style=\"font-family: Arial;font-size: medium\">\u00a0 <\/span>de 8 a 9 del vespre. <\/span><\/p>\n<p>COL\u00b7LABORA<\/p>\n<p><a href=\"http:\/\/blocs.xarxanet.org\/aealtipla\/files\/2014\/04\/logo_interiordiba.gif\"><img loading=\"lazy\" decoding=\"async\" class=\"alignright size-full wp-image-1768\" src=\"http:\/\/blocs.xarxanet.org\/aealtipla\/files\/2014\/04\/logo_interiordiba.gif\" alt=\"logo_interiordiba\" width=\"111\" height=\"42\" \/><\/a>XARXA DE PARCS NATURALS<\/p>\n","protected":false},"excerpt":{"rendered":"<p>PARC NATURAL DE SANT LLOREN\u00c7 DEL MUNT Matinal de muntanya Dia: Diumenge 2 de febrer de 2014. Lloc de trobada: Cal Quit\u00e8ria (correus). Hora: 8 del mat\u00ed, amb vehicles propis. Dades: 14,5 km, temps real 4h15&#8242;, desnivell positiu 577 m, mitja real 3,5 km\/h. \u00a0Cel clar, poca gent (6) i fred (+3\u00ba C a Sant &hellip; <a href=\"https:\/\/blocs.xarxanet.org\/aealtipla\/excursions\/2014-3\/7-les-castellasses-del-dalmau-i-can-torres\/\" class=\"more-link\">Continua llegint <span class=\"screen-reader-text\">\u00abLes Castellasses del Dalmau i Can Torres\u00bb<\/span><\/a><\/p>\n","protected":false},"author":129,"featured_media":0,"parent":3805,"menu_order":14,"comment_status":"open","ping_status":"closed","template":"","meta":{"_s2mail":"yes","footnotes":""},"class_list":["post-946","page","type-page","status-publish","hentry"],"_links":{"self":[{"href":"https:\/\/blocs.xarxanet.org\/aealtipla\/wp-json\/wp\/v2\/pages\/946","targetHints":{"allow":["GET"]}}],"collection":[{"href":"https:\/\/blocs.xarxanet.org\/aealtipla\/wp-json\/wp\/v2\/pages"}],"about":[{"href":"https:\/\/blocs.xarxanet.org\/aealtipla\/wp-json\/wp\/v2\/types\/page"}],"author":[{"embeddable":true,"href":"https:\/\/blocs.xarxanet.org\/aealtipla\/wp-json\/wp\/v2\/users\/129"}],"replies":[{"embeddable":true,"href":"https:\/\/blocs.xarxanet.org\/aealtipla\/wp-json\/wp\/v2\/comments?post=946"}],"version-history":[{"count":10,"href":"https:\/\/blocs.xarxanet.org\/aealtipla\/wp-json\/wp\/v2\/pages\/946\/revisions"}],"predecessor-version":[{"id":2910,"href":"https:\/\/blocs.xarxanet.org\/aealtipla\/wp-json\/wp\/v2\/pages\/946\/revisions\/2910"}],"up":[{"embeddable":true,"href":"https:\/\/blocs.xarxanet.org\/aealtipla\/wp-json\/wp\/v2\/pages\/3805"}],"wp:attachment":[{"href":"https:\/\/blocs.xarxanet.org\/aealtipla\/wp-json\/wp\/v2\/media?parent=946"}],"curies":[{"name":"wp","href":"https:\/\/api.w.org\/{rel}","templated":true}]}}