{"id":904,"date":"2014-01-14T21:10:45","date_gmt":"2014-01-14T20:10:45","guid":{"rendered":"http:\/\/blocs.xarxanet.org\/aealtipla\/?page_id=904"},"modified":"2021-03-09T18:02:44","modified_gmt":"2021-03-09T17:02:44","slug":"6-el-massis-del-garraf-sortida-i-tram-bruguers-garraf","status":"publish","type":"page","link":"https:\/\/blocs.xarxanet.org\/aealtipla\/excursions\/2014-3\/6-el-massis-del-garraf-sortida-i-tram-bruguers-garraf\/","title":{"rendered":"El Mass\u00eds del Garraf: Sortida I tram Bruguers-Garraf"},"content":{"rendered":"<p>&nbsp;<\/p>\n<p><span style=\"color: #000000\"><strong><a href=\"http:\/\/blocs.xarxanet.org\/aealtipla\/files\/2014\/01\/La-Morella.jpg\"><img loading=\"lazy\" decoding=\"async\" class=\"alignright size-thumbnail wp-image-905\" src=\"http:\/\/blocs.xarxanet.org\/aealtipla\/files\/2014\/01\/La-Morella-150x150.jpg\" alt=\"La Morella\" width=\"150\" height=\"150\" \/><\/a>Dia, hora i lloc<\/strong>: 26 de gener, diumenge, 7:30 mat\u00ed, Can Quit\u00e8ria. <\/span><\/p>\n<p><span style=\"color: #000000\"><strong>Dist\u00e0ncia<\/strong> : 15 Km.<\/span><\/p>\n<p><span style=\"color: #000000\"><strong> Desnivell<\/strong> : Pujada acumulada, 350 m. aproximadament. Baixada, 600 m. aproximadament. <strong>Durada<\/strong> : 5 hores, matinal llarga. <\/span><\/p>\n<p><span style=\"color: #000000\"><strong>Recomanacions<\/strong> : Portar aigua, esmorzar (i dinar els que no vulguin anar a casa a dinar o anar al restaurant de Garraf). Bon cal\u00e7at, el terreny \u00e9s pedreg\u00f3s. <\/span><\/p>\n<p><span style=\"color: #000000\"><a href=\"http:\/\/blocs.xarxanet.org\/aealtipla\/files\/2014\/01\/margall\u00f3-fruit.jpg\"><img loading=\"lazy\" decoding=\"async\" class=\"alignleft size-thumbnail wp-image-1109\" src=\"http:\/\/blocs.xarxanet.org\/aealtipla\/files\/2014\/01\/margall\u00f3-fruit-150x150.jpg\" alt=\"margall\u00f3 fruit\" width=\"150\" height=\"150\" \/><\/a><strong>Breu descripci\u00f3 del recorregut<\/strong>: En aquest primer tram de la s\u00e8rie de tres, seguirem el GR 92. En els altres, no. Els punts per on passarem s\u00f3n, Castell d&#8217;Erampruny\u00e0, Puig de les Agulles (optatiu), La Morella, zona dels avencs, La Pleta, poble del Garraf. <\/span><\/p>\n<p><span style=\"color: #000000\"><img loading=\"lazy\" decoding=\"async\" class=\"aligncenter size-thumbnail wp-image-1110\" src=\"http:\/\/blocs.xarxanet.org\/aealtipla\/files\/2014\/01\/La-Pleta-centre-interpretaci\u00f3-1-150x150.jpg\" alt=\"La Pleta centre interpretaci\u00f3 1\" width=\"150\" height=\"150\" \/>Com que no s&#8217;acaba al mateix punt on es comen\u00e7a, deixarem un vehicle al Garraf, a l&#8217;anada, per als conductors, la resta a Bruguers.<\/span><\/p>\n<p><span style=\"color: #000000\"><a href=\"http:\/\/blocs.xarxanet.org\/aealtipla\/files\/2014\/01\/Garraf-celler.jpg\"><img loading=\"lazy\" decoding=\"async\" class=\"alignright size-thumbnail wp-image-1111\" src=\"http:\/\/blocs.xarxanet.org\/aealtipla\/files\/2014\/01\/Garraf-celler-150x150.jpg\" alt=\"Garraf celler\" width=\"150\" height=\"150\" \/><br \/>\n<\/a><\/span>Fotografies de Marta Molt\u00f3<\/p>\n<h2><strong>Col\u00b7labora <\/strong><\/h2>\n<h2><strong>DIBA Xarxa de Parcs Naturals<\/strong><\/h2>\n<p><a href=\"http:\/\/blocs.xarxanet.org\/aealtipla\/files\/2014\/02\/logo_interiordiba.gif\"><img loading=\"lazy\" decoding=\"async\" class=\"alignleft size-full wp-image-1097\" src=\"http:\/\/blocs.xarxanet.org\/aealtipla\/files\/2014\/02\/logo_interiordiba.gif\" alt=\"logo_interiordiba\" width=\"111\" height=\"42\" \/><br \/>\n<\/a><\/p>\n<p><span style=\"color: #000000\"><a href=\"http:\/\/blocs.xarxanet.org\/aealtipla\/files\/2014\/01\/Garraf-celler.jpg\">\u00a0<\/a><\/span><\/p>\n<p><a href=\"http:\/\/blocs.xarxanet.org\/aealtipla\/files\/2014\/01\/margall\u00f3-fruit.jpg\">\u00a0<\/a><\/p>\n<p>&nbsp;<\/p>\n","protected":false},"excerpt":{"rendered":"<p>&nbsp; Dia, hora i lloc: 26 de gener, diumenge, 7:30 mat\u00ed, Can Quit\u00e8ria. Dist\u00e0ncia : 15 Km. Desnivell : Pujada acumulada, 350 m. aproximadament. Baixada, 600 m. aproximadament. Durada : 5 hores, matinal llarga. Recomanacions : Portar aigua, esmorzar (i dinar els que no vulguin anar a casa a dinar o anar al restaurant de &hellip; <a href=\"https:\/\/blocs.xarxanet.org\/aealtipla\/excursions\/2014-3\/6-el-massis-del-garraf-sortida-i-tram-bruguers-garraf\/\" class=\"more-link\">Continua llegint <span class=\"screen-reader-text\">\u00abEl Mass\u00eds del Garraf: Sortida I tram Bruguers-Garraf\u00bb<\/span><\/a><\/p>\n","protected":false},"author":129,"featured_media":0,"parent":3805,"menu_order":6,"comment_status":"open","ping_status":"closed","template":"","meta":{"_s2mail":"yes","footnotes":""},"class_list":["post-904","page","type-page","status-publish","hentry"],"_links":{"self":[{"href":"https:\/\/blocs.xarxanet.org\/aealtipla\/wp-json\/wp\/v2\/pages\/904","targetHints":{"allow":["GET"]}}],"collection":[{"href":"https:\/\/blocs.xarxanet.org\/aealtipla\/wp-json\/wp\/v2\/pages"}],"about":[{"href":"https:\/\/blocs.xarxanet.org\/aealtipla\/wp-json\/wp\/v2\/types\/page"}],"author":[{"embeddable":true,"href":"https:\/\/blocs.xarxanet.org\/aealtipla\/wp-json\/wp\/v2\/users\/129"}],"replies":[{"embeddable":true,"href":"https:\/\/blocs.xarxanet.org\/aealtipla\/wp-json\/wp\/v2\/comments?post=904"}],"version-history":[{"count":8,"href":"https:\/\/blocs.xarxanet.org\/aealtipla\/wp-json\/wp\/v2\/pages\/904\/revisions"}],"predecessor-version":[{"id":1108,"href":"https:\/\/blocs.xarxanet.org\/aealtipla\/wp-json\/wp\/v2\/pages\/904\/revisions\/1108"}],"up":[{"embeddable":true,"href":"https:\/\/blocs.xarxanet.org\/aealtipla\/wp-json\/wp\/v2\/pages\/3805"}],"wp:attachment":[{"href":"https:\/\/blocs.xarxanet.org\/aealtipla\/wp-json\/wp\/v2\/media?parent=904"}],"curies":[{"name":"wp","href":"https:\/\/api.w.org\/{rel}","templated":true}]}}