{"id":890,"date":"2014-01-05T21:21:09","date_gmt":"2014-01-05T20:21:09","guid":{"rendered":"http:\/\/blocs.xarxanet.org\/aealtipla\/?page_id=890"},"modified":"2021-03-09T17:59:21","modified_gmt":"2021-03-09T16:59:21","slug":"8-els-turons-de-barcelona","status":"publish","type":"page","link":"https:\/\/blocs.xarxanet.org\/aealtipla\/excursions\/2014-3\/8-els-turons-de-barcelona\/","title":{"rendered":"4 Els turons de Barcelona"},"content":{"rendered":"<p align=\"center\"><b><i><span style=\"color: #000000\">Sortida matinal <\/span><\/i><\/b><\/p>\n<p align=\"center\"><b><span style=\"color: #000000\">Dissabte 15 de febrer de 2014 <\/span><\/b><\/p>\n<p align=\"center\"><b><span style=\"color: #000000\">Itinerari: <\/span><\/b><span style=\"color: #000000\">Estaci\u00f3 FGC Muntaner, Tur\u00f3 de Modolell (108 m), Tur\u00f3 de Monterols ( 127 m), Tur\u00f3 del Putxet (183 m), Tur\u00f3 de la Creueta del Coll (246 m), Tur\u00f3 del Carmel (266 m, punt m\u00e9s alt), Tur\u00f3 de la Rovira (262 m),Tur\u00f3 de la Peira (138 m) i Metro Vilapicina (L 5).<span style=\"color: #000000\"><a href=\"http:\/\/blocs.xarxanet.org\/aealtipla\/files\/2014\/01\/IMG_1793.jpg\"><img loading=\"lazy\" decoding=\"async\" class=\"size-thumbnail wp-image-1088 alignleft\" alt=\"IMG_1793\" src=\"http:\/\/blocs.xarxanet.org\/aealtipla\/files\/2014\/01\/IMG_1793-150x150.jpg\" width=\"150\" height=\"150\" \/><\/a><\/span><a href=\"http:\/\/blocs.xarxanet.org\/aealtipla\/files\/2014\/01\/IMG_1792.jpg\"><img loading=\"lazy\" decoding=\"async\" class=\"size-thumbnail wp-image-1089 alignright\" alt=\"IMG_1792\" src=\"http:\/\/blocs.xarxanet.org\/aealtipla\/files\/2014\/01\/IMG_1792-150x150.jpg\" width=\"150\" height=\"150\" \/><\/a><\/span><\/p>\n<p>&nbsp;<\/p>\n<p><span style=\"color: #000000\"><strong>Descripci\u00f3: <\/strong><\/span><\/p>\n<p><span style=\"color: #000000\">Pujarem al tren i baixarem a Muntaner. Anirem a buscar l\u2019encreuament dels carrers Vallmajor amb Cop\u00e8rnic, on es troba, visiblement elevat, el Monestir de Santa Magdalena. Aquests edifici est\u00e0 ubicat al punt m\u00e9s alt del <i><span style=\"text-decoration: underline\"><span style=\"font-family: Arial;font-size: medium\">Turo de<\/span><\/span><\/i> <i><span style=\"text-decoration: underline\"><span style=\"font-family: Arial;font-size: medium\">Modolell<\/span><\/span><\/i>, totalment integrat i camuflat al paisatge urb\u00e0. Continuem cap als Jardins del <i><span style=\"text-decoration: underline\"><span style=\"font-family: Arial;font-size: medium\">Tur\u00f3 de Monterols<\/span><\/span><\/i> i passejarem pels seus camins fins al punt m\u00e9s alt on hi ha uns banc a l\u2019ombra. <\/span><\/p>\n<p><span style=\"color: #000000\"><a href=\"http:\/\/blocs.xarxanet.org\/aealtipla\/files\/2014\/01\/IMG_1788.jpg\"><img loading=\"lazy\" decoding=\"async\" class=\"aligncenter size-thumbnail wp-image-1091\" alt=\"IMG_1788\" src=\"http:\/\/blocs.xarxanet.org\/aealtipla\/files\/2014\/01\/IMG_1788-150x150.jpg\" width=\"150\" height=\"150\" \/><\/a>Seguirem fins l\u2019entrada dels Jardins del <i><span style=\"text-decoration: underline\"><span style=\"font-family: Arial;font-size: medium\">Tur\u00f3 del Putxet<\/span><\/span><\/i>, ascendirem per les seves escales, sempre buscant el punt m\u00e9s alt del tur\u00f3 on hi ha uns bancs i arbres. Sortirem dels jardins per anar a passar el Viaducte de Vallcarca i pel davant de l\u2019Alberg Mare de D\u00e9u de Montserrat (paga la pena entrar i observar la reproducci\u00f3 d\u2019un pati modernista califal) fins al Parc de Creueta del Coll. Pujarem tot vorejant un \u201ccr\u00e0ter\u201d (restes d\u2019una pedrera) protegits per una tanca de fusta fins el cim del <i><span style=\"text-decoration: underline\"><span style=\"font-family: Arial;font-size: medium\">Tur\u00f3 de la Creueta del<\/span><\/span><\/i> <i><span style=\"text-decoration: underline\"><span style=\"font-family: Arial;font-size: medium\">Coll<\/span><\/span><\/i> on trobem una creu de ferro. Ens anirem encaminat cap al Parc del Carmel passant per l\u2019ermita de la Mare de D\u00e9u del Coll (rom\u00e0nica reconstru\u00efda) i pujar per corriol al cim del <i><span style=\"text-decoration: underline\"><span style=\"font-family: Arial;font-size: medium\">Tur\u00f3 del Carmel<\/span><\/span><\/i> (per un moment sembla que no estigu\u00e9ssim caminant per Barcelona), punt m\u00e9s elevat de l\u2019excursi\u00f3. <\/span><\/p>\n<p><span style=\"color: #000000\">Anirem baixant per creuar la carretera del Carmel i comen\u00e7ar a pujar al <i><span style=\"text-decoration: underline\"><span style=\"font-family: Arial;font-size: medium\">Tur\u00f3<\/span><\/span><\/i> <i><span style=\"text-decoration: underline\"><span style=\"font-family: Arial;font-size: medium\">de la Rovira<\/span><\/span><\/i>, on entrarem en la hist\u00f2ria: va haver-hi assentament ib\u00e8rics, antiaeris a la Guerra Civil, barraquisme als anys 50 i 60&#8230;Baixarem, deixant a la dreta els accessos al Parc del Guinard\u00f3, passant per la Font d\u2019en Fargas i la bonica esgl\u00e9sia de Sant Antoni de P\u00e0dua, fins travessar el Passeig de Maragall i de Fabra i Puig i arribar al Parc del <i><span style=\"text-decoration: underline\"><span style=\"font-family: Arial;font-size: medium\">Tur\u00f3 de la Peira<\/span><\/span><\/i>. Ascendirem fins la part m\u00e9s alta on hi ha una gran creu de ferro i descansar una mica. Nom\u00e9s ens queda baixar fins la parada de mero Vilapicina (L\u00ednia 5)<\/span><\/p>\n<p><span style=\"color: #000000\"><b>La sensaci\u00f3: <\/b>Les magn\u00edfiques vistes de la Serra de Collserola, del Garraf, part m\u00e9s alta de Sant Lloren\u00e7 del Munt, Montseny, Pirineus i, sobre tot, de Barcelona des de diferents punt de vista.<\/span><\/p>\n<p><span style=\"color: #000000\">M\u00e9s informaci\u00f3 <\/span><a href=\"http:\/\/www.humbertsanz.com\/2010\/04\/la-ruta-dels-set-turons-de-barcelona.html\" target=\"_blank\"><span style=\"color: #0000ff\">http:\/\/www.humbertsanz.com\/2010\/04\/la-ruta-dels-set-turons-de-barcelona.html<\/span><\/a><\/p>\n<p><strong>COL\u00b7LABORA <a href=\"http:\/\/blocs.xarxanet.org\/aealtipla\/files\/2014\/02\/DB-Persones-color-horitzontal-201-e1401817052686.jpg\"><img loading=\"lazy\" decoding=\"async\" class=\"aligncenter size-full wp-image-1747\" alt=\"DB Persones color horitzontal 201\" src=\"http:\/\/blocs.xarxanet.org\/aealtipla\/files\/2014\/02\/DB-Persones-color-horitzontal-201-e1401817052686.jpg\" width=\"315\" height=\"52\" \/><\/a><\/strong><\/p>\n","protected":false},"excerpt":{"rendered":"<p>Sortida matinal Dissabte 15 de febrer de 2014 Itinerari: Estaci\u00f3 FGC Muntaner, Tur\u00f3 de Modolell (108 m), Tur\u00f3 de Monterols ( 127 m), Tur\u00f3 del Putxet (183 m), Tur\u00f3 de la Creueta del Coll (246 m), Tur\u00f3 del Carmel (266 m, punt m\u00e9s alt), Tur\u00f3 de la Rovira (262 m),Tur\u00f3 de la Peira (138 m) &hellip; <a href=\"https:\/\/blocs.xarxanet.org\/aealtipla\/excursions\/2014-3\/8-els-turons-de-barcelona\/\" class=\"more-link\">Continua llegint <span class=\"screen-reader-text\">\u00ab4 Els turons de Barcelona\u00bb<\/span><\/a><\/p>\n","protected":false},"author":129,"featured_media":0,"parent":3805,"menu_order":4,"comment_status":"open","ping_status":"closed","template":"","meta":{"_s2mail":"yes","footnotes":""},"class_list":["post-890","page","type-page","status-publish","hentry"],"_links":{"self":[{"href":"https:\/\/blocs.xarxanet.org\/aealtipla\/wp-json\/wp\/v2\/pages\/890","targetHints":{"allow":["GET"]}}],"collection":[{"href":"https:\/\/blocs.xarxanet.org\/aealtipla\/wp-json\/wp\/v2\/pages"}],"about":[{"href":"https:\/\/blocs.xarxanet.org\/aealtipla\/wp-json\/wp\/v2\/types\/page"}],"author":[{"embeddable":true,"href":"https:\/\/blocs.xarxanet.org\/aealtipla\/wp-json\/wp\/v2\/users\/129"}],"replies":[{"embeddable":true,"href":"https:\/\/blocs.xarxanet.org\/aealtipla\/wp-json\/wp\/v2\/comments?post=890"}],"version-history":[{"count":5,"href":"https:\/\/blocs.xarxanet.org\/aealtipla\/wp-json\/wp\/v2\/pages\/890\/revisions"}],"predecessor-version":[{"id":1750,"href":"https:\/\/blocs.xarxanet.org\/aealtipla\/wp-json\/wp\/v2\/pages\/890\/revisions\/1750"}],"up":[{"embeddable":true,"href":"https:\/\/blocs.xarxanet.org\/aealtipla\/wp-json\/wp\/v2\/pages\/3805"}],"wp:attachment":[{"href":"https:\/\/blocs.xarxanet.org\/aealtipla\/wp-json\/wp\/v2\/media?parent=890"}],"curies":[{"name":"wp","href":"https:\/\/api.w.org\/{rel}","templated":true}]}}