{"id":4181,"date":"2022-01-25T09:23:01","date_gmt":"2022-01-25T08:23:01","guid":{"rendered":"http:\/\/blocs.xarxanet.org\/aealtipla\/?page_id=4181"},"modified":"2022-01-26T18:45:07","modified_gmt":"2022-01-26T17:45:07","slug":"hivern-2021","status":"publish","type":"page","link":"https:\/\/blocs.xarxanet.org\/aealtipla\/excursions\/2021-2\/hivern-2021\/","title":{"rendered":"Hivern 2021"},"content":{"rendered":"<p><u><em><strong>Serra de les Pedritxes (Serra de l&#8217;Obac) (21-2-2021)<\/strong><\/em><\/u><\/p>\n<p>El diumenge 21 farem una sortida d&#8217;entrenament a la serra de les Pedritxes.<\/p>\n<p>Sortirem de cal Quit\u00e8ria a les 8h amb cotxes propis.<\/p>\n<p>L&#8217;excursi\u00f3 durar\u00e0 4h amb un desnivell acumulat de 450m de pujades.<\/p>\n<p>\u00c9s tracta d&#8217;una zona entre Matadepera i Terrassa, formada per turons, algun molt espectacular.<\/p>\n<p>La dificultat \u00e9s mitjana i els camins una mica rellisc\u00f3sos.<\/p>\n<p><a href=\"http:\/\/blocs.xarxanet.org\/aealtipla\/files\/2022\/01\/2022-01-22-at-22.00.42.jpeg\"><img loading=\"lazy\" decoding=\"async\" class=\"size-medium wp-image-4200 aligncenter\" src=\"http:\/\/blocs.xarxanet.org\/aealtipla\/files\/2022\/01\/2022-01-22-at-22.00.42-300x224.jpeg\" alt=\"\" width=\"300\" height=\"224\" srcset=\"https:\/\/blocs.xarxanet.org\/aealtipla\/files\/2022\/01\/2022-01-22-at-22.00.42-300x224.jpeg 300w, https:\/\/blocs.xarxanet.org\/aealtipla\/files\/2022\/01\/2022-01-22-at-22.00.42-768x573.jpeg 768w, https:\/\/blocs.xarxanet.org\/aealtipla\/files\/2022\/01\/2022-01-22-at-22.00.42-500x373.jpeg 500w, https:\/\/blocs.xarxanet.org\/aealtipla\/files\/2022\/01\/2022-01-22-at-22.00.42.jpeg 855w\" sizes=\"auto, (max-width: 300px) 85vw, 300px\" \/>&#8212;&#8212;&#8212;&#8212;&#8212;&#8212;&#8212;&#8212;&#8212;&#8212;&#8212;&#8212;&#8212;&#8212;&#8212;&#8212;&#8212;&#8212;&#8212;&#8212;&#8212;&#8212;&#8212;&#8212;&#8212;&#8212;&#8212;&#8212;&#8212;&#8212;&#8212;&#8212;&#8212;&#8212;&#8212;&#8212;&#8212;&#8212;&#8212;&#8212;&#8212;<\/a><\/p>\n<p><u><em><strong>Serra de l&#8217;Obac (10-03-2021)<\/strong><\/em><\/u><\/p>\n<figure id=\"attachment_4209\" aria-describedby=\"caption-attachment-4209\" style=\"width: 225px\" class=\"wp-caption alignnone\"><a href=\"http:\/\/blocs.xarxanet.org\/aealtipla\/files\/2022\/01\/Casa-vella-de-lObac-2021-03-10-at-09.09.48-2.jpeg\"><img loading=\"lazy\" decoding=\"async\" class=\"wp-image-4209 size-medium\" src=\"http:\/\/blocs.xarxanet.org\/aealtipla\/files\/2022\/01\/Casa-vella-de-lObac-2021-03-10-at-09.09.48-2-225x300.jpeg\" alt=\"\" width=\"225\" height=\"300\" srcset=\"https:\/\/blocs.xarxanet.org\/aealtipla\/files\/2022\/01\/Casa-vella-de-lObac-2021-03-10-at-09.09.48-2-225x300.jpeg 225w, https:\/\/blocs.xarxanet.org\/aealtipla\/files\/2022\/01\/Casa-vella-de-lObac-2021-03-10-at-09.09.48-2-768x1024.jpeg 768w, https:\/\/blocs.xarxanet.org\/aealtipla\/files\/2022\/01\/Casa-vella-de-lObac-2021-03-10-at-09.09.48-2-375x500.jpeg 375w, https:\/\/blocs.xarxanet.org\/aealtipla\/files\/2022\/01\/Casa-vella-de-lObac-2021-03-10-at-09.09.48-2.jpeg 1536w\" sizes=\"auto, (max-width: 225px) 85vw, 225px\" \/><\/a><figcaption id=\"caption-attachment-4209\" class=\"wp-caption-text\">Casa vella de l&#8217;Obac<\/figcaption><\/figure>\n<figure id=\"attachment_4212\" aria-describedby=\"caption-attachment-4212\" style=\"width: 225px\" class=\"wp-caption alignnone\"><a href=\"http:\/\/blocs.xarxanet.org\/aealtipla\/files\/2022\/01\/Casa-de-la-Pastora-2021-03-10-at-09.00.19-4.jpeg\"><img loading=\"lazy\" decoding=\"async\" class=\"wp-image-4212 size-medium\" src=\"http:\/\/blocs.xarxanet.org\/aealtipla\/files\/2022\/01\/Casa-de-la-Pastora-2021-03-10-at-09.00.19-4-225x300.jpeg\" alt=\"\" width=\"225\" height=\"300\" srcset=\"https:\/\/blocs.xarxanet.org\/aealtipla\/files\/2022\/01\/Casa-de-la-Pastora-2021-03-10-at-09.00.19-4-225x300.jpeg 225w, https:\/\/blocs.xarxanet.org\/aealtipla\/files\/2022\/01\/Casa-de-la-Pastora-2021-03-10-at-09.00.19-4-768x1024.jpeg 768w, https:\/\/blocs.xarxanet.org\/aealtipla\/files\/2022\/01\/Casa-de-la-Pastora-2021-03-10-at-09.00.19-4-375x500.jpeg 375w, https:\/\/blocs.xarxanet.org\/aealtipla\/files\/2022\/01\/Casa-de-la-Pastora-2021-03-10-at-09.00.19-4.jpeg 1200w\" sizes=\"auto, (max-width: 225px) 85vw, 225px\" \/><\/a><figcaption id=\"caption-attachment-4212\" class=\"wp-caption-text\">Casa de la Pastora<\/figcaption><\/figure>\n","protected":false},"excerpt":{"rendered":"<p>Serra de les Pedritxes (Serra de l&#8217;Obac) (21-2-2021) El diumenge 21 farem una sortida d&#8217;entrenament a la serra de les Pedritxes. Sortirem de cal Quit\u00e8ria a les 8h amb cotxes propis. L&#8217;excursi\u00f3 durar\u00e0 4h amb un desnivell acumulat de 450m de pujades. \u00c9s tracta d&#8217;una zona entre Matadepera i Terrassa, formada per turons, algun molt &hellip; <a href=\"https:\/\/blocs.xarxanet.org\/aealtipla\/excursions\/2021-2\/hivern-2021\/\" class=\"more-link\">Continua llegint <span class=\"screen-reader-text\">\u00abHivern 2021\u00bb<\/span><\/a><\/p>\n","protected":false},"author":129,"featured_media":0,"parent":4160,"menu_order":1,"comment_status":"closed","ping_status":"closed","template":"","meta":{"_s2mail":"yes","footnotes":""},"class_list":["post-4181","page","type-page","status-publish","hentry"],"_links":{"self":[{"href":"https:\/\/blocs.xarxanet.org\/aealtipla\/wp-json\/wp\/v2\/pages\/4181","targetHints":{"allow":["GET"]}}],"collection":[{"href":"https:\/\/blocs.xarxanet.org\/aealtipla\/wp-json\/wp\/v2\/pages"}],"about":[{"href":"https:\/\/blocs.xarxanet.org\/aealtipla\/wp-json\/wp\/v2\/types\/page"}],"author":[{"embeddable":true,"href":"https:\/\/blocs.xarxanet.org\/aealtipla\/wp-json\/wp\/v2\/users\/129"}],"replies":[{"embeddable":true,"href":"https:\/\/blocs.xarxanet.org\/aealtipla\/wp-json\/wp\/v2\/comments?post=4181"}],"version-history":[{"count":9,"href":"https:\/\/blocs.xarxanet.org\/aealtipla\/wp-json\/wp\/v2\/pages\/4181\/revisions"}],"predecessor-version":[{"id":4331,"href":"https:\/\/blocs.xarxanet.org\/aealtipla\/wp-json\/wp\/v2\/pages\/4181\/revisions\/4331"}],"up":[{"embeddable":true,"href":"https:\/\/blocs.xarxanet.org\/aealtipla\/wp-json\/wp\/v2\/pages\/4160"}],"wp:attachment":[{"href":"https:\/\/blocs.xarxanet.org\/aealtipla\/wp-json\/wp\/v2\/media?parent=4181"}],"curies":[{"name":"wp","href":"https:\/\/api.w.org\/{rel}","templated":true}]}}