{"id":4179,"date":"2022-01-25T09:22:29","date_gmt":"2022-01-25T08:22:29","guid":{"rendered":"http:\/\/blocs.xarxanet.org\/aealtipla\/?page_id=4179"},"modified":"2022-01-26T18:51:14","modified_gmt":"2022-01-26T17:51:14","slug":"primavera-2021","status":"publish","type":"page","link":"https:\/\/blocs.xarxanet.org\/aealtipla\/excursions\/2021-2\/primavera-2021\/","title":{"rendered":"Primavera 2021"},"content":{"rendered":"<p><u><em><strong>Serra de Llaberia-Cap\u00e7anes (12-5-2021)<\/strong><\/em><\/u><\/p>\n<p>Sortida proposada per en Marc Villoro.<\/p>\n<p>Sortida 12\/5<br \/>\nHora 7,00 h.<br \/>\nLloc: Pl. Can Quiteria.<\/p>\n<p>Cal portar esmor\u00e7ar<br \/>\nDinar de Men\u00fa, al poble.<\/p>\n<p>Si som mes de 12, podr\u00edem llogar cotxe.<\/p>\n<p><a href=\"https:\/\/es.wikiloc.com\/rutas-senderismo\/capcanes-serra-de-llaberia-portell-de-la-punta-avioneta-pas-del-llop-caseta-de-la-vall-capcanes-23977950\">https:\/\/es.wikiloc.com\/rutas-senderismo\/capcanes-serra-de-llaberia-portell-de-la-punta-avioneta-pas-del-llop-caseta-de-la-vall-capcanes-23977950<\/a><\/p>\n<figure id=\"attachment_4219\" aria-describedby=\"caption-attachment-4219\" style=\"width: 300px\" class=\"wp-caption alignnone\"><a href=\"http:\/\/blocs.xarxanet.org\/aealtipla\/files\/2022\/01\/Lavioneta.jpeg\"><img loading=\"lazy\" decoding=\"async\" class=\"wp-image-4219 size-medium\" src=\"http:\/\/blocs.xarxanet.org\/aealtipla\/files\/2022\/01\/Lavioneta-300x139.jpeg\" alt=\"\" width=\"300\" height=\"139\" srcset=\"https:\/\/blocs.xarxanet.org\/aealtipla\/files\/2022\/01\/Lavioneta-300x139.jpeg 300w, https:\/\/blocs.xarxanet.org\/aealtipla\/files\/2022\/01\/Lavioneta-768x355.jpeg 768w, https:\/\/blocs.xarxanet.org\/aealtipla\/files\/2022\/01\/Lavioneta-1024x473.jpeg 1024w, https:\/\/blocs.xarxanet.org\/aealtipla\/files\/2022\/01\/Lavioneta-500x231.jpeg 500w, https:\/\/blocs.xarxanet.org\/aealtipla\/files\/2022\/01\/Lavioneta.jpeg 1992w\" sizes=\"auto, (max-width: 300px) 85vw, 300px\" \/><\/a><figcaption id=\"caption-attachment-4219\" class=\"wp-caption-text\">L&#8217;avioneta\u00a0<\/figcaption><\/figure>\n<figure id=\"attachment_4220\" aria-describedby=\"caption-attachment-4220\" style=\"width: 225px\" class=\"wp-caption alignnone\"><a href=\"http:\/\/blocs.xarxanet.org\/aealtipla\/files\/2022\/01\/Barraques-de-Pedra-Seca.jpeg\"><img loading=\"lazy\" decoding=\"async\" class=\"wp-image-4220 size-medium\" src=\"http:\/\/blocs.xarxanet.org\/aealtipla\/files\/2022\/01\/Barraques-de-Pedra-Seca-225x300.jpeg\" alt=\"\" width=\"225\" height=\"300\" srcset=\"https:\/\/blocs.xarxanet.org\/aealtipla\/files\/2022\/01\/Barraques-de-Pedra-Seca-225x300.jpeg 225w, https:\/\/blocs.xarxanet.org\/aealtipla\/files\/2022\/01\/Barraques-de-Pedra-Seca-768x1024.jpeg 768w, https:\/\/blocs.xarxanet.org\/aealtipla\/files\/2022\/01\/Barraques-de-Pedra-Seca-375x500.jpeg 375w, https:\/\/blocs.xarxanet.org\/aealtipla\/files\/2022\/01\/Barraques-de-Pedra-Seca.jpeg 1200w\" sizes=\"auto, (max-width: 225px) 85vw, 225px\" \/><\/a><figcaption id=\"caption-attachment-4220\" class=\"wp-caption-text\">Barraques de Pedra Seca<\/figcaption><\/figure>\n<p><a href=\"http:\/\/blocs.xarxanet.org\/aealtipla\/files\/2022\/01\/WhatsApp-Image-2022-01-22-at-22.08.23.jpeg\"><img loading=\"lazy\" decoding=\"async\" class=\"alignnone size-medium wp-image-4217\" src=\"http:\/\/blocs.xarxanet.org\/aealtipla\/files\/2022\/01\/WhatsApp-Image-2022-01-22-at-22.08.23-300x300.jpeg\" alt=\"\" width=\"300\" height=\"300\" srcset=\"https:\/\/blocs.xarxanet.org\/aealtipla\/files\/2022\/01\/WhatsApp-Image-2022-01-22-at-22.08.23-300x300.jpeg 300w, https:\/\/blocs.xarxanet.org\/aealtipla\/files\/2022\/01\/WhatsApp-Image-2022-01-22-at-22.08.23-150x150.jpeg 150w, https:\/\/blocs.xarxanet.org\/aealtipla\/files\/2022\/01\/WhatsApp-Image-2022-01-22-at-22.08.23-768x768.jpeg 768w, https:\/\/blocs.xarxanet.org\/aealtipla\/files\/2022\/01\/WhatsApp-Image-2022-01-22-at-22.08.23-1024x1024.jpeg 1024w, https:\/\/blocs.xarxanet.org\/aealtipla\/files\/2022\/01\/WhatsApp-Image-2022-01-22-at-22.08.23-500x500.jpeg 500w, https:\/\/blocs.xarxanet.org\/aealtipla\/files\/2022\/01\/WhatsApp-Image-2022-01-22-at-22.08.23.jpeg 2048w\" sizes=\"auto, (max-width: 300px) 85vw, 300px\" \/><\/a> <a href=\"http:\/\/blocs.xarxanet.org\/aealtipla\/files\/2022\/01\/WhatsApp-Image-2022-01-22-at-22.10.31.jpeg\"><img loading=\"lazy\" decoding=\"async\" class=\"alignnone size-medium wp-image-4218\" src=\"http:\/\/blocs.xarxanet.org\/aealtipla\/files\/2022\/01\/WhatsApp-Image-2022-01-22-at-22.10.31-300x218.jpeg\" alt=\"\" width=\"300\" height=\"218\" srcset=\"https:\/\/blocs.xarxanet.org\/aealtipla\/files\/2022\/01\/WhatsApp-Image-2022-01-22-at-22.10.31-300x218.jpeg 300w, https:\/\/blocs.xarxanet.org\/aealtipla\/files\/2022\/01\/WhatsApp-Image-2022-01-22-at-22.10.31-768x557.jpeg 768w, https:\/\/blocs.xarxanet.org\/aealtipla\/files\/2022\/01\/WhatsApp-Image-2022-01-22-at-22.10.31-1024x743.jpeg 1024w, https:\/\/blocs.xarxanet.org\/aealtipla\/files\/2022\/01\/WhatsApp-Image-2022-01-22-at-22.10.31-500x363.jpeg 500w, https:\/\/blocs.xarxanet.org\/aealtipla\/files\/2022\/01\/WhatsApp-Image-2022-01-22-at-22.10.31.jpeg 1764w\" sizes=\"auto, (max-width: 300px) 85vw, 300px\" \/><\/a><\/p>\n<hr \/>\n<p><u><em><strong>La Fageda d&#8217;en Jord\u00e0 (5-6-2021)<\/strong><\/em><\/u><\/p>\n<p>Sortida familiar dissabte 5 de juny.<br \/>\nLa Fageda d&#8217;en Jord\u00e0 (Olot). Excursi\u00f3 de tot el dia, en autocar.<\/p>\n<p>Sortirem a les 8 30 Rbla. Ribatallada cantonada \u00c0ngel Guimer\u00e0.<br \/>\nVisita a la f\u00e0brica de iogurts (optativa) i pujada al volc\u00e0 de Santa Margarida. El grup que no visiti la f\u00e0brica far\u00e0 una excursi\u00f3 alternativa, m\u00e9s llarga, a determinar.<br \/>\nSi \u00e9s possible a la tarda pujarem al trenet dels volcans.<\/p>\n<p>Cost: Adults no socis 20\u20ac, adults socis i menors.(6-17 anys) no socis 10\u20ac altres menors gratuit. A pagar en el autocar. Inclou la visita a la fageda i el trenet fins als 12 anys. No inclou el trenet d.&#8217;adult (10 \u20ac)<\/p>\n<figure id=\"attachment_4223\" aria-describedby=\"caption-attachment-4223\" style=\"width: 225px\" class=\"wp-caption alignnone\"><a href=\"http:\/\/blocs.xarxanet.org\/aealtipla\/files\/2022\/01\/LaFageda.jpeg\"><img loading=\"lazy\" decoding=\"async\" class=\"wp-image-4223 size-medium\" src=\"http:\/\/blocs.xarxanet.org\/aealtipla\/files\/2022\/01\/LaFageda-225x300.jpeg\" alt=\"\" width=\"225\" height=\"300\" srcset=\"https:\/\/blocs.xarxanet.org\/aealtipla\/files\/2022\/01\/LaFageda-225x300.jpeg 225w, https:\/\/blocs.xarxanet.org\/aealtipla\/files\/2022\/01\/LaFageda-768x1024.jpeg 768w, https:\/\/blocs.xarxanet.org\/aealtipla\/files\/2022\/01\/LaFageda-375x500.jpeg 375w, https:\/\/blocs.xarxanet.org\/aealtipla\/files\/2022\/01\/LaFageda.jpeg 1200w\" sizes=\"auto, (max-width: 225px) 85vw, 225px\" \/><\/a><figcaption id=\"caption-attachment-4223\" class=\"wp-caption-text\">La fageda<\/figcaption><\/figure>\n<figure id=\"attachment_4224\" aria-describedby=\"caption-attachment-4224\" style=\"width: 300px\" class=\"wp-caption alignnone\"><a href=\"http:\/\/blocs.xarxanet.org\/aealtipla\/files\/2022\/01\/Volc\u00e0-de-Santa-Margarida.jpeg\"><img loading=\"lazy\" decoding=\"async\" class=\"wp-image-4224 size-medium\" src=\"http:\/\/blocs.xarxanet.org\/aealtipla\/files\/2022\/01\/Volc\u00e0-de-Santa-Margarida-300x225.jpeg\" alt=\"\" width=\"300\" height=\"225\" srcset=\"https:\/\/blocs.xarxanet.org\/aealtipla\/files\/2022\/01\/Volc\u00e0-de-Santa-Margarida-300x225.jpeg 300w, https:\/\/blocs.xarxanet.org\/aealtipla\/files\/2022\/01\/Volc\u00e0-de-Santa-Margarida-768x576.jpeg 768w, https:\/\/blocs.xarxanet.org\/aealtipla\/files\/2022\/01\/Volc\u00e0-de-Santa-Margarida-1024x768.jpeg 1024w, https:\/\/blocs.xarxanet.org\/aealtipla\/files\/2022\/01\/Volc\u00e0-de-Santa-Margarida-500x375.jpeg 500w, https:\/\/blocs.xarxanet.org\/aealtipla\/files\/2022\/01\/Volc\u00e0-de-Santa-Margarida.jpeg 1599w\" sizes=\"auto, (max-width: 300px) 85vw, 300px\" \/><\/a><figcaption id=\"caption-attachment-4224\" class=\"wp-caption-text\">Volc\u00e0 de Santa Margarida<\/figcaption><\/figure>\n<p><a href=\"http:\/\/blocs.xarxanet.org\/aealtipla\/files\/2022\/01\/WhatsApp-Image-2022-01-22-at-23.41.29.jpeg\"><img loading=\"lazy\" decoding=\"async\" class=\"size-medium wp-image-4222 aligncenter\" src=\"http:\/\/blocs.xarxanet.org\/aealtipla\/files\/2022\/01\/WhatsApp-Image-2022-01-22-at-23.41.29-225x300.jpeg\" alt=\"\" width=\"225\" height=\"300\" srcset=\"https:\/\/blocs.xarxanet.org\/aealtipla\/files\/2022\/01\/WhatsApp-Image-2022-01-22-at-23.41.29-225x300.jpeg 225w, https:\/\/blocs.xarxanet.org\/aealtipla\/files\/2022\/01\/WhatsApp-Image-2022-01-22-at-23.41.29-768x1024.jpeg 768w, https:\/\/blocs.xarxanet.org\/aealtipla\/files\/2022\/01\/WhatsApp-Image-2022-01-22-at-23.41.29-375x500.jpeg 375w, https:\/\/blocs.xarxanet.org\/aealtipla\/files\/2022\/01\/WhatsApp-Image-2022-01-22-at-23.41.29.jpeg 1536w\" sizes=\"auto, (max-width: 225px) 85vw, 225px\" \/><\/a><\/p>\n","protected":false},"excerpt":{"rendered":"<p>Serra de Llaberia-Cap\u00e7anes (12-5-2021) Sortida proposada per en Marc Villoro. Sortida 12\/5 Hora 7,00 h. Lloc: Pl. Can Quiteria. Cal portar esmor\u00e7ar Dinar de Men\u00fa, al poble. Si som mes de 12, podr\u00edem llogar cotxe. https:\/\/es.wikiloc.com\/rutas-senderismo\/capcanes-serra-de-llaberia-portell-de-la-punta-avioneta-pas-del-llop-caseta-de-la-vall-capcanes-23977950 La Fageda d&#8217;en Jord\u00e0 (5-6-2021) Sortida familiar dissabte 5 de juny. La Fageda d&#8217;en Jord\u00e0 (Olot). Excursi\u00f3 de tot &hellip; <a href=\"https:\/\/blocs.xarxanet.org\/aealtipla\/excursions\/2021-2\/primavera-2021\/\" class=\"more-link\">Continua llegint <span class=\"screen-reader-text\">\u00abPrimavera 2021\u00bb<\/span><\/a><\/p>\n","protected":false},"author":129,"featured_media":0,"parent":4160,"menu_order":2,"comment_status":"closed","ping_status":"closed","template":"","meta":{"_s2mail":"yes","footnotes":""},"class_list":["post-4179","page","type-page","status-publish","hentry"],"_links":{"self":[{"href":"https:\/\/blocs.xarxanet.org\/aealtipla\/wp-json\/wp\/v2\/pages\/4179","targetHints":{"allow":["GET"]}}],"collection":[{"href":"https:\/\/blocs.xarxanet.org\/aealtipla\/wp-json\/wp\/v2\/pages"}],"about":[{"href":"https:\/\/blocs.xarxanet.org\/aealtipla\/wp-json\/wp\/v2\/types\/page"}],"author":[{"embeddable":true,"href":"https:\/\/blocs.xarxanet.org\/aealtipla\/wp-json\/wp\/v2\/users\/129"}],"replies":[{"embeddable":true,"href":"https:\/\/blocs.xarxanet.org\/aealtipla\/wp-json\/wp\/v2\/comments?post=4179"}],"version-history":[{"count":6,"href":"https:\/\/blocs.xarxanet.org\/aealtipla\/wp-json\/wp\/v2\/pages\/4179\/revisions"}],"predecessor-version":[{"id":4334,"href":"https:\/\/blocs.xarxanet.org\/aealtipla\/wp-json\/wp\/v2\/pages\/4179\/revisions\/4334"}],"up":[{"embeddable":true,"href":"https:\/\/blocs.xarxanet.org\/aealtipla\/wp-json\/wp\/v2\/pages\/4160"}],"wp:attachment":[{"href":"https:\/\/blocs.xarxanet.org\/aealtipla\/wp-json\/wp\/v2\/media?parent=4179"}],"curies":[{"name":"wp","href":"https:\/\/api.w.org\/{rel}","templated":true}]}}