{"id":4031,"date":"2021-03-11T18:18:04","date_gmt":"2021-03-11T17:18:04","guid":{"rendered":"http:\/\/blocs.xarxanet.org\/aealtipla\/?page_id=4031"},"modified":"2021-03-12T15:07:53","modified_gmt":"2021-03-12T14:07:53","slug":"tardor-2015","status":"publish","type":"page","link":"https:\/\/blocs.xarxanet.org\/aealtipla\/excursions\/2014-2\/tardor-2015\/","title":{"rendered":"Tardor 2015"},"content":{"rendered":"<p><strong>SORTIDES REALITZADES a l&#8217;octubre<\/strong><\/p>\n<p><em><strong>La Serra de Corsavell (Alta Garrotxa)<\/strong><\/em><\/p>\n<p><b><i><span style=\"color: #000000;font-family: Calibri\">Dissabte, 24 d\u2019oct<\/span><span style=\"color: #000000;font-family: Calibri\"><span style=\"font-family: Verdana\">u<\/span><\/span><span style=\"color: #000000;font-family: Calibri\"><span style=\"font-family: Calibri\">bre de 2015<\/span><\/span><\/i><\/b><\/p>\n<p><b>Un itinerari fascinant que ens portar\u00e0 a descobrir la solit\u00e0ria serra de Corsavell, tot salvant cingles i obagues salvatges.<\/b><\/p>\n<p><span style=\"color: #000000;font-family: Calibri\"><img loading=\"lazy\" decoding=\"async\" class=\"aligncenter size-large wp-image-2390\" src=\"http:\/\/blocs.xarxanet.org\/aealtipla\/files\/2015\/11\/IMG_5095-1024x768.jpg\" alt=\"IMG_5095\" width=\"495\" height=\"371\" srcset=\"https:\/\/blocs.xarxanet.org\/aealtipla\/files\/2015\/11\/IMG_5095-1024x768.jpg 1024w, https:\/\/blocs.xarxanet.org\/aealtipla\/files\/2015\/11\/IMG_5095-300x225.jpg 300w, https:\/\/blocs.xarxanet.org\/aealtipla\/files\/2015\/11\/IMG_5095.jpg 1113w\" sizes=\"auto, (max-width: 495px) 85vw, 495px\" \/><\/span><\/p>\n<p><span style=\"font-family: Calibri\"><span style=\"color: #000000\"><strong>Arribant a l\u2019 ermita de Sant Joan de Bossols, la seva talaia perfecta ens permetr\u00e0 veure tota l\u2019Alta Garrotxa empordanesa, el preci\u00f3s paratge del<\/strong><\/span><strong><span style=\"color: #000000;font-size: medium\">\u00a0 <\/span><span style=\"color: #000000\">pla de la Teleria, amb l\u2019enclavament del mas de Can Coll a la vora i, al fons, la serra de Rodes i el mar. Trepitjarem escenaris de la novel.la la Punyalada, escrita per Mari\u00e0 Vayreda<\/span><span style=\"color: #000000;font-size: medium\">\u00a0 <\/span><span style=\"color: #000000\">i abans d\u2019acabar l\u2019excursi\u00f3, el pont medieval de Can Bertran ens donar\u00e0 la benvinguda i les gorgues de la Muga ens convidaran a poder fer una capbussada a les seves fresques aig\u00fces.<\/span><\/strong><\/span><\/p>\n<p><b><span style=\"font-family: Calibri\"><span style=\"color: #000000\">L\u2019hivern passat un ve\u00ed de la contrada va manifestar tenir indicis de la pres\u00e8ncia d\u2019 un \u00f3s. La naturalesa dels voltants fa pensar que, en el <\/span><span style=\"color: #000000;font-size: medium\">\u00a0<\/span><span style=\"color: #000000\">cas que fos veritat, l\u2019animal s\u2019hi trobaria ben a gust. Nosaltres no s\u00e9 si podrem veure l\u2019 \u00f3s, el cert \u00e9s que tamb\u00e9 ens ho passarem molt b\u00e9 fent aquesta sortida.<\/span><\/span><\/b><\/p>\n<p>Vicen\u00e7 P.<\/p>\n<p><b><i><span style=\"color: #000000;font-family: Calibri\">Collet de la Teia, Sant Joan de Bossols, Puig Escalar\u00f3, Coll de Daina, Pla de la Teularia, Coll de Pincar\u00f3, Pont medieval de Can Bertran, Gorgues de la Muga, la Molina, camping Bassegoda.<\/span><\/i><\/b><\/p>\n<p><b><i><span style=\"color: #000000;font-family: Calibri\">Dades: 14 km, 6 h. aproximadament., + 500 \/ &#8211; 800m.<\/span><\/i><\/b><\/p>\n<p><span style=\"font-family: Calibri\">\u00a0<\/span><b><i><span style=\"font-family: Calibri\">Bona temperatura tot el dia, encara que mig tapat. Nou participants, dos d&#8217;ells coneguts forans de l&#8217;Alt Empord\u00e0. Boscos i cingles.<\/span><\/i><\/b><\/p>\n<p style=\"text-align: right\"><span style=\"font-family: Calibri\"><a href=\"http:\/\/blocs.xarxanet.org\/aealtipla\/files\/2015\/11\/IMG_5052.jpg\"><strong><em><img loading=\"lazy\" decoding=\"async\" class=\"alignleft size-thumbnail wp-image-2394\" src=\"http:\/\/blocs.xarxanet.org\/aealtipla\/files\/2015\/11\/IMG_5052-150x150.jpg\" alt=\"IMG_5052\" width=\"150\" height=\"150\" \/><\/em><\/strong><\/a><strong><em>Pujada pel solell amb alzinar magre fins a St. Joan de Bossols,\u00a0<\/em><\/strong><\/span><span style=\"font-family: Calibri\"><strong><em> i <\/em><\/strong><img loading=\"lazy\" decoding=\"async\" class=\"size-thumbnail wp-image-2397 alignleft\" src=\"http:\/\/blocs.xarxanet.org\/aealtipla\/files\/2015\/11\/DSC_2192-150x150.jpg\" alt=\"DSC_2192\" width=\"150\" height=\"150\" \/><strong><em>careneig per l&#8217;obaga fins a la base del Puig Escalar\u00f3, <a href=\"http:\/\/blocs.xarxanet.org\/aealtipla\/files\/2015\/11\/IMG_5101.jpg\"><img loading=\"lazy\" decoding=\"async\" class=\"size-thumbnail wp-image-2395 aligncenter\" src=\"http:\/\/blocs.xarxanet.org\/aealtipla\/files\/2015\/11\/IMG_5101-150x150.jpg\" alt=\"IMG_5101\" width=\"150\" height=\"150\" \/><\/a><\/em><\/strong><strong><em>que \u00e9s assolit per cinc membres del grup.<\/em><\/strong><\/span><\/p>\n<p style=\"text-align: left\"><span style=\"font-family: Calibri\"><strong><em>Descens flanquejant una obaga neta de sotabosc amb pi roig, pinassa i <\/em><\/strong><strong><em>alg\u00fan roure, <\/em><\/strong><strong><em>i despr\u00e9s, bona <a href=\"http:\/\/blocs.xarxanet.org\/aealtipla\/files\/2015\/11\/IMG_5113.jpg\"><img loading=\"lazy\" decoding=\"async\" class=\"alignright size-medium wp-image-2398\" src=\"http:\/\/blocs.xarxanet.org\/aealtipla\/files\/2015\/11\/IMG_5113-224x300.jpg\" alt=\"IMG_5113\" width=\"224\" height=\"300\" srcset=\"https:\/\/blocs.xarxanet.org\/aealtipla\/files\/2015\/11\/IMG_5113-224x300.jpg 224w, https:\/\/blocs.xarxanet.org\/aealtipla\/files\/2015\/11\/IMG_5113.jpg 626w\" sizes=\"auto, (max-width: 224px) 85vw, 224px\" \/><\/a>combinaci\u00f3 de corriols i pistes (amb castanyeredes en prou bon estat), <\/em><\/strong><span style=\"font-family: Calibri\"><a href=\"http:\/\/blocs.xarxanet.org\/aealtipla\/files\/2015\/11\/IMG_5106.jpg\"><img loading=\"lazy\" decoding=\"async\" class=\"size-thumbnail wp-image-2396\" src=\"http:\/\/blocs.xarxanet.org\/aealtipla\/files\/2015\/11\/IMG_5106-150x150.jpg\" alt=\"IMG_5106\" width=\"150\" height=\"150\" \/><\/a><\/span><\/span><\/p>\n<p style=\"text-align: left\"><span style=\"font-family: Calibri\"><strong><em>fins arribar al pont medieval sobre la Muga.<a href=\"http:\/\/blocs.xarxanet.org\/aealtipla\/files\/2015\/11\/DSCN2915.jpg\"><img loading=\"lazy\" decoding=\"async\" class=\"alignleft size-medium wp-image-2399\" src=\"http:\/\/blocs.xarxanet.org\/aealtipla\/files\/2015\/11\/DSCN2915-300x225.jpg\" alt=\"DSCN2915\" width=\"300\" height=\"225\" srcset=\"https:\/\/blocs.xarxanet.org\/aealtipla\/files\/2015\/11\/DSCN2915-300x225.jpg 300w, https:\/\/blocs.xarxanet.org\/aealtipla\/files\/2015\/11\/DSCN2915-1024x768.jpg 1024w\" sizes=\"auto, (max-width: 300px) 85vw, 300px\" \/><\/a> <\/em><\/strong><\/span><\/p>\n<p style=\"text-align: left\"><span style=\"font-family: Calibri\"><strong><em><a href=\"http:\/\/blocs.xarxanet.org\/aealtipla\/files\/2015\/11\/DSCN2915.jpg\">\u00a0<\/a><\/em><\/strong><\/span><\/p>\n<p style=\"text-align: left\"><span style=\"font-family: Calibri\"><strong><em><a href=\"http:\/\/blocs.xarxanet.org\/aealtipla\/files\/2015\/11\/DSC_2200.jpg\"><img loading=\"lazy\" decoding=\"async\" class=\"alignleft size-medium wp-image-2400\" src=\"http:\/\/blocs.xarxanet.org\/aealtipla\/files\/2015\/11\/DSC_2200-300x200.jpg\" alt=\"DSC_2200\" width=\"300\" height=\"200\" srcset=\"https:\/\/blocs.xarxanet.org\/aealtipla\/files\/2015\/11\/DSC_2200-300x200.jpg 300w, https:\/\/blocs.xarxanet.org\/aealtipla\/files\/2015\/11\/DSC_2200-1024x685.jpg 1024w\" sizes=\"auto, (max-width: 300px) 85vw, 300px\" \/><br \/>\n<\/a><\/em><\/strong><\/span><\/p>\n<p style=\"text-align: left\"><span style=\"font-family: Calibri\"><strong><em>Espectaculars gorgues per banyar-se a l&#8217;estiu. I el C\u00e0mping Bassegoda, com a bon camp base vacacional.<\/em><\/strong><\/span><\/p>\n<p>\u00a0<a href=\"http:\/\/blocs.xarxanet.org\/aealtipla\/files\/2015\/11\/IMG_5122.jpg\"><img loading=\"lazy\" decoding=\"async\" class=\"alignright size-medium wp-image-2401\" src=\"http:\/\/blocs.xarxanet.org\/aealtipla\/files\/2015\/11\/IMG_5122-245x300.jpg\" alt=\"IMG_5122\" width=\"245\" height=\"300\" srcset=\"https:\/\/blocs.xarxanet.org\/aealtipla\/files\/2015\/11\/IMG_5122-245x300.jpg 245w, https:\/\/blocs.xarxanet.org\/aealtipla\/files\/2015\/11\/IMG_5122.jpg 683w\" sizes=\"auto, (max-width: 245px) 85vw, 245px\" \/><\/a><span style=\"font-family: Calibri\"><strong><em>Agra\u00efm a en Vicen\u00e7 la bona ruta feta i ens engresquem a continuar aquest perfil de sortides &#8220;geogr\u00e0fiques&#8221;, cap a llocs desconeguts i salvatges, on no trobes a ning\u00fa, encara que siguin una mica lluny&#8230;<\/em><\/strong><\/span><\/p>\n<p><span style=\"font-family: Calibri\">\u00a0<\/span><\/p>\n<p>&nbsp;<\/p>\n<p>&nbsp;<\/p>\n<p>&nbsp;<\/p>\n<p>&nbsp;<\/p>\n<p>&nbsp;<\/p>\n<p>&nbsp;<\/p>\n<p><span style=\"font-family: Calibri\">V<\/span><b><i><span style=\"font-family: Calibri\">am filosofar sobre &#8220;motivar&#8221; les sortides: rutes geogr\u00e0fiques, esportives, gastron\u00f2miques,&#8230; En aquest cas la refer\u00e8ncia del paratge \u00e9s liter\u00e0ria i hist\u00f2rica: La punyalada (Mari\u00e0 Vayreda) i les Guerres Carlines.<\/span><\/i><\/b><\/p>\n<p>Xavier F.<\/p>\n","protected":false},"excerpt":{"rendered":"<p>SORTIDES REALITZADES a l&#8217;octubre La Serra de Corsavell (Alta Garrotxa) Dissabte, 24 d\u2019octubre de 2015 Un itinerari fascinant que ens portar\u00e0 a descobrir la solit\u00e0ria serra de Corsavell, tot salvant cingles i obagues salvatges. Arribant a l\u2019 ermita de Sant Joan de Bossols, la seva talaia perfecta ens permetr\u00e0 veure tota l\u2019Alta Garrotxa empordanesa, el &hellip; <a href=\"https:\/\/blocs.xarxanet.org\/aealtipla\/excursions\/2014-2\/tardor-2015\/\" class=\"more-link\">Continua llegint <span class=\"screen-reader-text\">\u00abTardor 2015\u00bb<\/span><\/a><\/p>\n","protected":false},"author":129,"featured_media":0,"parent":3800,"menu_order":4,"comment_status":"closed","ping_status":"closed","template":"","meta":{"_s2mail":"yes","footnotes":""},"class_list":["post-4031","page","type-page","status-publish","hentry"],"_links":{"self":[{"href":"https:\/\/blocs.xarxanet.org\/aealtipla\/wp-json\/wp\/v2\/pages\/4031","targetHints":{"allow":["GET"]}}],"collection":[{"href":"https:\/\/blocs.xarxanet.org\/aealtipla\/wp-json\/wp\/v2\/pages"}],"about":[{"href":"https:\/\/blocs.xarxanet.org\/aealtipla\/wp-json\/wp\/v2\/types\/page"}],"author":[{"embeddable":true,"href":"https:\/\/blocs.xarxanet.org\/aealtipla\/wp-json\/wp\/v2\/users\/129"}],"replies":[{"embeddable":true,"href":"https:\/\/blocs.xarxanet.org\/aealtipla\/wp-json\/wp\/v2\/comments?post=4031"}],"version-history":[{"count":3,"href":"https:\/\/blocs.xarxanet.org\/aealtipla\/wp-json\/wp\/v2\/pages\/4031\/revisions"}],"predecessor-version":[{"id":4109,"href":"https:\/\/blocs.xarxanet.org\/aealtipla\/wp-json\/wp\/v2\/pages\/4031\/revisions\/4109"}],"up":[{"embeddable":true,"href":"https:\/\/blocs.xarxanet.org\/aealtipla\/wp-json\/wp\/v2\/pages\/3800"}],"wp:attachment":[{"href":"https:\/\/blocs.xarxanet.org\/aealtipla\/wp-json\/wp\/v2\/media?parent=4031"}],"curies":[{"name":"wp","href":"https:\/\/api.w.org\/{rel}","templated":true}]}}