{"id":4024,"date":"2021-03-11T18:16:43","date_gmt":"2021-03-11T17:16:43","guid":{"rendered":"http:\/\/blocs.xarxanet.org\/aealtipla\/?page_id=4024"},"modified":"2021-03-12T15:03:32","modified_gmt":"2021-03-12T14:03:32","slug":"hivern-2015","status":"publish","type":"page","link":"https:\/\/blocs.xarxanet.org\/aealtipla\/excursions\/2014-2\/hivern-2015\/","title":{"rendered":"Hivern 2015"},"content":{"rendered":"<p><strong>SORTIDES REALITZADES al febrer<\/strong><\/p>\n<p><em><strong>SANT JAUME DE FRONTANY\u00c0<\/strong><\/em><\/p>\n<p align=\"center\"><b><i><a href=\"http:\/\/blocs.xarxanet.org\/aealtipla\/files\/2015\/03\/DSC_0616.jpg\"><img loading=\"lazy\" decoding=\"async\" class=\"aligncenter size-large wp-image-2108\" src=\"http:\/\/blocs.xarxanet.org\/aealtipla\/files\/2015\/03\/DSC_0616-1024x682.jpg\" alt=\"DSC_0616\" width=\"495\" height=\"329\" srcset=\"https:\/\/blocs.xarxanet.org\/aealtipla\/files\/2015\/03\/DSC_0616-1024x682.jpg 1024w, https:\/\/blocs.xarxanet.org\/aealtipla\/files\/2015\/03\/DSC_0616-300x200.jpg 300w\" sizes=\"auto, (max-width: 495px) 85vw, 495px\" \/><\/a>Sortida de muntanya<\/i><\/b><\/p>\n<p align=\"center\"><b>Diumenge, 22 de febrer del 2015<\/b><\/p>\n<p><b>Durada<\/b>: Entre 5:30 i 6 h<\/p>\n<p><b>Dist\u00e0ncia: <\/b>15 Km<b><\/b><\/p>\n<p><b>Desnivell:<\/b> +650 -650<b>\u00a0\u00a0\u00a0\u00a0\u00a0\u00a0\u00a0\u00a0 <\/b><\/p>\n<p><b>Dificultat:<\/b> Mitja<br \/>\n<b>Material:<\/b> Material per a tot el dia, esmorzar i dinar. Imprescindible cal\u00e7at c\u00f2mode i amb bona adher\u00e8ncia, roba adient per caminar per la muntanya segons meteorologia incloent una pe\u00e7a d\u2019abric, aigua i aliments energ\u00e8tics.<\/p>\n<p><b>Itinerari:<\/b> Sant Jaume, Collet \u00a0de Sant Jaume, Collet Bataiola, Creu de Soler (esmorzar), Morro d&#8217;Ul\u00e0, Cingle de les Baumes, Les Muntanyetes, Sta. Euginia (dinar), Creu Melasa, St. Jaume.<br \/>\n<b><br \/>\nDescripci\u00f3:<\/b> L&#8217;objectiu de l&#8217;excursi\u00f3 \u00e9s la magn\u00edfica vista que hi ha des del Morro , de tota la banda del coll de Merolla, que no vam veure en la sortida del Sobrepuny sobre la vall del Llobregat, a mes dels bonics paisatges de la zona.<b><\/b><\/p>\n<p>Va fer un dia clar amb molt de vent. Havia nevat la nit anterior i el vent esquitxava la neu per tot arreu i donava la sensaci\u00f3 de que estava nevant de nou.<\/p>\n<p><a href=\"http:\/\/blocs.xarxanet.org\/aealtipla\/files\/2015\/03\/DSC_0623.jpg\"><img loading=\"lazy\" decoding=\"async\" class=\"alignleft size-thumbnail wp-image-2113\" src=\"http:\/\/blocs.xarxanet.org\/aealtipla\/files\/2015\/03\/DSC_0623-150x150.jpg\" alt=\"DSC_0623\" width=\"150\" height=\"150\" \/><\/a><a href=\"http:\/\/blocs.xarxanet.org\/aealtipla\/files\/2015\/03\/DSC_0624-copia.jpg\"><img loading=\"lazy\" decoding=\"async\" class=\"alignright size-thumbnail wp-image-2115\" src=\"http:\/\/blocs.xarxanet.org\/aealtipla\/files\/2015\/03\/DSC_0624-copia-150x150.jpg\" alt=\"DSC_0624 - copia\" width=\"150\" height=\"150\" \/><\/a>Vam escur\u00e7ar el recorregut degut a les dificultats ambientals, per\u00f2 malgrat tot, es pogu\u00e9 gaudir de les magn\u00edfiques vistes dels Pirineus, Pedraforca, Cad\u00ed, nevats, i tot el que podiem abarcar els nostres ulls a 360\u00ba a la rodona.<\/p>\n<p><span style=\"font-family: Arial, sans-serif\">En arribar a Sant Jaume, ens va ser prec\u00eds buscar aixopluc per poder prendre un plat calent en bona companyia.<\/span><\/p>\n<p><span style=\"font-family: Arial, sans-serif\">Un cop relaxats i ben menjats, torn\u00e0rem a casa sense cap novetat.<a href=\"http:\/\/blocs.xarxanet.org\/aealtipla\/files\/2015\/03\/DSC_0625-copia.jpg\"><img loading=\"lazy\" decoding=\"async\" class=\"size-medium wp-image-2117 aligncenter\" src=\"http:\/\/blocs.xarxanet.org\/aealtipla\/files\/2015\/03\/DSC_0625-copia-300x298.jpg\" alt=\"DSC_0625 - copia\" width=\"300\" height=\"298\" srcset=\"https:\/\/blocs.xarxanet.org\/aealtipla\/files\/2015\/03\/DSC_0625-copia-300x298.jpg 300w, https:\/\/blocs.xarxanet.org\/aealtipla\/files\/2015\/03\/DSC_0625-copia-150x150.jpg 150w, https:\/\/blocs.xarxanet.org\/aealtipla\/files\/2015\/03\/DSC_0625-copia-1024x1020.jpg 1024w\" sizes=\"auto, (max-width: 300px) 85vw, 300px\" \/><\/a><\/span><\/p>\n<p>&nbsp;<\/p>\n<p>&nbsp;<\/p>\n<p>&nbsp;<\/p>\n<p>&nbsp;<\/p>\n<p>&nbsp;<\/p>\n","protected":false},"excerpt":{"rendered":"<p>SORTIDES REALITZADES al febrer SANT JAUME DE FRONTANY\u00c0 Sortida de muntanya Diumenge, 22 de febrer del 2015 Durada: Entre 5:30 i 6 h Dist\u00e0ncia: 15 Km Desnivell: +650 -650\u00a0\u00a0\u00a0\u00a0\u00a0\u00a0\u00a0\u00a0 Dificultat: Mitja Material: Material per a tot el dia, esmorzar i dinar. Imprescindible cal\u00e7at c\u00f2mode i amb bona adher\u00e8ncia, roba adient per caminar per la muntanya &hellip; <a href=\"https:\/\/blocs.xarxanet.org\/aealtipla\/excursions\/2014-2\/hivern-2015\/\" class=\"more-link\">Continua llegint <span class=\"screen-reader-text\">\u00abHivern 2015\u00bb<\/span><\/a><\/p>\n","protected":false},"author":129,"featured_media":0,"parent":3800,"menu_order":1,"comment_status":"closed","ping_status":"closed","template":"","meta":{"_s2mail":"yes","footnotes":""},"class_list":["post-4024","page","type-page","status-publish","hentry"],"_links":{"self":[{"href":"https:\/\/blocs.xarxanet.org\/aealtipla\/wp-json\/wp\/v2\/pages\/4024","targetHints":{"allow":["GET"]}}],"collection":[{"href":"https:\/\/blocs.xarxanet.org\/aealtipla\/wp-json\/wp\/v2\/pages"}],"about":[{"href":"https:\/\/blocs.xarxanet.org\/aealtipla\/wp-json\/wp\/v2\/types\/page"}],"author":[{"embeddable":true,"href":"https:\/\/blocs.xarxanet.org\/aealtipla\/wp-json\/wp\/v2\/users\/129"}],"replies":[{"embeddable":true,"href":"https:\/\/blocs.xarxanet.org\/aealtipla\/wp-json\/wp\/v2\/comments?post=4024"}],"version-history":[{"count":3,"href":"https:\/\/blocs.xarxanet.org\/aealtipla\/wp-json\/wp\/v2\/pages\/4024\/revisions"}],"predecessor-version":[{"id":4108,"href":"https:\/\/blocs.xarxanet.org\/aealtipla\/wp-json\/wp\/v2\/pages\/4024\/revisions\/4108"}],"up":[{"embeddable":true,"href":"https:\/\/blocs.xarxanet.org\/aealtipla\/wp-json\/wp\/v2\/pages\/3800"}],"wp:attachment":[{"href":"https:\/\/blocs.xarxanet.org\/aealtipla\/wp-json\/wp\/v2\/media?parent=4024"}],"curies":[{"name":"wp","href":"https:\/\/api.w.org\/{rel}","templated":true}]}}