{"id":4010,"date":"2021-03-11T18:11:43","date_gmt":"2021-03-11T17:11:43","guid":{"rendered":"http:\/\/blocs.xarxanet.org\/aealtipla\/?page_id=4010"},"modified":"2021-03-11T19:27:37","modified_gmt":"2021-03-11T18:27:37","slug":"estiu-2018","status":"publish","type":"page","link":"https:\/\/blocs.xarxanet.org\/aealtipla\/excursions\/2018-2\/estiu-2018\/","title":{"rendered":"Estiu 2018"},"content":{"rendered":"<h3>SORTIDES REALITZADES al juliol<\/h3>\n<p><strong>01\/07 Passejada de Festa Major.<\/strong> de 19:15 a 22h Dificultat baixa<\/p>\n<p><img loading=\"lazy\" decoding=\"async\" class=\"aligncenter size-medium wp-image-3532\" src=\"http:\/\/blocs.xarxanet.org\/aealtipla\/files\/2018\/09\/IMG_0605-300x225.jpg\" alt=\"\" width=\"300\" height=\"225\" srcset=\"https:\/\/blocs.xarxanet.org\/aealtipla\/files\/2018\/09\/IMG_0605-300x225.jpg 300w, https:\/\/blocs.xarxanet.org\/aealtipla\/files\/2018\/09\/IMG_0605-768x576.jpg 768w, https:\/\/blocs.xarxanet.org\/aealtipla\/files\/2018\/09\/IMG_0605-1024x768.jpg 1024w\" sizes=\"auto, (max-width: 300px) 85vw, 300px\" \/><\/p>\n<p>La tradicional Passejada de Festa Major es va fer entre vegetaci\u00f3 especialment exuberant i florida. Enguany l&#8217;itinerari es va variar lleugerament, fent-lo m\u00e9s planer i visitant la zona agroforestal que connecta la ciutat de Sant Cugat amb el Parc de Collserola.<\/p>\n<p><strong>14, 15 i 16\u00a0de juliol: Sortida d&#8217;alta muntanya a Benasque.<\/strong><\/p>\n<p>Dia 14: Sortida a les 7,00 h., de Sant Cugat.\u00a0En arribar\u00a0a l\u00b4aparcament de \u201cLlanos del Hospital\u201d (Benasque),\u00a0vam deixar els cotxes per agafar l\u2019autob\u00fas de servei regular que ens va portar fins a la Besurta (1860 m.)<\/p>\n<p><strong>&#8211; <u>Ib\u00f3n del Coll de Toro<\/u> <\/strong>(2.240 m.), <strong>424 m. de desnivel <\/strong>des de La Besurta, pasant pel <strong>\u201cForau de Aiguallut\u201d<u>.\u00a0<\/u><\/strong> F\u00e0cil.<\/p>\n<p><img loading=\"lazy\" decoding=\"async\" class=\"aligncenter size-large wp-image-3533\" src=\"http:\/\/blocs.xarxanet.org\/aealtipla\/files\/2018\/09\/IMG_0629-1024x768.jpg\" alt=\"\" width=\"495\" height=\"371\" srcset=\"https:\/\/blocs.xarxanet.org\/aealtipla\/files\/2018\/09\/IMG_0629-1024x768.jpg 1024w, https:\/\/blocs.xarxanet.org\/aealtipla\/files\/2018\/09\/IMG_0629-300x225.jpg 300w, https:\/\/blocs.xarxanet.org\/aealtipla\/files\/2018\/09\/IMG_0629-768x576.jpg 768w\" sizes=\"auto, (max-width: 495px) 85vw, 495px\" \/><\/p>\n<p><strong>Dia 15: <strong><strong>&#8211;<u>Tuca de\u00a0Salvaguardia<\/u> <\/strong>(2738 m.) circular. <\/strong><\/strong>Des de l\u2019aparcament del final de la ctra. de Benasque (1800 m.), vam pujar al \u201cPortill\u00f3n de Benasque\u201d<u> (2440 m.).<\/u> Des d&#8217;all\u00e0 vam pujar y baixar la \u201cTuca de Salvaguardia\u201d (2738 m., tram curt amb cable).\u00a0Baixada definitiva al aparcament per un interessant cam\u00ed en lla\u00e7ades. Prou f\u00e0cil.<\/p>\n<p><img loading=\"lazy\" decoding=\"async\" class=\"aligncenter size-large wp-image-3534\" src=\"http:\/\/blocs.xarxanet.org\/aealtipla\/files\/2018\/09\/IMG_0649-1024x768.jpg\" alt=\"\" width=\"495\" height=\"371\" srcset=\"https:\/\/blocs.xarxanet.org\/aealtipla\/files\/2018\/09\/IMG_0649-1024x768.jpg 1024w, https:\/\/blocs.xarxanet.org\/aealtipla\/files\/2018\/09\/IMG_0649-300x225.jpg 300w, https:\/\/blocs.xarxanet.org\/aealtipla\/files\/2018\/09\/IMG_0649-768x576.jpg 768w\" sizes=\"auto, (max-width: 495px) 85vw, 495px\" \/><img loading=\"lazy\" decoding=\"async\" class=\"aligncenter size-large wp-image-3535\" src=\"http:\/\/blocs.xarxanet.org\/aealtipla\/files\/2018\/09\/IMG_0654-1024x768.jpg\" alt=\"\" width=\"495\" height=\"371\" srcset=\"https:\/\/blocs.xarxanet.org\/aealtipla\/files\/2018\/09\/IMG_0654-1024x768.jpg 1024w, https:\/\/blocs.xarxanet.org\/aealtipla\/files\/2018\/09\/IMG_0654-300x225.jpg 300w, https:\/\/blocs.xarxanet.org\/aealtipla\/files\/2018\/09\/IMG_0654-768x576.jpg 768w\" sizes=\"auto, (max-width: 495px) 85vw, 495px\" \/><\/p>\n<p><strong>Dia 16: <\/strong>No es va poder fer cap excursi\u00f3 per pluja continuada.<\/p>\n<h6>Col\u00b7laboren<\/h6>\n<p><img loading=\"lazy\" decoding=\"async\" class=\"wp-image-3510 alignleft\" src=\"http:\/\/blocs.xarxanet.org\/aealtipla\/files\/2018\/09\/DB-Persones-color-horitzontal-201-1024x168.jpg\" alt=\"\" width=\"232\" height=\"38\" srcset=\"https:\/\/blocs.xarxanet.org\/aealtipla\/files\/2018\/09\/DB-Persones-color-horitzontal-201-1024x168.jpg 1024w, https:\/\/blocs.xarxanet.org\/aealtipla\/files\/2018\/09\/DB-Persones-color-horitzontal-201-300x49.jpg 300w, https:\/\/blocs.xarxanet.org\/aealtipla\/files\/2018\/09\/DB-Persones-color-horitzontal-201-768x126.jpg 768w, https:\/\/blocs.xarxanet.org\/aealtipla\/files\/2018\/09\/DB-Persones-color-horitzontal-201.jpg 1053w\" sizes=\"auto, (max-width: 232px) 85vw, 232px\" \/><img loading=\"lazy\" decoding=\"async\" class=\"aligncenter wp-image-3512\" src=\"http:\/\/blocs.xarxanet.org\/aealtipla\/files\/2018\/09\/ajsantcugat.jpg\" alt=\"\" width=\"183\" height=\"79\" srcset=\"https:\/\/blocs.xarxanet.org\/aealtipla\/files\/2018\/09\/ajsantcugat.jpg 463w, https:\/\/blocs.xarxanet.org\/aealtipla\/files\/2018\/09\/ajsantcugat-300x130.jpg 300w\" sizes=\"auto, (max-width: 183px) 85vw, 183px\" \/><\/p>\n<hr \/>\n<h5>SORTIDES REALITZADES al setembre<\/h5>\n<p><strong>Dissabte, 22\/09 El Pont Cabrad\u00eds<\/strong>.\u00a0Sortida de muntanya de tot el dia al nord del Solson\u00e8s.<\/p>\n<p>EL RIU AIG\u00dcES DE VALLS I EL PONT CABRADIS.<img loading=\"lazy\" decoding=\"async\" class=\"alignright size-medium wp-image-3560\" src=\"http:\/\/blocs.xarxanet.org\/aealtipla\/files\/2018\/09\/WP_20170722_12_16_51_Pro-300x168.jpg\" alt=\"\" width=\"300\" height=\"168\" srcset=\"https:\/\/blocs.xarxanet.org\/aealtipla\/files\/2018\/09\/WP_20170722_12_16_51_Pro-300x168.jpg 300w, https:\/\/blocs.xarxanet.org\/aealtipla\/files\/2018\/09\/WP_20170722_12_16_51_Pro-768x431.jpg 768w, https:\/\/blocs.xarxanet.org\/aealtipla\/files\/2018\/09\/WP_20170722_12_16_51_Pro-1024x575.jpg 1024w, https:\/\/blocs.xarxanet.org\/aealtipla\/files\/2018\/09\/WP_20170722_12_16_51_Pro.jpg 1632w\" sizes=\"auto, (max-width: 300px) 85vw, 300px\" \/><\/p>\n<p>El riu Aig\u00fces de Valls neix al Bergued\u00e0 (G\u00f3sol) i entrant en el Solson\u00e8s alimenta el pant\u00e0 de la Llosa del Cavall junt amb el Cardener. L&#8217;excursi\u00f3 que proposem es circular per les dues ribes: l&#8217;obaga riu avall, i la solana amunt per les cornises dels penyassegats que es despengen sobre el riu. L&#8217;atractiu principal de la sortida, es el Pont Cabradis, curiositat geol\u00f2gica espectacular.<\/p>\n<p>Sortida de la resclosa de Les Pintes. Seguirem pista avall fins a la Central i creuarem el riu al Mol\u00ed de La Corriu. Remuntarem el torrent i per pistes i camins arribarem a les ru\u00efnes de la casa de La Corriu.<\/p>\n<p><img loading=\"lazy\" decoding=\"async\" class=\"aligncenter size-large wp-image-3561\" src=\"http:\/\/blocs.xarxanet.org\/aealtipla\/files\/2018\/09\/IMG_9073-1024x575.jpg\" alt=\"\" width=\"495\" height=\"278\" srcset=\"https:\/\/blocs.xarxanet.org\/aealtipla\/files\/2018\/09\/IMG_9073-1024x575.jpg 1024w, https:\/\/blocs.xarxanet.org\/aealtipla\/files\/2018\/09\/IMG_9073-300x168.jpg 300w, https:\/\/blocs.xarxanet.org\/aealtipla\/files\/2018\/09\/IMG_9073-768x431.jpg 768w\" sizes=\"auto, (max-width: 495px) 85vw, 495px\" \/>Aqui comencem el flanqueix pel cam\u00ed de la solana, travesant torrents secundaris, cornises i miradors,<\/p>\n<p><img loading=\"lazy\" decoding=\"async\" class=\"aligncenter size-large wp-image-3562\" src=\"http:\/\/blocs.xarxanet.org\/aealtipla\/files\/2018\/09\/IMG_9087-1024x575.jpg\" alt=\"\" width=\"495\" height=\"278\" srcset=\"https:\/\/blocs.xarxanet.org\/aealtipla\/files\/2018\/09\/IMG_9087-1024x575.jpg 1024w, https:\/\/blocs.xarxanet.org\/aealtipla\/files\/2018\/09\/IMG_9087-300x168.jpg 300w, https:\/\/blocs.xarxanet.org\/aealtipla\/files\/2018\/09\/IMG_9087-768x431.jpg 768w\" sizes=\"auto, (max-width: 495px) 85vw, 495px\" \/><img loading=\"lazy\" decoding=\"async\" class=\"aligncenter size-large wp-image-3563\" src=\"http:\/\/blocs.xarxanet.org\/aealtipla\/files\/2018\/09\/IMG_9099-1001x1024.jpg\" alt=\"\" width=\"495\" height=\"506\" srcset=\"https:\/\/blocs.xarxanet.org\/aealtipla\/files\/2018\/09\/IMG_9099-1001x1024.jpg 1001w, https:\/\/blocs.xarxanet.org\/aealtipla\/files\/2018\/09\/IMG_9099-293x300.jpg 293w, https:\/\/blocs.xarxanet.org\/aealtipla\/files\/2018\/09\/IMG_9099-768x785.jpg 768w\" sizes=\"auto, (max-width: 495px) 85vw, 495px\" \/><img loading=\"lazy\" decoding=\"async\" class=\"aligncenter size-large wp-image-3564\" src=\"http:\/\/blocs.xarxanet.org\/aealtipla\/files\/2018\/09\/WP_20170722_14_00_17_Pro-575x1024.jpg\" alt=\"\" width=\"495\" height=\"882\" srcset=\"https:\/\/blocs.xarxanet.org\/aealtipla\/files\/2018\/09\/WP_20170722_14_00_17_Pro-575x1024.jpg 575w, https:\/\/blocs.xarxanet.org\/aealtipla\/files\/2018\/09\/WP_20170722_14_00_17_Pro-168x300.jpg 168w, https:\/\/blocs.xarxanet.org\/aealtipla\/files\/2018\/09\/WP_20170722_14_00_17_Pro-768x1368.jpg 768w, https:\/\/blocs.xarxanet.org\/aealtipla\/files\/2018\/09\/WP_20170722_14_00_17_Pro.jpg 916w\" sizes=\"auto, (max-width: 495px) 85vw, 495px\" \/>fins ja en el Bergued\u00e0 arribar al Pont Cabradis, al qual accedirem per una f\u00e0cil desgrimpada.<\/p>\n<p><img loading=\"lazy\" decoding=\"async\" class=\"aligncenter size-large wp-image-3565\" src=\"http:\/\/blocs.xarxanet.org\/aealtipla\/files\/2018\/09\/IMG_9113-1024x503.jpg\" alt=\"\" width=\"495\" height=\"243\" srcset=\"https:\/\/blocs.xarxanet.org\/aealtipla\/files\/2018\/09\/IMG_9113-1024x503.jpg 1024w, https:\/\/blocs.xarxanet.org\/aealtipla\/files\/2018\/09\/IMG_9113-300x147.jpg 300w, https:\/\/blocs.xarxanet.org\/aealtipla\/files\/2018\/09\/IMG_9113-768x377.jpg 768w\" sizes=\"auto, (max-width: 495px) 85vw, 495px\" \/><img loading=\"lazy\" decoding=\"async\" class=\"aligncenter size-large wp-image-3566\" src=\"http:\/\/blocs.xarxanet.org\/aealtipla\/files\/2018\/09\/WP_20170722_16_26_19_Pro-1024x575.jpg\" alt=\"\" width=\"495\" height=\"278\" srcset=\"https:\/\/blocs.xarxanet.org\/aealtipla\/files\/2018\/09\/WP_20170722_16_26_19_Pro-1024x575.jpg 1024w, https:\/\/blocs.xarxanet.org\/aealtipla\/files\/2018\/09\/WP_20170722_16_26_19_Pro-300x168.jpg 300w, https:\/\/blocs.xarxanet.org\/aealtipla\/files\/2018\/09\/WP_20170722_16_26_19_Pro-768x431.jpg 768w, https:\/\/blocs.xarxanet.org\/aealtipla\/files\/2018\/09\/WP_20170722_16_26_19_Pro.jpg 1632w\" sizes=\"auto, (max-width: 495px) 85vw, 495px\" \/> Tornarem al cam\u00ed que hem deixat, passsant tot seguit per sobre el pont on hi ha una font.<\/p>\n<p>La tornada al cotxe es curta per\u00f3 entretinguda, amb passos curts equipats per si el terreny est\u00e0 mullat i travessa del torrent Fondo &#8220;a gual&#8221;.<\/p>\n<p><img loading=\"lazy\" decoding=\"async\" class=\"aligncenter size-large wp-image-3567\" src=\"http:\/\/blocs.xarxanet.org\/aealtipla\/files\/2018\/09\/IMG_9122-1024x575.jpg\" alt=\"\" width=\"495\" height=\"278\" srcset=\"https:\/\/blocs.xarxanet.org\/aealtipla\/files\/2018\/09\/IMG_9122-1024x575.jpg 1024w, https:\/\/blocs.xarxanet.org\/aealtipla\/files\/2018\/09\/IMG_9122-300x168.jpg 300w, https:\/\/blocs.xarxanet.org\/aealtipla\/files\/2018\/09\/IMG_9122-768x431.jpg 768w\" sizes=\"auto, (max-width: 495px) 85vw, 495px\" \/>Una escala met\u00e0licade baixada amb passam\u00e0 ens dur\u00e0 al nivell del riu i desseguida al cotxe.<\/p>\n<p>M\u00e9s fotos <a href=\"https:\/\/photos.app.goo.gl\/PiHqFxre6rrU2bv78\">aqu\u00ed.<\/a><\/p>\n<p>DIST\u00c0NCIA: 10,4 Km<\/p>\n<p>DURADA: unes 6 hores.<\/p>\n<p>DESNIVEL: 610 m. acumulats de pujades.<\/p>\n<p>DIFICULTAT: Mitjana en general i precauci\u00f3 en els passos equipats si est\u00e0 mullat. Dificultat mitjana-alta.<\/p>\n<p><strong>Diumenge 02\/09 Escalada infantil i d&#8217;adults<\/strong> (Collbat\u00f3-Montserrat). Sortida matinal.<\/p>\n<p>Enguany vam anar al peu de Montserrat, a prop de Collbat\u00f3, i vam gaudir de l&#8217;iniciaci\u00f3 a l&#8217;escalada de la m\u00e9s menuda (3 anyets). I D\u00e9u n&#8217;hi d\u00f3 el que va escalar!!<\/p>\n<p><img loading=\"lazy\" decoding=\"async\" class=\"aligncenter size-large wp-image-3545\" src=\"http:\/\/blocs.xarxanet.org\/aealtipla\/files\/2018\/09\/IMG_0763-1024x768.jpg\" alt=\"\" width=\"495\" height=\"371\" srcset=\"https:\/\/blocs.xarxanet.org\/aealtipla\/files\/2018\/09\/IMG_0763-1024x768.jpg 1024w, https:\/\/blocs.xarxanet.org\/aealtipla\/files\/2018\/09\/IMG_0763-300x225.jpg 300w, https:\/\/blocs.xarxanet.org\/aealtipla\/files\/2018\/09\/IMG_0763-768x576.jpg 768w\" sizes=\"auto, (max-width: 495px) 85vw, 495px\" \/><img loading=\"lazy\" decoding=\"async\" class=\"aligncenter size-large wp-image-3546\" src=\"http:\/\/blocs.xarxanet.org\/aealtipla\/files\/2018\/09\/IMG_0765-848x1024.jpg\" alt=\"\" width=\"495\" height=\"598\" srcset=\"https:\/\/blocs.xarxanet.org\/aealtipla\/files\/2018\/09\/IMG_0765-848x1024.jpg 848w, https:\/\/blocs.xarxanet.org\/aealtipla\/files\/2018\/09\/IMG_0765-248x300.jpg 248w, https:\/\/blocs.xarxanet.org\/aealtipla\/files\/2018\/09\/IMG_0765-768x928.jpg 768w\" sizes=\"auto, (max-width: 495px) 85vw, 495px\" \/><\/p>\n<h5>COL\u00b7LABOREN<\/h5>\n<p><img loading=\"lazy\" decoding=\"async\" class=\"alignleft wp-image-3549\" src=\"http:\/\/blocs.xarxanet.org\/aealtipla\/files\/2018\/09\/logo_feec_horitzontal-1024x359.jpg\" alt=\"\" width=\"191\" height=\"67\" srcset=\"https:\/\/blocs.xarxanet.org\/aealtipla\/files\/2018\/09\/logo_feec_horitzontal-1024x359.jpg 1024w, https:\/\/blocs.xarxanet.org\/aealtipla\/files\/2018\/09\/logo_feec_horitzontal-300x105.jpg 300w, https:\/\/blocs.xarxanet.org\/aealtipla\/files\/2018\/09\/logo_feec_horitzontal-768x269.jpg 768w\" sizes=\"auto, (max-width: 191px) 85vw, 191px\" \/><img loading=\"lazy\" decoding=\"async\" class=\"alignleft wp-image-3510\" src=\"http:\/\/blocs.xarxanet.org\/aealtipla\/files\/2018\/09\/DB-Persones-color-horitzontal-201-1024x168.jpg\" alt=\"\" width=\"232\" height=\"38\" srcset=\"https:\/\/blocs.xarxanet.org\/aealtipla\/files\/2018\/09\/DB-Persones-color-horitzontal-201-1024x168.jpg 1024w, https:\/\/blocs.xarxanet.org\/aealtipla\/files\/2018\/09\/DB-Persones-color-horitzontal-201-300x49.jpg 300w, https:\/\/blocs.xarxanet.org\/aealtipla\/files\/2018\/09\/DB-Persones-color-horitzontal-201-768x126.jpg 768w, https:\/\/blocs.xarxanet.org\/aealtipla\/files\/2018\/09\/DB-Persones-color-horitzontal-201.jpg 1053w\" sizes=\"auto, (max-width: 232px) 85vw, 232px\" \/><img loading=\"lazy\" decoding=\"async\" class=\"alignleft wp-image-3512\" src=\"http:\/\/blocs.xarxanet.org\/aealtipla\/files\/2018\/09\/ajsantcugat.jpg\" alt=\"\" width=\"122\" height=\"53\" srcset=\"https:\/\/blocs.xarxanet.org\/aealtipla\/files\/2018\/09\/ajsantcugat.jpg 463w, https:\/\/blocs.xarxanet.org\/aealtipla\/files\/2018\/09\/ajsantcugat-300x130.jpg 300w\" sizes=\"auto, (max-width: 122px) 85vw, 122px\" \/><\/p>\n","protected":false},"excerpt":{"rendered":"<p>SORTIDES REALITZADES al juliol 01\/07 Passejada de Festa Major. de 19:15 a 22h Dificultat baixa La tradicional Passejada de Festa Major es va fer entre vegetaci\u00f3 especialment exuberant i florida. Enguany l&#8217;itinerari es va variar lleugerament, fent-lo m\u00e9s planer i visitant la zona agroforestal que connecta la ciutat de Sant Cugat amb el Parc de &hellip; <a href=\"https:\/\/blocs.xarxanet.org\/aealtipla\/excursions\/2018-2\/estiu-2018\/\" class=\"more-link\">Continua llegint <span class=\"screen-reader-text\">\u00abEstiu 2018\u00bb<\/span><\/a><\/p>\n","protected":false},"author":129,"featured_media":0,"parent":3809,"menu_order":3,"comment_status":"closed","ping_status":"closed","template":"","meta":{"_s2mail":"yes","footnotes":""},"class_list":["post-4010","page","type-page","status-publish","hentry"],"_links":{"self":[{"href":"https:\/\/blocs.xarxanet.org\/aealtipla\/wp-json\/wp\/v2\/pages\/4010","targetHints":{"allow":["GET"]}}],"collection":[{"href":"https:\/\/blocs.xarxanet.org\/aealtipla\/wp-json\/wp\/v2\/pages"}],"about":[{"href":"https:\/\/blocs.xarxanet.org\/aealtipla\/wp-json\/wp\/v2\/types\/page"}],"author":[{"embeddable":true,"href":"https:\/\/blocs.xarxanet.org\/aealtipla\/wp-json\/wp\/v2\/users\/129"}],"replies":[{"embeddable":true,"href":"https:\/\/blocs.xarxanet.org\/aealtipla\/wp-json\/wp\/v2\/comments?post=4010"}],"version-history":[{"count":3,"href":"https:\/\/blocs.xarxanet.org\/aealtipla\/wp-json\/wp\/v2\/pages\/4010\/revisions"}],"predecessor-version":[{"id":4093,"href":"https:\/\/blocs.xarxanet.org\/aealtipla\/wp-json\/wp\/v2\/pages\/4010\/revisions\/4093"}],"up":[{"embeddable":true,"href":"https:\/\/blocs.xarxanet.org\/aealtipla\/wp-json\/wp\/v2\/pages\/3809"}],"wp:attachment":[{"href":"https:\/\/blocs.xarxanet.org\/aealtipla\/wp-json\/wp\/v2\/media?parent=4010"}],"curies":[{"name":"wp","href":"https:\/\/api.w.org\/{rel}","templated":true}]}}