{"id":4008,"date":"2021-03-11T18:10:31","date_gmt":"2021-03-11T17:10:31","guid":{"rendered":"http:\/\/blocs.xarxanet.org\/aealtipla\/?page_id=4008"},"modified":"2022-01-26T19:30:14","modified_gmt":"2022-01-26T18:30:14","slug":"hivern-2018","status":"publish","type":"page","link":"https:\/\/blocs.xarxanet.org\/aealtipla\/excursions\/2018-2\/hivern-2018\/","title":{"rendered":"Hivern 2018"},"content":{"rendered":"<p><u><em><strong>SORTIDES REALITZADES al gener<\/strong><\/em><\/u><\/p>\n<p><u><strong>20\/01 Mirador dels avions- La Bunyola (Delta del Llobregat).<\/strong><\/u><br \/>\nSortida tranquil\u00b7la matinal.<\/p>\n<p>Visita a l&#8217;exposici\u00f3 &#8220;100 anys d&#8217;aviaci\u00f3 al Prat&#8221;. Passejada per l&#8217;espai natural del Delta del Llobregat, amb interessant fauna i flora i nombrosos punts d&#8217;inter\u00e8s (Mirador dels avions, La Bunyola, els Carabiners, el Sem\u00e0for).\u00a0Itinerari pla, d&#8217;uns 5Km, sense cap dificultat.<\/p>\n<p><img loading=\"lazy\" decoding=\"async\" class=\"aligncenter size-large wp-image-3399\" src=\"http:\/\/blocs.xarxanet.org\/aealtipla\/files\/2017\/12\/IMG_0017-1024x768.jpg\" alt=\"\" width=\"495\" height=\"371\" srcset=\"https:\/\/blocs.xarxanet.org\/aealtipla\/files\/2017\/12\/IMG_0017-1024x768.jpg 1024w, https:\/\/blocs.xarxanet.org\/aealtipla\/files\/2017\/12\/IMG_0017-300x225.jpg 300w, https:\/\/blocs.xarxanet.org\/aealtipla\/files\/2017\/12\/IMG_0017-768x576.jpg 768w\" sizes=\"auto, (max-width: 495px) 85vw, 495px\" \/><\/p>\n<p><img loading=\"lazy\" decoding=\"async\" class=\"aligncenter size-large wp-image-3398\" src=\"http:\/\/blocs.xarxanet.org\/aealtipla\/files\/2017\/12\/IMG_0605-1024x768.jpg\" alt=\"\" width=\"495\" height=\"371\" srcset=\"https:\/\/blocs.xarxanet.org\/aealtipla\/files\/2017\/12\/IMG_0605-1024x768.jpg 1024w, https:\/\/blocs.xarxanet.org\/aealtipla\/files\/2017\/12\/IMG_0605-300x225.jpg 300w, https:\/\/blocs.xarxanet.org\/aealtipla\/files\/2017\/12\/IMG_0605-768x576.jpg 768w\" sizes=\"auto, (max-width: 495px) 85vw, 495px\" \/><\/p>\n<p><u><strong>14\/01 Recollida del pessebre. <\/strong><\/u><br \/>\nSortida maternoinfantil matinal de poca dificultat, des de la Vall d&#8217;Horta fins als peus de Castell de Pera.<\/p>\n<p><img loading=\"lazy\" decoding=\"async\" class=\"size-large wp-image-3351\" src=\"http:\/\/blocs.xarxanet.org\/aealtipla\/files\/2017\/12\/IMG_20171203_113228-1024x768.jpg\" alt=\"\" width=\"495\" height=\"371\" srcset=\"https:\/\/blocs.xarxanet.org\/aealtipla\/files\/2017\/12\/IMG_20171203_113228-1024x768.jpg 1024w, https:\/\/blocs.xarxanet.org\/aealtipla\/files\/2017\/12\/IMG_20171203_113228-300x225.jpg 300w, https:\/\/blocs.xarxanet.org\/aealtipla\/files\/2017\/12\/IMG_20171203_113228-768x576.jpg 768w\" sizes=\"auto, (max-width: 495px) 85vw, 495px\" \/><\/p>\n<p><strong>COL<\/strong><strong>\u00b7LABOREN\u00a0\u00a0 <\/strong><\/p>\n<p><strong><img loading=\"lazy\" decoding=\"async\" class=\"wp-image-2971 alignleft\" src=\"http:\/\/blocs.xarxanet.org\/aealtipla\/files\/2017\/01\/ajsantcugatbis-300x130.png\" alt=\"ajsantcugatbis\" width=\"120\" height=\"52\" srcset=\"https:\/\/blocs.xarxanet.org\/aealtipla\/files\/2017\/01\/ajsantcugatbis-300x130.png 300w, https:\/\/blocs.xarxanet.org\/aealtipla\/files\/2017\/01\/ajsantcugatbis.png 463w\" sizes=\"auto, (max-width: 120px) 85vw, 120px\" \/><img loading=\"lazy\" decoding=\"async\" class=\"aligncenter size-medium wp-image-2223\" src=\"http:\/\/blocs.xarxanet.org\/aealtipla\/files\/2014\/10\/DB-Persones-color-horitzontal-201-300x49.jpg\" alt=\"DB Persones color horitzontal 201\" width=\"300\" height=\"49\" srcset=\"https:\/\/blocs.xarxanet.org\/aealtipla\/files\/2014\/10\/DB-Persones-color-horitzontal-201-300x49.jpg 300w, https:\/\/blocs.xarxanet.org\/aealtipla\/files\/2014\/10\/DB-Persones-color-horitzontal-201-1024x168.jpg 1024w, https:\/\/blocs.xarxanet.org\/aealtipla\/files\/2014\/10\/DB-Persones-color-horitzontal-201.jpg 1053w\" sizes=\"auto, (max-width: 300px) 85vw, 300px\" \/><\/strong><\/p>\n<p><img loading=\"lazy\" decoding=\"async\" class=\"alignright wp-image-2967\" src=\"http:\/\/blocs.xarxanet.org\/aealtipla\/files\/2017\/01\/logofeecfonsblanc.png\" alt=\"logofeecfonsblanc\" width=\"206\" height=\"53\" \/><\/p>\n<p>&nbsp;<\/p>\n<p>&nbsp;<\/p>\n<p><u><em><strong>SORTIDES REALITZADES al febrer<\/strong><\/em><\/u><\/p>\n<p><u><strong>17\/02 Passejada i Barbacoa (Sant Lloren\u00e7 del Munt).\u00a0<\/strong><\/u><br \/>\n<em>Activitat social. Per a socis i acompanyants. Dificultat mitjana-baixa.<\/em><\/p>\n<p>Tradicional trobada per fer un excel\u00b7lent \u00e0pat a la muntanya, concretament a l&#8217;\u00c0rea d&#8217;Esplai del Torrent de l&#8217;Escaiola, precedit d&#8217;una f\u00e0cil i curta excursi\u00f3 de muntanya des de la Torre de l&#8217;\u00c0ngel fins al peu del Morralet de la Mare de D\u00e9u.<\/p>\n<p><img loading=\"lazy\" decoding=\"async\" class=\"aligncenter size-medium wp-image-3424\" src=\"http:\/\/blocs.xarxanet.org\/aealtipla\/files\/2018\/01\/IMG_0073-300x225.jpg\" alt=\"\" width=\"300\" height=\"225\" srcset=\"https:\/\/blocs.xarxanet.org\/aealtipla\/files\/2018\/01\/IMG_0073-300x225.jpg 300w, https:\/\/blocs.xarxanet.org\/aealtipla\/files\/2018\/01\/IMG_0073-768x576.jpg 768w, https:\/\/blocs.xarxanet.org\/aealtipla\/files\/2018\/01\/IMG_0073-1024x768.jpg 1024w\" sizes=\"auto, (max-width: 300px) 85vw, 300px\" \/><img loading=\"lazy\" decoding=\"async\" class=\"aligncenter size-medium wp-image-2956\" src=\"http:\/\/blocs.xarxanet.org\/aealtipla\/files\/2017\/01\/DSC_0773-300x201.jpg\" alt=\"\" width=\"300\" height=\"201\" srcset=\"https:\/\/blocs.xarxanet.org\/aealtipla\/files\/2017\/01\/DSC_0773-300x201.jpg 300w, https:\/\/blocs.xarxanet.org\/aealtipla\/files\/2017\/01\/DSC_0773-768x514.jpg 768w, https:\/\/blocs.xarxanet.org\/aealtipla\/files\/2017\/01\/DSC_0773-1024x685.jpg 1024w\" sizes=\"auto, (max-width: 300px) 85vw, 300px\" \/><\/p>\n<p><u><strong>04\/02 Roca Sereny(Sant Lloren\u00e7 del Munt).<\/strong><\/u><br \/>\nMatinal de muntanya<\/p>\n<p>Els valents participants vam sortir mentalitzats per a pluja molt suau, intermitent, que va comen\u00e7ar a caure ja a l&#8217;inici de l&#8217;excursi\u00f3 i\u00a0que va humitejar un xic m\u00e9s del previst tant les persones com els camins i l&#8217;entorn. Tot i aix\u00ed l&#8217;excursi\u00f3 es va fer tal i com estava prevista (pujada al Castell de Pera, circumval\u00b7laci\u00f3 i travessa de\u00a0Roca Sereny i descens per les masies de la Vall d&#8217;Horta).<\/p>\n<p><img loading=\"lazy\" decoding=\"async\" class=\"aligncenter size-medium wp-image-3413\" src=\"http:\/\/blocs.xarxanet.org\/aealtipla\/files\/2018\/01\/IMG_0064-300x225.jpg\" alt=\"\" width=\"300\" height=\"225\" srcset=\"https:\/\/blocs.xarxanet.org\/aealtipla\/files\/2018\/01\/IMG_0064-300x225.jpg 300w, https:\/\/blocs.xarxanet.org\/aealtipla\/files\/2018\/01\/IMG_0064-768x576.jpg 768w, https:\/\/blocs.xarxanet.org\/aealtipla\/files\/2018\/01\/IMG_0064-1024x768.jpg 1024w\" sizes=\"auto, (max-width: 300px) 85vw, 300px\" \/><\/p>\n<p><strong><em>\u00a0<\/em><\/strong><\/p>\n<p>M\u00e9s informaci\u00f3 i inscripcions a <a href=\"mailto:altipla.sortides@caminar.info\"><span style=\"color: #0066cc\">altipla.sortides@caminar.info<\/span><\/a> al tel\u00e8fon 659345972 o presencialment a la Casa de Cultura de Sant Cugat del Vall\u00e8s, despatx 3, dimecres de 8h a 8:30h del vespre.<\/p>\n<p><strong>COL<\/strong><strong>\u00b7LABOREN\u00a0\u00a0 <\/strong><\/p>\n<p><strong><img loading=\"lazy\" decoding=\"async\" class=\"aligncenter wp-image-2967\" src=\"http:\/\/blocs.xarxanet.org\/aealtipla\/files\/2017\/01\/logofeecfonsblanc.png\" alt=\"\" width=\"175\" height=\"45\" \/><\/strong><\/p>\n<p><img loading=\"lazy\" decoding=\"async\" class=\"wp-image-2971 alignleft\" src=\"http:\/\/blocs.xarxanet.org\/aealtipla\/files\/2017\/01\/ajsantcugatbis-300x130.png\" alt=\"ajsantcugatbis\" width=\"120\" height=\"52\" srcset=\"https:\/\/blocs.xarxanet.org\/aealtipla\/files\/2017\/01\/ajsantcugatbis-300x130.png 300w, https:\/\/blocs.xarxanet.org\/aealtipla\/files\/2017\/01\/ajsantcugatbis.png 463w\" sizes=\"auto, (max-width: 120px) 85vw, 120px\" \/><strong><img loading=\"lazy\" decoding=\"async\" class=\"wp-image-2223 alignnone\" src=\"http:\/\/blocs.xarxanet.org\/aealtipla\/files\/2014\/10\/DB-Persones-color-horitzontal-201-1024x168.jpg\" alt=\"\" width=\"293\" height=\"48\" srcset=\"https:\/\/blocs.xarxanet.org\/aealtipla\/files\/2014\/10\/DB-Persones-color-horitzontal-201-1024x168.jpg 1024w, https:\/\/blocs.xarxanet.org\/aealtipla\/files\/2014\/10\/DB-Persones-color-horitzontal-201-300x49.jpg 300w, https:\/\/blocs.xarxanet.org\/aealtipla\/files\/2014\/10\/DB-Persones-color-horitzontal-201.jpg 1053w\" sizes=\"auto, (max-width: 293px) 85vw, 293px\" \/><img loading=\"lazy\" decoding=\"async\" class=\"wp-image-2687 alignleft\" src=\"http:\/\/blocs.xarxanet.org\/aealtipla\/files\/2016\/09\/logo-DBcolor-XarxadeParcsNaturalshoritzontalColor201-1024x143.jpg\" alt=\"\" width=\"352\" height=\"49\" srcset=\"https:\/\/blocs.xarxanet.org\/aealtipla\/files\/2016\/09\/logo-DBcolor-XarxadeParcsNaturalshoritzontalColor201-1024x143.jpg 1024w, https:\/\/blocs.xarxanet.org\/aealtipla\/files\/2016\/09\/logo-DBcolor-XarxadeParcsNaturalshoritzontalColor201-300x42.jpg 300w, https:\/\/blocs.xarxanet.org\/aealtipla\/files\/2016\/09\/logo-DBcolor-XarxadeParcsNaturalshoritzontalColor201-768x107.jpg 768w, https:\/\/blocs.xarxanet.org\/aealtipla\/files\/2016\/09\/logo-DBcolor-XarxadeParcsNaturalshoritzontalColor201.jpg 1237w\" sizes=\"auto, (max-width: 352px) 85vw, 352px\" \/><\/strong><\/p>\n<hr \/>\n<p><u><strong>SORTIDES REALITZADES al mar\u00e7<\/strong><\/u><\/p>\n<p><u><em><strong>04\/03 El Castell de Burriac (Serralada Litoral).\u00a0<\/strong><\/em><\/u><br \/>\n<em>Matinal de muntanya.<\/em><\/p>\n<p>Iniciem l&#8217;excursi\u00f3 a Cabrera de Mar, des de la que es veu tot l&#8217;itinerari, amb un\u00a0cel blau gaireb\u00e9 sense un n\u00favol. Ens dirigim al Castell de Burriac que albirem al fons.<\/p>\n<p><img loading=\"lazy\" decoding=\"async\" class=\"aligncenter size-medium wp-image-3454\" src=\"http:\/\/blocs.xarxanet.org\/aealtipla\/files\/2018\/02\/IMG_0114-300x225.jpg\" alt=\"\" width=\"300\" height=\"225\" srcset=\"https:\/\/blocs.xarxanet.org\/aealtipla\/files\/2018\/02\/IMG_0114-300x225.jpg 300w, https:\/\/blocs.xarxanet.org\/aealtipla\/files\/2018\/02\/IMG_0114-768x576.jpg 768w, https:\/\/blocs.xarxanet.org\/aealtipla\/files\/2018\/02\/IMG_0114-1024x768.jpg 1024w\" sizes=\"auto, (max-width: 300px) 85vw, 300px\" \/><\/p>\n<p>Aviat comencem el bany de bosc de pi pinyoner trepitjant i admirant la roca gran\u00edtica, les curioses arrels a la vora del cam\u00ed i la rica biodiversitat de l&#8217;entorn.<\/p>\n<p><img loading=\"lazy\" decoding=\"async\" class=\"aligncenter size-medium wp-image-3453\" src=\"http:\/\/blocs.xarxanet.org\/aealtipla\/files\/2018\/02\/IMG_0116-300x225.jpg\" alt=\"\" width=\"300\" height=\"225\" srcset=\"https:\/\/blocs.xarxanet.org\/aealtipla\/files\/2018\/02\/IMG_0116-300x225.jpg 300w, https:\/\/blocs.xarxanet.org\/aealtipla\/files\/2018\/02\/IMG_0116-768x576.jpg 768w, https:\/\/blocs.xarxanet.org\/aealtipla\/files\/2018\/02\/IMG_0116-1024x768.jpg 1024w\" sizes=\"auto, (max-width: 300px) 85vw, 300px\" \/><\/p>\n<p>Arribem a la muralla superior del poblat ib\u00e8ric de Burriac. El corriol es fa m\u00e9s i m\u00e9s costerut. La panor\u00e0mica sobre Cabrera, els boscos i el mar, cada vegada m\u00e9s oberta.<\/p>\n<p><img loading=\"lazy\" decoding=\"async\" class=\"aligncenter size-medium wp-image-3455\" src=\"http:\/\/blocs.xarxanet.org\/aealtipla\/files\/2018\/02\/IMG_0123-300x225.jpg\" alt=\"\" width=\"300\" height=\"225\" srcset=\"https:\/\/blocs.xarxanet.org\/aealtipla\/files\/2018\/02\/IMG_0123-300x225.jpg 300w, https:\/\/blocs.xarxanet.org\/aealtipla\/files\/2018\/02\/IMG_0123-768x576.jpg 768w, https:\/\/blocs.xarxanet.org\/aealtipla\/files\/2018\/02\/IMG_0123-1024x768.jpg 1024w\" sizes=\"auto, (max-width: 300px) 85vw, 300px\" \/><\/p>\n<p>Arribem al Castell de Burriac, amb molta gent que sembla haver ascendit per itineraris no tan costeruts. Al cel, els n\u00favols creixen.<\/p>\n<p><img loading=\"lazy\" decoding=\"async\" class=\"aligncenter size-medium wp-image-3456\" src=\"http:\/\/blocs.xarxanet.org\/aealtipla\/files\/2018\/02\/IMG_0126-300x225.jpg\" alt=\"\" width=\"300\" height=\"225\" srcset=\"https:\/\/blocs.xarxanet.org\/aealtipla\/files\/2018\/02\/IMG_0126-300x225.jpg 300w, https:\/\/blocs.xarxanet.org\/aealtipla\/files\/2018\/02\/IMG_0126-768x576.jpg 768w, https:\/\/blocs.xarxanet.org\/aealtipla\/files\/2018\/02\/IMG_0126-1024x768.jpg 1024w\" sizes=\"auto, (max-width: 300px) 85vw, 300px\" \/>Despr\u00e9s d&#8217;un descens curt i dret, arribem al tram carener,\u00a0de m\u00e9s f\u00e0cil tr\u00e0nsit, passant al costat d&#8217;arbres magn\u00edfics.<\/p>\n<p><img loading=\"lazy\" decoding=\"async\" class=\"aligncenter size-medium wp-image-3457\" src=\"http:\/\/blocs.xarxanet.org\/aealtipla\/files\/2018\/02\/IMG_0129-300x225.jpg\" alt=\"\" width=\"300\" height=\"225\" srcset=\"https:\/\/blocs.xarxanet.org\/aealtipla\/files\/2018\/02\/IMG_0129-300x225.jpg 300w, https:\/\/blocs.xarxanet.org\/aealtipla\/files\/2018\/02\/IMG_0129-768x576.jpg 768w, https:\/\/blocs.xarxanet.org\/aealtipla\/files\/2018\/02\/IMG_0129-1024x768.jpg 1024w\" sizes=\"auto, (max-width: 300px) 85vw, 300px\" \/><img loading=\"lazy\" decoding=\"async\" class=\"aligncenter size-medium wp-image-3458\" src=\"http:\/\/blocs.xarxanet.org\/aealtipla\/files\/2018\/02\/IMG_0130-300x225.jpg\" alt=\"\" width=\"300\" height=\"225\" srcset=\"https:\/\/blocs.xarxanet.org\/aealtipla\/files\/2018\/02\/IMG_0130-300x225.jpg 300w, https:\/\/blocs.xarxanet.org\/aealtipla\/files\/2018\/02\/IMG_0130-768x576.jpg 768w, https:\/\/blocs.xarxanet.org\/aealtipla\/files\/2018\/02\/IMG_0130-1024x768.jpg 1024w\" sizes=\"auto, (max-width: 300px) 85vw, 300px\" \/><\/p>\n<p>A l&#8217;extrem de la carena trobem la Creu de Montcabr\u00e9, extraordinari mirador.<\/p>\n<p><img loading=\"lazy\" decoding=\"async\" class=\"aligncenter size-medium wp-image-3459\" src=\"http:\/\/blocs.xarxanet.org\/aealtipla\/files\/2018\/02\/IMG_0131-300x225.jpg\" alt=\"\" width=\"300\" height=\"225\" srcset=\"https:\/\/blocs.xarxanet.org\/aealtipla\/files\/2018\/02\/IMG_0131-300x225.jpg 300w, https:\/\/blocs.xarxanet.org\/aealtipla\/files\/2018\/02\/IMG_0131-768x576.jpg 768w, https:\/\/blocs.xarxanet.org\/aealtipla\/files\/2018\/02\/IMG_0131-1024x768.jpg 1024w\" sizes=\"auto, (max-width: 300px) 85vw, 300px\" \/><\/p>\n<p>Des d&#8217;all\u00e0, sota un cel ja ennuvolat, en\u00a0fort descens per un corriol tamb\u00e9 molt costerut, entre el bosc, arribem als carrers de Cabrera pels que\u00a0retornem als cotxes.<\/p>\n<p>Dificultat mitjana, una mica m\u00e9s exigent als corriols costeruts.<\/p>\n<p><u><strong>10\/03 Les Tines de la Vall de Flequer (El Pont de Vilomara-Sant Lloren\u00e7 del Munt. <\/strong><\/u><br \/>\n<em>Sortida maternoinfantil matinal<\/em><\/p>\n<p><span style=\"color: #000000;font-family: Times New Roman;font-size: medium\">La passejada transc\u00f3rre per camins f\u00e0cils de muntanya.\u00a0La iniciem amb un cel boir\u00f3s, que aviat ha deixat pas al cel blau i calor de primavera.<\/span><\/p>\n<p><span style=\"color: #000000;font-family: Times New Roman;font-size: medium\">Hem gaudit\u00a0del pa\u00efsatge, i la vegetaci\u00f3 i\u00a0hem visitat\u00a0les curioses construccions de les tines, destinades a elaborar i emmagatzemar vi. <\/span><\/p>\n<p><img loading=\"lazy\" decoding=\"async\" class=\"aligncenter size-medium wp-image-3460\" src=\"http:\/\/blocs.xarxanet.org\/aealtipla\/files\/2018\/02\/IMG_0136-300x225.jpg\" alt=\"\" width=\"300\" height=\"225\" srcset=\"https:\/\/blocs.xarxanet.org\/aealtipla\/files\/2018\/02\/IMG_0136-300x225.jpg 300w, https:\/\/blocs.xarxanet.org\/aealtipla\/files\/2018\/02\/IMG_0136-768x576.jpg 768w, https:\/\/blocs.xarxanet.org\/aealtipla\/files\/2018\/02\/IMG_0136-1024x768.jpg 1024w\" sizes=\"auto, (max-width: 300px) 85vw, 300px\" \/><\/p>\n<p><span style=\"color: #000000;font-family: Times New Roman;font-size: medium\">I en un marge de pedra hem vist una gran salamandra, indici clar d&#8217;un entorn gens contaminat.<\/span><\/p>\n<p><img loading=\"lazy\" decoding=\"async\" class=\"aligncenter size-medium wp-image-3461\" src=\"http:\/\/blocs.xarxanet.org\/aealtipla\/files\/2018\/02\/IMG_0140-300x225.jpg\" alt=\"\" width=\"300\" height=\"225\" srcset=\"https:\/\/blocs.xarxanet.org\/aealtipla\/files\/2018\/02\/IMG_0140-300x225.jpg 300w, https:\/\/blocs.xarxanet.org\/aealtipla\/files\/2018\/02\/IMG_0140-768x576.jpg 768w, https:\/\/blocs.xarxanet.org\/aealtipla\/files\/2018\/02\/IMG_0140-1024x768.jpg 1024w\" sizes=\"auto, (max-width: 300px) 85vw, 300px\" \/><\/p>\n<p><u><strong>11\/03 El Castell de Montsoriu\u00a0(Montseny) <\/strong><\/u><br \/>\n<em>Sortida tranquil\u00b7la matinal.<\/em><\/p>\n<p>El gran Castell de Montsoriu s\u2019al\u00e7a majestu\u00f3s al damunt d\u2019un tur\u00f3 de 632\u00a0m, que forma part dels darrers contraforts llevantins del mass\u00eds del Montseny.<\/p>\n<p>Hi\u00a0vam accedir\u00a0per una comod\u00edssima pista de 2,8 Km, i els que gaireb\u00e9 no poden caminar, en cotxe.<\/p>\n<p>La guia ens va explicar amb entusiasme les caracter\u00edstiques que fan d&#8217;aquest castell un paradigma de castell defensiu medieval.<\/p>\n<p><img loading=\"lazy\" decoding=\"async\" class=\"aligncenter size-medium wp-image-3463\" src=\"http:\/\/blocs.xarxanet.org\/aealtipla\/files\/2018\/02\/arbucies_castelldemonstoriu2-300x182.jpg\" alt=\"\" width=\"300\" height=\"182\" srcset=\"https:\/\/blocs.xarxanet.org\/aealtipla\/files\/2018\/02\/arbucies_castelldemonstoriu2-300x182.jpg 300w, https:\/\/blocs.xarxanet.org\/aealtipla\/files\/2018\/02\/arbucies_castelldemonstoriu2-768x466.jpg 768w, https:\/\/blocs.xarxanet.org\/aealtipla\/files\/2018\/02\/arbucies_castelldemonstoriu2-1024x621.jpg 1024w, https:\/\/blocs.xarxanet.org\/aealtipla\/files\/2018\/02\/arbucies_castelldemonstoriu2.jpg 1500w\" sizes=\"auto, (max-width: 300px) 85vw, 300px\" \/><\/p>\n<p>Travessant patis, passadissos i fins a 6 portes d&#8217;entrada, pujant multiplicitat d&#8217;escales de pedra, i escales metal\u00b7liques de cargol , vam arribar al punt m\u00e9s alt, i quant m\u00e9s pujavem, m\u00e9s lluny arribava la nostra mirada; de Les Agudes nevades al blau del mar, al cim del Tibidabo, totes les valls i pobles als nostres peus.<\/p>\n<p><img loading=\"lazy\" decoding=\"async\" class=\"aligncenter size-medium wp-image-3464\" src=\"http:\/\/blocs.xarxanet.org\/aealtipla\/files\/2018\/02\/IMG_0150-300x225.jpg\" alt=\"\" width=\"300\" height=\"225\" srcset=\"https:\/\/blocs.xarxanet.org\/aealtipla\/files\/2018\/02\/IMG_0150-300x225.jpg 300w, https:\/\/blocs.xarxanet.org\/aealtipla\/files\/2018\/02\/IMG_0150-768x576.jpg 768w, https:\/\/blocs.xarxanet.org\/aealtipla\/files\/2018\/02\/IMG_0150-1024x768.jpg 1024w\" sizes=\"auto, (max-width: 300px) 85vw, 300px\" \/><img loading=\"lazy\" decoding=\"async\" class=\"aligncenter size-medium wp-image-3465\" src=\"http:\/\/blocs.xarxanet.org\/aealtipla\/files\/2018\/02\/IMG_0151-300x225.jpg\" alt=\"\" width=\"300\" height=\"225\" srcset=\"https:\/\/blocs.xarxanet.org\/aealtipla\/files\/2018\/02\/IMG_0151-300x225.jpg 300w, https:\/\/blocs.xarxanet.org\/aealtipla\/files\/2018\/02\/IMG_0151-768x576.jpg 768w, https:\/\/blocs.xarxanet.org\/aealtipla\/files\/2018\/02\/IMG_0151-1024x768.jpg 1024w\" sizes=\"auto, (max-width: 300px) 85vw, 300px\" \/><img loading=\"lazy\" decoding=\"async\" class=\"aligncenter size-medium wp-image-3466\" src=\"http:\/\/blocs.xarxanet.org\/aealtipla\/files\/2018\/02\/IMG_0146-300x225.jpg\" alt=\"\" width=\"300\" height=\"225\" srcset=\"https:\/\/blocs.xarxanet.org\/aealtipla\/files\/2018\/02\/IMG_0146-300x225.jpg 300w, https:\/\/blocs.xarxanet.org\/aealtipla\/files\/2018\/02\/IMG_0146-768x576.jpg 768w, https:\/\/blocs.xarxanet.org\/aealtipla\/files\/2018\/02\/IMG_0146-1024x768.jpg 1024w\" sizes=\"auto, (max-width: 300px) 85vw, 300px\" \/><\/p>\n<p>En acabar la visita les marxaires vam descendir pel cam\u00ed de Breda fins a la carretera, travessant un bonic alzinar de sureres.<\/p>\n<p><img loading=\"lazy\" decoding=\"async\" class=\"aligncenter size-large wp-image-3467\" src=\"http:\/\/blocs.xarxanet.org\/aealtipla\/files\/2018\/02\/IMG_0156-1024x768.jpg\" alt=\"\" width=\"495\" height=\"371\" srcset=\"https:\/\/blocs.xarxanet.org\/aealtipla\/files\/2018\/02\/IMG_0156-1024x768.jpg 1024w, https:\/\/blocs.xarxanet.org\/aealtipla\/files\/2018\/02\/IMG_0156-300x225.jpg 300w, https:\/\/blocs.xarxanet.org\/aealtipla\/files\/2018\/02\/IMG_0156-768x576.jpg 768w\" sizes=\"auto, (max-width: 495px) 85vw, 495px\" \/><\/p>\n<p><strong>COL\u00b7LABOREN<\/strong><\/p>\n<p><strong><img loading=\"lazy\" decoding=\"async\" class=\"aligncenter wp-image-2967\" src=\"http:\/\/blocs.xarxanet.org\/aealtipla\/files\/2017\/01\/logofeecfonsblanc.png\" alt=\"\" width=\"175\" height=\"45\" \/><\/strong><\/p>\n<p>&nbsp;<\/p>\n<p><img loading=\"lazy\" decoding=\"async\" class=\"wp-image-2971 alignleft\" src=\"http:\/\/blocs.xarxanet.org\/aealtipla\/files\/2017\/01\/ajsantcugatbis-300x130.png\" alt=\"ajsantcugatbis\" width=\"120\" height=\"52\" srcset=\"https:\/\/blocs.xarxanet.org\/aealtipla\/files\/2017\/01\/ajsantcugatbis-300x130.png 300w, https:\/\/blocs.xarxanet.org\/aealtipla\/files\/2017\/01\/ajsantcugatbis.png 463w\" sizes=\"auto, (max-width: 120px) 85vw, 120px\" \/><strong><img loading=\"lazy\" decoding=\"async\" class=\"wp-image-2223 alignnone\" src=\"http:\/\/blocs.xarxanet.org\/aealtipla\/files\/2014\/10\/DB-Persones-color-horitzontal-201-1024x168.jpg\" alt=\"\" width=\"293\" height=\"48\" srcset=\"https:\/\/blocs.xarxanet.org\/aealtipla\/files\/2014\/10\/DB-Persones-color-horitzontal-201-1024x168.jpg 1024w, https:\/\/blocs.xarxanet.org\/aealtipla\/files\/2014\/10\/DB-Persones-color-horitzontal-201-300x49.jpg 300w, https:\/\/blocs.xarxanet.org\/aealtipla\/files\/2014\/10\/DB-Persones-color-horitzontal-201.jpg 1053w\" sizes=\"auto, (max-width: 293px) 85vw, 293px\" \/><img loading=\"lazy\" decoding=\"async\" class=\"wp-image-2687 alignleft\" src=\"http:\/\/blocs.xarxanet.org\/aealtipla\/files\/2016\/09\/logo-DBcolor-XarxadeParcsNaturalshoritzontalColor201-1024x143.jpg\" alt=\"\" width=\"352\" height=\"49\" srcset=\"https:\/\/blocs.xarxanet.org\/aealtipla\/files\/2016\/09\/logo-DBcolor-XarxadeParcsNaturalshoritzontalColor201-1024x143.jpg 1024w, https:\/\/blocs.xarxanet.org\/aealtipla\/files\/2016\/09\/logo-DBcolor-XarxadeParcsNaturalshoritzontalColor201-300x42.jpg 300w, https:\/\/blocs.xarxanet.org\/aealtipla\/files\/2016\/09\/logo-DBcolor-XarxadeParcsNaturalshoritzontalColor201-768x107.jpg 768w, https:\/\/blocs.xarxanet.org\/aealtipla\/files\/2016\/09\/logo-DBcolor-XarxadeParcsNaturalshoritzontalColor201.jpg 1237w\" sizes=\"auto, (max-width: 352px) 85vw, 352px\" \/><\/strong><\/p>\n","protected":false},"excerpt":{"rendered":"<p>SORTIDES REALITZADES al gener 20\/01 Mirador dels avions- La Bunyola (Delta del Llobregat). Sortida tranquil\u00b7la matinal. Visita a l&#8217;exposici\u00f3 &#8220;100 anys d&#8217;aviaci\u00f3 al Prat&#8221;. Passejada per l&#8217;espai natural del Delta del Llobregat, amb interessant fauna i flora i nombrosos punts d&#8217;inter\u00e8s (Mirador dels avions, La Bunyola, els Carabiners, el Sem\u00e0for).\u00a0Itinerari pla, d&#8217;uns 5Km, sense cap &hellip; <a href=\"https:\/\/blocs.xarxanet.org\/aealtipla\/excursions\/2018-2\/hivern-2018\/\" class=\"more-link\">Continua llegint <span class=\"screen-reader-text\">\u00abHivern 2018\u00bb<\/span><\/a><\/p>\n","protected":false},"author":129,"featured_media":0,"parent":3809,"menu_order":1,"comment_status":"closed","ping_status":"closed","template":"","meta":{"_s2mail":"yes","footnotes":""},"class_list":["post-4008","page","type-page","status-publish","hentry"],"_links":{"self":[{"href":"https:\/\/blocs.xarxanet.org\/aealtipla\/wp-json\/wp\/v2\/pages\/4008","targetHints":{"allow":["GET"]}}],"collection":[{"href":"https:\/\/blocs.xarxanet.org\/aealtipla\/wp-json\/wp\/v2\/pages"}],"about":[{"href":"https:\/\/blocs.xarxanet.org\/aealtipla\/wp-json\/wp\/v2\/types\/page"}],"author":[{"embeddable":true,"href":"https:\/\/blocs.xarxanet.org\/aealtipla\/wp-json\/wp\/v2\/users\/129"}],"replies":[{"embeddable":true,"href":"https:\/\/blocs.xarxanet.org\/aealtipla\/wp-json\/wp\/v2\/comments?post=4008"}],"version-history":[{"count":4,"href":"https:\/\/blocs.xarxanet.org\/aealtipla\/wp-json\/wp\/v2\/pages\/4008\/revisions"}],"predecessor-version":[{"id":4344,"href":"https:\/\/blocs.xarxanet.org\/aealtipla\/wp-json\/wp\/v2\/pages\/4008\/revisions\/4344"}],"up":[{"embeddable":true,"href":"https:\/\/blocs.xarxanet.org\/aealtipla\/wp-json\/wp\/v2\/pages\/3809"}],"wp:attachment":[{"href":"https:\/\/blocs.xarxanet.org\/aealtipla\/wp-json\/wp\/v2\/media?parent=4008"}],"curies":[{"name":"wp","href":"https:\/\/api.w.org\/{rel}","templated":true}]}}