{"id":4005,"date":"2021-03-11T18:07:27","date_gmt":"2021-03-11T17:07:27","guid":{"rendered":"http:\/\/blocs.xarxanet.org\/aealtipla\/?page_id=4005"},"modified":"2021-03-11T19:25:26","modified_gmt":"2021-03-11T18:25:26","slug":"primavera-2018","status":"publish","type":"page","link":"https:\/\/blocs.xarxanet.org\/aealtipla\/excursions\/2018-2\/primavera-2018\/","title":{"rendered":"Primavera 2018"},"content":{"rendered":"<p><strong>SORTIDES REALITZADES al abril i maig<\/strong><\/p>\n<p><strong>Dissabte 19 de maig<\/strong><\/p>\n<p><strong>Sortida al Montseny<\/strong><\/p>\n<p><!-- x-tinymce\/html -->Abans d&#8217;arribar a Viladrau, s&#8217;agafa una pista que ens portar\u00e0 all\u00e0. Travessem la riera Major amb els vehicles i continuem fins a La Sala.<br \/>\nL&#8217;itinerari transcorre per la riera dels Rentadors fins a Castellfit\u00f3, tot passant , a mig cam\u00ed, pel gorg Negre.<\/p>\n<p><img loading=\"lazy\" decoding=\"async\" class=\"aligncenter size-medium wp-image-3505\" src=\"http:\/\/blocs.xarxanet.org\/aealtipla\/files\/2018\/09\/IMG_0512-300x225.jpg\" alt=\"\" width=\"300\" height=\"225\" srcset=\"https:\/\/blocs.xarxanet.org\/aealtipla\/files\/2018\/09\/IMG_0512-300x225.jpg 300w, https:\/\/blocs.xarxanet.org\/aealtipla\/files\/2018\/09\/IMG_0512-768x576.jpg 768w, https:\/\/blocs.xarxanet.org\/aealtipla\/files\/2018\/09\/IMG_0512-1024x768.jpg 1024w\" sizes=\"auto, (max-width: 300px) 85vw, 300px\" \/><\/p>\n<p>Travessem la riera i pugem fins el coll de Les Tres Creus i Sant Segimon, on\u00a0vam dinar.<\/p>\n<p><img loading=\"lazy\" decoding=\"async\" class=\"aligncenter size-large wp-image-3506\" src=\"http:\/\/blocs.xarxanet.org\/aealtipla\/files\/2018\/09\/IMG_0514-1024x768.jpg\" alt=\"\" width=\"495\" height=\"371\" srcset=\"https:\/\/blocs.xarxanet.org\/aealtipla\/files\/2018\/09\/IMG_0514-1024x768.jpg 1024w, https:\/\/blocs.xarxanet.org\/aealtipla\/files\/2018\/09\/IMG_0514-300x225.jpg 300w, https:\/\/blocs.xarxanet.org\/aealtipla\/files\/2018\/09\/IMG_0514-768x576.jpg 768w\" sizes=\"auto, (max-width: 495px) 85vw, 495px\" \/><\/p>\n<p>A primera hora de la tarde, continuem cam\u00ed cap el Collet de l&#8217;Estornell, ja de baixada, i seguim fins el santuari de la Mare de Deu de l&#8217;Erola on virem cap a La Sala per recuperar els vehicles.<\/p>\n<p>Els boscos de faigs tocant la riera estan ara molt bonics amb un verd tendre.<br \/>\nEl gorg Negre es optatiu, ja que es un p\u00e8l dificult\u00f3s baixar-hi.<\/p>\n<p><strong>Diumenge 8 d&#8217;abril<\/strong><\/p>\n<p><strong>Participaci\u00f3 en la Ruta de les Ermites (Caminada de Resist\u00e8ncia)<\/strong><\/p>\n<p><strong>Castellar del Vall\u00e8s.<\/strong><\/p>\n<p>Hi van anar l&#8217;Ant\u00f2nia i la Rosa, i van deixar ben alt el llist\u00f3.<\/p>\n<h5>Col\u00b7laboren<\/h5>\n<p><img loading=\"lazy\" decoding=\"async\" class=\"wp-image-3510 alignleft\" src=\"http:\/\/blocs.xarxanet.org\/aealtipla\/files\/2018\/09\/DB-Persones-color-horitzontal-201-1024x168.jpg\" alt=\"\" width=\"214\" height=\"35\" srcset=\"https:\/\/blocs.xarxanet.org\/aealtipla\/files\/2018\/09\/DB-Persones-color-horitzontal-201-1024x168.jpg 1024w, https:\/\/blocs.xarxanet.org\/aealtipla\/files\/2018\/09\/DB-Persones-color-horitzontal-201-300x49.jpg 300w, https:\/\/blocs.xarxanet.org\/aealtipla\/files\/2018\/09\/DB-Persones-color-horitzontal-201-768x126.jpg 768w, https:\/\/blocs.xarxanet.org\/aealtipla\/files\/2018\/09\/DB-Persones-color-horitzontal-201.jpg 1053w\" sizes=\"auto, (max-width: 214px) 85vw, 214px\" \/><img loading=\"lazy\" decoding=\"async\" class=\"wp-image-3511 alignright\" src=\"http:\/\/blocs.xarxanet.org\/aealtipla\/files\/2018\/09\/logo-DBcolor-XarxadeParcsNaturalshoritzontalColor201-1024x143.jpg\" alt=\"\" width=\"237\" height=\"33\" srcset=\"https:\/\/blocs.xarxanet.org\/aealtipla\/files\/2018\/09\/logo-DBcolor-XarxadeParcsNaturalshoritzontalColor201-1024x143.jpg 1024w, https:\/\/blocs.xarxanet.org\/aealtipla\/files\/2018\/09\/logo-DBcolor-XarxadeParcsNaturalshoritzontalColor201-300x42.jpg 300w, https:\/\/blocs.xarxanet.org\/aealtipla\/files\/2018\/09\/logo-DBcolor-XarxadeParcsNaturalshoritzontalColor201-768x107.jpg 768w, https:\/\/blocs.xarxanet.org\/aealtipla\/files\/2018\/09\/logo-DBcolor-XarxadeParcsNaturalshoritzontalColor201.jpg 1237w\" sizes=\"auto, (max-width: 237px) 85vw, 237px\" \/><img loading=\"lazy\" decoding=\"async\" class=\"wp-image-3512 alignleft\" src=\"http:\/\/blocs.xarxanet.org\/aealtipla\/files\/2018\/09\/ajsantcugat.jpg\" alt=\"\" width=\"134\" height=\"58\" srcset=\"https:\/\/blocs.xarxanet.org\/aealtipla\/files\/2018\/09\/ajsantcugat.jpg 463w, https:\/\/blocs.xarxanet.org\/aealtipla\/files\/2018\/09\/ajsantcugat-300x130.jpg 300w\" sizes=\"auto, (max-width: 134px) 85vw, 134px\" \/><\/p>\n<p>&nbsp;<\/p>\n<p>&nbsp;<\/p>\n<hr \/>\n<p><strong>SORTIDES REALITZADES al juny<\/strong><\/p>\n<p><em><strong>Diumenge 3 RUTA MEGAL\u00cdTICA\u00a0(Serralada Litoral).\u00a0<\/strong><\/em><em>Matinal de muntanya <\/em><\/p>\n<p><img loading=\"lazy\" decoding=\"async\" class=\"aligncenter size-medium wp-image-3520\" src=\"http:\/\/blocs.xarxanet.org\/aealtipla\/files\/2018\/09\/IMG_0531-300x225.jpg\" alt=\"\" width=\"300\" height=\"225\" srcset=\"https:\/\/blocs.xarxanet.org\/aealtipla\/files\/2018\/09\/IMG_0531-300x225.jpg 300w, https:\/\/blocs.xarxanet.org\/aealtipla\/files\/2018\/09\/IMG_0531-768x576.jpg 768w, https:\/\/blocs.xarxanet.org\/aealtipla\/files\/2018\/09\/IMG_0531-1024x768.jpg 1024w\" sizes=\"auto, (max-width: 300px) 85vw, 300px\" \/><\/p>\n<p>Vam comen\u00e7ar a la part alta de la Urbanitzaci\u00f3 Bosc de Ruscalleda, entre Vilanova i la Roca del Vall\u00e8s. Per camins f\u00e0cils\u00a0vam anant\u00a0trobant els nostres objectus, uns a la esquerra, dolmen de Can Gol, i a la dreta, la roca Foradada i la de les Orenetes. Seguint amunt\u00a0vam passar\u00a0pel Plat del Mol\u00ed (curiosa roca) i el dolmen anomenat la Cabana del Moro, per arribar al punt mes alt de la sortida on hi ha el Poblat Ib\u00e8ric de C\u00e9llecs. Aquest poblat est\u00e0 en bona part per desbrossar, i es van trobant les restes entre la vegetaci\u00f3. Tornant i, ja per la vessant del Maresme,\u00a0vam visitar\u00a0l&#8217;ermita rom\u00e0nica de Sant Bartomeu de Cabanyes.\u00a0A partir d&#8217;aqu\u00ed relaxadament\u00a0vam tornar\u00a0pels camins f\u00e0cils; abans per\u00f3\u00a0vam veure la pedra de les Creus tamb\u00e9 molt curiosa.<\/p>\n<p><img loading=\"lazy\" decoding=\"async\" class=\"aligncenter size-medium wp-image-3522\" src=\"http:\/\/blocs.xarxanet.org\/aealtipla\/files\/2018\/09\/IMG_0537-300x225.jpg\" alt=\"\" width=\"300\" height=\"225\" srcset=\"https:\/\/blocs.xarxanet.org\/aealtipla\/files\/2018\/09\/IMG_0537-300x225.jpg 300w, https:\/\/blocs.xarxanet.org\/aealtipla\/files\/2018\/09\/IMG_0537-768x576.jpg 768w, https:\/\/blocs.xarxanet.org\/aealtipla\/files\/2018\/09\/IMG_0537-1024x768.jpg 1024w\" sizes=\"auto, (max-width: 300px) 85vw, 300px\" \/><br \/>\n<em><strong>Diumenge\u00a010 RUTA MEGAL\u00cdTICA\u00a0INFANTIL (Serralada Litoral).\u00a0<\/strong><\/em><em>Matinal\u00a0\u00a0<\/em>\u00a0Dificultat: Molt f\u00e0cil. Desnivell: 150m. Dist\u00e0ncia: 5 km.<\/p>\n<p><img loading=\"lazy\" decoding=\"async\" class=\"aligncenter size-medium wp-image-3524\" src=\"http:\/\/blocs.xarxanet.org\/aealtipla\/files\/2018\/09\/IMG_0828-300x225.jpg\" alt=\"\" width=\"300\" height=\"225\" srcset=\"https:\/\/blocs.xarxanet.org\/aealtipla\/files\/2018\/09\/IMG_0828-300x225.jpg 300w, https:\/\/blocs.xarxanet.org\/aealtipla\/files\/2018\/09\/IMG_0828-768x576.jpg 768w, https:\/\/blocs.xarxanet.org\/aealtipla\/files\/2018\/09\/IMG_0828-1024x768.jpg 1024w\" sizes=\"auto, (max-width: 300px) 85vw, 300px\" \/><\/p>\n<p>Excursi\u00f3 entretinguda entre la pineda, visitant dolmens i \u00a0pedres singulars. Des de la part alta de la urbanitzaci\u00f3 Bosc de Ruscalleda (entre Vilanova i la Roca del Vall\u00e8s) vam anar trobant\u00a0el dolmen de Can Gol, la roca Foradada,\u00a0la Pedra de les Orenetes,\u00a0el Plat del Mol\u00ed\u00a0i el dolmen anomenat la Cabana del Moro. Vam iniciar el descens\u00a0i, pel cam\u00ed de tornada,\u00a0vam veure\u00a0la Bassa dels Senglars i la Pedra de les Creus.<\/p>\n<p><em><strong>Dissabte 16\u00a0DE COLLBAT\u00d3 AL MIRADOR DE SANTA MAGDALENA\u00a0(Montserrat).<\/strong><\/em><strong>\u00a0<\/strong><em>Matinal de muntanya\u00a0\u00a0<\/em>\u00a0Dificultat: Mitjana. Desnivell: 730m.<\/p>\n<p><img loading=\"lazy\" decoding=\"async\" class=\"aligncenter size-medium wp-image-3526\" src=\"http:\/\/blocs.xarxanet.org\/aealtipla\/files\/2018\/09\/IMG_0538-300x225.jpg\" alt=\"\" width=\"300\" height=\"225\" srcset=\"https:\/\/blocs.xarxanet.org\/aealtipla\/files\/2018\/09\/IMG_0538-300x225.jpg 300w, https:\/\/blocs.xarxanet.org\/aealtipla\/files\/2018\/09\/IMG_0538-768x576.jpg 768w, https:\/\/blocs.xarxanet.org\/aealtipla\/files\/2018\/09\/IMG_0538-1024x768.jpg 1024w\" sizes=\"auto, (max-width: 300px) 85vw, 300px\" \/><\/p>\n<div dir=\"ltr\">\n<div>Vam comen\u00e7ar\u00a0a caminar per la pista que porta a la Vinya Nova, avui no autoritzada per a vehicles. Mes endavant a la dreta\u00a0vam trobar\u00a0el cam\u00ed a seguir. Es el cam\u00ed anomenat del Clot de la M\u00f2nica, molt costerut i de vegades perdut. En una cru\u00eflla important de camins vam deixar\u00a0el cam\u00ed dels Pollegons, per seguir nosaltres cap a la dreta, cap a Sant Joan (indicat).<\/div>\n<div>Continuant pujant i despr\u00e9s d&#8217;un collet\u00a0vam arribar\u00a0a l&#8217;altra vessant amb l&#8217;Ermita de Sant Joan a la vista. All\u00e0 vam fer una trepada f\u00e0cil a una petita agulla, i en arribar a Sant Joan vam seguir per les ru\u00efnes del restaurant fins a l&#8217;ermita i el mirador de Sant Magdalena.\u00a0La tornada la vam fer en forta baixada pel cam\u00ed de Santa Caterina, fins al bon cam\u00ed de les Bateries que ens va dur fins una pista que vam seguir fins al poble.<\/div>\n<div><\/div>\n<h6>COL\u00b7LABOREN<\/h6>\n<div><img loading=\"lazy\" decoding=\"async\" class=\"wp-image-3510 alignleft\" src=\"http:\/\/blocs.xarxanet.org\/aealtipla\/files\/2018\/09\/DB-Persones-color-horitzontal-201-1024x168.jpg\" alt=\"\" width=\"208\" height=\"34\" srcset=\"https:\/\/blocs.xarxanet.org\/aealtipla\/files\/2018\/09\/DB-Persones-color-horitzontal-201-1024x168.jpg 1024w, https:\/\/blocs.xarxanet.org\/aealtipla\/files\/2018\/09\/DB-Persones-color-horitzontal-201-300x49.jpg 300w, https:\/\/blocs.xarxanet.org\/aealtipla\/files\/2018\/09\/DB-Persones-color-horitzontal-201-768x126.jpg 768w, https:\/\/blocs.xarxanet.org\/aealtipla\/files\/2018\/09\/DB-Persones-color-horitzontal-201.jpg 1053w\" sizes=\"auto, (max-width: 208px) 85vw, 208px\" \/><img loading=\"lazy\" decoding=\"async\" class=\"aligncenter wp-image-3512\" src=\"http:\/\/blocs.xarxanet.org\/aealtipla\/files\/2018\/09\/ajsantcugat.jpg\" alt=\"\" width=\"160\" height=\"69\" srcset=\"https:\/\/blocs.xarxanet.org\/aealtipla\/files\/2018\/09\/ajsantcugat.jpg 463w, https:\/\/blocs.xarxanet.org\/aealtipla\/files\/2018\/09\/ajsantcugat-300x130.jpg 300w\" sizes=\"auto, (max-width: 160px) 85vw, 160px\" \/><img loading=\"lazy\" decoding=\"async\" class=\"aligncenter wp-image-2967\" src=\"http:\/\/blocs.xarxanet.org\/aealtipla\/files\/2017\/01\/logofeecfonsblanc.png\" alt=\"\" width=\"175\" height=\"45\" \/><\/div>\n<\/div>\n","protected":false},"excerpt":{"rendered":"<p>SORTIDES REALITZADES al abril i maig Dissabte 19 de maig Sortida al Montseny Abans d&#8217;arribar a Viladrau, s&#8217;agafa una pista que ens portar\u00e0 all\u00e0. Travessem la riera Major amb els vehicles i continuem fins a La Sala. L&#8217;itinerari transcorre per la riera dels Rentadors fins a Castellfit\u00f3, tot passant , a mig cam\u00ed, pel gorg &hellip; <a href=\"https:\/\/blocs.xarxanet.org\/aealtipla\/excursions\/2018-2\/primavera-2018\/\" class=\"more-link\">Continua llegint <span class=\"screen-reader-text\">\u00abPrimavera 2018\u00bb<\/span><\/a><\/p>\n","protected":false},"author":129,"featured_media":0,"parent":3809,"menu_order":2,"comment_status":"closed","ping_status":"closed","template":"","meta":{"_s2mail":"yes","footnotes":""},"class_list":["post-4005","page","type-page","status-publish","hentry"],"_links":{"self":[{"href":"https:\/\/blocs.xarxanet.org\/aealtipla\/wp-json\/wp\/v2\/pages\/4005","targetHints":{"allow":["GET"]}}],"collection":[{"href":"https:\/\/blocs.xarxanet.org\/aealtipla\/wp-json\/wp\/v2\/pages"}],"about":[{"href":"https:\/\/blocs.xarxanet.org\/aealtipla\/wp-json\/wp\/v2\/types\/page"}],"author":[{"embeddable":true,"href":"https:\/\/blocs.xarxanet.org\/aealtipla\/wp-json\/wp\/v2\/users\/129"}],"replies":[{"embeddable":true,"href":"https:\/\/blocs.xarxanet.org\/aealtipla\/wp-json\/wp\/v2\/comments?post=4005"}],"version-history":[{"count":3,"href":"https:\/\/blocs.xarxanet.org\/aealtipla\/wp-json\/wp\/v2\/pages\/4005\/revisions"}],"predecessor-version":[{"id":4091,"href":"https:\/\/blocs.xarxanet.org\/aealtipla\/wp-json\/wp\/v2\/pages\/4005\/revisions\/4091"}],"up":[{"embeddable":true,"href":"https:\/\/blocs.xarxanet.org\/aealtipla\/wp-json\/wp\/v2\/pages\/3809"}],"wp:attachment":[{"href":"https:\/\/blocs.xarxanet.org\/aealtipla\/wp-json\/wp\/v2\/media?parent=4005"}],"curies":[{"name":"wp","href":"https:\/\/api.w.org\/{rel}","templated":true}]}}