{"id":3951,"date":"2021-03-11T17:34:36","date_gmt":"2021-03-11T16:34:36","guid":{"rendered":"http:\/\/blocs.xarxanet.org\/aealtipla\/?page_id=3951"},"modified":"2021-03-11T18:31:36","modified_gmt":"2021-03-11T17:31:36","slug":"estiu-2013","status":"publish","type":"page","link":"https:\/\/blocs.xarxanet.org\/aealtipla\/excursions\/2013-2\/estiu-2013\/","title":{"rendered":"Estiu 2013"},"content":{"rendered":"<p><strong>EL SALT D&#8217;AIGUA DE LA RIERADA<\/strong><\/p>\n<p><strong>Diumenge, 16 de juny de 2013<\/strong><\/p>\n<p><em>Sortida maternoinfantil.<\/em><\/p>\n<p>Les sortides maternoinfantils estan especialment dissenyades per a que els infants des dels sis mesos, i les seves mares, en companyia d\u2019altres infants i familiars, gaudeixin dels beneficis que comporta l\u2019exercici f\u00edsic moderat en el medi natural.<\/p>\n<p>La sortida que us proposem aquest mes de juny \u00e9s a la Serra de Collserola. Farem un passeig arran de la riera de Vallvidrera -coneguda en aquest tram com La Rierada- un petit afluent del Llobregat. La part central d&#8217;aquesta riera \u00e9s coberta de vegetaci\u00f3. <a href=\"http:\/\/blocs.xarxanet.org\/aealtipla\/files\/2013\/05\/HPIM1537.jpg\"><img loading=\"lazy\" decoding=\"async\" class=\"aligncenter size-thumbnail wp-image-503\" src=\"http:\/\/blocs.xarxanet.org\/aealtipla\/files\/2013\/05\/HPIM1537-150x150.jpg\" alt=\"\" width=\"150\" height=\"150\" \/><\/a>Un cam\u00ed de passeig la ressegueix de prop i ens permet descobrir espais sorprenents, entre una vegetaci\u00f3 de ribera rica i diversa. El recorregut acaba en un salt d&#8217;aigua, on podrem gaudir de l&#8217;ambient aqu\u00e0tic i del bosc mediterrani propi de la serra. L&#8217;aigua ser\u00e0 tamb\u00e9 un bon element de joc.<img loading=\"lazy\" decoding=\"async\" class=\"aligncenter size-medium wp-image-502\" src=\"http:\/\/blocs.xarxanet.org\/aealtipla\/files\/2013\/05\/HPIM1542-300x225.jpg\" alt=\"\" width=\"300\" height=\"225\" srcset=\"https:\/\/blocs.xarxanet.org\/aealtipla\/files\/2013\/05\/HPIM1542-300x225.jpg 300w, https:\/\/blocs.xarxanet.org\/aealtipla\/files\/2013\/05\/HPIM1542-1024x770.jpg 1024w\" sizes=\"auto, (max-width: 300px) 85vw, 300px\" \/><\/p>\n<p><strong>Dist\u00e0ncia<\/strong>: 4 Km (itinerari d\u2019anar i tornar).<\/p>\n<p><strong>Dificultat<\/strong>: Molt f\u00e1cil<\/p>\n<p>&nbsp;<\/p>\n<p>M\u00e9s informaci\u00f3<\/p>\n<p><a href=\"http:\/\/www.cavallfort.cat\/cavallfort\/ca\/cavall-fort\/arxiu\/1056\/22-excursio.html\" target=\"_blank\" rel=\"noopener\">http:\/\/www.cavallfort.cat\/cavallfort\/ca\/cavall-fort\/arxiu\/1056\/22-excursio.html<\/a><\/p>\n<hr \/>\n<h1>GORGS DEL TORRENT DE LA CABANA (Campdev\u00e0nol-Ripoll\u00e8s)<\/h1>\n<p><em>Sortida de bany de tot el dia. Oberta a tothom.<a href=\"http:\/\/blocs.xarxanet.org\/aealtipla\/files\/2013\/05\/11-6-Gorg-de-lOlla-2.jpg\"><img loading=\"lazy\" decoding=\"async\" class=\"alignright size-large wp-image-350\" src=\"http:\/\/blocs.xarxanet.org\/aealtipla\/files\/2013\/05\/11-6-Gorg-de-lOlla-2-1024x682.jpg\" alt=\"\" width=\"470\" height=\"313\" srcset=\"https:\/\/blocs.xarxanet.org\/aealtipla\/files\/2013\/05\/11-6-Gorg-de-lOlla-2-1024x682.jpg 1024w, https:\/\/blocs.xarxanet.org\/aealtipla\/files\/2013\/05\/11-6-Gorg-de-lOlla-2-300x200.jpg 300w\" sizes=\"auto, (max-width: 470px) 85vw, 470px\" \/><\/a><\/em><\/p>\n<h1>Dissabte 6 de juliol de 2013<\/h1>\n<h3>Sortida de\u00a0la Pla\u00e7a de Can Quit\u00e8ria, amb\u00a0cotxes particulars a les 8 del mat\u00ed.<\/h3>\n<p>Aquest itinerari, f\u00e0cil i frescal, ens permetr\u00e0 gaudir\u00a0d\u2019un dels racons m\u00e9s\u00a0bonics del Ripoll\u00e8s. La primera part,\u00a0for\u00e7a ombr\u00edvola,\u00a0 transcorre entre boscos rics\u00a0en vegetaci\u00f3\u00a0i prats de pastura i passa per dos miradors amb vistes espl\u00e8ndides.<\/p>\n<p>La segona part ressegueix el torrent d\u2019Estiula, conegut popularment com al torrent de la Cabana. Gaudirem de la bellesa del torrent\u00a0i les seves cascades i ens refrescarem als\u00a0seus gorgs d\u2019aig\u00fces transparents. Prop de l&#8217;arribada\u00a0passarem per\u00a0 la formatgeria Bac d\u2019Estiula, on podrem productes ecol\u00f2gics de qualitat.<\/p>\n<p>Itinerari: c\u00e0mping El Pirinenc &#8211; \u00c0rea recreativa de la font de Querol \u2013 Mas Gaussacs \u2013\u00a0 Miradors \u2013 Gorg del Colomer \u2013 Gorg del Forat \u2013 Gorg de la Bauma \u2013 Gorg de l\u2019Olla \u2013 Gorg de la Tosca \u2013 Gorg de la Cabana \u2013 Can Paraire (Formatgeria Bac d\u2019Estiula) \u2013 C\u00e0mping el Pirinenc .<\/p>\n<p>DIST\u00c0NCIA: 9,25 Km.<\/p>\n<p>DESNIVELL: +218m \u2013 218m.<\/p>\n<p>DURADA: 5 hores (3 de caminada real\u00a0+ 2 d&#8217;aturades de parades i banys).<\/p>\n<p>Cal anar ben cal\u00e7at i dur protecci\u00f3 solar (gorra, ulleres i\u00a0crema).\u00a0Tamb\u00e9 s&#8217;ha de\u00a0portar l&#8217;esmorzar, el\u00a0dinar i entre un i dos litres d\u2019aigua (no en trobarem de potable\u00a0en el \u00a0cam\u00ed).<\/p>\n<div>M\u00e9s informaci\u00f3<\/div>\n<div>\n<p><a href=\"http:\/\/www.campdevanol.org\/sender\/itinerari_de_natura_pels_gorgs_del_torrent_de_la_cabana\" target=\"_blank\" rel=\"noopener\">http:\/\/www.campdevanol.org\/sender\/itinerari_de_natura_pels_gorgs_del_torrent_de_la_cabana<\/a><\/p>\n<\/div>\n<hr \/>\n<p>&nbsp;<\/p>\n<p>&nbsp;<\/p>\n<p>&nbsp;<\/p>\n","protected":false},"excerpt":{"rendered":"<p>EL SALT D&#8217;AIGUA DE LA RIERADA Diumenge, 16 de juny de 2013 Sortida maternoinfantil. Les sortides maternoinfantils estan especialment dissenyades per a que els infants des dels sis mesos, i les seves mares, en companyia d\u2019altres infants i familiars, gaudeixin dels beneficis que comporta l\u2019exercici f\u00edsic moderat en el medi natural. La sortida que us &hellip; <a href=\"https:\/\/blocs.xarxanet.org\/aealtipla\/excursions\/2013-2\/estiu-2013\/\" class=\"more-link\">Continua llegint <span class=\"screen-reader-text\">\u00abEstiu 2013\u00bb<\/span><\/a><\/p>\n","protected":false},"author":129,"featured_media":0,"parent":3793,"menu_order":3,"comment_status":"closed","ping_status":"closed","template":"","meta":{"_s2mail":"yes","footnotes":""},"class_list":["post-3951","page","type-page","status-publish","hentry"],"_links":{"self":[{"href":"https:\/\/blocs.xarxanet.org\/aealtipla\/wp-json\/wp\/v2\/pages\/3951","targetHints":{"allow":["GET"]}}],"collection":[{"href":"https:\/\/blocs.xarxanet.org\/aealtipla\/wp-json\/wp\/v2\/pages"}],"about":[{"href":"https:\/\/blocs.xarxanet.org\/aealtipla\/wp-json\/wp\/v2\/types\/page"}],"author":[{"embeddable":true,"href":"https:\/\/blocs.xarxanet.org\/aealtipla\/wp-json\/wp\/v2\/users\/129"}],"replies":[{"embeddable":true,"href":"https:\/\/blocs.xarxanet.org\/aealtipla\/wp-json\/wp\/v2\/comments?post=3951"}],"version-history":[{"count":3,"href":"https:\/\/blocs.xarxanet.org\/aealtipla\/wp-json\/wp\/v2\/pages\/3951\/revisions"}],"predecessor-version":[{"id":4053,"href":"https:\/\/blocs.xarxanet.org\/aealtipla\/wp-json\/wp\/v2\/pages\/3951\/revisions\/4053"}],"up":[{"embeddable":true,"href":"https:\/\/blocs.xarxanet.org\/aealtipla\/wp-json\/wp\/v2\/pages\/3793"}],"wp:attachment":[{"href":"https:\/\/blocs.xarxanet.org\/aealtipla\/wp-json\/wp\/v2\/media?parent=3951"}],"curies":[{"name":"wp","href":"https:\/\/api.w.org\/{rel}","templated":true}]}}