{"id":3949,"date":"2021-03-11T17:32:53","date_gmt":"2021-03-11T16:32:53","guid":{"rendered":"http:\/\/blocs.xarxanet.org\/aealtipla\/?page_id=3949"},"modified":"2021-03-11T18:26:04","modified_gmt":"2021-03-11T17:26:04","slug":"primavera-2013","status":"publish","type":"page","link":"https:\/\/blocs.xarxanet.org\/aealtipla\/excursions\/2013-2\/primavera-2013\/","title":{"rendered":"Primavera 2013"},"content":{"rendered":"<div><\/div>\n<div><strong>LES AGULLES DE MONTSERRAT<\/strong><\/div>\n<div><strong>Sortida maternoinfantil i d\u2019adults d\u2019escalada<\/strong><\/div>\n<div><strong>Diumenge 27 d&#8217;abril de 2014<\/strong><\/div>\n<div>Aquesta\u00a0activitat s&#8217;havia realitzat tamb\u00e9 el 15 de setembre de 2013<\/div>\n<div><strong>\u00a0<\/strong><\/div>\n<div><strong>Hora i lloc de trobada:<\/strong> 9 h del mat\u00ed, a la pla\u00e7a de Can Quit\u00e8ria, amb cotxes propis.<\/div>\n<div><strong>Durada<\/strong>: Aproximadament fins les 15:00 hores.<\/div>\n<div><strong>Dist\u00e0ncia: <\/strong>Des de Can Ma\u00e7ana fins a la zona d\u2019escalada 1 hora de passeig.<\/div>\n<div><strong>Desnivell: <\/strong>Poc desnivell<\/div>\n<div><strong>Dificultat: <\/strong>Assequible.<\/div>\n<div><strong>Material: <\/strong>Cal\u00e7at i roba c\u00f2moda per escalar.<\/div>\n<div><\/div>\n<p><strong>Descripci\u00f3: <\/strong>Deixem el cotxe a Can Ma\u00e7ana i per un cam\u00ed ben senyalitzat arribarem a les agulles que farem servir per pujar-hi. Primer els m\u00e9s menuts i despr\u00e9s els adults.<\/p>\n<div>Els pares hauran d\u2019observar la pr\u00f2pia vigil\u00e0ncia dels seus fills, donat que \u00e9s una zona d\u2019escalada.<\/div>\n<div><\/div>\n<div>Van escalar 6 infants entre els 4 i els 11 anys, i diversos adults.<\/div>\n<h4>Col\u00b7labora<\/h4>\n<p><a href=\"http:\/\/blocs.xarxanet.org\/aealtipla\/files\/2014\/02\/DB-Persones-color-horitzontal-201-e1401817052686.jpg\"><img loading=\"lazy\" decoding=\"async\" class=\"aligncenter size-full wp-image-1747\" src=\"http:\/\/blocs.xarxanet.org\/aealtipla\/files\/2014\/02\/DB-Persones-color-horitzontal-201-e1401817052686.jpg\" alt=\"DB Persones color horitzontal 201\" width=\"315\" height=\"52\" \/><\/a><\/p>\n<div><a href=\"http:\/\/blocs.xarxanet.org\/aealtipla\/files\/2014\/06\/IMG_7297.jpg\">\u00a0<\/a><\/div>\n<p><img loading=\"lazy\" decoding=\"async\" class=\"size-large wp-image-1795 alignnone\" src=\"http:\/\/blocs.xarxanet.org\/aealtipla\/files\/2014\/06\/IMG_7297-682x1024.jpg\" alt=\"IMG_7297\" width=\"495\" height=\"743\" srcset=\"https:\/\/blocs.xarxanet.org\/aealtipla\/files\/2014\/06\/IMG_7297-682x1024.jpg 682w, https:\/\/blocs.xarxanet.org\/aealtipla\/files\/2014\/06\/IMG_7297-200x300.jpg 200w\" sizes=\"auto, (max-width: 495px) 85vw, 495px\" \/><\/p>\n<hr \/>\n<div><a href=\"http:\/\/blocs.xarxanet.org\/aealtipla\/files\/2014\/06\/IMG_7297.jpg\">\u00a0<\/a><\/div>\n<div><strong>MATINAL A MONTSERRAT: RUTA DE LES ERMITES DEL PLA DE LES TRINITATS.<\/strong><\/div>\n<div><strong>Diumenge 2 de Juny de 2013.<\/strong><\/div>\n<div>Magn\u00edfica excursi\u00f3, dia assoleiat, molt bona visibilitat que ha perm\u00e9s gaudir plenament de les vistes a\u00e8ries al llarg del recorregut.<\/div>\n<div><strong>Hora i lloc de trobada:<\/strong> A les 8 del mat\u00ed, a la pla\u00e7a Can Quit\u00e8ria, amb cotxes propis.<a href=\"http:\/\/blocs.xarxanet.org\/aealtipla\/files\/2013\/05\/11-10-Montserrat-lluernes-210x214.jpg\"><img loading=\"lazy\" decoding=\"async\" class=\"alignright size-full wp-image-341\" src=\"http:\/\/blocs.xarxanet.org\/aealtipla\/files\/2013\/05\/11-10-Montserrat-lluernes-210x214.jpg\" alt=\"\" width=\"210\" height=\"214\" \/><\/a><\/div>\n<div><strong>Durada<\/strong>: Unes 4 hores.<\/div>\n<div><strong>Dificultat:<\/strong> Mitjana.<\/div>\n<div><strong>Material:<\/strong> Cal portar equipament adient als camins de Montserrat, aigua i esmorzar.<\/div>\n<div><strong>Descripci\u00f3: <\/strong>Iniciem la caminada a l&#8217;aparcament del Monestir (\u00e9s de pagament). En suau passeig pel cam\u00ed dels Degotalls, arribem al peu de la canal del Pou del Gat, que remuntem fins al cam\u00ed de l&#8217;Arrel (200 m de pujada). Seguint aquest cami ( GR-172) entrem en el Pla de les Trinitats, on veim diferents ermites: Sant Dimes i la Santa Creu (no accessibles), de la Trinitat (ru\u00efnes), Sant Onofre, Sant Benet (refugi d&#8217;escaladors) i Sta. Magdalena (ru\u00efnes). Tornem al Monestir per les escales i el Pas del Franc\u00e8s.<\/div>\n<div><\/div>\n<div>\n<hr \/>\n<\/div>\n<div><\/div>\n<div><strong>EL TORRENT DE COLOBRERS (Sabadell)<\/strong><\/div>\n<div><strong><em>Sortida tranquil\u00b7la<\/em><\/strong><\/div>\n<div><strong>Dimecres, 12 de juny de 2013<\/strong><\/div>\n<div><strong><a href=\"http:\/\/blocs.xarxanet.org\/aealtipla\/files\/2013\/05\/Colobrers3.jpg\"><img loading=\"lazy\" decoding=\"async\" class=\"size-thumbnail wp-image-496 alignright\" src=\"http:\/\/blocs.xarxanet.org\/aealtipla\/files\/2013\/05\/Colobrers3-150x150.jpg\" alt=\"\" width=\"150\" height=\"150\" \/><\/a>Hora i lloc de trobada:<\/strong> A les 8:30, a la pla\u00e7a Can Quit\u00e8ria,<a href=\"http:\/\/blocs.xarxanet.org\/aealtipla\/files\/2013\/05\/arcada.jpg\"><img loading=\"lazy\" decoding=\"async\" class=\"alignright size-thumbnail wp-image-499\" src=\"http:\/\/blocs.xarxanet.org\/aealtipla\/files\/2013\/05\/arcada-150x150.jpg\" alt=\"\" width=\"150\" height=\"150\" \/><\/a> amb cotxes propis.<\/div>\n<div><strong>Durada<\/strong>: Sortida matinal curta.<\/div>\n<div><strong>Dist\u00e0ncia: <\/strong>4 km<\/div>\n<div><strong>Desnivell: <\/strong>75 m<\/div>\n<div><strong>Dificultat<\/strong>: Molt f\u00e0cil<\/div>\n<div><strong>Material: <\/strong> Cal\u00e7at c\u00f2mode, gorra i crema solar, esmorzar i aigua.<\/div>\n<div><strong>Descripci\u00f3: <\/strong>El tram del torrent de Colobrers, que anirem a con\u00e8ixer \u00e9s, per la seva frondositat i biodiversitat, una petita joia vallesana.\u00a0\u00a0En aquest moment de l\u2019any la vegetaci\u00f3 llueix com mai. A mig cam\u00ed trobarem la font de la Tosca i, sota l\u2019ombra dels arbres, gaudirem d\u2019una temperatura fresca i agradable. El recorregut segueix un cam\u00ed planer, equipat amb passarel\u00b7les per anar creuant \u00a0el torrent.\u00a0Podrem reposar i refrescar-nos a la font de Can Moragues, una d\u00e9u on molts sabadellencs van a proveir-se d\u2019aigua. Arrodonirem la passejada circumval\u00b7lant\u00a0 l\u2019aer\u00f2drom de Can Moragues.<\/div>\n<div>Tamb\u00e9 vam arribar-nos fins a l&#8217;ermita de Togores, de la que vam fer fotograf\u00edes in\u00e8dites.<br \/>\n<img loading=\"lazy\" decoding=\"async\" class=\"alignleft size-thumbnail wp-image-498\" src=\"http:\/\/blocs.xarxanet.org\/aealtipla\/files\/2013\/05\/Colobrers-Arrels-150x150.jpg\" alt=\"\" width=\"150\" height=\"150\" \/><img loading=\"lazy\" decoding=\"async\" class=\"aligncenter size-medium wp-image-500\" src=\"http:\/\/blocs.xarxanet.org\/aealtipla\/files\/2013\/05\/Togores1-300x225.jpg\" alt=\"\" width=\"300\" height=\"225\" srcset=\"https:\/\/blocs.xarxanet.org\/aealtipla\/files\/2013\/05\/Togores1-300x225.jpg 300w, https:\/\/blocs.xarxanet.org\/aealtipla\/files\/2013\/05\/Togores1-1024x768.jpg 1024w\" sizes=\"auto, (max-width: 300px) 85vw, 300px\" \/><a href=\"http:\/\/blocs.xarxanet.org\/aealtipla\/files\/2013\/05\/Font-de-la-Tosca.jpg\"><img loading=\"lazy\" decoding=\"async\" class=\"size-thumbnail wp-image-497 alignleft\" src=\"http:\/\/blocs.xarxanet.org\/aealtipla\/files\/2013\/05\/Font-de-la-Tosca-150x150.jpg\" alt=\"\" width=\"150\" height=\"150\" \/><\/a><\/div>\n","protected":false},"excerpt":{"rendered":"<p>LES AGULLES DE MONTSERRAT Sortida maternoinfantil i d\u2019adults d\u2019escalada Diumenge 27 d&#8217;abril de 2014 Aquesta\u00a0activitat s&#8217;havia realitzat tamb\u00e9 el 15 de setembre de 2013 \u00a0 Hora i lloc de trobada: 9 h del mat\u00ed, a la pla\u00e7a de Can Quit\u00e8ria, amb cotxes propis. Durada: Aproximadament fins les 15:00 hores. Dist\u00e0ncia: Des de Can Ma\u00e7ana fins &hellip; <a href=\"https:\/\/blocs.xarxanet.org\/aealtipla\/excursions\/2013-2\/primavera-2013\/\" class=\"more-link\">Continua llegint <span class=\"screen-reader-text\">\u00abPrimavera 2013\u00bb<\/span><\/a><\/p>\n","protected":false},"author":129,"featured_media":0,"parent":3793,"menu_order":2,"comment_status":"closed","ping_status":"closed","template":"","meta":{"_s2mail":"yes","footnotes":""},"class_list":["post-3949","page","type-page","status-publish","hentry"],"_links":{"self":[{"href":"https:\/\/blocs.xarxanet.org\/aealtipla\/wp-json\/wp\/v2\/pages\/3949","targetHints":{"allow":["GET"]}}],"collection":[{"href":"https:\/\/blocs.xarxanet.org\/aealtipla\/wp-json\/wp\/v2\/pages"}],"about":[{"href":"https:\/\/blocs.xarxanet.org\/aealtipla\/wp-json\/wp\/v2\/types\/page"}],"author":[{"embeddable":true,"href":"https:\/\/blocs.xarxanet.org\/aealtipla\/wp-json\/wp\/v2\/users\/129"}],"replies":[{"embeddable":true,"href":"https:\/\/blocs.xarxanet.org\/aealtipla\/wp-json\/wp\/v2\/comments?post=3949"}],"version-history":[{"count":3,"href":"https:\/\/blocs.xarxanet.org\/aealtipla\/wp-json\/wp\/v2\/pages\/3949\/revisions"}],"predecessor-version":[{"id":4007,"href":"https:\/\/blocs.xarxanet.org\/aealtipla\/wp-json\/wp\/v2\/pages\/3949\/revisions\/4007"}],"up":[{"embeddable":true,"href":"https:\/\/blocs.xarxanet.org\/aealtipla\/wp-json\/wp\/v2\/pages\/3793"}],"wp:attachment":[{"href":"https:\/\/blocs.xarxanet.org\/aealtipla\/wp-json\/wp\/v2\/media?parent=3949"}],"curies":[{"name":"wp","href":"https:\/\/api.w.org\/{rel}","templated":true}]}}