{"id":3778,"date":"2021-03-09T17:14:33","date_gmt":"2021-03-09T16:14:33","guid":{"rendered":"http:\/\/blocs.xarxanet.org\/aealtipla\/?page_id=3778"},"modified":"2022-01-28T10:15:15","modified_gmt":"2022-01-28T09:15:15","slug":"enllacos","status":"publish","type":"page","link":"https:\/\/blocs.xarxanet.org\/aealtipla\/enllacos\/","title":{"rendered":"Enlla\u00e7os"},"content":{"rendered":"<p><a href=\"http:\/\/cei-catalunya.blogspot.com\/\" target=\"_blank\" rel=\"noopener\">CEI &#8211; Club Excursionista Independent de Catalunya<\/a><\/p>\n<p><a href=\"http:\/\/santcugat.cat\" target=\"_blank\" rel=\"noopener\">Ajuntament de Sant Cugat del Vall\u00e8s<\/a><\/p>\n<p><a href=\"http:\/\/casadecultura.santcugat.cat\" target=\"_blank\" rel=\"noopener\">Casa de Cultura de Sant Cugat del Vall\u00e8s<\/a><\/p>\n<p><a class=\"row-title\" href=\"http:\/\/diba.cat\/tema-benestar-ciutadania\" target=\"_blank\" rel=\"noopener\">Diputaci\u00f3 de Barcelona: Benestar i ciutadania<\/a><\/p>\n<p><a href=\"http:\/\/parcs.diba.cat\" target=\"_blank\" rel=\"noopener\">Diputaci\u00f3 de Barcelona: Xarxa de Parcs naturals<\/a><\/p>\n<p><a href=\"http:\/\/feec.cat\" target=\"_blank\" rel=\"noopener\">FEEC<\/a><\/p>\n<p><a href=\"http:\/\/www.planttes.com\/\" target=\"_blank\" rel=\"noopener\">Flora urbana i al\u00b7l\u00e8rgies. Projecte de Ci\u00e8ncia Ciutadana<\/a><\/p>\n","protected":false},"excerpt":{"rendered":"<p>CEI &#8211; Club Excursionista Independent de Catalunya Ajuntament de Sant Cugat del Vall\u00e8s Casa de Cultura de Sant Cugat del Vall\u00e8s Diputaci\u00f3 de Barcelona: Benestar i ciutadania Diputaci\u00f3 de Barcelona: Xarxa de Parcs naturals FEEC Flora urbana i al\u00b7l\u00e8rgies. Projecte de Ci\u00e8ncia Ciutadana<\/p>\n","protected":false},"author":129,"featured_media":0,"parent":0,"menu_order":0,"comment_status":"closed","ping_status":"closed","template":"","meta":{"_s2mail":"yes","footnotes":""},"class_list":["post-3778","page","type-page","status-publish","hentry"],"_links":{"self":[{"href":"https:\/\/blocs.xarxanet.org\/aealtipla\/wp-json\/wp\/v2\/pages\/3778","targetHints":{"allow":["GET"]}}],"collection":[{"href":"https:\/\/blocs.xarxanet.org\/aealtipla\/wp-json\/wp\/v2\/pages"}],"about":[{"href":"https:\/\/blocs.xarxanet.org\/aealtipla\/wp-json\/wp\/v2\/types\/page"}],"author":[{"embeddable":true,"href":"https:\/\/blocs.xarxanet.org\/aealtipla\/wp-json\/wp\/v2\/users\/129"}],"replies":[{"embeddable":true,"href":"https:\/\/blocs.xarxanet.org\/aealtipla\/wp-json\/wp\/v2\/comments?post=3778"}],"version-history":[{"count":9,"href":"https:\/\/blocs.xarxanet.org\/aealtipla\/wp-json\/wp\/v2\/pages\/3778\/revisions"}],"predecessor-version":[{"id":4351,"href":"https:\/\/blocs.xarxanet.org\/aealtipla\/wp-json\/wp\/v2\/pages\/3778\/revisions\/4351"}],"wp:attachment":[{"href":"https:\/\/blocs.xarxanet.org\/aealtipla\/wp-json\/wp\/v2\/media?parent=3778"}],"curies":[{"name":"wp","href":"https:\/\/api.w.org\/{rel}","templated":true}]}}