{"id":3,"date":"2011-05-16T19:00:58","date_gmt":"2011-05-16T18:00:58","guid":{"rendered":"http:\/\/blocs.xarxanet.org\/aealtipla\/?page_id=3"},"modified":"2019-01-09T23:15:07","modified_gmt":"2019-01-09T22:15:07","slug":"associacio-excursionista-altipla","status":"publish","type":"page","link":"https:\/\/blocs.xarxanet.org\/aealtipla\/associacio-excursionista-altipla\/","title":{"rendered":"Qui som?"},"content":{"rendered":"<p><a href=\"http:\/\/blocs.xarxanet.org\/aealtipla\/files\/2011\/05\/Altiplainiciologonegativo.jpeg\"><img loading=\"lazy\" decoding=\"async\" class=\"alignleft size-full wp-image-243\" src=\"http:\/\/blocs.xarxanet.org\/aealtipla\/files\/2011\/05\/Altiplainiciologonegativo.jpeg\" alt=\"\" width=\"115\" height=\"56\" \/><\/a>L&#8217;Associaci\u00f3 Excursionista Altipl\u00e0 va ser creada el 9 de gener de 2009\u00a0a Sant Cugat del Vall\u00e8s (Vall\u00e8s Occidental)\u00a0institucionalitzant les sortides de muntanya que venien fent, des de feia anys, un grup de persones. Aquest any 2019 en celebrem el\u00a0X\u00e8 aniversari.<\/p>\n<p>Va n\u00e8ixer amb l&#8217;objectiu de fomentar els valors de l&#8217;excursionisme catal\u00e0 tradicional, la germanor, la disposici\u00f3 a ajudarse els uns als altres i les relacions interpersonals, actuant amb austeritat i efic\u00e0cia.<\/p>\n<p>L&#8217;AE Altipl\u00e0 \u00e9s una associaci\u00f3 sense vocaci\u00f3 territorialista ni competitiva, petita, on totes i cadascuna de les persones s\u00f2cies col.aboren, en la mesura de les seves possibilitats, de forma volunt\u00e0ria. El nostre lema \u00e9s <strong><em>&#8220;Entre tots ho farem tot&#8221;<\/em><\/strong>.<\/p>\n<p>Trobar\u00e0s m\u00e9s informaci\u00f3 sobre la nostra entitat en la p\u00e0gina web <a href=\"http:\/\/www.altipla.caminar.info\">www.altipla.senderistes.cat<\/a><\/p>\n<p>Si vols contactar amb nosaltres pots enviar-nos un e-mail a <a href=\"mailto:altipla@caminar.info\">altipla@senderistes.cat<\/a>, trucar-nos o enviar-nos un Whatsapp al tel\u00e8fon 659345972 o venir-nos a veure a la Casa de Cultura de Sant Cugat del Vall\u00e8s despatx 2\u00a0tel 935891382 els dimecres de 20h a 20:30h o en un altre moment pr\u00e8via cita.<\/p>\n","protected":false},"excerpt":{"rendered":"<p>L&#8217;Associaci\u00f3 Excursionista Altipl\u00e0 va ser creada el 9 de gener de 2009\u00a0a Sant Cugat del Vall\u00e8s (Vall\u00e8s Occidental)\u00a0institucionalitzant les sortides de muntanya que venien fent, des de feia anys, un grup de persones. Aquest any 2019 en celebrem el\u00a0X\u00e8 aniversari. Va n\u00e8ixer amb l&#8217;objectiu de fomentar els valors de l&#8217;excursionisme catal\u00e0 tradicional, la germanor, la &hellip; <a href=\"https:\/\/blocs.xarxanet.org\/aealtipla\/associacio-excursionista-altipla\/\" class=\"more-link\">Continua llegint <span class=\"screen-reader-text\">\u00abQui som?\u00bb<\/span><\/a><\/p>\n","protected":false},"author":129,"featured_media":0,"parent":0,"menu_order":2,"comment_status":"closed","ping_status":"closed","template":"","meta":{"_s2mail":"yes","footnotes":""},"class_list":["post-3","page","type-page","status-publish","hentry"],"_links":{"self":[{"href":"https:\/\/blocs.xarxanet.org\/aealtipla\/wp-json\/wp\/v2\/pages\/3","targetHints":{"allow":["GET"]}}],"collection":[{"href":"https:\/\/blocs.xarxanet.org\/aealtipla\/wp-json\/wp\/v2\/pages"}],"about":[{"href":"https:\/\/blocs.xarxanet.org\/aealtipla\/wp-json\/wp\/v2\/types\/page"}],"author":[{"embeddable":true,"href":"https:\/\/blocs.xarxanet.org\/aealtipla\/wp-json\/wp\/v2\/users\/129"}],"replies":[{"embeddable":true,"href":"https:\/\/blocs.xarxanet.org\/aealtipla\/wp-json\/wp\/v2\/comments?post=3"}],"version-history":[{"count":23,"href":"https:\/\/blocs.xarxanet.org\/aealtipla\/wp-json\/wp\/v2\/pages\/3\/revisions"}],"predecessor-version":[{"id":3649,"href":"https:\/\/blocs.xarxanet.org\/aealtipla\/wp-json\/wp\/v2\/pages\/3\/revisions\/3649"}],"wp:attachment":[{"href":"https:\/\/blocs.xarxanet.org\/aealtipla\/wp-json\/wp\/v2\/media?parent=3"}],"curies":[{"name":"wp","href":"https:\/\/api.w.org\/{rel}","templated":true}]}}