{"id":1974,"date":"2014-10-15T14:09:23","date_gmt":"2014-10-15T12:09:23","guid":{"rendered":"http:\/\/blocs.xarxanet.org\/aealtipla\/?page_id=1974"},"modified":"2021-03-09T18:06:51","modified_gmt":"2021-03-09T17:06:51","slug":"4-la-roca-centella-i-el-tagamanent","status":"publish","type":"page","link":"https:\/\/blocs.xarxanet.org\/aealtipla\/excursions\/2014-3\/4-la-roca-centella-i-el-tagamanent\/","title":{"rendered":"La Roca Centella i el Tagamanent"},"content":{"rendered":"<p><b><span style=\"text-decoration: underline\"><span style=\"color: #000000;font-family: Times New Roman;font-size: medium\">SORTIDA MATINAL DE MUNTANYA.<\/span><\/span><\/b><\/p>\n<p><b><span style=\"text-decoration: underline\"><span style=\"color: #000000;font-family: Times New Roman;font-size: medium\">PARC NATURAL DEL MONTSENY.<\/span><\/span><\/b><\/p>\n<p><b><span style=\"text-decoration: underline\"><span style=\"color: #000000;font-family: Times New Roman;font-size: medium\">LA ROCA CENTELLA I EL TAGAMANENT.<\/span><\/span><\/b><\/p>\n<p><b><span style=\"color: #000000;font-family: Times New Roman;font-size: medium\">Diumenge 2 de novembre de 2014.<\/span><\/b><\/p>\n<p><b><span style=\"color: #000000;font-family: Times New Roman;font-size: medium\">\u00a0<\/span><\/b><\/p>\n<p><b><span style=\"color: #000000;font-family: Times New Roman;font-size: medium\">Aproximaci\u00f3:<\/span><\/b><\/p>\n<p><span style=\"color: #000000;font-family: Times New Roman;font-size: medium\">Per l\u2019autovia C-17 en direcci\u00f3 Vic, sortida del Figar\u00f3 inmediatament despr\u00e9s del tunel. Indicadors de l\u2019escola de Natura de Vallc\u00e0rquera. Aparcament a la Rectoria.<\/span><\/p>\n<p><span style=\"color: #000000;font-family: Times New Roman;font-size: medium\">\u00a0<\/span><\/p>\n<p><span style=\"font-size: medium\"><span style=\"color: #000000\"><span style=\"font-family: Times New Roman\"><b>Itinerari<\/b>:<\/span><\/span><\/span><\/p>\n<p><span style=\"font-family: Times New Roman\"><span style=\"font-size: medium\"><span style=\"color: #000000\">Sortida de la Rectoria del ve\u00efnat de Vallc\u00e0rquera (470m). Per pistes en forta pendent, passant per l\u2019ermita de St. Crist\u00f2fol de Monteugues, arribarem a la <b>Roca Centella<\/b><\/span><\/span><span style=\"color: #000000;font-size: medium\"> (1001m). Carenejant una bona estona per un bosc carener, amb algun pas de tartera, arribarem a la pista principal del Pla de la Calma, i de seguit al collet de de St. Mart\u00ed al peu del <\/span><b><span style=\"color: #000000;font-size: medium\">Tagamanent.<\/span><\/b><span style=\"color: #000000;font-size: medium\"> Pujarem a l\u2019emblem\u00e0tic cim per un costerut i r\u00e0pid corriol (1067m). A dalt hi ha l\u2019esgl\u00e8sia en permanent estat de restauraci\u00f3. Bones vistes de l\u2019entorn. De baixada procurarem evitar l\u2019interminable pista, agafant dreceres i corriols molt abandonats fins als cotxes.<\/span><\/span><\/p>\n<p><span style=\"color: #000000;font-family: Times New Roman;font-size: medium\">\u00a0<\/span><\/p>\n<p><span style=\"font-size: medium\"><span style=\"color: #000000\"><span style=\"font-family: Times New Roman\"><b>Lloc de trobada<\/b> a Sant Cugat, can Quit\u00e8ria amb vehicles propis.<\/span><\/span><\/span><\/p>\n<p><span style=\"font-size: medium\"><span style=\"color: #000000\"><span style=\"font-family: Times New Roman\"><b>Hora<\/b>: 8 del mat\u00ed puntualment.<\/span><\/span><\/span><\/p>\n<p><span style=\"font-size: medium\"><span style=\"color: #000000\"><span style=\"font-family: Times New Roman\"><b>Duraci\u00f3 de l\u2019excursi\u00f3<\/b>: 5 hores, matinal llarga.<\/span><\/span><\/span><\/p>\n<p><span style=\"font-size: medium\"><span style=\"color: #000000\"><span style=\"font-family: Times New Roman\"><b>Dificultat<\/b>: Mitjana, cal considerar el temps i el desnivell.<\/span><\/span><\/span><\/p>\n<p><span style=\"font-size: medium\"><span style=\"color: #000000\"><span style=\"font-family: Times New Roman\"><b>Desnivell<\/b>: 800 m. de pujada acumulats.<\/span><\/span><\/span><\/p>\n<p><span style=\"font-size: medium\"><span style=\"color: #000000\"><span style=\"font-family: Times New Roman\"><b>Equip<\/b>: Cal anar amb roba adient per caminar per la muntanya segons meteorologia i cal\u00e7at ben subjecte al peu i amb sola adherent, i dur aigua i alguns aliments.<\/span><\/span><\/span><\/p>\n<p><span style=\"color: #000000;font-family: Times New Roman;font-size: medium\">\u00a0<\/span><\/p>\n<p><span style=\"font-size: medium\"><span style=\"color: #000000\"><b>Cost<\/b>: <\/span><\/span><span style=\"font-family: Times New Roman\"><span style=\"font-size: medium\"><span style=\"color: #000000\">2 \u20ac socis, 3 \u20ac no socis. Despeses de despla\u00e7ament compartides. \u00c9s obligat\u00f2ria l&#8217;asseguran\u00e7a d&#8217;accidents. Per tramitar-la a qui no la tingui, cal comunicar\u00a0 <\/span><\/span><span style=\"color: #000000;font-size: medium\">pr\u00e8viament nom, dos cognoms i NIF.<\/span><\/span><\/p>\n<p><span style=\"color: #000000;font-family: Times New Roman;font-size: medium\">Cal inscripci\u00f3 pr\u00e8via fins divendres anterior al mat\u00ed per correu electr\u00f2nic a <\/span><a href=\"mailto:altipla.sortides@caminar.info\"><span style=\"color: #0000ff;font-family: Times New Roman;font-size: medium\">altipla.sortides@caminar.info<\/span><\/a><span style=\"font-family: Times New Roman\"><span style=\"color: #000000;font-size: medium\">, al tel 659345972 o presencialment a la Casa de Cultura, despatx 3, els dimecres<\/span><span style=\"color: #000000;font-size: medium\">\u00a0 <\/span><span style=\"color: #000000;font-size: medium\">de 8 a 9 del vespre. <\/span><\/span><\/p>\n","protected":false},"excerpt":{"rendered":"<p>SORTIDA MATINAL DE MUNTANYA. PARC NATURAL DEL MONTSENY. LA ROCA CENTELLA I EL TAGAMANENT. Diumenge 2 de novembre de 2014. \u00a0 Aproximaci\u00f3: Per l\u2019autovia C-17 en direcci\u00f3 Vic, sortida del Figar\u00f3 inmediatament despr\u00e9s del tunel. Indicadors de l\u2019escola de Natura de Vallc\u00e0rquera. Aparcament a la Rectoria. \u00a0 Itinerari: Sortida de la Rectoria del ve\u00efnat de &hellip; <a href=\"https:\/\/blocs.xarxanet.org\/aealtipla\/excursions\/2014-3\/4-la-roca-centella-i-el-tagamanent\/\" class=\"more-link\">Continua llegint <span class=\"screen-reader-text\">\u00abLa Roca Centella i el Tagamanent\u00bb<\/span><\/a><\/p>\n","protected":false},"author":129,"featured_media":0,"parent":3805,"menu_order":13,"comment_status":"open","ping_status":"closed","template":"","meta":{"_s2mail":"yes","footnotes":""},"class_list":["post-1974","page","type-page","status-publish","hentry"],"_links":{"self":[{"href":"https:\/\/blocs.xarxanet.org\/aealtipla\/wp-json\/wp\/v2\/pages\/1974","targetHints":{"allow":["GET"]}}],"collection":[{"href":"https:\/\/blocs.xarxanet.org\/aealtipla\/wp-json\/wp\/v2\/pages"}],"about":[{"href":"https:\/\/blocs.xarxanet.org\/aealtipla\/wp-json\/wp\/v2\/types\/page"}],"author":[{"embeddable":true,"href":"https:\/\/blocs.xarxanet.org\/aealtipla\/wp-json\/wp\/v2\/users\/129"}],"replies":[{"embeddable":true,"href":"https:\/\/blocs.xarxanet.org\/aealtipla\/wp-json\/wp\/v2\/comments?post=1974"}],"version-history":[{"count":2,"href":"https:\/\/blocs.xarxanet.org\/aealtipla\/wp-json\/wp\/v2\/pages\/1974\/revisions"}],"predecessor-version":[{"id":2094,"href":"https:\/\/blocs.xarxanet.org\/aealtipla\/wp-json\/wp\/v2\/pages\/1974\/revisions\/2094"}],"up":[{"embeddable":true,"href":"https:\/\/blocs.xarxanet.org\/aealtipla\/wp-json\/wp\/v2\/pages\/3805"}],"wp:attachment":[{"href":"https:\/\/blocs.xarxanet.org\/aealtipla\/wp-json\/wp\/v2\/media?parent=1974"}],"curies":[{"name":"wp","href":"https:\/\/api.w.org\/{rel}","templated":true}]}}