{"id":1806,"date":"2014-06-12T19:45:17","date_gmt":"2014-06-12T17:45:17","guid":{"rendered":"http:\/\/blocs.xarxanet.org\/aealtipla\/?page_id=1806"},"modified":"2021-03-09T18:04:16","modified_gmt":"2021-03-09T17:04:16","slug":"ermites-de-gallifa","status":"publish","type":"page","link":"https:\/\/blocs.xarxanet.org\/aealtipla\/excursions\/2014-3\/ermites-de-gallifa\/","title":{"rendered":"Ermites de Gallifa"},"content":{"rendered":"<p align=\"center\"><b><i><span style=\"color: #000000\">Sortida tranquil\u00b7la<\/span><\/i><\/b><\/p>\n<p align=\"center\"><b><span style=\"color: #000000\"><a href=\"http:\/\/blocs.xarxanet.org\/aealtipla\/files\/2014\/06\/HPIM2851.jpg\"><img loading=\"lazy\" decoding=\"async\" class=\"alignright size-large wp-image-1807\" alt=\"HPIM2851\" src=\"http:\/\/blocs.xarxanet.org\/aealtipla\/files\/2014\/06\/HPIM2851-1024x770.jpg\" width=\"495\" height=\"372\" srcset=\"https:\/\/blocs.xarxanet.org\/aealtipla\/files\/2014\/06\/HPIM2851-1024x770.jpg 1024w, https:\/\/blocs.xarxanet.org\/aealtipla\/files\/2014\/06\/HPIM2851-300x225.jpg 300w\" sizes=\"auto, (max-width: 495px) 85vw, 495px\" \/><\/a>Dimecres, 9 d\u2019abril de 2014<\/span><\/b><\/p>\n<p><b><span style=\"color: #000000\">Hora i lloc de trobada:<\/span><\/b><span style=\"color: #000000\"> 8:30 del mat\u00ed, a la Pla\u00e7a Can Quit\u00e8ria, amb cotxes propis.<\/span><\/p>\n<p><b><span style=\"color: #000000\">Durada<\/span><\/b><span style=\"color: #000000\">: Matinal curta. <\/span><b><span style=\"color: #000000\">Dist\u00e0ncia: <\/span><\/b><span style=\"color: #000000\">5,5 Km. <\/span><b><span style=\"color: #000000\">Desnivell: <\/span><\/b><span style=\"color: #000000\">-50 +150 -200 +50<\/span><b><span style=\"color: #000000;font-family: Arial;font-size: medium\">\u00a0\u00a0\u00a0\u00a0\u00a0\u00a0\u00a0\u00a0\u00a0\u00a0\u00a0\u00a0\u00a0\u00a0\u00a0\u00a0\u00a0 <\/span><\/b><\/p>\n<p><b><span style=\"color: #000000\">Dificultat: <\/span><\/b><span style=\"color: #000000\">Molt baixa. <\/span><b><span style=\"color: #000000\">Material:<\/span><\/b><span style=\"color: #000000;font-size: medium\">Imprescindible cal\u00e7at c\u00f2mode i amb bona adherencia, r<\/span><span style=\"color: #000000;font-size: medium\">oba adient per caminar per la muntanya, aigua i alguns aliments.<\/span><\/p>\n<p><b><span style=\"color: #000000\"><a href=\"http:\/\/blocs.xarxanet.org\/aealtipla\/files\/2014\/06\/HPIM2833.jpg\"><img loading=\"lazy\" decoding=\"async\" class=\"alignleft size-thumbnail wp-image-1811\" alt=\"HPIM2833\" src=\"http:\/\/blocs.xarxanet.org\/aealtipla\/files\/2014\/06\/HPIM2833-150x150.jpg\" width=\"150\" height=\"150\" \/><\/a>Descripci\u00f3: <\/span><\/b><span style=\"color: #000000\">Hem visitat\u00a0e<\/span><span style=\"color: #000000\">l Santuari de l\u2019Ecologia, alter\u00f3s i amb bones vistes sobre Gallifa i el seu entorn.<a href=\"http:\/\/blocs.xarxanet.org\/aealtipla\/files\/2014\/06\/HPIM2837.jpg\"><img loading=\"lazy\" decoding=\"async\" class=\"alignright size-thumbnail wp-image-1812\" alt=\"HPIM2837\" src=\"http:\/\/blocs.xarxanet.org\/aealtipla\/files\/2014\/06\/HPIM2837-150x150.jpg\" width=\"150\" height=\"150\" \/><\/a><\/span><\/p>\n<p><span style=\"color: #000000\">\u00a0<\/span><\/p>\n<p>&nbsp;<\/p>\n<p>&nbsp;<\/p>\n<p><span style=\"color: #000000\">Inclou restes \u00edbers del s. VIII abans de Crist,<span style=\"color: #000000\"><a href=\"http:\/\/blocs.xarxanet.org\/aealtipla\/files\/2014\/06\/HPIM2836.jpg\"><img loading=\"lazy\" decoding=\"async\" class=\"alignleft size-thumbnail wp-image-1808\" alt=\"HPIM2836\" src=\"http:\/\/blocs.xarxanet.org\/aealtipla\/files\/2014\/06\/HPIM2836-150x150.jpg\" width=\"150\" height=\"150\" \/><\/a><\/span> l\u2019entorn del Castell de Gallifa i l\u2019esgl\u00e9sia rom\u00e1nica del s XI amb una imatge de la mateixa \u00e9poca, <span style=\"color: #000000\"><a href=\"http:\/\/blocs.xarxanet.org\/aealtipla\/files\/2014\/06\/HPIM2848.jpg\"><img loading=\"lazy\" decoding=\"async\" class=\"size-thumbnail wp-image-1810 alignright\" alt=\"HPIM2848\" src=\"http:\/\/blocs.xarxanet.org\/aealtipla\/files\/2014\/06\/HPIM2848-150x150.jpg\" width=\"150\" height=\"150\" \/><\/a><\/span><a href=\"http:\/\/blocs.xarxanet.org\/aealtipla\/files\/2014\/06\/HPIM2847.jpg\"><img loading=\"lazy\" decoding=\"async\" class=\"size-thumbnail wp-image-1809 alignnone\" alt=\"HPIM2847\" src=\"http:\/\/blocs.xarxanet.org\/aealtipla\/files\/2014\/06\/HPIM2847-150x150.jpg\" width=\"150\" height=\"150\" \/><\/a><\/span><\/p>\n<p><span style=\"color: #000000\">i altres interessants elements m\u00e9s moderns.<\/span><\/p>\n<p><span style=\"color: #000000\"> Hem visitat\u00a0el barri del Raval on hem vist la rectoria, <a href=\"http:\/\/blocs.xarxanet.org\/aealtipla\/files\/2014\/06\/HPIM2856.jpg\"><img loading=\"lazy\" decoding=\"async\" class=\"alignleft size-medium wp-image-1816\" alt=\"HPIM2856\" src=\"http:\/\/blocs.xarxanet.org\/aealtipla\/files\/2014\/06\/HPIM2856-300x225.jpg\" width=\"300\" height=\"225\" srcset=\"https:\/\/blocs.xarxanet.org\/aealtipla\/files\/2014\/06\/HPIM2856-300x225.jpg 300w, https:\/\/blocs.xarxanet.org\/aealtipla\/files\/2014\/06\/HPIM2856-1024x770.jpg 1024w\" sizes=\"auto, (max-width: 300px) 85vw, 300px\" \/><\/a>un antic forn de cer\u00e0mica.<span style=\"color: #000000\"><span style=\"color: #000000\"><a href=\"http:\/\/blocs.xarxanet.org\/aealtipla\/files\/2014\/06\/HPIM2857.jpg\"><img loading=\"lazy\" decoding=\"async\" class=\"alignright size-thumbnail wp-image-1815\" alt=\"HPIM2857\" src=\"http:\/\/blocs.xarxanet.org\/aealtipla\/files\/2014\/06\/HPIM2857-150x150.jpg\" width=\"150\" height=\"150\" \/><\/a><\/span><\/span><\/span><\/p>\n<p><span style=\"color: #000000\"><span style=\"color: #000000\"><a href=\"http:\/\/blocs.xarxanet.org\/aealtipla\/files\/2014\/06\/HPIM2857.jpg\">\u00a0<\/a><\/span><\/span><\/p>\n<p>&nbsp;<\/p>\n<p>&nbsp;<\/p>\n<p>&nbsp;<\/p>\n<p><span style=\"color: #000000\"><span style=\"color: #000000\"><span style=\"color: #000000\"><a href=\"http:\/\/blocs.xarxanet.org\/aealtipla\/files\/2014\/06\/HPIM2859.jpg\">\u00a0<\/a><\/span><\/span><\/span><\/p>\n<p>&nbsp;<\/p>\n<p>&nbsp;<\/p>\n<p><span style=\"color: #000000\">Hem visitat\u00a0l\u2019esgl\u00e9sia de Sant Pere i Sant Feliu del s. XI.<a href=\"http:\/\/blocs.xarxanet.org\/aealtipla\/files\/2014\/06\/HPIM2859.jpg\"><img loading=\"lazy\" decoding=\"async\" class=\"size-medium wp-image-1817 alignleft\" style=\"width: 241px;height: 186px\" alt=\"HPIM2859\" src=\"http:\/\/blocs.xarxanet.org\/aealtipla\/files\/2014\/06\/HPIM2859-300x225.jpg\" width=\"300\" height=\"225\" srcset=\"https:\/\/blocs.xarxanet.org\/aealtipla\/files\/2014\/06\/HPIM2859-300x225.jpg 300w, https:\/\/blocs.xarxanet.org\/aealtipla\/files\/2014\/06\/HPIM2859-1024x770.jpg 1024w\" sizes=\"auto, (max-width: 300px) 85vw, 300px\" \/><\/a><\/span><\/p>\n<p><span style=\"color: #000000\"><a href=\"http:\/\/blocs.xarxanet.org\/aealtipla\/files\/2014\/06\/HPIM2860.jpg\"><img loading=\"lazy\" decoding=\"async\" class=\"alignright size-medium wp-image-1818\" style=\"width: 259px;height: 181px\" alt=\"HPIM2860\" src=\"http:\/\/blocs.xarxanet.org\/aealtipla\/files\/2014\/06\/HPIM2860-300x225.jpg\" width=\"300\" height=\"225\" srcset=\"https:\/\/blocs.xarxanet.org\/aealtipla\/files\/2014\/06\/HPIM2860-300x225.jpg 300w, https:\/\/blocs.xarxanet.org\/aealtipla\/files\/2014\/06\/HPIM2860-1024x770.jpg 1024w\" sizes=\"auto, (max-width: 300px) 85vw, 300px\" \/><\/a>\u00a0<\/span><\/p>\n<p><span style=\"color: #000000\">Finalment ens hem apropat a l&#8217;Ajuntament i hem vist la bandera espanyola que, per llei, s&#8217;han vist obligats a penjar a la fa\u00e7ana de l&#8217;Ajuntament.<span style=\"color: #000000\"><a href=\"http:\/\/blocs.xarxanet.org\/aealtipla\/files\/2014\/06\/HPIM2866.jpg\"><img loading=\"lazy\" decoding=\"async\" class=\"alignright size-thumbnail wp-image-1820\" alt=\"HPIM2866\" src=\"http:\/\/blocs.xarxanet.org\/aealtipla\/files\/2014\/06\/HPIM2866-150x150.jpg\" width=\"150\" height=\"150\" \/><\/a><\/span> <\/span><\/p>\n<p><span style=\"color: #000000\">La seva mida\u00a0 ens dona idea de la voluntat que tenen a Gallifa de formar part de l&#8217;Estat Espanyol.<\/span><\/p>\n<h4>Col\u00b7labora<\/h4>\n<p>&nbsp;<\/p>\n<p><a href=\"http:\/\/blocs.xarxanet.org\/aealtipla\/files\/2014\/02\/DB-Persones-color-horitzontal-201-e1401817052686.jpg\"><img loading=\"lazy\" decoding=\"async\" class=\"alignright size-full wp-image-1747\" alt=\"DB Persones color horitzontal 201\" src=\"http:\/\/blocs.xarxanet.org\/aealtipla\/files\/2014\/02\/DB-Persones-color-horitzontal-201-e1401817052686.jpg\" width=\"315\" height=\"52\" \/><br \/>\n<\/a><\/p>\n","protected":false},"excerpt":{"rendered":"<p>Sortida tranquil\u00b7la Dimecres, 9 d\u2019abril de 2014 Hora i lloc de trobada: 8:30 del mat\u00ed, a la Pla\u00e7a Can Quit\u00e8ria, amb cotxes propis. Durada: Matinal curta. Dist\u00e0ncia: 5,5 Km. Desnivell: -50 +150 -200 +50\u00a0\u00a0\u00a0\u00a0\u00a0\u00a0\u00a0\u00a0\u00a0\u00a0\u00a0\u00a0\u00a0\u00a0\u00a0\u00a0\u00a0 Dificultat: Molt baixa. Material:Imprescindible cal\u00e7at c\u00f2mode i amb bona adherencia, roba adient per caminar per la muntanya, aigua i alguns aliments. &hellip; <a href=\"https:\/\/blocs.xarxanet.org\/aealtipla\/excursions\/2014-3\/ermites-de-gallifa\/\" class=\"more-link\">Continua llegint <span class=\"screen-reader-text\">\u00abErmites de Gallifa\u00bb<\/span><\/a><\/p>\n","protected":false},"author":129,"featured_media":0,"parent":3805,"menu_order":10,"comment_status":"open","ping_status":"closed","template":"","meta":{"_s2mail":"yes","footnotes":""},"class_list":["post-1806","page","type-page","status-publish","hentry"],"_links":{"self":[{"href":"https:\/\/blocs.xarxanet.org\/aealtipla\/wp-json\/wp\/v2\/pages\/1806","targetHints":{"allow":["GET"]}}],"collection":[{"href":"https:\/\/blocs.xarxanet.org\/aealtipla\/wp-json\/wp\/v2\/pages"}],"about":[{"href":"https:\/\/blocs.xarxanet.org\/aealtipla\/wp-json\/wp\/v2\/types\/page"}],"author":[{"embeddable":true,"href":"https:\/\/blocs.xarxanet.org\/aealtipla\/wp-json\/wp\/v2\/users\/129"}],"replies":[{"embeddable":true,"href":"https:\/\/blocs.xarxanet.org\/aealtipla\/wp-json\/wp\/v2\/comments?post=1806"}],"version-history":[{"count":9,"href":"https:\/\/blocs.xarxanet.org\/aealtipla\/wp-json\/wp\/v2\/pages\/1806\/revisions"}],"predecessor-version":[{"id":1828,"href":"https:\/\/blocs.xarxanet.org\/aealtipla\/wp-json\/wp\/v2\/pages\/1806\/revisions\/1828"}],"up":[{"embeddable":true,"href":"https:\/\/blocs.xarxanet.org\/aealtipla\/wp-json\/wp\/v2\/pages\/3805"}],"wp:attachment":[{"href":"https:\/\/blocs.xarxanet.org\/aealtipla\/wp-json\/wp\/v2\/media?parent=1806"}],"curies":[{"name":"wp","href":"https:\/\/api.w.org\/{rel}","templated":true}]}}