{"id":1721,"date":"2014-05-28T13:24:03","date_gmt":"2014-05-28T11:24:03","guid":{"rendered":"http:\/\/blocs.xarxanet.org\/aealtipla\/?page_id=1721"},"modified":"2021-03-09T18:03:12","modified_gmt":"2021-03-09T17:03:12","slug":"2-matinal-a-montserrat-montgros-2","status":"publish","type":"page","link":"https:\/\/blocs.xarxanet.org\/aealtipla\/excursions\/2014-3\/2-matinal-a-montserrat-montgros-2\/","title":{"rendered":"El Montgros per la vessant nord"},"content":{"rendered":"<p><span style=\"color: #000000\">SORTIDA MATINAL DE MUNTANYA. <\/span><span style=\"color: #000000\"> PARC NATURAL DE LA MUNTANYA DE MONTSERRAT.<\/span><\/p>\n<p><span style=\"color: #000000\"><a href=\"http:\/\/blocs.xarxanet.org\/aealtipla\/files\/2014\/05\/HPIM3297.jpg\"><img loading=\"lazy\" decoding=\"async\" class=\"aligncenter size-large wp-image-1935\" src=\"http:\/\/blocs.xarxanet.org\/aealtipla\/files\/2014\/05\/HPIM3297-1024x770.jpg\" alt=\"HPIM3297\" width=\"495\" height=\"372\" srcset=\"https:\/\/blocs.xarxanet.org\/aealtipla\/files\/2014\/05\/HPIM3297-1024x770.jpg 1024w, https:\/\/blocs.xarxanet.org\/aealtipla\/files\/2014\/05\/HPIM3297-300x225.jpg 300w\" sizes=\"auto, (max-width: 495px) 85vw, 495px\" \/><\/a>Diumenge, 8 de juny de 2014 <\/span><span style=\"color: #000000\"> Sortida del Km. 3,8 de la carretera del Monestir a can Ma\u00e7ana (numera al inrev\u00e9s), (690 m.). Per la drecera i canal del Miracle pujarem a la carena (980 m). Seguirem pel cam\u00ed de les Comes, amb camins t\u00edpicament montserratins ( pujades, sifons, torrents, roques llises i desgrimpada f\u00e0cil equipada amb corda)<a href=\"http:\/\/blocs.xarxanet.org\/aealtipla\/files\/2014\/05\/HPIM3296.jpg\"><img loading=\"lazy\" decoding=\"async\" class=\"alignright size-medium wp-image-1937\" src=\"http:\/\/blocs.xarxanet.org\/aealtipla\/files\/2014\/05\/HPIM3296-300x225.jpg\" alt=\"HPIM3296\" width=\"300\" height=\"225\" srcset=\"https:\/\/blocs.xarxanet.org\/aealtipla\/files\/2014\/05\/HPIM3296-300x225.jpg 300w, https:\/\/blocs.xarxanet.org\/aealtipla\/files\/2014\/05\/HPIM3296-1024x770.jpg 1024w\" sizes=\"auto, (max-width: 300px) 85vw, 300px\" \/><\/a><a href=\"http:\/\/blocs.xarxanet.org\/aealtipla\/files\/2014\/05\/HPIM3289.jpg\"><img loading=\"lazy\" decoding=\"async\" class=\"alignleft size-thumbnail wp-image-1936\" src=\"http:\/\/blocs.xarxanet.org\/aealtipla\/files\/2014\/05\/HPIM3289-150x150.jpg\" alt=\"HPIM3289\" width=\"150\" height=\"150\" \/><\/a>, fins al MONTGROS (1.133 m). <\/span><\/p>\n<p>&nbsp;<\/p>\n<p>&nbsp;<\/p>\n<p>&nbsp;<\/p>\n<p>&nbsp;<\/p>\n<p><span style=\"color: #000000\"> Gran panor\u00e0mica, doncs \u00e9s el centre geom\u00e8tric de la Muntanya i contrafort avan\u00e7at cap el Migdia. <\/span><\/p>\n<p><span style=\"color: #000000\">De tornada passarem per unes escletxes espectaculars que ens portaran al torrent del Migdia que remuntarem fins al coll (1.029 m). <a href=\"http:\/\/blocs.xarxanet.org\/aealtipla\/files\/2014\/05\/HPIM3304.jpg\"><img loading=\"lazy\" decoding=\"async\" class=\"alignleft size-medium wp-image-1938\" src=\"http:\/\/blocs.xarxanet.org\/aealtipla\/files\/2014\/05\/HPIM3304-300x225.jpg\" alt=\"HPIM3304\" width=\"300\" height=\"225\" srcset=\"https:\/\/blocs.xarxanet.org\/aealtipla\/files\/2014\/05\/HPIM3304-300x225.jpg 300w, https:\/\/blocs.xarxanet.org\/aealtipla\/files\/2014\/05\/HPIM3304-1024x770.jpg 1024w\" sizes=\"auto, (max-width: 300px) 85vw, 300px\" \/><\/a>La canal de la Font del Llum i la visita a la seva font, <a href=\"http:\/\/blocs.xarxanet.org\/aealtipla\/files\/2014\/05\/HPIM3204.jpg\"><img loading=\"lazy\" decoding=\"async\" class=\"alignright size-thumbnail wp-image-1939\" src=\"http:\/\/blocs.xarxanet.org\/aealtipla\/files\/2014\/05\/HPIM3204-150x150.jpg\" alt=\"HPIM3204\" width=\"150\" height=\"150\" \/><\/a>ens dur\u00e0 al GR-172, que flanquejant la muntanya ens conduir\u00e0 als cotxes. <\/span><span style=\"color: #000000\"> SORTIDA: 8 del mat\u00ed a cal Quit\u00e8ria amb vehicles propis. <\/span><span style=\"color: #000000\"> DURADA: 5 Hores de caminada. <\/span><span style=\"color: #000000\"> DESNIVELL: 500 m. acumulats de pujades aprox. <\/span><span style=\"color: #000000\"> DIFICULTAT: mitjana- alta. Cal utilitzar les mans en algun punt. <\/span><span style=\"color: #000000\"> MATERIAL: segons meteorologia, cal\u00e7at adherent, aigua i esmorzar.\u00a0<\/span><\/p>\n<p><span style=\"color: #000000\">\u00a0<\/span><\/p>\n<ul>\n<li><b><span style=\"color: #000000\">Col\u00b7labora<\/span><\/b><span style=\"color: #000000\">:<\/span><span style=\"font-size: medium\"><span style=\"color: #000000\"><span style=\"font-family: Arial\">\u00a0<a href=\"http:\/\/blocs.xarxanet.org\/aealtipla\/files\/2014\/02\/DB-Persones-color-horitzontal-201-e1401817052686.jpg\"><img loading=\"lazy\" decoding=\"async\" class=\"alignright size-full wp-image-1747\" src=\"http:\/\/blocs.xarxanet.org\/aealtipla\/files\/2014\/02\/DB-Persones-color-horitzontal-201-e1401817052686.jpg\" alt=\"DB Persones color horitzontal 201\" width=\"315\" height=\"52\" \/><\/a><\/span><\/span><\/span><\/li>\n<\/ul>\n<p><a href=\"http:\/\/blocs.xarxanet.org\/aealtipla\/files\/2014\/05\/DB-Persones-color-horitzontal-201.jpg\">\u00a0<\/a><\/p>\n<p>&nbsp;<\/p>\n","protected":false},"excerpt":{"rendered":"<p>SORTIDA MATINAL DE MUNTANYA. PARC NATURAL DE LA MUNTANYA DE MONTSERRAT. Diumenge, 8 de juny de 2014 Sortida del Km. 3,8 de la carretera del Monestir a can Ma\u00e7ana (numera al inrev\u00e9s), (690 m.). Per la drecera i canal del Miracle pujarem a la carena (980 m). Seguirem pel cam\u00ed de les Comes, amb camins &hellip; <a href=\"https:\/\/blocs.xarxanet.org\/aealtipla\/excursions\/2014-3\/2-matinal-a-montserrat-montgros-2\/\" class=\"more-link\">Continua llegint <span class=\"screen-reader-text\">\u00abEl Montgros per la vessant nord\u00bb<\/span><\/a><\/p>\n","protected":false},"author":129,"featured_media":0,"parent":3805,"menu_order":8,"comment_status":"open","ping_status":"closed","template":"","meta":{"_s2mail":"yes","footnotes":""},"class_list":["post-1721","page","type-page","status-publish","hentry"],"_links":{"self":[{"href":"https:\/\/blocs.xarxanet.org\/aealtipla\/wp-json\/wp\/v2\/pages\/1721","targetHints":{"allow":["GET"]}}],"collection":[{"href":"https:\/\/blocs.xarxanet.org\/aealtipla\/wp-json\/wp\/v2\/pages"}],"about":[{"href":"https:\/\/blocs.xarxanet.org\/aealtipla\/wp-json\/wp\/v2\/types\/page"}],"author":[{"embeddable":true,"href":"https:\/\/blocs.xarxanet.org\/aealtipla\/wp-json\/wp\/v2\/users\/129"}],"replies":[{"embeddable":true,"href":"https:\/\/blocs.xarxanet.org\/aealtipla\/wp-json\/wp\/v2\/comments?post=1721"}],"version-history":[{"count":13,"href":"https:\/\/blocs.xarxanet.org\/aealtipla\/wp-json\/wp\/v2\/pages\/1721\/revisions"}],"predecessor-version":[{"id":2896,"href":"https:\/\/blocs.xarxanet.org\/aealtipla\/wp-json\/wp\/v2\/pages\/1721\/revisions\/2896"}],"up":[{"embeddable":true,"href":"https:\/\/blocs.xarxanet.org\/aealtipla\/wp-json\/wp\/v2\/pages\/3805"}],"wp:attachment":[{"href":"https:\/\/blocs.xarxanet.org\/aealtipla\/wp-json\/wp\/v2\/media?parent=1721"}],"curies":[{"name":"wp","href":"https:\/\/api.w.org\/{rel}","templated":true}]}}