{"id":1690,"date":"2014-05-16T20:17:45","date_gmt":"2014-05-16T18:17:45","guid":{"rendered":"http:\/\/blocs.xarxanet.org\/aealtipla\/?page_id=1690"},"modified":"2021-03-09T17:58:26","modified_gmt":"2021-03-09T16:58:26","slug":"1-les-vores-del-ter-i-el-castell-de-montesquiu","status":"publish","type":"page","link":"https:\/\/blocs.xarxanet.org\/aealtipla\/excursions\/2014-3\/1-les-vores-del-ter-i-el-castell-de-montesquiu\/","title":{"rendered":"1 Les vores del Ter i el Castell de Montesquiu"},"content":{"rendered":"<p><img loading=\"lazy\" decoding=\"async\" class=\"aligncenter size-large wp-image-1691\" src=\"http:\/\/blocs.xarxanet.org\/aealtipla\/files\/2014\/05\/HPIM1492-1024x770.jpg\" alt=\"HPIM1492\" width=\"495\" height=\"372\" srcset=\"https:\/\/blocs.xarxanet.org\/aealtipla\/files\/2014\/05\/HPIM1492-1024x770.jpg 1024w, https:\/\/blocs.xarxanet.org\/aealtipla\/files\/2014\/05\/HPIM1492-300x225.jpg 300w\" sizes=\"auto, (max-width: 495px) 85vw, 495px\" \/>Dissabte 31 de maig de 2014<\/p>\n<p>Sortida social de tot el dia en autocar.<\/p>\n<p><span style=\"font-size: medium\">Sortirem puntualment <\/span><span style=\"font-size: medium\">\u00a0<\/span><span style=\"font-size: medium\">a les 8h del mat\u00ed de la rambla Ribatallada \/\u00c0ngel Guimer\u00e0.<\/span><\/p>\n<p><b><span style=\"font-size: medium\">Dificultat<\/span><\/b><span style=\"font-size: medium\">: Cap.<\/span><\/p>\n<p><span style=\"font-size: medium\">Hi haur\u00e0 dues opcions:<\/span><\/p>\n<ol>\n<li><b><span style=\"font-size: medium\">Senderisme<\/span><\/b><span style=\"font-size: medium\"> : Dist\u00e0ncia 12,5 Km. Desnivell inapreciable.<\/span><\/li>\n<\/ol>\n<p><b><span style=\"font-size: medium\">Descripci\u00f3: <\/span><\/b><span style=\"font-size: medium\">Sortida de Vilaseca (Torell\u00f3) seguint el GR que remunta el curs del riu Ter. Veurem al llarg del recorregut els aprofitaments d\u2019aquest riu en forma de rescloses, canals que feien moure els molins i les turbines de les f\u00e0briques de les col\u00f2nies t\u00e8xtils, entre l\u2019exuberant i ombr\u00edvola vegetaci\u00f3 de ribera. Seguint riu amunt i despr\u00e9s d\u2019uns grans meandres arribarem a Sant Quirze de Bessora i d\u2019aqu\u00ed per un tram d\u2019ombr\u00edvola carretera secund\u00e0ria, arribarem al Castell de Montesquiu on ens reunirem amb l\u2019altre grup.<\/span><\/p>\n<ol>\n<li><b><span style=\"font-size: medium\">Passejada al Parc natural del Castell de Montesquiu<\/span><\/b><span style=\"font-size: medium\"> : Dist\u00e0ncia 2,4 Km. Desnivell 70m.<\/span><\/li>\n<\/ol>\n<p><b><span style=\"font-size: medium\">Descripci\u00f3: <\/span><\/b><span style=\"font-size: medium\">Pararem a esmorzar al poble de Sant Quirze de Besora. Despr\u00e9s l\u2019autocar ens portar\u00e0 al Castell de Montesquiu, on podrem tenir una visi\u00f3 general de l\u2019edifici i el seu jard\u00ed. Farem una excursi\u00f3 f\u00e0cil i agradable, d\u2019una hora de duraci\u00f3 aproximadament, per camins i corriols de pendents suaus, tret d\u2019una pujada curta al final del recorregut.<\/span><\/p>\n<p><b><span style=\"font-size: medium\">Visita al Castell de Montesquiu<\/span><\/b><span style=\"font-size: medium\">: Els dos grups coincidirem per fer aquesta visita al final del mat\u00ed. Despr\u00e9s de la visita hi haur\u00e0 la possibilitat de dinar al voltant del Castell, o b\u00e9 dinar a un restaurant de la rodalia.<\/span><\/p>\n<p><b><span style=\"font-size: medium\">Material<\/span><\/b><span style=\"font-size: medium\">: Cal\u00e7at c\u00f2mode i amb bona adher\u00e8ncia, roba adient per caminar per la muntanya, crema solar, ulleres de sol i gorra, aigua i alguns aliments. Per la sortida A aconsellem pantalons llargs.<\/span><\/p>\n<p><span style=\"font-size: medium\">Preus 17 \u20ac (socis) 20 \u20ac (no socis) 22 \u20ac (posteriors al 29 de maig), m\u00e9s asseguran\u00e7a (2\u20ac) pels que no en tinguin. Inclou l\u2019entrada al castell.<\/span><\/p>\n<p><span style=\"font-size: medium\">Cal inscripci\u00f3 pr\u00e8via comunicant nom, dos cognoms i NIF al tel 659345972, o per correu electr\u00f2nic a <\/span><a href=\"mailto:altipla@caminar.info\"><span style=\"font-size: medium\">altipla@caminar.info<\/span><\/a><span style=\"font-size: medium\">, i que ens feu arribar l\u2019import de la sortida en efectiu o ingressant-lo en el compte 3025 0014 00 1400012421. Places limitades.<\/span><\/p>\n<p><span style=\"font-size: medium\">\u00a0<strong><a href=\"http:\/\/blocs.xarxanet.org\/aealtipla\/files\/2014\/04\/logo_interiordiba.gif\"><img loading=\"lazy\" decoding=\"async\" class=\"alignright size-full wp-image-1768\" src=\"http:\/\/blocs.xarxanet.org\/aealtipla\/files\/2014\/04\/logo_interiordiba.gif\" alt=\"logo_interiordiba\" width=\"111\" height=\"42\" \/><\/a>COL\u00b7LABORA\u00a0\u00a0 <em>XARXA DE PARCS NATURALS<\/em><\/strong><\/span><\/p>\n<p>&nbsp;<\/p>\n","protected":false},"excerpt":{"rendered":"<p>Dissabte 31 de maig de 2014 Sortida social de tot el dia en autocar. Sortirem puntualment \u00a0a les 8h del mat\u00ed de la rambla Ribatallada \/\u00c0ngel Guimer\u00e0. Dificultat: Cap. Hi haur\u00e0 dues opcions: Senderisme : Dist\u00e0ncia 12,5 Km. Desnivell inapreciable. Descripci\u00f3: Sortida de Vilaseca (Torell\u00f3) seguint el GR que remunta el curs del riu Ter. &hellip; <a href=\"https:\/\/blocs.xarxanet.org\/aealtipla\/excursions\/2014-3\/1-les-vores-del-ter-i-el-castell-de-montesquiu\/\" class=\"more-link\">Continua llegint <span class=\"screen-reader-text\">\u00ab1 Les vores del Ter i el Castell de Montesquiu\u00bb<\/span><\/a><\/p>\n","protected":false},"author":129,"featured_media":0,"parent":3805,"menu_order":1,"comment_status":"open","ping_status":"closed","template":"","meta":{"_s2mail":"yes","footnotes":""},"class_list":["post-1690","page","type-page","status-publish","hentry"],"_links":{"self":[{"href":"https:\/\/blocs.xarxanet.org\/aealtipla\/wp-json\/wp\/v2\/pages\/1690","targetHints":{"allow":["GET"]}}],"collection":[{"href":"https:\/\/blocs.xarxanet.org\/aealtipla\/wp-json\/wp\/v2\/pages"}],"about":[{"href":"https:\/\/blocs.xarxanet.org\/aealtipla\/wp-json\/wp\/v2\/types\/page"}],"author":[{"embeddable":true,"href":"https:\/\/blocs.xarxanet.org\/aealtipla\/wp-json\/wp\/v2\/users\/129"}],"replies":[{"embeddable":true,"href":"https:\/\/blocs.xarxanet.org\/aealtipla\/wp-json\/wp\/v2\/comments?post=1690"}],"version-history":[{"count":5,"href":"https:\/\/blocs.xarxanet.org\/aealtipla\/wp-json\/wp\/v2\/pages\/1690\/revisions"}],"predecessor-version":[{"id":2923,"href":"https:\/\/blocs.xarxanet.org\/aealtipla\/wp-json\/wp\/v2\/pages\/1690\/revisions\/2923"}],"up":[{"embeddable":true,"href":"https:\/\/blocs.xarxanet.org\/aealtipla\/wp-json\/wp\/v2\/pages\/3805"}],"wp:attachment":[{"href":"https:\/\/blocs.xarxanet.org\/aealtipla\/wp-json\/wp\/v2\/media?parent=1690"}],"curies":[{"name":"wp","href":"https:\/\/api.w.org\/{rel}","templated":true}]}}