{"id":1658,"date":"2014-04-30T22:57:57","date_gmt":"2014-04-30T20:57:57","guid":{"rendered":"http:\/\/blocs.xarxanet.org\/aealtipla\/?page_id=1658"},"modified":"2021-03-09T18:00:30","modified_gmt":"2021-03-09T17:00:30","slug":"3-castellar-vell","status":"publish","type":"page","link":"https:\/\/blocs.xarxanet.org\/aealtipla\/excursions\/2014-3\/3-castellar-vell\/","title":{"rendered":"Castellar Vell"},"content":{"rendered":"<p><a href=\"http:\/\/blocs.xarxanet.org\/aealtipla\/files\/2014\/04\/HPIM1464.jpg\"><img loading=\"lazy\" decoding=\"async\" class=\"aligncenter size-medium wp-image-1659\" alt=\"HPIM1464\" src=\"http:\/\/blocs.xarxanet.org\/aealtipla\/files\/2014\/04\/HPIM1464-300x225.jpg\" width=\"300\" height=\"225\" srcset=\"https:\/\/blocs.xarxanet.org\/aealtipla\/files\/2014\/04\/HPIM1464-300x225.jpg 300w, https:\/\/blocs.xarxanet.org\/aealtipla\/files\/2014\/04\/HPIM1464-1024x770.jpg 1024w\" sizes=\"auto, (max-width: 300px) 85vw, 300px\" \/><\/a><\/p>\n<p align=\"center\"><b><span style=\"color: #000000\">Castellar Vell<\/span><\/b><\/p>\n<p align=\"center\"><b><i><span style=\"color: #000000\">Sortida tranquil\u00b7la<\/span><\/i><\/b><\/p>\n<p align=\"center\"><b><span style=\"color: #000000\">Dimecres 14 de maig de 2014<\/span><\/b><\/p>\n<p><b><span style=\"color: #000000\">Hora i lloc de trobada:<\/span><\/b><span style=\"color: #000000\"> 8:30 del mat\u00ed, a Can Quit\u00e8ria, en cotxes particulars.<\/span><\/p>\n<p><b><span style=\"color: #000000\">Durada<\/span><\/b><span style=\"color: #000000\">: Matinal curta<\/span><\/p>\n<p><b><span style=\"color: #000000\">Dist\u00e0ncia: <\/span><\/b><span style=\"color: #000000\">5 Km<\/span><\/p>\n<p><b><span style=\"color: #000000\">Desnivell:<\/span><\/b><span style=\"color: #000000\"> Inferior a 200m<\/span><span style=\"color: #000000;font-family: Arial;font-size: medium\">\u00a0\u00a0\u00a0\u00a0\u00a0\u00a0\u00a0\u00a0\u00a0\u00a0\u00a0 <\/span><\/p>\n<p><b><span style=\"color: #000000\">Dificultat:<\/span><\/b><span style=\"color: #000000\"> Corriols de muntanya sense dificultats<\/span><\/p>\n<p><b><span style=\"color: #000000\">Material:<\/span><\/b><span style=\"color: #000000\"> Imprescindible cal\u00e7at c\u00f2mode i amb bona adher\u00e8ncia, roba adient per caminar per la muntanya, aigua i alguns aliments.<\/span><\/p>\n<p><b><span style=\"color: #000000;font-size: medium\">Descripci\u00f3:<\/span><\/b><span style=\"font-family: Times New Roman\"><span style=\"color: #000000;font-size: medium\"> Dins del poble de Castellar del Vall\u00e8s, des de <\/span><span style=\"color: #000000;font-size: medium\">\u00a0<\/span><span style=\"color: #000000;font-size: medium\">la carretera de Sabadell, anem cap a la masia de <\/span><strong><\/strong><span style=\"color: #000000;font-size: medium\">Ca n&#8217;Oliver. Un cop hem passat la casa, agafem un cam\u00ed que surt a la dreta, per uns esglaons. Una mica m\u00e9s endavant, deixem el cam\u00ed per anar vorejant un camp llaurat. A uns 50 metres, agafem un corriol que baixa a l&#8217;esquerra per dins del bosc de Ca n&#8217;Oliver, on trobarem restes d&#8217;un sot de carbonet. A uns 300 metres, trobem una pista forestal: la creuem i baixem els graons que ens porten fins al punt on es creua el riu. Arribem a un pla, amb un pal senyalitzador. En aquest punt tenim l&#8217;opci\u00f3 d&#8217;anar a veure un antic <\/span><strong><span style=\"color: #000000;font-size: medium\">forn d&#8217;obra <\/span><\/strong><span style=\"color: #000000;font-size: medium\">situat a uns 300 m seguint el cam\u00ed de m\u00e0 esquerra.<\/span><\/span><\/p>\n<p><span style=\"font-family: Times New Roman\"><span style=\"color: #000000;font-size: medium\"><a href=\"http:\/\/blocs.xarxanet.org\/aealtipla\/files\/2014\/04\/HPIM3197.jpg\"><img loading=\"lazy\" decoding=\"async\" class=\"alignleft size-medium wp-image-1892\" alt=\"HPIM3197\" src=\"http:\/\/blocs.xarxanet.org\/aealtipla\/files\/2014\/04\/HPIM3197-300x225.jpg\" width=\"300\" height=\"225\" srcset=\"https:\/\/blocs.xarxanet.org\/aealtipla\/files\/2014\/04\/HPIM3197-300x225.jpg 300w, https:\/\/blocs.xarxanet.org\/aealtipla\/files\/2014\/04\/HPIM3197-1024x770.jpg 1024w\" sizes=\"auto, (max-width: 300px) 85vw, 300px\" \/><\/a><a href=\"http:\/\/blocs.xarxanet.org\/aealtipla\/files\/2014\/04\/HPIM3192.jpg\"><img loading=\"lazy\" decoding=\"async\" class=\"alignright size-thumbnail wp-image-1893\" alt=\"HPIM3192\" src=\"http:\/\/blocs.xarxanet.org\/aealtipla\/files\/2014\/04\/HPIM3192-150x150.jpg\" width=\"150\" height=\"150\" \/><\/a><a href=\"http:\/\/blocs.xarxanet.org\/aealtipla\/files\/2014\/04\/HPIM3196.jpg\"><img loading=\"lazy\" decoding=\"async\" class=\"alignright size-thumbnail wp-image-1894\" alt=\"HPIM3196\" src=\"http:\/\/blocs.xarxanet.org\/aealtipla\/files\/2014\/04\/HPIM3196-150x150.jpg\" width=\"150\" height=\"150\" \/><\/a>Tornats a situar al pla, agafem el cam\u00ed que s&#8217;endinsa al torrent, buscant un corriol que el creua i comen\u00e7a a pujar per la costa d&#8217;en Jan. Arribem a <\/span><strong><span style=\"color: #000000;font-size: medium\">Castellar Vell<\/span><\/strong><span style=\"color: #000000;font-size: medium\">.<\/span><\/span><\/p>\n<p><a href=\"http:\/\/blocs.xarxanet.org\/aealtipla\/files\/2014\/04\/HPIM3197.jpg\">\u00a0<\/a><\/p>\n<p><span style=\"font-family: Times New Roman\"><span style=\"color: #000000;font-size: medium\">\u00a0Travessem l&#8217;esplanada i baixem pel cam\u00ed ample. Un cop passada la porta de ferro, a m\u00e0 esquerra, trobem la <\/span><strong><span style=\"color: #000000;font-size: medium\">font de Sant Antoni<\/span><\/strong><span style=\"color: #000000;font-size: medium\">. Fem la petita pujada que hi ha al costat de la font i de seguida tornem a baixar pel cam\u00ed que tomba a m\u00e0 dreta. Al final de la baixada, el cam\u00ed continua cap a la dreta, per\u00f2 de nou tenim una visita opcional: agafant el corriol que surt a l&#8217;esquerra s&#8217;arriba a un <\/span><strong><span style=\"color: #000000;font-size: medium\">embassament,<\/span><\/strong><span style=\"color: #000000;font-size: medium\"> una obra d&#8217;uns 30 anys d&#8217;antiguitat, la finalitat del qual era retenir l&#8217;aigua del torrent Mitger per treure&#8217;n m\u00e9s profit.<\/span><\/span><\/p>\n<p><span style=\"font-family: Times New Roman\"><span style=\"color: #000000;font-size: medium\">Tornem pel mateix cam\u00ed fins a trobar-nos la pista que segu\u00edem. Seguim endavant i entrem al torrent Mitger. A uns 700 metres a l&#8217;esquerra podem observar la Paret de les Teranyines. <\/span><\/span><\/p>\n<p><a href=\"http:\/\/blocs.xarxanet.org\/aealtipla\/files\/2014\/04\/HPIM3200.jpg\"><img loading=\"lazy\" decoding=\"async\" class=\"aligncenter size-large wp-image-1895\" alt=\"HPIM3200\" src=\"http:\/\/blocs.xarxanet.org\/aealtipla\/files\/2014\/04\/HPIM3200-1024x770.jpg\" width=\"495\" height=\"372\" srcset=\"https:\/\/blocs.xarxanet.org\/aealtipla\/files\/2014\/04\/HPIM3200-1024x770.jpg 1024w, https:\/\/blocs.xarxanet.org\/aealtipla\/files\/2014\/04\/HPIM3200-300x225.jpg 300w\" sizes=\"auto, (max-width: 495px) 85vw, 495px\" \/><\/a><\/p>\n<p><span style=\"font-family: Times New Roman\"><span style=\"color: #000000;font-size: medium\">Continuem pel torrent fins que arribem al pla, i per tornar a Castellar <\/span><span style=\"color: #000000;font-size: medium\">\u00a0<\/span><span style=\"color: #000000;font-size: medium\">creuem el riu en sentit contrari i pugem cap a Ca n\u2019Oliver i la carretera. <\/span><\/span><\/p>\n<p><a href=\"http:\/\/blocs.xarxanet.org\/aealtipla\/files\/2014\/02\/DB-Persones-color-horitzontal-201-e1401817052686.jpg\"><img loading=\"lazy\" decoding=\"async\" class=\"aligncenter size-full wp-image-1747\" alt=\"DB Persones color horitzontal 201\" src=\"http:\/\/blocs.xarxanet.org\/aealtipla\/files\/2014\/02\/DB-Persones-color-horitzontal-201-e1401817052686.jpg\" width=\"315\" height=\"52\" \/><\/a><\/p>\n<p>&nbsp;<\/p>\n<p>&nbsp;<\/p>\n","protected":false},"excerpt":{"rendered":"<p>Castellar Vell Sortida tranquil\u00b7la Dimecres 14 de maig de 2014 Hora i lloc de trobada: 8:30 del mat\u00ed, a Can Quit\u00e8ria, en cotxes particulars. Durada: Matinal curta Dist\u00e0ncia: 5 Km Desnivell: Inferior a 200m\u00a0\u00a0\u00a0\u00a0\u00a0\u00a0\u00a0\u00a0\u00a0\u00a0\u00a0 Dificultat: Corriols de muntanya sense dificultats Material: Imprescindible cal\u00e7at c\u00f2mode i amb bona adher\u00e8ncia, roba adient per caminar per la muntanya, &hellip; <a href=\"https:\/\/blocs.xarxanet.org\/aealtipla\/excursions\/2014-3\/3-castellar-vell\/\" class=\"more-link\">Continua llegint <span class=\"screen-reader-text\">\u00abCastellar Vell\u00bb<\/span><\/a><\/p>\n","protected":false},"author":129,"featured_media":0,"parent":3805,"menu_order":2,"comment_status":"open","ping_status":"closed","template":"","meta":{"_s2mail":"yes","footnotes":""},"class_list":["post-1658","page","type-page","status-publish","hentry"],"_links":{"self":[{"href":"https:\/\/blocs.xarxanet.org\/aealtipla\/wp-json\/wp\/v2\/pages\/1658","targetHints":{"allow":["GET"]}}],"collection":[{"href":"https:\/\/blocs.xarxanet.org\/aealtipla\/wp-json\/wp\/v2\/pages"}],"about":[{"href":"https:\/\/blocs.xarxanet.org\/aealtipla\/wp-json\/wp\/v2\/types\/page"}],"author":[{"embeddable":true,"href":"https:\/\/blocs.xarxanet.org\/aealtipla\/wp-json\/wp\/v2\/users\/129"}],"replies":[{"embeddable":true,"href":"https:\/\/blocs.xarxanet.org\/aealtipla\/wp-json\/wp\/v2\/comments?post=1658"}],"version-history":[{"count":8,"href":"https:\/\/blocs.xarxanet.org\/aealtipla\/wp-json\/wp\/v2\/pages\/1658\/revisions"}],"predecessor-version":[{"id":2002,"href":"https:\/\/blocs.xarxanet.org\/aealtipla\/wp-json\/wp\/v2\/pages\/1658\/revisions\/2002"}],"up":[{"embeddable":true,"href":"https:\/\/blocs.xarxanet.org\/aealtipla\/wp-json\/wp\/v2\/pages\/3805"}],"wp:attachment":[{"href":"https:\/\/blocs.xarxanet.org\/aealtipla\/wp-json\/wp\/v2\/media?parent=1658"}],"curies":[{"name":"wp","href":"https:\/\/api.w.org\/{rel}","templated":true}]}}