{"id":1141,"date":"2014-02-27T22:03:59","date_gmt":"2014-02-27T21:03:59","guid":{"rendered":"http:\/\/blocs.xarxanet.org\/aealtipla\/?page_id=1141"},"modified":"2021-03-09T18:08:17","modified_gmt":"2021-03-09T17:08:17","slug":"5-massis-del-garraf-tram-iii-la-plana-novella-olivelles","status":"publish","type":"page","link":"https:\/\/blocs.xarxanet.org\/aealtipla\/excursions\/2014-3\/5-massis-del-garraf-tram-iii-la-plana-novella-olivelles\/","title":{"rendered":"Mass\u00eds del Garraf Tram III El Garraf m\u00e9s salvatge"},"content":{"rendered":"<p>&nbsp;<\/p>\n<p><a href=\"http:\/\/blocs.xarxanet.org\/aealtipla\/files\/2014\/02\/Garraf-III.jpg\">\u00a0<\/a><\/p>\n<h2>De la Plana Novella fins a\u00a0Olivella<\/h2>\n<h5>Diumenge, 30 de mar\u00e7<\/h5>\n<p>&nbsp;<\/p>\n<p><span style=\"color: #000000\"><span style=\"font-size: small\">\u00a0<\/span><img loading=\"lazy\" decoding=\"async\" class=\"aligncenter size-full wp-image-1566\" style=\"width: 337px;height: 507px\" src=\"http:\/\/blocs.xarxanet.org\/aealtipla\/files\/2014\/02\/Garraf-III.jpg\" alt=\"OLYMPUS DIGITAL CAMERA\" width=\"450\" height=\"600\" srcset=\"https:\/\/blocs.xarxanet.org\/aealtipla\/files\/2014\/02\/Garraf-III.jpg 450w, https:\/\/blocs.xarxanet.org\/aealtipla\/files\/2014\/02\/Garraf-III-225x300.jpg 225w\" sizes=\"auto, (max-width: 450px) 85vw, 450px\" \/><\/span><\/p>\n<p><span style=\"color: #000000\">La riera de Jafra es la depressi\u00f3 m\u00e9s important &#8211; i m\u00e9s impressionant &#8211; que trobem entre la sortida i l&#8217;arribada. <span style=\"font-size: small\">\u00a0<\/span>En recorrerem una bona part, per retrobar-nos amb el silenci i la natura en estat verge. <span style=\"font-size: small\">\u00a0<\/span>El tram inicial ve de Begues i s&#8217;anomena riera de Begues <span style=\"font-size: small\">\u00a0<\/span>El tram final, que no recorrerem, s&#8217;anomena riera de Ribes i desemboca al mar, a Sitges <span style=\"font-size: small\">\u00a0<\/span>Aquesta depressi\u00f3, doncs, amb diferents noms, recorre en diagonal tot el mass\u00eds del Garraf. <span style=\"font-size: small\">\u00a0<\/span>La deixarem per enfilar-nos al cim dels cirerers on trobarem el GR5, sender dels miradors, que seguirem fins a can Grau, antiga masia convertida en escola de natura i observatori meteorol\u00f2gic. <span style=\"font-size: small\">\u00a0<\/span>Poc m\u00e9s amunt, deixarem el GR per endinsar-nos cap a Olivella. Abans d&#8217;arribar-hi, pujarem al castell vell d&#8217;Olivella, on ens esperen unes sorpreses i on es gaudeix d&#8217;una molt bona vista sobre la poblaci\u00f3 i el mar. <span style=\"font-size: small\">\u00a0<\/span>Finalment acabarem el nostre recorregut a Olivella, bonica i antiga poblaci\u00f3 on veurem les ben conreades vinyes que l&#8217;encerclen. <span style=\"font-size: small\">\u00a0<\/span>Recuperarem els vehicles i com sempre, qui vulgui se&#8217;n va a casa a dinar, o baixa a dinar a Vilanova, tocant al mar.<\/span><\/p>\n<p>&nbsp;<\/p>\n<p><a href=\"http:\/\/blocs.xarxanet.org\/aealtipla\/files\/2014\/02\/HPIM2829.jpg\"><img loading=\"lazy\" decoding=\"async\" class=\"alignright size-large wp-image-1787\" style=\"width: 435px;height: 321px\" src=\"http:\/\/blocs.xarxanet.org\/aealtipla\/files\/2014\/02\/HPIM2829-1024x770.jpg\" alt=\"HPIM2829\" width=\"495\" height=\"372\" srcset=\"https:\/\/blocs.xarxanet.org\/aealtipla\/files\/2014\/02\/HPIM2829-1024x770.jpg 1024w, https:\/\/blocs.xarxanet.org\/aealtipla\/files\/2014\/02\/HPIM2829-300x225.jpg 300w\" sizes=\"auto, (max-width: 495px) 85vw, 495px\" \/><\/a>La pluja caiguda el dia 30 de mar\u00e7 ens ha impedit realitzar una part d&#8217;aquest itinerari.<\/p>\n<p>Es va fer una excursi\u00f3 circular al voltant d&#8217;Olivella.<\/p>\n<p><strong>Dist\u00e0ncia:<\/strong> 6Km. <strong>Desnivell acumulat<\/strong> 300m. <strong>Durada<\/strong> 2h 30m (amb parades)<\/p>\n<p>Es troben, al llarg del recorregut, totes les caracter\u00edstiques que fan singular el parc del Garraf.<\/p>\n<p><strong>Itinerari<\/strong>: Olivella &#8211; Coll del Triador &#8211; Fondo de la Cervera &#8211; Els Safareigs i font del Rector &#8211; Sant Pere &#8211; Castell d&#8217;olivella &#8211; Sant Pere &#8211; Barret del Rector &#8211; Balma de Can Mercader &#8211; Bosc dels Piveus &#8211; Can mercader &#8211; Olivella.<a href=\"http:\/\/blocs.xarxanet.org\/aealtipla\/files\/2014\/02\/HPIM2825.jpg\"><img loading=\"lazy\" decoding=\"async\" class=\"alignright size-large wp-image-1785\" src=\"http:\/\/blocs.xarxanet.org\/aealtipla\/files\/2014\/02\/HPIM2825-1024x770.jpg\" alt=\"HPIM2825\" width=\"495\" height=\"372\" srcset=\"https:\/\/blocs.xarxanet.org\/aealtipla\/files\/2014\/02\/HPIM2825-1024x770.jpg 1024w, https:\/\/blocs.xarxanet.org\/aealtipla\/files\/2014\/02\/HPIM2825-300x225.jpg 300w\" sizes=\"auto, (max-width: 495px) 85vw, 495px\" \/><\/a><a href=\"http:\/\/blocs.xarxanet.org\/aealtipla\/files\/2014\/02\/HPIM2828.jpg\"><img loading=\"lazy\" decoding=\"async\" class=\"size-large wp-image-1786 alignleft\" src=\"http:\/\/blocs.xarxanet.org\/aealtipla\/files\/2014\/02\/HPIM2828-1024x770.jpg\" alt=\"HPIM2828\" width=\"495\" height=\"372\" srcset=\"https:\/\/blocs.xarxanet.org\/aealtipla\/files\/2014\/02\/HPIM2828-1024x770.jpg 1024w, https:\/\/blocs.xarxanet.org\/aealtipla\/files\/2014\/02\/HPIM2828-300x225.jpg 300w\" sizes=\"auto, (max-width: 495px) 85vw, 495px\" \/><\/a><\/p>\n<p>&nbsp;<\/p>\n<p>&nbsp;<\/p>\n<p>&nbsp;<\/p>\n<p>&nbsp;<\/p>\n<h4><\/h4>\n<h4>Col\u00b7labora\u00a0 <a href=\"http:\/\/blocs.xarxanet.org\/aealtipla\/files\/2014\/04\/logo_interiordiba.gif\"><img loading=\"lazy\" decoding=\"async\" class=\"alignright size-full wp-image-1768\" src=\"http:\/\/blocs.xarxanet.org\/aealtipla\/files\/2014\/04\/logo_interiordiba.gif\" alt=\"logo_interiordiba\" width=\"111\" height=\"42\" \/><\/a><\/h4>\n<h4>DIBA Xarxa de Parcs Naturals<\/h4>\n","protected":false},"excerpt":{"rendered":"<p>&nbsp; \u00a0 De la Plana Novella fins a\u00a0Olivella Diumenge, 30 de mar\u00e7 &nbsp; \u00a0 La riera de Jafra es la depressi\u00f3 m\u00e9s important &#8211; i m\u00e9s impressionant &#8211; que trobem entre la sortida i l&#8217;arribada. \u00a0En recorrerem una bona part, per retrobar-nos amb el silenci i la natura en estat verge. \u00a0El tram inicial ve &hellip; <a href=\"https:\/\/blocs.xarxanet.org\/aealtipla\/excursions\/2014-3\/5-massis-del-garraf-tram-iii-la-plana-novella-olivelles\/\" class=\"more-link\">Continua llegint <span class=\"screen-reader-text\">\u00abMass\u00eds del Garraf Tram III El Garraf m\u00e9s salvatge\u00bb<\/span><\/a><\/p>\n","protected":false},"author":129,"featured_media":0,"parent":3805,"menu_order":16,"comment_status":"open","ping_status":"closed","template":"","meta":{"_s2mail":"yes","footnotes":""},"class_list":["post-1141","page","type-page","status-publish","hentry"],"_links":{"self":[{"href":"https:\/\/blocs.xarxanet.org\/aealtipla\/wp-json\/wp\/v2\/pages\/1141","targetHints":{"allow":["GET"]}}],"collection":[{"href":"https:\/\/blocs.xarxanet.org\/aealtipla\/wp-json\/wp\/v2\/pages"}],"about":[{"href":"https:\/\/blocs.xarxanet.org\/aealtipla\/wp-json\/wp\/v2\/types\/page"}],"author":[{"embeddable":true,"href":"https:\/\/blocs.xarxanet.org\/aealtipla\/wp-json\/wp\/v2\/users\/129"}],"replies":[{"embeddable":true,"href":"https:\/\/blocs.xarxanet.org\/aealtipla\/wp-json\/wp\/v2\/comments?post=1141"}],"version-history":[{"count":12,"href":"https:\/\/blocs.xarxanet.org\/aealtipla\/wp-json\/wp\/v2\/pages\/1141\/revisions"}],"predecessor-version":[{"id":2894,"href":"https:\/\/blocs.xarxanet.org\/aealtipla\/wp-json\/wp\/v2\/pages\/1141\/revisions\/2894"}],"up":[{"embeddable":true,"href":"https:\/\/blocs.xarxanet.org\/aealtipla\/wp-json\/wp\/v2\/pages\/3805"}],"wp:attachment":[{"href":"https:\/\/blocs.xarxanet.org\/aealtipla\/wp-json\/wp\/v2\/media?parent=1141"}],"curies":[{"name":"wp","href":"https:\/\/api.w.org\/{rel}","templated":true}]}}