{"id":1122,"date":"2014-02-25T21:54:49","date_gmt":"2014-02-25T20:54:49","guid":{"rendered":"http:\/\/blocs.xarxanet.org\/aealtipla\/?page_id=1122"},"modified":"2021-03-09T18:02:19","modified_gmt":"2021-03-09T17:02:19","slug":"3-el-castell-de-castellar","status":"publish","type":"page","link":"https:\/\/blocs.xarxanet.org\/aealtipla\/excursions\/2014-3\/3-el-castell-de-castellar\/","title":{"rendered":"El Castell de Castellar"},"content":{"rendered":"<p>&nbsp;<\/p>\n<p><em><a href=\"http:\/\/blocs.xarxanet.org\/aealtipla\/files\/2014\/02\/HPIM1470.jpg\"><img loading=\"lazy\" decoding=\"async\" class=\"size-large wp-image-1125 aligncenter\" src=\"http:\/\/blocs.xarxanet.org\/aealtipla\/files\/2014\/02\/HPIM1470-1024x770.jpg\" alt=\"HPIM1470\" width=\"495\" height=\"372\" srcset=\"https:\/\/blocs.xarxanet.org\/aealtipla\/files\/2014\/02\/HPIM1470-1024x770.jpg 1024w, https:\/\/blocs.xarxanet.org\/aealtipla\/files\/2014\/02\/HPIM1470-300x225.jpg 300w\" sizes=\"auto, (max-width: 495px) 85vw, 495px\" \/><\/a><\/em><\/p>\n<p style=\"text-align: center\"><em>Sortida tranquil\u00b7la<\/em><\/p>\n<p>Dimecres 12 de mar\u00e7 de 2014<\/p>\n<p>10 participants.<\/p>\n<h2>VISITA AL CASTELL<\/h2>\n<p><a href=\"http:\/\/blocs.xarxanet.org\/aealtipla\/files\/2014\/02\/HPIM2763.jpg\"><img loading=\"lazy\" decoding=\"async\" class=\"size-thumbnail wp-image-1620 alignnone\" src=\"http:\/\/blocs.xarxanet.org\/aealtipla\/files\/2014\/02\/HPIM2763-150x150.jpg\" alt=\"HPIM2763\" width=\"150\" height=\"150\" \/><\/a><a href=\"http:\/\/blocs.xarxanet.org\/aealtipla\/files\/2014\/02\/HPIM2762.jpg\"><img loading=\"lazy\" decoding=\"async\" class=\"size-thumbnail wp-image-1621 alignright\" src=\"http:\/\/blocs.xarxanet.org\/aealtipla\/files\/2014\/02\/HPIM2762-150x150.jpg\" alt=\"HPIM2762\" width=\"150\" height=\"150\" \/><\/a>En arribar, passem per sota l&#8217;aqueducte. La masia queda a la nostra dreta i el castell a l&#8217;esquerra<\/p>\n<p><a href=\"http:\/\/blocs.xarxanet.org\/aealtipla\/files\/2014\/02\/HPIM2765.jpg\"><img loading=\"lazy\" decoding=\"async\" class=\"aligncenter size-large wp-image-1619\" src=\"http:\/\/blocs.xarxanet.org\/aealtipla\/files\/2014\/02\/HPIM2765-1024x770.jpg\" alt=\"HPIM2765\" width=\"495\" height=\"372\" srcset=\"https:\/\/blocs.xarxanet.org\/aealtipla\/files\/2014\/02\/HPIM2765-1024x770.jpg 1024w, https:\/\/blocs.xarxanet.org\/aealtipla\/files\/2014\/02\/HPIM2765-300x225.jpg 300w\" sizes=\"auto, (max-width: 495px) 85vw, 495px\" \/><\/a>El castell des del pati exterior.<\/p>\n<p><a href=\"http:\/\/blocs.xarxanet.org\/aealtipla\/files\/2014\/02\/HPIM2777.jpg\"><strong><img loading=\"lazy\" decoding=\"async\" class=\"size-thumbnail wp-image-1629 alignleft\" src=\"http:\/\/blocs.xarxanet.org\/aealtipla\/files\/2014\/02\/HPIM2777-150x150.jpg\" alt=\"HPIM2777\" width=\"150\" height=\"150\" \/><\/strong><\/a>El pati interior del castell,<a href=\"http:\/\/blocs.xarxanet.org\/aealtipla\/files\/2014\/02\/HPIM2766.jpg\"><strong><img loading=\"lazy\" decoding=\"async\" class=\"size-thumbnail wp-image-1622 alignnone\" src=\"http:\/\/blocs.xarxanet.org\/aealtipla\/files\/2014\/02\/HPIM2766-150x150.jpg\" alt=\"HPIM2766\" width=\"150\" height=\"150\" \/><\/strong><\/a><\/p>\n<p><a href=\"http:\/\/blocs.xarxanet.org\/aealtipla\/files\/2014\/02\/HPIM2769.jpg\"><img loading=\"lazy\" decoding=\"async\" class=\"size-thumbnail wp-image-1623 alignleft\" src=\"http:\/\/blocs.xarxanet.org\/aealtipla\/files\/2014\/02\/HPIM2769-150x150.jpg\" alt=\"HPIM2769\" width=\"150\" height=\"150\" \/><\/a>les escales,<a href=\"http:\/\/blocs.xarxanet.org\/aealtipla\/files\/2014\/02\/HPIM2776.jpg\"><strong><img loading=\"lazy\" decoding=\"async\" class=\"size-thumbnail wp-image-1624 alignnone\" src=\"http:\/\/blocs.xarxanet.org\/aealtipla\/files\/2014\/02\/HPIM2776-150x150.jpg\" alt=\"HPIM2776\" width=\"150\" height=\"150\" \/><\/strong><\/a><\/p>\n<p>el pou<img loading=\"lazy\" decoding=\"async\" class=\"size-thumbnail wp-image-1626 alignleft\" src=\"http:\/\/blocs.xarxanet.org\/aealtipla\/files\/2014\/02\/pou-150x150.jpg\" alt=\"pou\" width=\"150\" height=\"150\" \/><\/p>\n<p>i algunes depend\u00e8ncies.<img loading=\"lazy\" decoding=\"async\" class=\"size-thumbnail wp-image-1625\" src=\"http:\/\/blocs.xarxanet.org\/aealtipla\/files\/2014\/02\/HPIM2767-150x150.jpg\" alt=\"HPIM2767\" width=\"150\" height=\"150\" \/><\/p>\n<p><a href=\"http:\/\/blocs.xarxanet.org\/aealtipla\/files\/2014\/02\/HPIM2775.jpg\"><img loading=\"lazy\" decoding=\"async\" class=\"size-thumbnail wp-image-1630 alignright\" src=\"http:\/\/blocs.xarxanet.org\/aealtipla\/files\/2014\/02\/sostre-150x150.jpg\" alt=\"sostre\" width=\"150\" height=\"150\" \/><\/a><a href=\"http:\/\/blocs.xarxanet.org\/aealtipla\/files\/2014\/02\/HPIM2778.jpg\"><img loading=\"lazy\" decoding=\"async\" class=\"size-thumbnail wp-image-1627 alignnone\" src=\"http:\/\/blocs.xarxanet.org\/aealtipla\/files\/2014\/02\/HPIM2778-150x150.jpg\" alt=\"HPIM2778\" width=\"150\" height=\"150\" \/><\/a>Sostres.<\/p>\n<p><a href=\"http:\/\/blocs.xarxanet.org\/aealtipla\/files\/2014\/02\/HPIM2775.jpg\"><strong><img loading=\"lazy\" decoding=\"async\" class=\"size-thumbnail wp-image-1628 alignleft\" src=\"http:\/\/blocs.xarxanet.org\/aealtipla\/files\/2014\/02\/HPIM2775-150x150.jpg\" alt=\"HPIM2775\" width=\"150\" height=\"150\" \/><\/strong><\/a>Una terrassa<\/p>\n<p>La masia vista des d&#8217;una de les terrasses<img loading=\"lazy\" decoding=\"async\" class=\"aligncenter size-thumbnail wp-image-1631\" src=\"http:\/\/blocs.xarxanet.org\/aealtipla\/files\/2014\/02\/HPIM2779-150x150.jpg\" alt=\"HPIM2779\" width=\"150\" height=\"150\" \/><\/p>\n<p><a href=\"http:\/\/blocs.xarxanet.org\/aealtipla\/files\/2014\/02\/HPIM2785.jpg\"><img loading=\"lazy\" decoding=\"async\" class=\"alignleft size-thumbnail wp-image-1632\" src=\"http:\/\/blocs.xarxanet.org\/aealtipla\/files\/2014\/02\/HPIM2785-150x150.jpg\" alt=\"HPIM2785\" width=\"150\" height=\"150\" \/><\/a>La capella de Santa B\u00e0rbara i restes del claustre.<\/p>\n<p>&nbsp;<\/p>\n<p>&nbsp;<\/p>\n<p><a href=\"http:\/\/blocs.xarxanet.org\/aealtipla\/files\/2014\/02\/HPIM2785.jpg\"><br \/>\n<\/a><\/p>\n<p>&nbsp;<\/p>\n<p><strong>Hora i lloc de trobada:<\/strong> 9h del mat\u00ed, a la Pla\u00e7a Can quit\u00e8ria, amb cotxes propis.<\/p>\n<p><b>Durada<\/b>:\u00a0Sortida matinal.\u00a0Hi ha l&#8217;opci\u00f3 de dinar al restaurant El Rac\u00f3 de Castellar (men\u00fa 9 euros).<\/p>\n<p><b>Dist\u00e0ncia: <\/b>5 Km<\/p>\n<p><strong>Desnivell:\u00a0<\/strong>150m acumulats<b>\u00a0\u00a0\u00a0\u00a0\u00a0\u00a0\u00a0\u00a0\u00a0\u00a0\u00a0\u00a0\u00a0\u00a0\u00a0\u00a0\u00a0\u00a0\u00a0\u00a0\u00a0\u00a0\u00a0\u00a0\u00a0\u00a0\u00a0\u00a0\u00a0\u00a0\u00a0\u00a0\u00a0\u00a0\u00a0\u00a0\u00a0\u00a0 <\/b><\/p>\n<p><b>Dificultat: <\/b>Molt baixa.<\/p>\n<p><strong>Material:<\/strong> Imprescindible cal\u00e7at c\u00f2mode i amb bona adher\u00e8ncia, roba adient per caminar per la muntanya, aigua i alguns aliments.<\/p>\n<p><a href=\"http:\/\/blocs.xarxanet.org\/aealtipla\/files\/2014\/02\/HPIM1473.jpg\"><strong><img loading=\"lazy\" decoding=\"async\" class=\"alignleft size-thumbnail wp-image-1128\" src=\"http:\/\/blocs.xarxanet.org\/aealtipla\/files\/2014\/02\/HPIM1473-150x150.jpg\" alt=\"HPIM1473\" width=\"150\" height=\"150\" \/><\/strong><\/a><a href=\"http:\/\/blocs.xarxanet.org\/aealtipla\/files\/2014\/02\/HPIM2775.jpg\"><br \/>\n<\/a><strong>Itinerari: <\/strong>Espai Ferial Tolr\u00e0 &#8211; Ca n&#8217;Oliver &#8211; Bosc de ca n&#8217;Oliver &#8211; Castell de Clasquer\u00ed &#8211; Can Riera &#8211; Font de Can P\u00e8lecs &#8211; Pont Vell &#8211; Pla\u00e7a de la Miranda de Castellar del Vall\u00e8s.<a href=\"http:\/\/blocs.xarxanet.org\/aealtipla\/files\/2014\/02\/HPIM1474.jpg\"><img loading=\"lazy\" decoding=\"async\" class=\"alignright size-thumbnail wp-image-1129\" src=\"http:\/\/blocs.xarxanet.org\/aealtipla\/files\/2014\/02\/HPIM1474-150x150.jpg\" alt=\"HPIM1474\" width=\"150\" height=\"150\" \/><\/a><\/p>\n<p>El castell de Castellar, que visitarem parcialment, \u00e9s conegut tamb\u00e9 amb el nom de castell de Clasquer\u00ed o dels Clasquer\u00ed. \u00c9s un edifici g\u00f2tic del s. XIV declarat b\u00e9 cultural d&#8217;inter\u00e8s nacional. Est\u00e0 situat a la riba dreta del Ripoll en un\u00a0 tur\u00f3 envoltat arreu per barrancades que el fan de dif\u00edcil acc\u00e9s.<\/p>\n<p><strong>COL\u00b7LABORA\u00a0<\/strong>\u00a0 <a href=\"http:\/\/blocs.xarxanet.org\/aealtipla\/files\/2014\/02\/DB-Persones-color-horitzontal-201-e1401817052686.jpg\"><img loading=\"lazy\" decoding=\"async\" class=\"aligncenter size-full wp-image-1747\" src=\"http:\/\/blocs.xarxanet.org\/aealtipla\/files\/2014\/02\/DB-Persones-color-horitzontal-201-e1401817052686.jpg\" alt=\"DB Persones color horitzontal 201\" width=\"315\" height=\"52\" \/><\/a><\/p>\n","protected":false},"excerpt":{"rendered":"<p>&nbsp; Sortida tranquil\u00b7la Dimecres 12 de mar\u00e7 de 2014 10 participants. VISITA AL CASTELL En arribar, passem per sota l&#8217;aqueducte. La masia queda a la nostra dreta i el castell a l&#8217;esquerra El castell des del pati exterior. El pati interior del castell, les escales, el pou i algunes depend\u00e8ncies. Sostres. Una terrassa La masia &hellip; <a href=\"https:\/\/blocs.xarxanet.org\/aealtipla\/excursions\/2014-3\/3-el-castell-de-castellar\/\" class=\"more-link\">Continua llegint <span class=\"screen-reader-text\">\u00abEl Castell de Castellar\u00bb<\/span><\/a><\/p>\n","protected":false},"author":129,"featured_media":0,"parent":3805,"menu_order":5,"comment_status":"open","ping_status":"closed","template":"","meta":{"_s2mail":"yes","footnotes":""},"class_list":["post-1122","page","type-page","status-publish","hentry"],"_links":{"self":[{"href":"https:\/\/blocs.xarxanet.org\/aealtipla\/wp-json\/wp\/v2\/pages\/1122","targetHints":{"allow":["GET"]}}],"collection":[{"href":"https:\/\/blocs.xarxanet.org\/aealtipla\/wp-json\/wp\/v2\/pages"}],"about":[{"href":"https:\/\/blocs.xarxanet.org\/aealtipla\/wp-json\/wp\/v2\/types\/page"}],"author":[{"embeddable":true,"href":"https:\/\/blocs.xarxanet.org\/aealtipla\/wp-json\/wp\/v2\/users\/129"}],"replies":[{"embeddable":true,"href":"https:\/\/blocs.xarxanet.org\/aealtipla\/wp-json\/wp\/v2\/comments?post=1122"}],"version-history":[{"count":13,"href":"https:\/\/blocs.xarxanet.org\/aealtipla\/wp-json\/wp\/v2\/pages\/1122\/revisions"}],"predecessor-version":[{"id":2914,"href":"https:\/\/blocs.xarxanet.org\/aealtipla\/wp-json\/wp\/v2\/pages\/1122\/revisions\/2914"}],"up":[{"embeddable":true,"href":"https:\/\/blocs.xarxanet.org\/aealtipla\/wp-json\/wp\/v2\/pages\/3805"}],"wp:attachment":[{"href":"https:\/\/blocs.xarxanet.org\/aealtipla\/wp-json\/wp\/v2\/media?parent=1122"}],"curies":[{"name":"wp","href":"https:\/\/api.w.org\/{rel}","templated":true}]}}