{"id":1113,"date":"2014-02-24T22:43:25","date_gmt":"2014-02-24T21:43:25","guid":{"rendered":"http:\/\/blocs.xarxanet.org\/aealtipla\/?page_id=1113"},"modified":"2021-03-09T18:02:59","modified_gmt":"2021-03-09T17:02:59","slug":"el-massis-del-garraf-sortida-ii-tram-garraf-la-plana-novella","status":"publish","type":"page","link":"https:\/\/blocs.xarxanet.org\/aealtipla\/excursions\/2014-3\/el-massis-del-garraf-sortida-ii-tram-garraf-la-plana-novella\/","title":{"rendered":"El Mass\u00eds del Garraf: Sortida II tram Garraf-La Plana Novella"},"content":{"rendered":"<p style=\"text-align: center\"><b><span style=\"color: #000000\">Diumenge, 23 de febrer de 2014<\/span><\/b><\/p>\n<p><b><span style=\"color: #000000\">\u00a0<a href=\"http:\/\/blocs.xarxanet.org\/aealtipla\/files\/2014\/02\/HPIM26951.jpg\"><img loading=\"lazy\" decoding=\"async\" class=\"size-medium wp-image-1772 alignright\" src=\"http:\/\/blocs.xarxanet.org\/aealtipla\/files\/2014\/02\/HPIM26951-300x225.jpg\" alt=\"HPIM2695\" width=\"300\" height=\"225\" srcset=\"https:\/\/blocs.xarxanet.org\/aealtipla\/files\/2014\/02\/HPIM26951-300x225.jpg 300w, https:\/\/blocs.xarxanet.org\/aealtipla\/files\/2014\/02\/HPIM26951-1024x770.jpg 1024w\" sizes=\"auto, (max-width: 300px) 85vw, 300px\" \/><\/a><\/span><\/b><\/p>\n<p><span style=\"color: #000000\"><b>Hora i lloc de trobada:<\/b> 8 mati a can Quiteria, amb vehicles propis<\/span><\/p>\n<p><span style=\"color: #000000\"><b>Durada<\/b>: 4 h. i mitja . <\/span><span style=\"color: #000000\"><b>Desnivell<\/b>: +400-200. <\/span><span style=\"color: #000000\"><b>Dist\u00e0ncia<\/b>: 12 Km<\/span><\/p>\n<p><b><span style=\"color: #000000\">Dificultat<\/span><\/b><span style=\"color: #000000\"> : cap <b><span style=\"font-family: Times New Roman;font-size: medium\">Material:<\/span><\/b> Cal anar ben cal\u00e7at i portar esmorzar i aigua, roba adient per caminar per la muntanya.<\/span><\/p>\n<p><b> <span style=\"color: #000000\"> Descripci\u00f3:<\/span><\/b><span style=\"color: #000000\">El recorregut surt del poble del Garraf seguint el GR 92 que deixarem a can Llu\u00e7\u00e0 per endinsar-nos en el mass\u00eds fins al coll de Vallgrassa.<\/span><\/p>\n<p><span style=\"color: #000000\"> <a href=\"http:\/\/blocs.xarxanet.org\/aealtipla\/files\/2014\/02\/HPIM2677.jpg\"><img loading=\"lazy\" decoding=\"async\" class=\"alignleft size-thumbnail wp-image-1773\" src=\"http:\/\/blocs.xarxanet.org\/aealtipla\/files\/2014\/02\/HPIM2677-150x150.jpg\" alt=\"HPIM2677\" width=\"150\" height=\"150\" \/><\/a><a href=\"http:\/\/blocs.xarxanet.org\/aealtipla\/files\/2014\/02\/HPIM2679.jpg\"><img loading=\"lazy\" decoding=\"async\" class=\"alignright size-thumbnail wp-image-1774\" src=\"http:\/\/blocs.xarxanet.org\/aealtipla\/files\/2014\/02\/HPIM2679-150x150.jpg\" alt=\"HPIM2679\" width=\"150\" height=\"150\" \/><\/a>All\u00e0 agafarem un senderet carener que ens portar\u00e0 fins al poblet abandonat de Jafre. <\/span><\/p>\n<p><span style=\"color: #000000;font-size: small\">Finalment seguirem fins la propera Plana Novella on acabarem.<\/span><\/p>\n<p><span style=\"color: #000000\"><a href=\"http:\/\/blocs.xarxanet.org\/aealtipla\/files\/2014\/02\/Jafra.jpg\"><img loading=\"lazy\" decoding=\"async\" class=\"aligncenter size-large wp-image-1775\" src=\"http:\/\/blocs.xarxanet.org\/aealtipla\/files\/2014\/02\/Jafra-1024x282.jpg\" alt=\"Jafra\" width=\"495\" height=\"136\" srcset=\"https:\/\/blocs.xarxanet.org\/aealtipla\/files\/2014\/02\/Jafra-1024x282.jpg 1024w, https:\/\/blocs.xarxanet.org\/aealtipla\/files\/2014\/02\/Jafra-300x82.jpg 300w, https:\/\/blocs.xarxanet.org\/aealtipla\/files\/2014\/02\/Jafra.jpg 1600w\" sizes=\"auto, (max-width: 495px) 85vw, 495px\" \/><\/a><a href=\"http:\/\/blocs.xarxanet.org\/aealtipla\/files\/2014\/02\/HPIM2691.jpg\"><img loading=\"lazy\" decoding=\"async\" class=\"alignright size-medium wp-image-1776\" style=\"width: 234px;height: 179px\" src=\"http:\/\/blocs.xarxanet.org\/aealtipla\/files\/2014\/02\/HPIM2691-300x225.jpg\" alt=\"HPIM2691\" width=\"300\" height=\"225\" srcset=\"https:\/\/blocs.xarxanet.org\/aealtipla\/files\/2014\/02\/HPIM2691-300x225.jpg 300w, https:\/\/blocs.xarxanet.org\/aealtipla\/files\/2014\/02\/HPIM2691-1024x770.jpg 1024w\" sizes=\"auto, (max-width: 300px) 85vw, 300px\" \/><\/a>\u00a0Els conductors recuperaran els vehicles facilment al Garraf i recolliran a tothom qui vulgui marxar. Qui es quedi pot optar per dinar en un senzill restaurant de ciclistes, carn a la brasa etc. o portar-se entrep\u00e0 i menjar-se&#8217;l tranquilament als jardins del Monestir budista.<\/span><\/p>\n<h4><strong>Col\u00b7labora <\/strong><\/h4>\n<h4><strong>DIBA Xarxa de Parcs Naturals<\/strong><\/h4>\n<p><a href=\"http:\/\/blocs.xarxanet.org\/aealtipla\/files\/2014\/02\/logo_interiordiba.gif\"><img loading=\"lazy\" decoding=\"async\" class=\"alignleft size-full wp-image-1097\" src=\"http:\/\/blocs.xarxanet.org\/aealtipla\/files\/2014\/02\/logo_interiordiba.gif\" alt=\"logo_interiordiba\" width=\"111\" height=\"42\" \/><\/a><\/p>\n<p>&nbsp;<\/p>\n","protected":false},"excerpt":{"rendered":"<p>Diumenge, 23 de febrer de 2014 \u00a0 Hora i lloc de trobada: 8 mati a can Quiteria, amb vehicles propis Durada: 4 h. i mitja . Desnivell: +400-200. Dist\u00e0ncia: 12 Km Dificultat : cap Material: Cal anar ben cal\u00e7at i portar esmorzar i aigua, roba adient per caminar per la muntanya. Descripci\u00f3:El recorregut surt del &hellip; <a href=\"https:\/\/blocs.xarxanet.org\/aealtipla\/excursions\/2014-3\/el-massis-del-garraf-sortida-ii-tram-garraf-la-plana-novella\/\" class=\"more-link\">Continua llegint <span class=\"screen-reader-text\">\u00abEl Mass\u00eds del Garraf: Sortida II tram Garraf-La Plana Novella\u00bb<\/span><\/a><\/p>\n","protected":false},"author":129,"featured_media":0,"parent":3805,"menu_order":7,"comment_status":"open","ping_status":"closed","template":"","meta":{"_s2mail":"yes","footnotes":""},"class_list":["post-1113","page","type-page","status-publish","hentry"],"_links":{"self":[{"href":"https:\/\/blocs.xarxanet.org\/aealtipla\/wp-json\/wp\/v2\/pages\/1113","targetHints":{"allow":["GET"]}}],"collection":[{"href":"https:\/\/blocs.xarxanet.org\/aealtipla\/wp-json\/wp\/v2\/pages"}],"about":[{"href":"https:\/\/blocs.xarxanet.org\/aealtipla\/wp-json\/wp\/v2\/types\/page"}],"author":[{"embeddable":true,"href":"https:\/\/blocs.xarxanet.org\/aealtipla\/wp-json\/wp\/v2\/users\/129"}],"replies":[{"embeddable":true,"href":"https:\/\/blocs.xarxanet.org\/aealtipla\/wp-json\/wp\/v2\/comments?post=1113"}],"version-history":[{"count":9,"href":"https:\/\/blocs.xarxanet.org\/aealtipla\/wp-json\/wp\/v2\/pages\/1113\/revisions"}],"predecessor-version":[{"id":2893,"href":"https:\/\/blocs.xarxanet.org\/aealtipla\/wp-json\/wp\/v2\/pages\/1113\/revisions\/2893"}],"up":[{"embeddable":true,"href":"https:\/\/blocs.xarxanet.org\/aealtipla\/wp-json\/wp\/v2\/pages\/3805"}],"wp:attachment":[{"href":"https:\/\/blocs.xarxanet.org\/aealtipla\/wp-json\/wp\/v2\/media?parent=1113"}],"curies":[{"name":"wp","href":"https:\/\/api.w.org\/{rel}","templated":true}]}}