{"id":53,"date":"2012-04-29T19:02:18","date_gmt":"2012-04-29T19:02:18","guid":{"rendered":"http:\/\/blocs.xarxanet.org\/adfisics\/?page_id=53"},"modified":"2025-01-23T10:55:11","modified_gmt":"2025-01-23T10:55:11","slug":"enllacos","status":"publish","type":"page","link":"https:\/\/blocs.xarxanet.org\/adfisics\/?page_id=53","title":{"rendered":"Enlla\u00e7os"},"content":{"rendered":"<p><a href=\"http:\/\/www.santfeliu.cat\">Ajuntament de Sant Feliu de Llobregat<\/a><\/p>\n<p><a href=\"http:\/\/unes.cat\">Uni\u00f3 Esportiva UNES Sant Feliu (B\u00e0squet en cadira de rodes)<\/a><\/p>\n<div><a href=\"http:\/\/www.ecom.cat\">Federaci\u00f3 ECOM<\/a><\/div>\n<div><\/div>\n<div><\/div>\n<p><a href=\"http:\/\/www.gencat.cat\">Generalitat de Catalunya<\/a><\/p>\n<p><a href=\"http:\/\/www20.gencat.cat\/portal\/site\/canalsalut\">Canal Salut de la Generalitat de Catalunya<\/a><\/p>\n<p><a href=\"http:\/\/www.guttmann.com\">Institut Guttmann<\/a><\/p>\n<p>&nbsp;<\/p>\n<p>&nbsp;<\/p>\n","protected":false},"excerpt":{"rendered":"<p>Ajuntament de Sant Feliu de Llobregat Uni\u00f3 Esportiva UNES Sant Feliu (B\u00e0squet en cadira de rodes) Federaci\u00f3 ECOM Generalitat de Catalunya Canal Salut de la Generalitat de Catalunya Institut Guttmann &nbsp; &nbsp;<\/p>\n","protected":false},"author":280,"featured_media":0,"parent":0,"menu_order":5,"comment_status":"open","ping_status":"open","template":"","meta":{"footnotes":""},"class_list":["post-53","page","type-page","status-publish","hentry"],"_links":{"self":[{"href":"https:\/\/blocs.xarxanet.org\/adfisics\/index.php?rest_route=\/wp\/v2\/pages\/53","targetHints":{"allow":["GET"]}}],"collection":[{"href":"https:\/\/blocs.xarxanet.org\/adfisics\/index.php?rest_route=\/wp\/v2\/pages"}],"about":[{"href":"https:\/\/blocs.xarxanet.org\/adfisics\/index.php?rest_route=\/wp\/v2\/types\/page"}],"author":[{"embeddable":true,"href":"https:\/\/blocs.xarxanet.org\/adfisics\/index.php?rest_route=\/wp\/v2\/users\/280"}],"replies":[{"embeddable":true,"href":"https:\/\/blocs.xarxanet.org\/adfisics\/index.php?rest_route=%2Fwp%2Fv2%2Fcomments&post=53"}],"version-history":[{"count":22,"href":"https:\/\/blocs.xarxanet.org\/adfisics\/index.php?rest_route=\/wp\/v2\/pages\/53\/revisions"}],"predecessor-version":[{"id":1361,"href":"https:\/\/blocs.xarxanet.org\/adfisics\/index.php?rest_route=\/wp\/v2\/pages\/53\/revisions\/1361"}],"wp:attachment":[{"href":"https:\/\/blocs.xarxanet.org\/adfisics\/index.php?rest_route=%2Fwp%2Fv2%2Fmedia&parent=53"}],"curies":[{"name":"wp","href":"https:\/\/api.w.org\/{rel}","templated":true}]}}